{"id":447,"date":"2022-10-25T17:02:24","date_gmt":"2022-10-25T15:02:24","guid":{"rendered":"https:\/\/webs.uab.cat\/methodos\/?page_id=447"},"modified":"2022-10-25T17:02:25","modified_gmt":"2022-10-25T15:02:25","slug":"numero-3","status":"publish","type":"page","link":"https:\/\/webs.uab.cat\/methodos\/numero-3\/","title":{"rendered":"N\u00famero 3"},"content":{"rendered":"<li><span class=\"any\">2016<\/span>, Ben\u00edtez, Eva, Stella, Anna, i Guill\u00e9n, Lidia. <span class=\"titol\"><a href=\"https:\/\/webs.uab.cat\/methodos\/biblio\/bacchanalia-celebrar-el-pasado-hacerlo-presente-proyectar-el-futuro\/\">Bacchanalia: celebrar el pasado, hacerlo presente, proyectar el futuro<\/a><\/span>. <span class=\"revista\">Methodos<\/span> 3 237-245<\/li><li><span class=\"any\">2016<\/span>, G\u00f3mez, Pilar, Gonz\u00e1lez, V\u00edctor, i Mestre, Francesca. <span class=\"titol\"><a href=\"https:\/\/webs.uab.cat\/methodos\/biblio\/base-de-textos-grecs-una-eina-lestudi-de-la-sintaxi\/\">Base de textos grecs: una eina per a l\u2019estudi de la sintaxi<\/a><\/span>. <span class=\"revista\">Methodos<\/span> 3 85-92<\/li><li><span class=\"any\">2016<\/span>, Ochagav\u00eda, Teresa i Falip, Ester. <span class=\"titol\"><a href=\"https:\/\/webs.uab.cat\/methodos\/biblio\/de-la-disputacion-que-los-griegos-et-los-romanos-en-uno-ovieron-juan-ruiz-arcipreste-de-hita\/\">De la disputa\u00e7i\u00f3n que los griegos et los romanos en uno ovieron, Juan Ruiz, Arcipreste de Hita, Libro de buen amor, (siglo XIV)<\/a><\/span>. <span class=\"revista\">Methodos<\/span> 3 187-189<\/li><li><span class=\"any\">2016<\/span>, Panosa Domingo, M. Isabel. <span class=\"titol\"><a href=\"https:\/\/webs.uab.cat\/methodos\/biblio\/de-les-fonts-antigues-lescena-contemporania-arqueoescena-un-pont-entre-el-passat-i-el\/\">De les fonts antigues a l\u2019escena contempor\u00e0nia. Arqueoescena: un pont entre el passat i el present, Num 3<\/a><\/span>. <span class=\"revista\">Methodos<\/span> 3 55-66<\/li><li><span class=\"any\">2016<\/span>, Garc\u00eda Ferrer, Mercedes. <span class=\"titol\"><a href=\"https:\/\/webs.uab.cat\/methodos\/biblio\/diseno-y-construccion-de-un-corpus-de-referencia-de-latin\/\">Dise\u00f1o y construcci\u00f3n de un corpus de referencia de lat\u00edn<\/a><\/span>. <span class=\"revista\">Methodos<\/span> 3 93-105<\/li><li><span class=\"any\">2016<\/span>, Antela, Borja i Munilla, Gl\u00f2ria. <span class=\"titol\"><a href=\"https:\/\/webs.uab.cat\/methodos\/biblio\/e-humanitats-i-el-mon-classic-lentorn-digital-i-la-docencia-de-master-online\/\">e-Humanitats i el m\u00f3n cl\u00e0ssic: l\u2019entorn digital i la doc\u00e8ncia de m\u00e0ster online<\/a><\/span>. <span class=\"revista\">Methodos<\/span> 3 229-235<\/li><li><span class=\"any\">2016<\/span>, Gea Ruiz, Juan de. <span class=\"titol\"><a href=\"https:\/\/webs.uab.cat\/methodos\/biblio\/el-mundo-del-vino-y-su-aplicacion-didactica-en-el-aula-en-las-asignaturas-de-cultura-clasica\/\">El mundo del vino y su aplicaci\u00f3n did\u00e1ctica en el aula en las asignaturas de Cultura Cl\u00e1sica, Griego y Lat\u00edn<\/a><\/span>. <span class=\"revista\">Methodos<\/span> 3 207-227<\/li><li><span class=\"any\">2016<\/span>, Gilabert Barber\u00e0, Pau i Palomar P\u00e9rez, Natalia. <span class=\"titol\"><a href=\"https:\/\/webs.uab.cat\/methodos\/biblio\/el-participi-en-grec-classic-i-en-angles-lus-didactic-desquemes-equivalents\/\">El participi en grec cl\u00e0ssic i en angl\u00e8s: l\u2019\u00fas did\u00e0ctic d\u2019esquemes equivalents<\/a><\/span>. <span class=\"revista\">Methodos<\/span> 3 113-118<\/li><li><span class=\"any\">2016<\/span>, Fern\u00e1ndez, Isabel. <span class=\"titol\"><a href=\"https:\/\/webs.uab.cat\/methodos\/biblio\/els-treballs-de-recerca-en-format-blog\/\">Els treballs de recerca en format blog<\/a><\/span>. <span class=\"revista\">Methodos<\/span> 3 195-197<\/li><li><span class=\"any\">2016<\/span>, L. de Lerma, Gala i Ambr\u00f2s, Alba. <span class=\"titol\"><a href=\"https:\/\/webs.uab.cat\/methodos\/biblio\/ensenanza-de-la-lengua-latina-resultados-preliminares-sobre-las-ventajas-e-inconvenientes-en\/\">Ense\u00f1anza de la lengua latina: resultados preliminares sobre las ventajas e inconvenientes en el empleo de diferentes metodolog\u00edas<\/a><\/span>. <span class=\"revista\">Methodos<\/span> 3 67-83<\/li>\n<p class=\"pods-pagination\">\n\n<span class=\"pods-pagination-advanced \">\n\t\n\t<span\n\t\tclass=\"pods-pagination-number pods-pagination-current \">1<\/span>\n\n\t\t\t\t<a href=\"\/methodos\/wp-json\/wp\/v2\/pages\/447?pg=2\"\n\t\t\t   class=\"pods-pagination-number pods-pagination-2 \">2<\/a>\n\t\t\t\t\t<a href=\"\/methodos\/wp-json\/wp\/v2\/pages\/447?pg=3\"\n\t\t   class=\"pods-pagination-number pods-pagination-last pods-pagination-3 \">3<\/a>\n\t\t\t\t\t<a href=\"\/methodos\/wp-json\/wp\/v2\/pages\/447?pg=2\"\n\t\t\t   class=\"pods-pagination-label pods-pagination-next \">Seg\u00fcent &rsaquo;<\/a>\n\t\t\t\t\t\t\t<a href=\"\/methodos\/wp-json\/wp\/v2\/pages\/447?pg=3\"\n\t\t\t   class=\"pods-pagination-label pods-pagination-last \">\u00daltim &raquo;<\/a>\n\t\t\t\t\n<\/span>\n\n<\/p>\n","protected":false},"excerpt":{"rendered":"","protected":false},"author":20,"featured_media":0,"parent":0,"menu_order":0,"comment_status":"closed","ping_status":"closed","template":"","meta":{"footnotes":""},"class_list":["post-447","page","type-page","status-publish","hentry"],"_links":{"self":[{"href":"https:\/\/webs.uab.cat\/methodos\/wp-json\/wp\/v2\/pages\/447","targetHints":{"allow":["GET"]}}],"collection":[{"href":"https:\/\/webs.uab.cat\/methodos\/wp-json\/wp\/v2\/pages"}],"about":[{"href":"https:\/\/webs.uab.cat\/methodos\/wp-json\/wp\/v2\/types\/page"}],"author":[{"embeddable":true,"href":"https:\/\/webs.uab.cat\/methodos\/wp-json\/wp\/v2\/users\/20"}],"replies":[{"embeddable":true,"href":"https:\/\/webs.uab.cat\/methodos\/wp-json\/wp\/v2\/comments?post=447"}],"version-history":[{"count":1,"href":"https:\/\/webs.uab.cat\/methodos\/wp-json\/wp\/v2\/pages\/447\/revisions"}],"predecessor-version":[{"id":448,"href":"https:\/\/webs.uab.cat\/methodos\/wp-json\/wp\/v2\/pages\/447\/revisions\/448"}],"wp:attachment":[{"href":"https:\/\/webs.uab.cat\/methodos\/wp-json\/wp\/v2\/media?parent=447"}],"curies":[{"name":"wp","href":"https:\/\/api.w.org\/{rel}","templated":true}]}}