{"id":1006,"date":"2025-10-28T17:59:19","date_gmt":"2025-10-28T16:59:19","guid":{"rendered":"https:\/\/webs.uab.cat\/micromol\/?page_id=1006"},"modified":"2026-02-20T16:28:32","modified_gmt":"2026-02-20T15:28:32","slug":"projectes","status":"publish","type":"page","link":"https:\/\/webs.uab.cat\/micromol\/en\/projectes\/","title":{"rendered":"Current Projects"},"content":{"rendered":"\n<h2 class=\"wp-block-heading has-verd-tropic-color has-text-color has-link-color wp-elements-2a341cd1a335430bbfd15a9aceb0ece9\">Current Projects<\/h2>\n\n\n\n<div class=\"wp-block-media-text is-stacked-on-mobile\" style=\"grid-template-columns:35% auto\"><figure class=\"wp-block-media-text__media\"><img loading=\"lazy\" decoding=\"async\" width=\"210\" height=\"79\" src=\"https:\/\/webs.uab.cat\/micromol\/wp-content\/uploads\/sites\/254\/2025\/11\/Logo-UAB.png\" alt=\"\" class=\"wp-image-1511 size-full\" \/><\/figure><div class=\"wp-block-media-text__content\">\n<div class=\"wp-block-group is-vertical is-layout-flex wp-container-core-group-is-layout-8cf370e7 wp-block-group-is-layout-flex\">\n<p class=\"has-small-font-size\"><strong>Project Title:<\/strong> <em>Impacte de la inhibici\u00f3 de bombes d&#8217;eflux en l&#8217;aparici\u00f3 de resist\u00e8ncies als antibi\u00f2tics en pat\u00f2gens cr\u00edtics de prioritat 1<\/em><\/p>\n\n\n\n<p class=\"has-small-font-size\"><strong>Reference:<\/strong> <em>PCP2026-UAB<\/em><\/p>\n\n\n\n<p class=\"has-small-font-size\"><strong>Principal Investigator:<\/strong> Aranda Rodr\u00edguez, Jes\u00fas<\/p>\n\n\n\n<p class=\"has-small-font-size\"><strong>Funding Institution:<\/strong> Universitat Aut\u00f2noma de Barcelona<\/p>\n<\/div>\n<\/div><\/div>\n\n\n\n<div class=\"wp-block-media-text is-stacked-on-mobile\" style=\"grid-template-columns:35% auto\"><figure class=\"wp-block-media-text__media\"><img loading=\"lazy\" decoding=\"async\" width=\"705\" height=\"528\" src=\"https:\/\/webs.uab.cat\/micromol\/wp-content\/uploads\/sites\/254\/2025\/11\/Imatge1.png\" alt=\"\" class=\"wp-image-1517 size-full\" srcset=\"https:\/\/webs.uab.cat\/micromol\/wp-content\/uploads\/sites\/254\/2025\/11\/Imatge1.png 705w, https:\/\/webs.uab.cat\/micromol\/wp-content\/uploads\/sites\/254\/2025\/11\/Imatge1-300x225.png 300w\" sizes=\"auto, (max-width: 705px) 100vw, 705px\" \/><\/figure><div class=\"wp-block-media-text__content\">\n<div class=\"wp-block-group is-vertical is-layout-flex wp-container-core-group-is-layout-8cf370e7 wp-block-group-is-layout-flex\">\n<p class=\"has-small-font-size\"><strong><strong>Project Title<\/strong>:<\/strong> <em>Additional activities for the European partnership on animal health and welfare<\/em><\/p>\n\n\n\n<p class=\"has-small-font-size\"><strong><strong>Reference<\/strong>:<\/strong> <em>HORIZON-CL6-2025-02-FARM2FORK-02<\/em><\/p>\n\n\n\n<p class=\"has-small-font-size\"><strong><strong>Principal Investigator<\/strong>:<\/strong> Horizon Europe<\/p>\n\n\n\n<p class=\"has-small-font-size\"><strong>Period:<\/strong> 2026-2029<\/p>\n<\/div>\n<\/div><\/div>\n\n\n\n<div class=\"wp-block-media-text is-stacked-on-mobile\" style=\"grid-template-columns:35% auto\"><figure class=\"wp-block-media-text__media\"><img loading=\"lazy\" decoding=\"async\" width=\"1024\" height=\"538\" src=\"https:\/\/webs.uab.cat\/micromol\/wp-content\/uploads\/sites\/254\/2025\/11\/Logo4-1024x538.jpeg\" alt=\"\" class=\"wp-image-1521 size-full\" srcset=\"https:\/\/webs.uab.cat\/micromol\/wp-content\/uploads\/sites\/254\/2025\/11\/Logo4-1024x538.jpeg 1024w, https:\/\/webs.uab.cat\/micromol\/wp-content\/uploads\/sites\/254\/2025\/11\/Logo4-300x158.jpeg 300w, https:\/\/webs.uab.cat\/micromol\/wp-content\/uploads\/sites\/254\/2025\/11\/Logo4-768x403.jpeg 768w, https:\/\/webs.uab.cat\/micromol\/wp-content\/uploads\/sites\/254\/2025\/11\/Logo4.jpeg 1200w\" sizes=\"auto, (max-width: 1024px) 100vw, 1024px\" \/><\/figure><div class=\"wp-block-media-text__content\">\n<div class=\"wp-block-group is-vertical is-layout-flex wp-container-core-group-is-layout-8cf370e7 wp-block-group-is-layout-flex\">\n<p class=\"has-small-font-size\"><strong><strong><strong>Project Title<\/strong><\/strong>:<\/strong> <em>Escaping ESKAPE: Magic Plugs vs. Efflux Pumps<\/em><\/p>\n\n\n\n<p class=\"has-small-font-size\"><strong><strong><strong>Reference<\/strong><\/strong>:<\/strong> 2023-PROD-00011<\/p>\n\n\n\n<p class=\"has-small-font-size\"><strong><strong><strong>Principal Investigator<\/strong><\/strong>:<\/strong> Aranda Rodr\u00edguez, Jes\u00fas<\/p>\n\n\n\n<p class=\"has-small-font-size\"><strong><strong>Funding Institution<\/strong>:<\/strong> Generalitat de Catalunya. Ajuts d\u2019Ind\u00fastria del Coneixement Producte<\/p>\n\n\n\n<p class=\"has-small-font-size\"><strong>Period:<\/strong> 2024-2025<\/p>\n<\/div>\n<\/div><\/div>\n\n\n\n<div class=\"wp-block-media-text is-stacked-on-mobile\" style=\"grid-template-columns:35% auto\"><figure class=\"wp-block-media-text__media\"><img loading=\"lazy\" decoding=\"async\" width=\"649\" height=\"648\" src=\"https:\/\/webs.uab.cat\/micromol\/wp-content\/uploads\/sites\/254\/2025\/11\/Imatge3.png\" alt=\"\" class=\"wp-image-1524 size-full\" srcset=\"https:\/\/webs.uab.cat\/micromol\/wp-content\/uploads\/sites\/254\/2025\/11\/Imatge3.png 649w, https:\/\/webs.uab.cat\/micromol\/wp-content\/uploads\/sites\/254\/2025\/11\/Imatge3-300x300.png 300w, https:\/\/webs.uab.cat\/micromol\/wp-content\/uploads\/sites\/254\/2025\/11\/Imatge3-150x150.png 150w\" sizes=\"auto, (max-width: 649px) 100vw, 649px\" \/><\/figure><div class=\"wp-block-media-text__content\">\n<div class=\"wp-block-group is-vertical is-layout-flex wp-container-core-group-is-layout-8cf370e7 wp-block-group-is-layout-flex\">\n<p class=\"has-small-font-size\"><strong><strong><strong><strong>Project Title<\/strong><\/strong><\/strong>: <\/strong><em>Characterization of Salmonella Infantis strains isolated from Spanish poultry for developing tailored bacteriophage therapy strategies from hatcheries to broiler farms (SI_PHAGES)<\/em><\/p>\n\n\n\n<p class=\"has-small-font-size\"><strong>Reference:<\/strong> PID2023-152240OB-C21<\/p>\n\n\n\n<p class=\"has-small-font-size\"><strong><strong><strong><strong>Principal Investigator<\/strong><\/strong><\/strong>s:<\/strong> Campoy S\u00e1nchez, Susana\/Cort\u00e9s Garmendia, M. Pilar<\/p>\n\n\n\n<p class=\"has-small-font-size\"><strong><strong><strong>Funding Institution<\/strong><\/strong><\/strong>: Ministerio de Ciencia, Innovaci\u00f3n y Universidades<\/p>\n\n\n\n<p class=\"has-small-font-size\"><strong>Period:<\/strong> 01\/09\/2024 &#8211; 31\/12\/2028<\/p>\n<\/div>\n<\/div><\/div>\n\n\n\n<div class=\"wp-block-buttons is-layout-flex wp-block-buttons-is-layout-flex\">\n<div class=\"wp-block-button is-style-fill\"><a class=\"wp-block-button__link wp-element-button\" href=\"https:\/\/webs.uab.cat\/micromol\/en\/\">home<\/a><\/div>\n\n\n\n<div class=\"wp-block-button is-style-fill\"><a class=\"wp-block-button__link wp-element-button\" href=\"https:\/\/webs.uab.cat\/micromol\/en\/projectes-finalitzats\/\">completed projects<\/a><\/div>\n<\/div>\n\n\n\n<p><\/p>\n","protected":false},"excerpt":{"rendered":"<p>Current Projects<\/p>\n","protected":false},"author":105,"featured_media":0,"parent":0,"menu_order":0,"comment_status":"closed","ping_status":"closed","template":"","meta":{"footnotes":""},"class_list":["post-1006","page","type-page","status-publish","hentry"],"_links":{"self":[{"href":"https:\/\/webs.uab.cat\/micromol\/en\/wp-json\/wp\/v2\/pages\/1006","targetHints":{"allow":["GET"]}}],"collection":[{"href":"https:\/\/webs.uab.cat\/micromol\/en\/wp-json\/wp\/v2\/pages"}],"about":[{"href":"https:\/\/webs.uab.cat\/micromol\/en\/wp-json\/wp\/v2\/types\/page"}],"author":[{"embeddable":true,"href":"https:\/\/webs.uab.cat\/micromol\/en\/wp-json\/wp\/v2\/users\/105"}],"replies":[{"embeddable":true,"href":"https:\/\/webs.uab.cat\/micromol\/en\/wp-json\/wp\/v2\/comments?post=1006"}],"version-history":[{"count":33,"href":"https:\/\/webs.uab.cat\/micromol\/en\/wp-json\/wp\/v2\/pages\/1006\/revisions"}],"predecessor-version":[{"id":2047,"href":"https:\/\/webs.uab.cat\/micromol\/en\/wp-json\/wp\/v2\/pages\/1006\/revisions\/2047"}],"wp:attachment":[{"href":"https:\/\/webs.uab.cat\/micromol\/en\/wp-json\/wp\/v2\/media?parent=1006"}],"curies":[{"name":"wp","href":"https:\/\/api.w.org\/{rel}","templated":true}]}}