{"id":1874,"date":"2025-11-19T17:13:35","date_gmt":"2025-11-19T16:13:35","guid":{"rendered":"https:\/\/webs.uab.cat\/micromol\/contacte-amb-la-societat\/"},"modified":"2026-02-18T16:26:31","modified_gmt":"2026-02-18T15:26:31","slug":"contacte-amb-la-societat","status":"publish","type":"page","link":"https:\/\/webs.uab.cat\/micromol\/es\/contacte-amb-la-societat\/","title":{"rendered":"Contacto con la Sociedad"},"content":{"rendered":"\n<h2 class=\"wp-block-heading has-verd-tropic-color has-text-color has-link-color wp-elements-38ab676359d5c7b8a9579c88fedd1015\"><strong>Compromiso con la divulgaci\u00f3n y la transferencia de con<\/strong>ocimiento<\/h2>\n\n\n\n<p class=\"has-small-font-size\">El Grupo de Microbiolog\u00eda Molecular participa activamente en diversas actividades de divulgaci\u00f3n cient\u00edfica y transferencia de conocimiento, dirigidas tanto al p\u00fablico general como a la educaci\u00f3n pre-universitaria y al sector industrial. Estas iniciativas tienen como objetivo acercar la investigaci\u00f3n a la sociedad, fomentar vocaciones cient\u00edficas y favorecer la aplicaci\u00f3n del conocimiento en entornos profesionales y educativos.<\/p>\n\n\n\n<p class=\"has-small-font-size\"><\/p>\n\n\n\n<h3 class=\"wp-block-heading has-verd-tropic-color has-text-color has-link-color wp-elements-da4e25633293602b6c90540e7fd26590\">Fomento de vocaciones cient\u00edficas<\/h3>\n\n\n\n<div class=\"wp-block-group\"><div class=\"wp-block-group__inner-container is-layout-constrained wp-block-group-is-layout-constrained\">\n<div class=\"wp-block-group alignwide is-vertical is-layout-flex wp-container-core-group-is-layout-8cf370e7 wp-block-group-is-layout-flex\">\n<p class=\"has-small-font-size\"><em><strong>MicroM\u00f3n (una iniciativa del proyecto internacional Tiny Earth)<\/strong><\/em><\/p>\n\n\n\n<p class=\"has-small-font-size\">MicroM\u00f3n @ UAB es la implementaci\u00f3n local del proyecto Tiny Earth, una red global de estudiantes y profesorado que promueve el descubrimiento de antibi\u00f3ticos a partir de muestras de suelo.<br><br>Este proyecto tiene como objetivo despertar el inter\u00e9s por la ciencia y la tecnolog\u00eda entre el alumnado de secundaria y bachillerato, abordando uno de los grandes retos sanitarios de nuestro tiempo: la resistencia global a los antibi\u00f3ticos.<br><br>En el marco de MicroM\u00f3n, estudiantes de grado de la UAB, bajo la supervisi\u00f3n de profesorado de Microbiolog\u00eda de la UAB, llevan a las aulas un proyecto de investigaci\u00f3n real en el que los estudiantes de secundaria y de bachillerato, guiados por los estudiantes de la UAB, a\u00edslan bacterias productoras de antibi\u00f3ticos en sus centros.<br><br>Se puede encontrar m\u00e1s informaci\u00f3n en la  <a href=\"https:\/\/webs.uab.cat\/micromon\/\">web del proyecto<\/a>.<\/p>\n<\/div>\n<\/div><\/div>\n\n\n\n<div class=\"wp-block-group is-vertical is-layout-flex wp-container-core-group-is-layout-8cf370e7 wp-block-group-is-layout-flex\">\n<p><em><em><strong>Estancias de verano dentro del Programa ARG\u00d3<\/strong><\/em><\/em><\/p>\n\n\n\n<p class=\"has-small-font-size\">Desde el a\u00f1o 2003, el proyecto ARG\u00d3 -impulsado y financiado por la UAB- ofrece estancias de investigaci\u00f3n para estudiantes de secundaria en laboratorios de la Universidad. El Grupo de Microbiolog\u00eda Molecular participa activamente, acogiendo a estudiantes en estancias formativas centradas en la  \u201c<a href=\"https:\/\/www.uab.cat\/ca\/ice\/ambit-biociencies\">terapia con bacteri\u00f3fagos como estrategia alternativa a los antibi\u00f3ticos<\/a>\u201d.<\/p>\n<\/div>\n\n\n\n<h3 class=\"wp-block-heading has-verd-tropic-color has-text-color has-link-color wp-elements-3bd3fccb9f7bdf4ed89f07e9a0674ae1\">Otras actividades de divulgaci\u00f3n<\/h3>\n\n\n\n<div class=\"wp-block-group is-vertical is-layout-flex wp-container-core-group-is-layout-8cf370e7 wp-block-group-is-layout-flex\">\n<p class=\"has-verd-tropic-transparent-color has-text-color has-link-color has-large-font-size wp-elements-33f413952f73ca18996373f00028ddb2\" style=\"font-style:normal;font-weight:700\"><strong>2025<\/strong><\/p>\n\n\n\n<ul class=\"wp-block-list\">\n<li class=\"has-small-font-size\">Barb\u00e9 J, Campoy S, Llagostera M, Aranda J. Curso de actualitzaci\u00f3n de conceptos de Microbiologia en base al nuevo curr\u00edculum de Bachillerato. Julio de 2025 Organitzado por el Institut de Ci\u00e8ncies de l&#8217;Educaci\u00f3 (ICE) de la Universitat Aut\u00f2noma de Barcelona. UAB.<\/li>\n\n\n\n<li class=\"has-small-font-size\">Campoy S. Apocalipsis microsc\u00f3pico: qu\u00e9 pasa cuando un virus ataca a una bacteria. Gran Velada Micro-Jahenciana. MICROBIOS PARA TODOS LOS P\u00daBLICOS. 17 de juny 2025. Jaen.<\/li>\n\n\n\n<li><a href=\"https:\/\/doi.org\/10.5565\/rev\/ciencies.524\">Llagostera, M., Barb\u00e9, J Campoy S. La pandemia silenciosa y la resistencia a antibacterianos de nuestros tiempos. Ci\u00e8ncies, 49 (2025)<\/a>.<\/li>\n<\/ul>\n<\/div>\n\n\n\n<div class=\"wp-block-group\"><div class=\"wp-block-group__inner-container is-layout-constrained wp-block-group-is-layout-constrained\">\n<h3 class=\"wp-block-heading has-verd-tropic-transparent-color has-text-color has-link-color has-large-font-size wp-elements-08b533e04295406e309d8985df8e429d\">2024<\/h3>\n\n\n\n<ul class=\"wp-block-list\">\n<li class=\"has-small-font-size\">Barb\u00e9 J, Campoy S, Aranda J. 2024. Curso de Actualitzaci\u00f3n de conceptos en Microbiologia. Organizado por el Col\u00b7legi Oficial de Doctors i Llicenciats en Filosofia i Lletres i en Ci\u00e8ncies de Catalunya. 8-11 de julio de 2024.<\/li>\n\n\n\n<li class=\"has-small-font-size\">Barb\u00e9 J, Campoy S, Julian E. 2024. Curso parq profesorado de ense\u00f1anza secundaria sobre Bioseguridad. Organizado por el Institut de Ci\u00e8ncies de l&#8217;Educaci\u00f3 (ICE) de la Universitat Aut\u00f2noma de Barcelona. 13,20 i 27 de Noviembre de 2024.<\/li>\n\n\n\n<li class=\"has-small-font-size\">Campoy S. 2024. Mesa redonda: El Trabajo de Investigaci\u00f3n, puente entre centros, Universidad y Entidades. Sinergias Educativas.  Col\u00b7legi Oficial de Doctors i Llicenciats en Filosofia i Lletres i en Ci\u00e8ncies de Catalunya. 30 Octubre de 2024.<\/li>\n\n\n\n<li class=\"has-small-font-size\">Campoy S. 2024. Resistencias bacterianas a antimicrobianos, investigaci\u00f3n asociada. Escola TECNOS de Terrassa. 16 de Febrero 2024.<\/li>\n\n\n\n<li class=\"has-small-font-size\">Campoy S. 2024. La pandemia silenciosa. Seminario dentro de la asignatura de Periodismo cient\u00edfico del Grado de Periodismo a la UAB. 22 Octubre de 2024<\/li>\n\n\n\n<li class=\"has-small-font-size\">Llagostera, M., Campoy S, Aranda J, P\u00e9rez-Varela M, Corral J., Barb\u00e9 J. 2024-2025. VII edici\u00f3n del proyecto MicroM\u00f3n.<\/li>\n\n\n\n<li class=\"has-small-font-size\">Llagostera M. 2024. C\u00e1psula de conocimiento: Resistencia bacteriana a los antibi\u00f3ticos. Ciclo Cultural One Health. 30 de septiembre a 15 de noviembre de 2024.&nbsp; <a href=\"https:\/\/www.youtube.com\/watch?v=LohZhxXtjaY\">https:\/\/www.youtube.com\/watch?v=LohZhxXtjaY<\/a>.<\/li>\n\n\n\n<li class=\"has-small-font-size\">Llagostera M. 2024. C\u00e1psula de conocimiento:: Bacteri\u00f3fagos en seguridad alimentaria. Ciclo Cultural One Health. 30 de septiembre a 15 de noviembre de 2024.&nbsp; <a href=\"https:\/\/www.youtube.com\/watch?v=LtbC8jfX-Lo\">https:\/\/www.youtube.com\/watch?v=LtbC8jfX-Lo<\/a>.<\/li>\n\n\n\n<li class=\"has-small-font-size\">Llagostera, M., Barb\u00e9, J. i Campoy, S., 2024. La pandemia silenciosa y la resistencia a antibacterianos de nuestros tiempos. Ciencias: Revista del profesorado de prim\u00e1ria i secund\u00e1ria (49), 73 -79.<\/li>\n\n\n\n<li class=\"has-small-font-size\">Campoy, S. La resistencia bacteriana a los antibi\u00f3tics. \u00bfQu\u00e9 hacer delanta de esta amenaza? Museu del Suro de Palafrugell, dentro de la actividad de difusi\u00f3n del proyecto MicroM\u00f3n@UAB en el INS Palafrugell. 2022<\/li>\n<\/ul>\n<\/div><\/div>\n\n\n\n<h3 class=\"wp-block-heading has-verd-tropic-transparent-color has-text-color has-link-color has-large-font-size wp-elements-d7c7935a7110dd8a5c0f7e09e0707fb2\">2023<\/h3>\n\n\n\n<ul class=\"wp-block-list\">\n<li class=\"has-small-font-size\">Llagostera M. Investigaciones para aprender: Fagoter\u00e1pia para el control de pat\u00f3genos bacterianos. PROGRAMA ARG\u00d3 (ICE). 10 de febrero 2023.<\/li>\n\n\n\n<li class=\"has-small-font-size\">Llagostera M., Campoy S., Aranda J. MicroMon@UAB 6.0. Modalitat: Proyecto ApS. Campoy S., Aranda J., Cort\u00e9s. P., P\u00e9rez M. Estancias de investigaci\u00f3n: \u00abFagoter\u00e1pia como alternativa al tratamiento con antimicrobianos\u00bb PROGRAMA ARG\u00d3 (ICE). Junio-Julio 2023.<\/li>\n\n\n\n<li class=\"has-small-font-size\">Llagostera M Rodr\u00edguez E. MicroM\u00f3n@UAB. Investigaci\u00f3n de nuevos antibi\u00f3ticos. Jornadas sobre la ense\u00f1anza de les ci\u00e9ncias. El nuevo curr\u00edculum de ci\u00e9ncias, nuevos retos. Col\u00b7legi oficial doctors i llicenciats en Filosofia i lletres i en ci\u00e8ncies de Catalunya. 30 de Septiembre de 2023. <\/li>\n\n\n\n<li class=\"has-small-font-size\">Llagostera M. Ter\u00e1pia f\u00e1gica en producci\u00f3n animal y Seguridad alimentaria. Corporaci\u00f3 Sanit\u00e0ria Parc Taul\u00ed. 8 de Noviembre de 2023. <\/li>\n<\/ul>\n\n\n\n<h3 class=\"wp-block-heading has-verd-tropic-transparent-color has-text-color has-link-color has-large-font-size wp-elements-ae8a943e6119305acfc227ce0c5170d2\">2022<\/h3>\n\n\n\n<ul class=\"wp-block-list\">\n<li class=\"has-small-font-size\">Llagostera, M., Campoy, S., Cort\u00e9s, M.P. 2022. Bacteri\u00f3fagos: un nuevo tipo de productos para mejorar la seguridad alimentaria. Eurocarne 305:74-77.<\/li>\n\n\n\n<li class=\"has-small-font-size\">Barb\u00e9 J, Campoy S, Llagostera M, Aranda J. MicroM\u00f3n@6.0<\/li>\n\n\n\n<li class=\"has-small-font-size\">Barb\u00e9 J, Campoy S, , Aranda J, Cort\u00e9s P, Escribano S, Ruiz J. Estancia de verano. Programa Arg\u00f3. Fagoter\u00e1pia como alternativa al tratamiento con antimicrobianos. ICE. UAB<\/li>\n\n\n\n<li class=\"has-small-font-size\">Campoy S.&nbsp; Fagoter\u00e1pia para el control de pat\u00f3genos bacterianos. 25 de Marzo de 2022. Programa Arg\u00f3. ICE. UAB<\/li>\n\n\n\n<li class=\"has-small-font-size\">Llagostera M.. Barb\u00e9 J., Campoy, S., Aranda J. Actualitzaci\u00f3n de conocimientos de Microbiologia en base al nuevo curr\u00edculum de Bachillerato. Institut de Ci\u00e8ncies de l&#8217;Educaci\u00f3 (ICE) (Del 9 de novembre de 2022 al 21 de desembre de 2022). Modalidad: Curso telem\u00e1tico.<\/li>\n<\/ul>\n\n\n\n<h3 class=\"wp-block-heading has-verd-tropic-transparent-color has-text-color has-link-color has-large-font-size wp-elements-f62656ea8cb5f79178c28c8a5692a027\">2021<\/h3>\n\n\n\n<ul class=\"wp-block-list\">\n<li class=\"has-small-font-size\">Llagostera, M. Bacteri\u00f3fagos como a alternativas a la resistencia a antibi\u00f3ticos. Jornada de Santa Ll\u00facia. Uso de bacterias y virus al servicio de la Comunidad. Societat Catalana de Biologia. <\/li>\n\n\n\n<li class=\"has-small-font-size\">Barb\u00e9, J. El ciclo celular bacteriano y la poliploidia.&nbsp; Secci\u00f3n d&#8217;ense\u00f1anza de la Societat Catalana de Biologia. <\/li>\n\n\n\n<li class=\"has-small-font-size\">Barb\u00e9, J. Actualitzaci\u00f3n de contenidos de Microbiologia. CESIRE. <\/li>\n\n\n\n<li class=\"has-small-font-size\">Campoy S. Investigaciones para aprender \u201cFagoter\u00e1pia para el control de pat\u00f3genos bacterianos.\u201dPrograma ARG\u00d3 2021<\/li>\n\n\n\n<li class=\"has-small-font-size\">Campoy S. \u201cEl sistema SOS en bacterias\u201d Seminario en la asignatura \u201cGen\u00e9tica Bacteriana\u201d del M\u00e1ster de Microbiolog\u00eda de la UAM Curso 2021-22<\/li>\n\n\n\n<li class=\"has-small-font-size\">Campoy S., Frutos-Grilo E., Llagostera M., Otero J. \u00abMicrobiologia: Ad\u00e9ntrate en un mundo invisible!\u00bb Campus ITACA 2021<\/li>\n\n\n\n<li class=\"has-small-font-size\">Aranda J., Barb\u00e9 J, Campoy S., Cort\u00e9s MP, \u201cFagoter\u00e1pia como alternativa al tratamiento con antimicrobianos\u201d Estancias de verano. PROGRAMA ARG\u00d3<\/li>\n\n\n\n<li class=\"has-small-font-size\">Aranda J., Campoy S., Llagostera M. Proyecto <a href=\"mailto:MicroM\u00f3n@UAB_4.0\">MicroM\u00f3n@UAB_4.0<\/a><\/li>\n<\/ul>\n\n\n\n<h3 class=\"wp-block-heading has-verd-tropic-transparent-color has-text-color has-link-color has-large-font-size wp-elements-1cc686979bec3e2b29d8c83df430eeea\">2020<\/h3>\n\n\n\n<ul class=\"wp-block-list\">\n<li class=\"has-small-font-size\">Campoy, S. Qu\u00e9 significa el m\u00e9todo cient\u00edfico. Fundaci\u00f3 Bosch i Cardellach. 2020. Charla divulgativa a institutos de Sabadell.<\/li>\n\n\n\n<li class=\"has-small-font-size\">Llagostera, M. Cien a\u00f1os del descubrimiento de los bacteri\u00f3fagos: Pasado, presente y futuro. Ateneu de Ma\u00f3. Febrero 2020. <\/li>\n<\/ul>\n\n\n\n<h3 class=\"wp-block-heading has-verd-tropic-transparent-color has-text-color has-link-color has-large-font-size wp-elements-1e6fbf0d6f4b30d684607d712531fefe\">2017<\/h3>\n\n\n\n<ul class=\"wp-block-list\">\n<li class=\"has-small-font-size\">Campoy, S. Actualitzaci\u00f3n de Profesorado de secundaria. El trabajo pr\u00e1ctico de microbiologia en secundaria. Los Viernes de Biologia y Geologia.Centre de Recursos Pedag\u00f2gics Espec\u00edfics de Suport a la Innovaci\u00f3 i la Recerca Educativa (CESIRE) del Departament d&#8217;Ensenyament de la Generalitat de Catalunya. Enero 2017.<\/li>\n\n\n\n<li class=\"has-small-font-size\">Campoy, S., Llagostera M. C\u00e1psulas de Ciencia; Microbiologia. Ver lo que no se ve. Actividades para Maestros de Infalntil y Primaria. CESIRE<\/li>\n<\/ul>\n\n\n\n<h3 class=\"wp-block-heading has-verd-tropic-transparent-color has-text-color has-link-color has-large-font-size wp-elements-926a0c2146fa58d696362fcd77abfe7e\">2016<\/h3>\n\n\n\n<ul class=\"wp-block-list\">\n<li class=\"has-small-font-size\">Campoy S. C\u00e1psulas de Ciencia. Taller de actualizaci\u00f3n cient\u00edfica en microbiologia de los maestros<strong>. <\/strong>Centre de Recursos Pedag\u00f2gics Espec\u00edfics de Suport a la Innovaci\u00f3 i la Recerca Educativa (CESIRE) del Departament d&#8217;Ensenyament de la Generalitat de Catalunya, con la colaboraci\u00f3n del Grupo de trabajo sobre Microbiologia \u03bcBIO Cat. Noviembre de 2016.<\/li>\n<\/ul>\n\n\n\n<h3 class=\"wp-block-heading has-verd-tropic-transparent-color has-text-color has-link-color has-large-font-size wp-elements-9ac389d5c5b9ddda4aaedbfc3996418b\">2014<\/h3>\n\n\n\n<ul class=\"wp-block-list\">\n<li class=\"has-small-font-size\">Llagostera, M. i Campoy, S.Taller: Tratamiento antimicrobiano: antibi\u00f3ticosy terapia f\u00e1gica. IV Jornadas sobre la ense\u00f1anza de Biologia y Geologia. Col\u00b7legi Oficial de Llicenciats de Catalunya, la Fundaci\u00f3 \u201cla Caixa\u201d y el CESIRE del Departament d\u2019Ensenyament. Octubre 2014<\/li>\n\n\n\n<li class=\"has-small-font-size\">Llagostera, M. , Barb\u00e9, J., Campoy, S. Curso: Microbiologia B\u00e1sica Aplicada. Programa ARG\u00d3. Institut de Ci\u00e8ncies de l\u2019Educaci\u00f3 UAB. Curso academico 2013-2014<\/li>\n<\/ul>\n\n\n\n<h3 class=\"wp-block-heading has-verd-tropic-transparent-color has-text-color has-link-color has-large-font-size wp-elements-fe2ad95ffd9acc91b8199dd47d53d861\">2013<\/h3>\n\n\n\n<ul class=\"wp-block-list\">\n<li class=\"has-small-font-size\">Llagostera, M. , Barb\u00e9, J., Campoy, S. Curso: Microbiologia B\u00e1sica Aplicada. Programa ARG\u00d3. Institut de Ci\u00e8ncies de l\u2019Educaci\u00f3 UAB<strong>. <\/strong>Curso acad\u00e9mico 2012-2013<\/li>\n<\/ul>\n\n\n\n<h3 class=\"wp-block-heading has-verd-tropic-transparent-color has-text-color has-link-color has-large-font-size wp-elements-008c9544373c5ad8ac7d31a5c5f73e1a\">2011<\/h3>\n\n\n\n<ul class=\"wp-block-list\">\n<li class=\"has-small-font-size\">Campoy, S.XV Curso de Iniciaci\u00f3n a la Investigaci\u00f3n en Microbiolog\u00eda. Universidad de Oviedo, Facultad de Geolog\u00eda. El paradigma del sistema SOS a lo largo de la filogenia bacteriana. Junio &nbsp;2011, Sociedad Espa\u00f1ola de Microbiolog\u00eda.<\/li>\n<\/ul>\n\n\n\n<h3 class=\"wp-block-heading has-verd-tropic-transparent-color has-text-color has-link-color has-large-font-size wp-elements-0ea8e989937f61fa634d0dddda1f24b2\">2010<\/h3>\n\n\n\n<ul class=\"wp-block-list\">\n<li class=\"has-small-font-size\">Campoy, S. Curs: Actualitzaci\u00f3n en el diagn\u00f3stico cl\u00ednico.Col\u00b7legi de Bi\u00f2legs de Catalunya<strong>. <\/strong>Junio de 2010<\/li>\n\n\n\n<li class=\"has-small-font-size\">Llagostera, M. , Barb\u00e9, J., Campoy, S. Curso: Ensayos Biotecnol\u00f3gicos para profesorado de secundaria. Institut de Ci\u00e8ncies de l\u2019Educaci\u00f3 UAB<strong>. <\/strong>Curso acad\u00e9mico 2009-2010<\/li>\n<\/ul>\n\n\n\n<div class=\"wp-block-buttons is-layout-flex wp-block-buttons-is-layout-flex\">\n<div class=\"wp-block-button\"><a class=\"wp-block-button__link wp-element-button\" href=\"https:\/\/webs.uab.cat\/micromol\/es\/\">p\u00e1gina de inicio<\/a><\/div>\n<\/div>\n","protected":false},"excerpt":{"rendered":"<p>Compromiso con la divulgaci\u00f3n y la transferencia de conocimiento El Grupo de Microbiolog\u00eda Molecular participa activamente en diversas actividades de divulgaci\u00f3n cient\u00edfica y transferencia de conocimiento, dirigidas tanto al p\u00fablico general como a la educaci\u00f3n pre-universitaria y al sector industrial. Estas iniciativas tienen como objetivo acercar la investigaci\u00f3n a la sociedad, fomentar vocaciones cient\u00edficas y [&hellip;]<\/p>\n","protected":false},"author":105,"featured_media":0,"parent":0,"menu_order":0,"comment_status":"closed","ping_status":"closed","template":"","meta":{"footnotes":""},"class_list":["post-1874","page","type-page","status-publish","hentry"],"_links":{"self":[{"href":"https:\/\/webs.uab.cat\/micromol\/es\/wp-json\/wp\/v2\/pages\/1874","targetHints":{"allow":["GET"]}}],"collection":[{"href":"https:\/\/webs.uab.cat\/micromol\/es\/wp-json\/wp\/v2\/pages"}],"about":[{"href":"https:\/\/webs.uab.cat\/micromol\/es\/wp-json\/wp\/v2\/types\/page"}],"author":[{"embeddable":true,"href":"https:\/\/webs.uab.cat\/micromol\/es\/wp-json\/wp\/v2\/users\/105"}],"replies":[{"embeddable":true,"href":"https:\/\/webs.uab.cat\/micromol\/es\/wp-json\/wp\/v2\/comments?post=1874"}],"version-history":[{"count":11,"href":"https:\/\/webs.uab.cat\/micromol\/es\/wp-json\/wp\/v2\/pages\/1874\/revisions"}],"predecessor-version":[{"id":1991,"href":"https:\/\/webs.uab.cat\/micromol\/es\/wp-json\/wp\/v2\/pages\/1874\/revisions\/1991"}],"wp:attachment":[{"href":"https:\/\/webs.uab.cat\/micromol\/es\/wp-json\/wp\/v2\/media?parent=1874"}],"curies":[{"name":"wp","href":"https:\/\/api.w.org\/{rel}","templated":true}]}}