{"id":786,"date":"2025-06-17T12:03:05","date_gmt":"2025-06-17T11:03:05","guid":{"rendered":"https:\/\/webs.uab.cat\/micromol\/?page_id=786"},"modified":"2026-02-17T16:22:23","modified_gmt":"2026-02-17T15:22:23","slug":"inici","status":"publish","type":"page","link":"https:\/\/webs.uab.cat\/micromol\/es\/","title":{"rendered":"Inicio"},"content":{"rendered":"<h2 class=\"has-link-color wp-elements-35c3347db7bc9c145bb083e02b853991 wp-block-post-title has-text-color has-verd-tropic-color\">Inicio<\/h2>\n\n\n<figure class=\"wp-block-image size-large\"><img loading=\"lazy\" decoding=\"async\" width=\"1024\" height=\"719\" src=\"https:\/\/webs.uab.cat\/micromol\/wp-content\/uploads\/sites\/254\/2026\/02\/Imatge-grup-1-1024x719.jpg\" alt=\"\" class=\"wp-image-1704\" srcset=\"https:\/\/webs.uab.cat\/micromol\/wp-content\/uploads\/sites\/254\/2026\/02\/Imatge-grup-1-1024x719.jpg 1024w, https:\/\/webs.uab.cat\/micromol\/wp-content\/uploads\/sites\/254\/2026\/02\/Imatge-grup-1-300x211.jpg 300w, https:\/\/webs.uab.cat\/micromol\/wp-content\/uploads\/sites\/254\/2026\/02\/Imatge-grup-1-768x539.jpg 768w, https:\/\/webs.uab.cat\/micromol\/wp-content\/uploads\/sites\/254\/2026\/02\/Imatge-grup-1-1536x1078.jpg 1536w, https:\/\/webs.uab.cat\/micromol\/wp-content\/uploads\/sites\/254\/2026\/02\/Imatge-grup-1-1200x843.jpg 1200w, https:\/\/webs.uab.cat\/micromol\/wp-content\/uploads\/sites\/254\/2026\/02\/Imatge-grup-1.jpg 1870w\" sizes=\"auto, (max-width: 1024px) 100vw, 1024px\" \/><\/figure>\n\n\n\n<div class=\"wp-block-group is-vertical is-layout-flex wp-container-core-group-is-layout-8cf370e7 wp-block-group-is-layout-flex\">\n<p class=\"has-small-font-size\">Desde hace m\u00e1s de 25 a\u00f1os, el grupo de Microbiolog\u00eda Molecular de la Universidad Aut\u00f3noma de Barcelona, \u200b\u200breconocido como Grupo Consolidado de Calidad y, actualmente, coordinado por la Dra. Susana Campoy desarrolla su investigaci\u00f3n en el \u00e1mbito de la biolog\u00eda molecular de pat\u00f3genos bacterianos.<\/p>\n\n\n\n<p class=\"has-small-font-size\">El principal reto del grupo es identificar nuevas dianas bacterianas para desarrollar estrategias alternativas que aumenten la eficiencia y variedad de antimicrobianos disponibles para el tratamiento de pat\u00f3genos multirresistentes. <\/p>\n\n\n\n<p class=\"has-small-font-size\">Los ejes de nuestra investigaci\u00f3n son la identificaci\u00f3n y caracterizaci\u00f3n de factores de virulencia como posibles dianas terap\u00e9uticas, la fagoterapia y la caracterizaci\u00f3n de la resistencia bacteriana a fagos, la determinaci\u00f3n de mecanismos implicados en la comunicaci\u00f3n entre pl\u00e1smidos y cromosomas y el estudio, a nivel funcional y evolutivo, del sistema SOS y de otras redes de regulaci\u00f3n g\u00e9nica en bacterias.<\/p>\n\n\n\n<p class=\"has-small-font-size\"><\/p>\n<\/div>\n\n\n\n<div class=\"wp-block-columns is-layout-flex wp-container-core-columns-is-layout-9d6595d7 wp-block-columns-is-layout-flex\">\n<div class=\"wp-block-column is-layout-flow wp-block-column-is-layout-flow\">\n<div class=\"wp-block-buttons is-layout-flex wp-block-buttons-is-layout-flex\">\n<div class=\"wp-block-button\"><a class=\"wp-block-button__link wp-element-button\" href=\"https:\/\/webs.uab.cat\/micromol\/?page_id=1207&#038;preview=true\">un poco de historia<\/a><\/div>\n<\/div>\n<\/div>\n\n\n\n<div class=\"wp-block-column is-layout-flow wp-block-column-is-layout-flow\">\n<div class=\"wp-block-buttons is-layout-flex wp-block-buttons-is-layout-flex\">\n<div class=\"wp-block-button\"><a class=\"wp-block-button__link wp-element-button\" href=\"https:\/\/webs.uab.cat\/micromol\/es\/membres-actuals\/\">miembros actuales<\/a><\/div>\n<\/div>\n<\/div>\n\n\n\n<div class=\"wp-block-column is-layout-flow wp-block-column-is-layout-flow\">\n<div class=\"wp-block-buttons is-layout-flex wp-block-buttons-is-layout-flex\">\n<div class=\"wp-block-button\"><a class=\"wp-block-button__link wp-element-button\" href=\"https:\/\/webs.uab.cat\/micromol\/es\/projectes\/\">proyectos actuales<\/a><\/div>\n<\/div>\n<\/div>\n<\/div>\n\n\n\n<p><\/p>\n","protected":false},"excerpt":{"rendered":"<p>Desde hace m\u00e1s de 25 a\u00f1os, el grupo de Microbiolog\u00eda Molecular de la Universidad Aut\u00f3noma de Barcelona, \u200b\u200breconocido como Grupo Consolidado de Calidad y, actualmente, coordinado por la Dra. Susana Campoy desarrolla su investigaci\u00f3n en el \u00e1mbito de la biolog\u00eda molecular de pat\u00f3genos bacterianos. El principal reto del grupo es identificar nuevas dianas bacterianas para [&hellip;]<\/p>\n","protected":false},"author":105,"featured_media":0,"parent":0,"menu_order":0,"comment_status":"closed","ping_status":"closed","template":"","meta":{"footnotes":""},"class_list":["post-786","page","type-page","status-publish","hentry"],"_links":{"self":[{"href":"https:\/\/webs.uab.cat\/micromol\/es\/wp-json\/wp\/v2\/pages\/786","targetHints":{"allow":["GET"]}}],"collection":[{"href":"https:\/\/webs.uab.cat\/micromol\/es\/wp-json\/wp\/v2\/pages"}],"about":[{"href":"https:\/\/webs.uab.cat\/micromol\/es\/wp-json\/wp\/v2\/types\/page"}],"author":[{"embeddable":true,"href":"https:\/\/webs.uab.cat\/micromol\/es\/wp-json\/wp\/v2\/users\/105"}],"replies":[{"embeddable":true,"href":"https:\/\/webs.uab.cat\/micromol\/es\/wp-json\/wp\/v2\/comments?post=786"}],"version-history":[{"count":30,"href":"https:\/\/webs.uab.cat\/micromol\/es\/wp-json\/wp\/v2\/pages\/786\/revisions"}],"predecessor-version":[{"id":1910,"href":"https:\/\/webs.uab.cat\/micromol\/es\/wp-json\/wp\/v2\/pages\/786\/revisions\/1910"}],"wp:attachment":[{"href":"https:\/\/webs.uab.cat\/micromol\/es\/wp-json\/wp\/v2\/media?parent=786"}],"curies":[{"name":"wp","href":"https:\/\/api.w.org\/{rel}","templated":true}]}}