{"id":738,"date":"2025-06-17T12:03:05","date_gmt":"2025-06-17T10:03:05","guid":{"rendered":"https:\/\/webs.uab.cat\/micromol\/?page_id=738"},"modified":"2026-02-27T16:32:45","modified_gmt":"2026-02-27T15:32:45","slug":"inici","status":"publish","type":"page","link":"https:\/\/webs.uab.cat\/micromol\/","title":{"rendered":"Inici"},"content":{"rendered":"<h2 class=\"has-link-color wp-elements-35c3347db7bc9c145bb083e02b853991 wp-block-post-title has-text-color has-verd-tropic-color\">Inici<\/h2>\n\n\n<figure class=\"wp-block-image size-large\"><img loading=\"lazy\" decoding=\"async\" width=\"1024\" height=\"719\" src=\"https:\/\/webs.uab.cat\/micromol\/wp-content\/uploads\/sites\/254\/2026\/02\/Imatge-grup-1-1024x719.jpg\" alt=\"\" class=\"wp-image-1704\" srcset=\"https:\/\/webs.uab.cat\/micromol\/wp-content\/uploads\/sites\/254\/2026\/02\/Imatge-grup-1-1024x719.jpg 1024w, https:\/\/webs.uab.cat\/micromol\/wp-content\/uploads\/sites\/254\/2026\/02\/Imatge-grup-1-300x211.jpg 300w, https:\/\/webs.uab.cat\/micromol\/wp-content\/uploads\/sites\/254\/2026\/02\/Imatge-grup-1-768x539.jpg 768w, https:\/\/webs.uab.cat\/micromol\/wp-content\/uploads\/sites\/254\/2026\/02\/Imatge-grup-1-1536x1078.jpg 1536w, https:\/\/webs.uab.cat\/micromol\/wp-content\/uploads\/sites\/254\/2026\/02\/Imatge-grup-1-1200x843.jpg 1200w, https:\/\/webs.uab.cat\/micromol\/wp-content\/uploads\/sites\/254\/2026\/02\/Imatge-grup-1.jpg 1870w\" sizes=\"auto, (max-width: 1024px) 100vw, 1024px\" \/><\/figure>\n\n\n\n<div class=\"wp-block-group is-vertical is-layout-flex wp-container-core-group-is-layout-8cf370e7 wp-block-group-is-layout-flex\">\n<p class=\"has-small-font-size\">Des de fa m\u00e9s de 25 anys, el grup de Microbiologia Molecular de la Universitat Aut\u00f2noma de Barcelona, reconegut com a Grup Consolidat de Qualitat i, actualment coordinat per la Dra. Susana Campoy, desenvolupa la seva recerca en l\u2019\u00e0mbit de la biologia molecular de pat\u00f2gens bacterians.<\/p>\n\n\n\n<p class=\"has-small-font-size\">El principal repte del grup \u00e9s identificar noves dianes bacterianes per desenvolupar estrat\u00e8gies alternatives que augmentin l&#8217;efici\u00e8ncia i varietat d\u2019antimicrobians disponibles pel tractament de pat\u00f2gens multiresistents. <\/p>\n\n\n\n<p class=\"has-small-font-size\">Els eixos de la nostra recerca s\u00f3n la identificaci\u00f3 i caracteritzaci\u00f3 de factors de virul\u00e8ncia com a possibles dianes terap\u00e8utiques, la fagoter\u00e0pia i caracteritzaci\u00f3 de la resist\u00e8ncia bacteriana a fags, la determinaci\u00f3 de mecanismes implicats en la comunicaci\u00f3 entre plasmidis i cromosomes i l\u2019estudi, a nivell funcional i evolutiu, del sistema SOS i d\u2019altres xarxes de regulaci\u00f3 g\u00e8nica en bacteris.<\/p>\n<\/div>\n\n\n\n<div class=\"wp-block-columns is-layout-flex wp-container-core-columns-is-layout-9d6595d7 wp-block-columns-is-layout-flex\">\n<div class=\"wp-block-column is-layout-flow wp-block-column-is-layout-flow\">\n<div class=\"wp-block-buttons is-layout-flex wp-block-buttons-is-layout-flex\">\n<div class=\"wp-block-button\"><a class=\"wp-block-button__link wp-element-button\" href=\"https:\/\/webs.uab.cat\/micromol\/?page_id=1207&amp;preview=true\">una mica d&#8217;hist\u00f2ria<\/a><\/div>\n<\/div>\n<\/div>\n\n\n\n<div class=\"wp-block-column is-layout-flow wp-block-column-is-layout-flow\">\n<div class=\"wp-block-buttons is-layout-flex wp-block-buttons-is-layout-flex\">\n<div class=\"wp-block-button\"><a class=\"wp-block-button__link wp-element-button\" href=\"https:\/\/webs.uab.cat\/micromol\/membres-actuals\/\">membres actuals<\/a><\/div>\n<\/div>\n<\/div>\n\n\n\n<div class=\"wp-block-column is-layout-flow wp-block-column-is-layout-flow\">\n<div class=\"wp-block-buttons is-layout-flex wp-block-buttons-is-layout-flex\">\n<div class=\"wp-block-button\"><a class=\"wp-block-button__link wp-element-button\" href=\"https:\/\/webs.uab.cat\/micromol\/projectes\/\">projectes actuals<\/a><\/div>\n<\/div>\n<\/div>\n<\/div>\n\n\n\n<p><\/p>\n","protected":false},"excerpt":{"rendered":"<p>Des de fa m\u00e9s de 25 anys, el grup de Microbiologia Molecular de la Universitat Aut\u00f2noma de Barcelona, reconegut com a Grup Consolidat de Qualitat i, actualment coordinat per la Dra. Susana Campoy, desenvolupa la seva recerca en l\u2019\u00e0mbit de la biologia molecular de pat\u00f2gens bacterians. El principal repte del grup \u00e9s identificar noves dianes [&hellip;]<\/p>\n","protected":false},"author":105,"featured_media":0,"parent":0,"menu_order":0,"comment_status":"closed","ping_status":"closed","template":"","meta":{"footnotes":""},"class_list":["post-738","page","type-page","status-publish","hentry"],"_links":{"self":[{"href":"https:\/\/webs.uab.cat\/micromol\/wp-json\/wp\/v2\/pages\/738","targetHints":{"allow":["GET"]}}],"collection":[{"href":"https:\/\/webs.uab.cat\/micromol\/wp-json\/wp\/v2\/pages"}],"about":[{"href":"https:\/\/webs.uab.cat\/micromol\/wp-json\/wp\/v2\/types\/page"}],"author":[{"embeddable":true,"href":"https:\/\/webs.uab.cat\/micromol\/wp-json\/wp\/v2\/users\/105"}],"replies":[{"embeddable":true,"href":"https:\/\/webs.uab.cat\/micromol\/wp-json\/wp\/v2\/comments?post=738"}],"version-history":[{"count":31,"href":"https:\/\/webs.uab.cat\/micromol\/wp-json\/wp\/v2\/pages\/738\/revisions"}],"predecessor-version":[{"id":1908,"href":"https:\/\/webs.uab.cat\/micromol\/wp-json\/wp\/v2\/pages\/738\/revisions\/1908"}],"wp:attachment":[{"href":"https:\/\/webs.uab.cat\/micromol\/wp-json\/wp\/v2\/media?parent=738"}],"curies":[{"name":"wp","href":"https:\/\/api.w.org\/{rel}","templated":true}]}}