{"id":749,"date":"2026-01-30T15:47:36","date_gmt":"2026-01-30T14:47:36","guid":{"rendered":"https:\/\/webs.uab.cat\/micromol\/?page_id=749"},"modified":"2026-03-27T14:57:58","modified_gmt":"2026-03-27T13:57:58","slug":"membres-actuals","status":"publish","type":"page","link":"https:\/\/webs.uab.cat\/micromol\/membres-actuals\/","title":{"rendered":"Membres Actuals"},"content":{"rendered":"\n<h2 class=\"wp-block-heading has-verd-tropic-color has-text-color has-link-color wp-elements-d9b0c4a5afe0ed2f0d89136c641be9af\">Investigadors Principals<\/h2>\n\n\n\n<div class=\"wp-block-media-text is-stacked-on-mobile\" style=\"grid-template-columns:30% auto\"><figure class=\"wp-block-media-text__media\"><img loading=\"lazy\" decoding=\"async\" width=\"985\" height=\"1024\" src=\"https:\/\/webs.uab.cat\/micromol\/wp-content\/uploads\/sites\/254\/2026\/01\/Susana-Campoy-millorada-1-985x1024.jpg\" alt=\"\" class=\"wp-image-1636 size-full\" srcset=\"https:\/\/webs.uab.cat\/micromol\/wp-content\/uploads\/sites\/254\/2026\/01\/Susana-Campoy-millorada-1-985x1024.jpg 985w, https:\/\/webs.uab.cat\/micromol\/wp-content\/uploads\/sites\/254\/2026\/01\/Susana-Campoy-millorada-1-289x300.jpg 289w, https:\/\/webs.uab.cat\/micromol\/wp-content\/uploads\/sites\/254\/2026\/01\/Susana-Campoy-millorada-1-768x798.jpg 768w, https:\/\/webs.uab.cat\/micromol\/wp-content\/uploads\/sites\/254\/2026\/01\/Susana-Campoy-millorada-1-1200x1247.jpg 1200w, https:\/\/webs.uab.cat\/micromol\/wp-content\/uploads\/sites\/254\/2026\/01\/Susana-Campoy-millorada-1.jpg 1245w\" sizes=\"auto, (max-width: 985px) 100vw, 985px\" \/><\/figure><div class=\"wp-block-media-text__content\">\n<div class=\"wp-block-group is-vertical is-layout-flex wp-container-core-group-is-layout-8cf370e7 wp-block-group-is-layout-flex\">\n<p><a href=\"https:\/\/orcid.org\/0000-0003-1369-0197\">Susana Campoy S\u00e1nchez<\/a><\/p>\n\n\n\n<p>Catedr\u00e0tica<\/p>\n\n\n\n<p><a href=\"mailto:Susana.Campoy@uab.cat\">Susana.Campoy@uab.cat<\/a><\/p>\n<\/div>\n<\/div><\/div>\n\n\n\n<div class=\"wp-block-media-text is-stacked-on-mobile\" style=\"grid-template-columns:30% auto\"><figure class=\"wp-block-media-text__media\"><img loading=\"lazy\" decoding=\"async\" width=\"985\" height=\"1024\" src=\"https:\/\/webs.uab.cat\/micromol\/wp-content\/uploads\/sites\/254\/2026\/01\/Jesus-Aranda-millorada-985x1024.jpg\" alt=\"\" class=\"wp-image-1632 size-full\" srcset=\"https:\/\/webs.uab.cat\/micromol\/wp-content\/uploads\/sites\/254\/2026\/01\/Jesus-Aranda-millorada-985x1024.jpg 985w, https:\/\/webs.uab.cat\/micromol\/wp-content\/uploads\/sites\/254\/2026\/01\/Jesus-Aranda-millorada-289x300.jpg 289w, https:\/\/webs.uab.cat\/micromol\/wp-content\/uploads\/sites\/254\/2026\/01\/Jesus-Aranda-millorada-768x798.jpg 768w, https:\/\/webs.uab.cat\/micromol\/wp-content\/uploads\/sites\/254\/2026\/01\/Jesus-Aranda-millorada-1200x1247.jpg 1200w, https:\/\/webs.uab.cat\/micromol\/wp-content\/uploads\/sites\/254\/2026\/01\/Jesus-Aranda-millorada.jpg 1245w\" sizes=\"auto, (max-width: 985px) 100vw, 985px\" \/><\/figure><div class=\"wp-block-media-text__content\">\n<div class=\"wp-block-group is-vertical is-layout-flex wp-container-core-group-is-layout-8cf370e7 wp-block-group-is-layout-flex\">\n<p><a href=\"https:\/\/orcid.org\/0000-0002-1135-095X\">Jes\u00fas Aranda Rodriguez<\/a><\/p>\n\n\n\n<p>Investigador Agregat<\/p>\n\n\n\n<p><a href=\"mailto:Jesus.Aranda@uab.cat\">Jesus.Aranda@uab.cat<\/a><\/p>\n<\/div>\n<\/div><\/div>\n\n\n\n<div class=\"wp-block-media-text is-stacked-on-mobile\" style=\"grid-template-columns:30% auto\"><figure class=\"wp-block-media-text__media\"><img loading=\"lazy\" decoding=\"async\" width=\"472\" height=\"566\" src=\"https:\/\/webs.uab.cat\/micromol\/wp-content\/uploads\/sites\/254\/2026\/01\/Pilar-cortes.jpg\" alt=\"\" class=\"wp-image-1640 size-full\" srcset=\"https:\/\/webs.uab.cat\/micromol\/wp-content\/uploads\/sites\/254\/2026\/01\/Pilar-cortes.jpg 472w, https:\/\/webs.uab.cat\/micromol\/wp-content\/uploads\/sites\/254\/2026\/01\/Pilar-cortes-250x300.jpg 250w\" sizes=\"auto, (max-width: 472px) 100vw, 472px\" \/><\/figure><div class=\"wp-block-media-text__content\">\n<div class=\"wp-block-group\"><div class=\"wp-block-group__inner-container is-layout-constrained wp-block-group-is-layout-constrained\">\n<div class=\"wp-block-group is-vertical is-layout-flex wp-container-core-group-is-layout-8cf370e7 wp-block-group-is-layout-flex\">\n<p><a href=\"https:\/\/orcid.org\/0000-0002-5924-0653\">Pilar Cort\u00e9s Garmendia<\/a><\/p>\n\n\n\n<p>Investigadora\/Professora associada<\/p>\n\n\n\n<p><a href=\"mailto:Mariapilar.Cortes@uab.cat\">Mariapilar.Cortes@uab.cat<\/a><\/p>\n<\/div>\n<\/div><\/div>\n<\/div><\/div>\n\n\n\n<div class=\"wp-block-media-text is-stacked-on-mobile is-vertically-aligned-center\"><figure class=\"wp-block-media-text__media\"><\/figure><div class=\"wp-block-media-text__content\">\n<div class=\"wp-block-group is-vertical is-layout-flex wp-container-core-group-is-layout-8cf370e7 wp-block-group-is-layout-flex\">\n<p><a href=\"https:\/\/orcid.org\/0000-0003-4408-013X\">Jordi Barb\u00e9 Garc\u00eda<\/a><\/p>\n\n\n\n<p>Catedr\u00e0tic Em\u00e8rit<\/p>\n\n\n\n<p><a href=\"mailto:Jordi.Barbe@uab.cat\">Jordi.Barbe@uab.cat<\/a><\/p>\n<\/div>\n<\/div><\/div>\n\n\n\n<div class=\"wp-block-media-text is-stacked-on-mobile is-vertically-aligned-center\"><figure class=\"wp-block-media-text__media\"><\/figure><div class=\"wp-block-media-text__content\">\n<div class=\"wp-block-group is-vertical is-layout-flex wp-container-core-group-is-layout-8cf370e7 wp-block-group-is-layout-flex\">\n<p><a href=\"https:\/\/orcid.org\/0000-0001-8177-832\">Montserrat Llagostera Casas<\/a><\/p>\n\n\n\n<p>Catedr\u00e0tica Em\u00e8rita<\/p>\n\n\n\n<p><a href=\"mailto:Jordi.Barbe@uab.cat\">Montserrat.Llagostera@uab.cat<\/a><\/p>\n<\/div>\n<\/div><\/div>\n\n\n\n<h2 class=\"wp-block-heading has-verd-tropic-color has-text-color has-link-color wp-elements-452d12085fbba4abcc86eef6616493b1\">Investigadors Postdoctorals &#8211; Lectors<\/h2>\n\n\n\n<div class=\"wp-block-media-text is-stacked-on-mobile\" style=\"grid-template-columns:30% auto\"><figure class=\"wp-block-media-text__media\"><img loading=\"lazy\" decoding=\"async\" width=\"984\" height=\"1024\" src=\"https:\/\/webs.uab.cat\/micromol\/wp-content\/uploads\/sites\/254\/2026\/01\/Maria-Perez-millorada-984x1024.jpg\" alt=\"\" class=\"wp-image-1644 size-full\" srcset=\"https:\/\/webs.uab.cat\/micromol\/wp-content\/uploads\/sites\/254\/2026\/01\/Maria-Perez-millorada-984x1024.jpg 984w, https:\/\/webs.uab.cat\/micromol\/wp-content\/uploads\/sites\/254\/2026\/01\/Maria-Perez-millorada-288x300.jpg 288w, https:\/\/webs.uab.cat\/micromol\/wp-content\/uploads\/sites\/254\/2026\/01\/Maria-Perez-millorada-768x799.jpg 768w, https:\/\/webs.uab.cat\/micromol\/wp-content\/uploads\/sites\/254\/2026\/01\/Maria-Perez-millorada-1200x1248.jpg 1200w, https:\/\/webs.uab.cat\/micromol\/wp-content\/uploads\/sites\/254\/2026\/01\/Maria-Perez-millorada.jpg 1244w\" sizes=\"auto, (max-width: 984px) 100vw, 984px\" \/><\/figure><div class=\"wp-block-media-text__content\">\n<p class=\"has-small-font-size\">Mar\u00eda P\u00e9rez Varela<\/p>\n\n\n\n<p><\/p>\n\n\n\n<p><a href=\"mailto:Maria.Perez@uab.cat\">Maria.Perez@uab.cat<\/a><\/p>\n<\/div><\/div>\n\n\n\n<div class=\"wp-block-media-text is-stacked-on-mobile\" style=\"grid-template-columns:30% auto\"><figure class=\"wp-block-media-text__media\"><img loading=\"lazy\" decoding=\"async\" width=\"985\" height=\"1024\" src=\"https:\/\/webs.uab.cat\/micromol\/wp-content\/uploads\/sites\/254\/2026\/01\/Jordi-corral-millorada-985x1024.jpg\" alt=\"\" class=\"wp-image-1648 size-full\" srcset=\"https:\/\/webs.uab.cat\/micromol\/wp-content\/uploads\/sites\/254\/2026\/01\/Jordi-corral-millorada-985x1024.jpg 985w, https:\/\/webs.uab.cat\/micromol\/wp-content\/uploads\/sites\/254\/2026\/01\/Jordi-corral-millorada-289x300.jpg 289w, https:\/\/webs.uab.cat\/micromol\/wp-content\/uploads\/sites\/254\/2026\/01\/Jordi-corral-millorada-768x798.jpg 768w, https:\/\/webs.uab.cat\/micromol\/wp-content\/uploads\/sites\/254\/2026\/01\/Jordi-corral-millorada-1200x1247.jpg 1200w, https:\/\/webs.uab.cat\/micromol\/wp-content\/uploads\/sites\/254\/2026\/01\/Jordi-corral-millorada.jpg 1245w\" sizes=\"auto, (max-width: 985px) 100vw, 985px\" \/><\/figure><div class=\"wp-block-media-text__content\">\n<p>Jordi Corral S\u00e1bado<\/p>\n\n\n\n<p><\/p>\n\n\n\n<p><a href=\"mailto:Jordi.Corral@uab.cat\">Jordi.Corral@uab.cat<\/a><\/p>\n<\/div><\/div>\n\n\n\n<h2 class=\"wp-block-heading has-verd-tropic-color has-text-color has-link-color wp-elements-230d6a2df1865c21644021c880eb3aa8\">Personal T\u00e8cnic<\/h2>\n\n\n\n<div class=\"wp-block-media-text is-stacked-on-mobile\" style=\"grid-template-columns:30% auto\"><figure class=\"wp-block-media-text__media\"><img loading=\"lazy\" decoding=\"async\" width=\"985\" height=\"1024\" src=\"https:\/\/webs.uab.cat\/micromol\/wp-content\/uploads\/sites\/254\/2026\/01\/Joan-Ruiz-millorada-985x1024.jpg\" alt=\"\" class=\"wp-image-1652 size-full\" srcset=\"https:\/\/webs.uab.cat\/micromol\/wp-content\/uploads\/sites\/254\/2026\/01\/Joan-Ruiz-millorada-985x1024.jpg 985w, https:\/\/webs.uab.cat\/micromol\/wp-content\/uploads\/sites\/254\/2026\/01\/Joan-Ruiz-millorada-289x300.jpg 289w, https:\/\/webs.uab.cat\/micromol\/wp-content\/uploads\/sites\/254\/2026\/01\/Joan-Ruiz-millorada-768x798.jpg 768w, https:\/\/webs.uab.cat\/micromol\/wp-content\/uploads\/sites\/254\/2026\/01\/Joan-Ruiz-millorada-1200x1247.jpg 1200w, https:\/\/webs.uab.cat\/micromol\/wp-content\/uploads\/sites\/254\/2026\/01\/Joan-Ruiz-millorada.jpg 1245w\" sizes=\"auto, (max-width: 985px) 100vw, 985px\" \/><\/figure><div class=\"wp-block-media-text__content\">\n<p>Joan Ruiz Ser\u00f3<\/p>\n\n\n\n<p>Lab. Manager<\/p>\n\n\n\n<p><a href=\"mailto:Joan.Ruiz@uab.cat\">Joan.Ruiz@uab.cat<\/a><\/p>\n<\/div><\/div>\n\n\n\n<div class=\"wp-block-media-text is-stacked-on-mobile\"><figure class=\"wp-block-media-text__media\"><\/figure><div class=\"wp-block-media-text__content\">\n<p>Susana Escribano Fern\u00e1ndez<\/p>\n\n\n\n<p>T\u00e8cnic especialista laboral<\/p>\n\n\n\n<p><a href=\"mailto:Susana.Escribano@uab.cat\">Susana.Escribano@uab.cat<\/a><\/p>\n<\/div><\/div>\n\n\n\n<h2 class=\"wp-block-heading has-verd-tropic-color has-text-color has-link-color wp-elements-751fbb5e0c73b16d19197b582a4a62e1\">Estudiants de Doctorat<\/h2>\n\n\n\n<div class=\"wp-block-media-text is-stacked-on-mobile\" style=\"grid-template-columns:30% auto\"><figure class=\"wp-block-media-text__media\"><img loading=\"lazy\" decoding=\"async\" width=\"985\" height=\"1024\" src=\"https:\/\/webs.uab.cat\/micromol\/wp-content\/uploads\/sites\/254\/2026\/01\/Pau-conill-millorada-985x1024.jpg\" alt=\"\" class=\"wp-image-1656 size-full\" srcset=\"https:\/\/webs.uab.cat\/micromol\/wp-content\/uploads\/sites\/254\/2026\/01\/Pau-conill-millorada-985x1024.jpg 985w, https:\/\/webs.uab.cat\/micromol\/wp-content\/uploads\/sites\/254\/2026\/01\/Pau-conill-millorada-289x300.jpg 289w, https:\/\/webs.uab.cat\/micromol\/wp-content\/uploads\/sites\/254\/2026\/01\/Pau-conill-millorada-768x798.jpg 768w, https:\/\/webs.uab.cat\/micromol\/wp-content\/uploads\/sites\/254\/2026\/01\/Pau-conill-millorada-1200x1247.jpg 1200w, https:\/\/webs.uab.cat\/micromol\/wp-content\/uploads\/sites\/254\/2026\/01\/Pau-conill-millorada.jpg 1245w\" sizes=\"auto, (max-width: 985px) 100vw, 985px\" \/><\/figure><div class=\"wp-block-media-text__content\">\n<p>Pau Conill i Bonet<\/p>\n\n\n\n<p><a href=\"mailto:Pau.Conill@uab.cat\">Pau.Conill@uab.cat<\/a><\/p>\n<\/div><\/div>\n\n\n\n<div class=\"wp-block-media-text is-stacked-on-mobile\" style=\"grid-template-columns:30% auto\"><figure class=\"wp-block-media-text__media\"><img loading=\"lazy\" decoding=\"async\" width=\"986\" height=\"1024\" src=\"https:\/\/webs.uab.cat\/micromol\/wp-content\/uploads\/sites\/254\/2026\/01\/Anna-Martinez-millorada.jpeg-1-986x1024.jpg\" alt=\"\" class=\"wp-image-1614 size-full\" srcset=\"https:\/\/webs.uab.cat\/micromol\/wp-content\/uploads\/sites\/254\/2026\/01\/Anna-Martinez-millorada.jpeg-1-986x1024.jpg 986w, https:\/\/webs.uab.cat\/micromol\/wp-content\/uploads\/sites\/254\/2026\/01\/Anna-Martinez-millorada.jpeg-1-289x300.jpg 289w, https:\/\/webs.uab.cat\/micromol\/wp-content\/uploads\/sites\/254\/2026\/01\/Anna-Martinez-millorada.jpeg-1-768x798.jpg 768w, https:\/\/webs.uab.cat\/micromol\/wp-content\/uploads\/sites\/254\/2026\/01\/Anna-Martinez-millorada.jpeg-1-1200x1246.jpg 1200w, https:\/\/webs.uab.cat\/micromol\/wp-content\/uploads\/sites\/254\/2026\/01\/Anna-Martinez-millorada.jpeg-1.jpg 1245w\" sizes=\"auto, (max-width: 986px) 100vw, 986px\" \/><\/figure><div class=\"wp-block-media-text__content\">\n<p>Anna Mart\u00ednez S\u00e1nchez<\/p>\n\n\n\n<p><a href=\"mailto:Anna.MartinezS@uab.cat#\">Anna.Martinez.Sanchez@uab.cat<\/a><\/p>\n<\/div><\/div>\n\n\n\n<div class=\"wp-block-media-text is-stacked-on-mobile\" style=\"grid-template-columns:30% auto\"><figure class=\"wp-block-media-text__media\"><img loading=\"lazy\" decoding=\"async\" width=\"984\" height=\"1024\" src=\"https:\/\/webs.uab.cat\/micromol\/wp-content\/uploads\/sites\/254\/2026\/01\/Carla-Millan-millorada-1-984x1024.jpg\" alt=\"\" class=\"wp-image-1620 size-full\" srcset=\"https:\/\/webs.uab.cat\/micromol\/wp-content\/uploads\/sites\/254\/2026\/01\/Carla-Millan-millorada-1-984x1024.jpg 984w, https:\/\/webs.uab.cat\/micromol\/wp-content\/uploads\/sites\/254\/2026\/01\/Carla-Millan-millorada-1-288x300.jpg 288w, https:\/\/webs.uab.cat\/micromol\/wp-content\/uploads\/sites\/254\/2026\/01\/Carla-Millan-millorada-1-768x799.jpg 768w, https:\/\/webs.uab.cat\/micromol\/wp-content\/uploads\/sites\/254\/2026\/01\/Carla-Millan-millorada-1-1200x1248.jpg 1200w, https:\/\/webs.uab.cat\/micromol\/wp-content\/uploads\/sites\/254\/2026\/01\/Carla-Millan-millorada-1.jpg 1244w\" sizes=\"auto, (max-width: 984px) 100vw, 984px\" \/><\/figure><div class=\"wp-block-media-text__content\">\n<p>Carla Mill\u00e1n Rom\u00e1n<\/p>\n\n\n\n<p><a href=\"mailto:Carla.Millan@uab.cat\">Carla.Millan@uab.cat<\/a><\/p>\n<\/div><\/div>\n\n\n\n<div class=\"wp-block-media-text is-stacked-on-mobile\" style=\"grid-template-columns:30% auto\"><figure class=\"wp-block-media-text__media\"><img loading=\"lazy\" decoding=\"async\" width=\"984\" height=\"1024\" src=\"https:\/\/webs.uab.cat\/micromol\/wp-content\/uploads\/sites\/254\/2026\/01\/Ona-Lasalle-millorada-984x1024.jpg\" alt=\"\" class=\"wp-image-1660 size-full\" srcset=\"https:\/\/webs.uab.cat\/micromol\/wp-content\/uploads\/sites\/254\/2026\/01\/Ona-Lasalle-millorada-984x1024.jpg 984w, https:\/\/webs.uab.cat\/micromol\/wp-content\/uploads\/sites\/254\/2026\/01\/Ona-Lasalle-millorada-288x300.jpg 288w, https:\/\/webs.uab.cat\/micromol\/wp-content\/uploads\/sites\/254\/2026\/01\/Ona-Lasalle-millorada-768x799.jpg 768w, https:\/\/webs.uab.cat\/micromol\/wp-content\/uploads\/sites\/254\/2026\/01\/Ona-Lasalle-millorada-1200x1248.jpg 1200w, https:\/\/webs.uab.cat\/micromol\/wp-content\/uploads\/sites\/254\/2026\/01\/Ona-Lasalle-millorada.jpg 1244w\" sizes=\"auto, (max-width: 984px) 100vw, 984px\" \/><\/figure><div class=\"wp-block-media-text__content\">\n<p>Ona Lasalle Duran<\/p>\n\n\n\n<p><a href=\"Ona.Lasalle@autonoma.cat\">Ona.Lasalle@uab.cat<\/a><\/p>\n<\/div><\/div>\n\n\n\n<h2 class=\"wp-block-heading has-verd-tropic-color has-text-color has-link-color wp-elements-b2affebe1baaaae2095910db5dab7eaf\">Estudiants de M\u00e0ster<\/h2>\n\n\n\n<div class=\"wp-block-media-text is-stacked-on-mobile\" style=\"grid-template-columns:30% auto\"><figure class=\"wp-block-media-text__media\"><img loading=\"lazy\" decoding=\"async\" width=\"985\" height=\"1024\" src=\"https:\/\/webs.uab.cat\/micromol\/wp-content\/uploads\/sites\/254\/2026\/01\/Pau-Dolcet-millorada-985x1024.jpg\" alt=\"\" class=\"wp-image-1664 size-full\" srcset=\"https:\/\/webs.uab.cat\/micromol\/wp-content\/uploads\/sites\/254\/2026\/01\/Pau-Dolcet-millorada-985x1024.jpg 985w, https:\/\/webs.uab.cat\/micromol\/wp-content\/uploads\/sites\/254\/2026\/01\/Pau-Dolcet-millorada-289x300.jpg 289w, https:\/\/webs.uab.cat\/micromol\/wp-content\/uploads\/sites\/254\/2026\/01\/Pau-Dolcet-millorada-768x798.jpg 768w, https:\/\/webs.uab.cat\/micromol\/wp-content\/uploads\/sites\/254\/2026\/01\/Pau-Dolcet-millorada-1200x1247.jpg 1200w, https:\/\/webs.uab.cat\/micromol\/wp-content\/uploads\/sites\/254\/2026\/01\/Pau-Dolcet-millorada.jpg 1245w\" sizes=\"auto, (max-width: 985px) 100vw, 985px\" \/><\/figure><div class=\"wp-block-media-text__content\">\n<p>Pau Dolcet Vera<\/p>\n\n\n\n<p><a href=\"mailto:Paudolcetv@gmail.com#\">Pau.Dolcet@uab.cat<\/a><\/p>\n<\/div><\/div>\n\n\n\n<div class=\"wp-block-media-text is-stacked-on-mobile\" style=\"grid-template-columns:30% auto\"><figure class=\"wp-block-media-text__media\"><img loading=\"lazy\" decoding=\"async\" width=\"985\" height=\"1024\" src=\"https:\/\/webs.uab.cat\/micromol\/wp-content\/uploads\/sites\/254\/2026\/01\/Ines-millorada-1-985x1024.jpg\" alt=\"\" class=\"wp-image-1628 size-full\" srcset=\"https:\/\/webs.uab.cat\/micromol\/wp-content\/uploads\/sites\/254\/2026\/01\/Ines-millorada-1-985x1024.jpg 985w, https:\/\/webs.uab.cat\/micromol\/wp-content\/uploads\/sites\/254\/2026\/01\/Ines-millorada-1-289x300.jpg 289w, https:\/\/webs.uab.cat\/micromol\/wp-content\/uploads\/sites\/254\/2026\/01\/Ines-millorada-1-768x798.jpg 768w, https:\/\/webs.uab.cat\/micromol\/wp-content\/uploads\/sites\/254\/2026\/01\/Ines-millorada-1-1200x1247.jpg 1200w, https:\/\/webs.uab.cat\/micromol\/wp-content\/uploads\/sites\/254\/2026\/01\/Ines-millorada-1.jpg 1245w\" sizes=\"auto, (max-width: 985px) 100vw, 985px\" \/><\/figure><div class=\"wp-block-media-text__content\">\n<p>In\u00e9s Urrea Gracia<\/p>\n\n\n\n<p><a href=\"mailto:Paudolcetv@gmail.com#\">Ines.Urrea@autonoma.cat<\/a><\/p>\n<\/div><\/div>\n\n\n\n<h2 class=\"wp-block-heading has-verd-tropic-color has-text-color has-link-color wp-elements-7a45132fb1ce977dfcbb934a26ea58bd\">Estudiants de Grau<\/h2>\n\n\n\n<ul class=\"wp-block-list\">\n<li class=\"has-small-font-size\">Guillem Dachs Margarit<\/li>\n\n\n\n<li class=\"has-small-font-size\">Eider Garc\u00eda-Vicu\u00f1a Axpe<\/li>\n\n\n\n<li class=\"has-small-font-size\">Esperanza Delgado Godoy<\/li>\n<\/ul>\n\n\n\n<div class=\"wp-block-buttons is-layout-flex wp-block-buttons-is-layout-flex\">\n<div class=\"wp-block-button\"><a class=\"wp-block-button__link wp-element-button\" href=\"https:\/\/webs.uab.cat\/micromol\/\">p\u00e0gina d&#8217;inici<\/a><\/div>\n\n\n\n<div class=\"wp-block-button\"><a class=\"wp-block-button__link wp-element-button\" href=\"https:\/\/webs.uab.cat\/micromol\/antics-membres\/\">Antics membres<\/a><\/div>\n<\/div>\n\n\n\n<p><\/p>\n","protected":false},"excerpt":{"rendered":"<p>Investigadors Principals Investigadors Postdoctorals &#8211; Lectors Mar\u00eda P\u00e9rez Varela Maria.Perez@uab.cat Jordi Corral S\u00e1bado Jordi.Corral@uab.cat Personal T\u00e8cnic Joan Ruiz Ser\u00f3 Lab. Manager Joan.Ruiz@uab.cat Susana Escribano Fern\u00e1ndez T\u00e8cnic especialista laboral Susana.Escribano@uab.cat Estudiants de Doctorat Pau Conill i Bonet Pau.Conill@uab.cat Anna Mart\u00ednez S\u00e1nchez Anna.Martinez.Sanchez@uab.cat Carla Mill\u00e1n Rom\u00e1n Carla.Millan@uab.cat Ona Lasalle Duran Ona.Lasalle@uab.cat Estudiants de M\u00e0ster Pau Dolcet Vera [&hellip;]<\/p>\n","protected":false},"author":105,"featured_media":0,"parent":0,"menu_order":0,"comment_status":"closed","ping_status":"closed","template":"","meta":{"footnotes":""},"class_list":["post-749","page","type-page","status-publish","hentry"],"_links":{"self":[{"href":"https:\/\/webs.uab.cat\/micromol\/wp-json\/wp\/v2\/pages\/749","targetHints":{"allow":["GET"]}}],"collection":[{"href":"https:\/\/webs.uab.cat\/micromol\/wp-json\/wp\/v2\/pages"}],"about":[{"href":"https:\/\/webs.uab.cat\/micromol\/wp-json\/wp\/v2\/types\/page"}],"author":[{"embeddable":true,"href":"https:\/\/webs.uab.cat\/micromol\/wp-json\/wp\/v2\/users\/105"}],"replies":[{"embeddable":true,"href":"https:\/\/webs.uab.cat\/micromol\/wp-json\/wp\/v2\/comments?post=749"}],"version-history":[{"count":60,"href":"https:\/\/webs.uab.cat\/micromol\/wp-json\/wp\/v2\/pages\/749\/revisions"}],"predecessor-version":[{"id":2151,"href":"https:\/\/webs.uab.cat\/micromol\/wp-json\/wp\/v2\/pages\/749\/revisions\/2151"}],"wp:attachment":[{"href":"https:\/\/webs.uab.cat\/micromol\/wp-json\/wp\/v2\/media?parent=749"}],"curies":[{"name":"wp","href":"https:\/\/api.w.org\/{rel}","templated":true}]}}