{"id":751,"date":"2026-01-30T15:49:25","date_gmt":"2026-01-30T14:49:25","guid":{"rendered":"https:\/\/webs.uab.cat\/micromol\/?page_id=751"},"modified":"2026-02-18T16:19:53","modified_gmt":"2026-02-18T15:19:53","slug":"antics-membres","status":"publish","type":"page","link":"https:\/\/webs.uab.cat\/micromol\/antics-membres\/","title":{"rendered":"Antics Membres"},"content":{"rendered":"\n<h2 class=\"wp-block-heading has-verd-tropic-color has-text-color has-link-color wp-elements-644472f75769ab21b91b4c3f6dd85b10\">Antics Membres<\/h2>\n\n\n\n<div class=\"wp-block-media-text is-stacked-on-mobile\" style=\"grid-template-columns:30% auto\"><figure class=\"wp-block-media-text__media\"><img loading=\"lazy\" decoding=\"async\" width=\"984\" height=\"1024\" src=\"https:\/\/webs.uab.cat\/micromol\/wp-content\/uploads\/sites\/254\/2026\/01\/Marc-Gaona-millorada-984x1024.jpg\" alt=\"\" class=\"wp-image-1674 size-full\" srcset=\"https:\/\/webs.uab.cat\/micromol\/wp-content\/uploads\/sites\/254\/2026\/01\/Marc-Gaona-millorada-984x1024.jpg 984w, https:\/\/webs.uab.cat\/micromol\/wp-content\/uploads\/sites\/254\/2026\/01\/Marc-Gaona-millorada-288x300.jpg 288w, https:\/\/webs.uab.cat\/micromol\/wp-content\/uploads\/sites\/254\/2026\/01\/Marc-Gaona-millorada-768x799.jpg 768w, https:\/\/webs.uab.cat\/micromol\/wp-content\/uploads\/sites\/254\/2026\/01\/Marc-Gaona-millorada-1200x1248.jpg 1200w, https:\/\/webs.uab.cat\/micromol\/wp-content\/uploads\/sites\/254\/2026\/01\/Marc-Gaona-millorada.jpg 1244w\" sizes=\"auto, (max-width: 984px) 100vw, 984px\" \/><\/figure><div class=\"wp-block-media-text__content\">\n<p class=\"has-small-font-size\">Marc Gaona Soler<\/p>\n<\/div><\/div>\n\n\n\n<ul class=\"wp-block-list\">\n<li class=\"has-small-font-size\">Gabriela Ortiz Millan<\/li>\n\n\n\n<li class=\"has-small-font-size\">J\u00falia L\u00f3pez P\u00e9rez<\/li>\n\n\n\n<li class=\"has-small-font-size\">Jennifer Otero Carrera<\/li>\n\n\n\n<li class=\"has-small-font-size\">Miquel S\u00e1nchez Osuna<\/li>\n\n\n\n<li class=\"has-small-font-size\">Maria Lajarin Reinares<\/li>\n\n\n\n<li class=\"has-small-font-size\">Elisabet Frutos Grilo<\/li>\n\n\n\n<li class=\"has-small-font-size\">Oihane Irazoki S\u00e1nchez<\/li>\n\n\n\n<li class=\"has-small-font-size\">Enric Maroto Fern\u00e1ndez<\/li>\n\n\n\n<li class=\"has-small-font-size\">Joan Colom Comas<\/li>\n\n\n\n<li class=\"has-small-font-size\">Albert Mayola Corominas<\/li>\n\n\n\n<li class=\"has-small-font-size\">Laura Teixid\u00f3 Devesa<\/li>\n\n\n\n<li class=\"has-small-font-size\">Denis Augusto Spricigo<\/li>\n\n\n\n<li class=\"has-small-font-size\">Gerard \u00c1lvarez Yuste<\/li>\n\n\n\n<li class=\"has-small-font-size\">Laura Medina Ruiz<\/li>\n\n\n\n<li class=\"has-small-font-size\">Carlota Bardina Fons<\/li>\n\n\n\n<li class=\"has-small-font-size\">Neus Sanchez Alberola<\/li>\n\n\n\n<li class=\"has-small-font-size\">Anna Bigas Terricabres<\/li>\n\n\n\n<li class=\"has-small-font-size\">Vanessa Blanch Pociello<\/li>\n\n\n\n<li class=\"has-small-font-size\">Marc Abella Rossi\u00f1ol<\/li>\n\n\n\n<li class=\"has-small-font-size\">N\u00faria Busquets Mart\u00ed<\/li>\n\n\n\n<li class=\"has-small-font-size\">Jordi Cu\u00f1\u00e9 Castellana<\/li>\n\n\n\n<li class=\"has-small-font-size\">Jos\u00e9 Guillermo Gonz\u00e1lez Cabeza<\/li>\n\n\n\n<li class=\"has-small-font-size\">Alfonso Del Rey P\u00e9rez<\/li>\n\n\n\n<li class=\"has-small-font-size\">Elena Garrido Oca\u00f1a<\/li>\n\n\n\n<li class=\"has-small-font-size\">Lorena Casares Proa\u00f1o<\/li>\n\n\n\n<li class=\"has-small-font-size\">Monica Jara Ramirez<\/li>\n\n\n\n<li class=\"has-small-font-size\">Mirle Ferrer P\u00e9rez<\/li>\n\n\n\n<li class=\"has-small-font-size\">Montse Bosch Gallego<\/li>\n\n\n\n<li class=\"has-small-font-size\">Jose Antonio Moreno Mu\u00f1oz<\/li>\n\n\n\n<li class=\"has-small-font-size\">\u00c0ngels T\u00e0pies Ribot<\/li>\n<\/ul>\n\n\n\n<div class=\"wp-block-buttons is-layout-flex wp-block-buttons-is-layout-flex\">\n<div class=\"wp-block-button\"><a class=\"wp-block-button__link wp-element-button\" href=\"https:\/\/webs.uab.cat\/micromol\/\">p\u00e0gina d&#8217;inici<\/a><\/div>\n\n\n\n<div class=\"wp-block-button\"><a class=\"wp-block-button__link wp-element-button\" href=\"https:\/\/webs.uab.cat\/micromol\/membres-actuals\/\">membres actuals<\/a><\/div>\n<\/div>\n\n\n\n<p><\/p>\n","protected":false},"excerpt":{"rendered":"<p>Antics Membres Marc Gaona Soler<\/p>\n","protected":false},"author":105,"featured_media":0,"parent":0,"menu_order":0,"comment_status":"closed","ping_status":"closed","template":"","meta":{"footnotes":""},"class_list":["post-751","page","type-page","status-publish","hentry"],"_links":{"self":[{"href":"https:\/\/webs.uab.cat\/micromol\/wp-json\/wp\/v2\/pages\/751","targetHints":{"allow":["GET"]}}],"collection":[{"href":"https:\/\/webs.uab.cat\/micromol\/wp-json\/wp\/v2\/pages"}],"about":[{"href":"https:\/\/webs.uab.cat\/micromol\/wp-json\/wp\/v2\/types\/page"}],"author":[{"embeddable":true,"href":"https:\/\/webs.uab.cat\/micromol\/wp-json\/wp\/v2\/users\/105"}],"replies":[{"embeddable":true,"href":"https:\/\/webs.uab.cat\/micromol\/wp-json\/wp\/v2\/comments?post=751"}],"version-history":[{"count":21,"href":"https:\/\/webs.uab.cat\/micromol\/wp-json\/wp\/v2\/pages\/751\/revisions"}],"predecessor-version":[{"id":1986,"href":"https:\/\/webs.uab.cat\/micromol\/wp-json\/wp\/v2\/pages\/751\/revisions\/1986"}],"wp:attachment":[{"href":"https:\/\/webs.uab.cat\/micromol\/wp-json\/wp\/v2\/media?parent=751"}],"curies":[{"name":"wp","href":"https:\/\/api.w.org\/{rel}","templated":true}]}}