{"id":760,"date":"2025-11-19T17:13:35","date_gmt":"2025-11-19T16:13:35","guid":{"rendered":"https:\/\/webs.uab.cat\/micromol\/?page_id=760"},"modified":"2026-02-18T16:07:02","modified_gmt":"2026-02-18T15:07:02","slug":"contacte-amb-la-societat","status":"publish","type":"page","link":"https:\/\/webs.uab.cat\/micromol\/contacte-amb-la-societat\/","title":{"rendered":"Contacte amb la Societat"},"content":{"rendered":"\n<h2 class=\"wp-block-heading has-verd-tropic-color has-text-color has-link-color wp-elements-c584f513e4636cff90478c1a0706281d\"><strong>Comprom\u00eds amb la divulgaci\u00f3 i la transfer\u00e8ncia de coneixement<\/strong><\/h2>\n\n\n\n<p class=\"has-small-font-size\">El Grup de Microbiologia Molecular participa activament en diverses activitats de divulgaci\u00f3 cient\u00edfica i transfer\u00e8ncia de coneixement, adre\u00e7ades tant al p\u00fablic general com a l\u2019educaci\u00f3 preuniversit\u00e0ria i al sector industrial. Aquestes iniciatives tenen com a objectiu apropar la recerca a la societat, fomentar vocacions cient\u00edfiques i afavorir l\u2019aplicaci\u00f3 del coneixement en entorns professionals i educatius.<\/p>\n\n\n\n<h3 class=\"wp-block-heading has-verd-tropic-color has-text-color has-link-color wp-elements-4f71426bf8c7fc59bf7db7682bb2ae29\">Foment de vocacions cient\u00edfiques<\/h3>\n\n\n\n<div class=\"wp-block-group\"><div class=\"wp-block-group__inner-container is-layout-constrained wp-block-group-is-layout-constrained\">\n<div class=\"wp-block-group alignwide is-vertical is-layout-flex wp-container-core-group-is-layout-8cf370e7 wp-block-group-is-layout-flex\">\n<p class=\"has-small-font-size\"><em><strong>MicroM\u00f3n (una iniciativa del projecte internacional Tiny Earth)<\/strong><\/em><\/p>\n\n\n\n<p class=\"has-small-font-size\">MicroM\u00f3n @ UAB \u00e9s la implementaci\u00f3 local del projecte Tiny Earth, una xarxa global d\u2019estudiants i professorat que promou la descoberta d\u2019antibi\u00f2tics a partir de mostres de s\u00f2l.<\/p>\n\n\n\n<p class=\"has-small-font-size\">Aquest projecte t\u00e9 com a objectiu despertar l\u2019inter\u00e8s per la ci\u00e8ncia i la tecnologia entre l\u2019alumnat de secund\u00e0ria i batxillerat, tot abordant un dels grans reptes sanitaris del nostre temps: la resist\u00e8ncia global als antibi\u00f2tics.<\/p>\n\n\n\n<p class=\"has-small-font-size\">En el marc de MicroM\u00f3n, estudiants de grau de la UAB, sota la supervisi\u00f3 de professorat de Microbiologia de la UAB, porten a les aules un projecte de recerca real en el que els estudiants de secund\u00e0ria i de batxillerat, guiats pels estudiants de la UAB, a\u00efllen bacteris productors d\u2019antibi\u00f2tics en els seus centres, en un projecte d\u2019aprenentatge-servei basat en reptes. <\/p>\n\n\n\n<p class=\"has-small-font-size\">Podeu trobar-ne m\u00e9s informaci\u00f3 a la <a href=\"https:\/\/webs.uab.cat\/micromon\/\">web del projecte<\/a>.<\/p>\n<\/div>\n<\/div><\/div>\n\n\n\n<div class=\"wp-block-group is-vertical is-layout-flex wp-container-core-group-is-layout-8cf370e7 wp-block-group-is-layout-flex\">\n<p><em><em><strong>Estades Estiu dins del Programa ARG\u00d3<\/strong><\/em><\/em><\/p>\n\n\n\n<p class=\"has-small-font-size\">Des de l\u2019any 2003, el projecte ARG\u00d3 \u2014impulsat i finan\u00e7at per la UAB\u2014 ofereix estades de recerca per a estudiants de secund\u00e0ria en laboratoris de la Universitat. El Grup de Microbiologia Molecular hi participa activament, acollint estudiants en estades formatives centrades en la \u201c<a href=\"https:\/\/www.uab.cat\/ca\/ice\/ambit-biociencies\">ter\u00e0pia amb bacteri\u00f2fags com a estrat\u00e8gia alternativa als antibi\u00f2tics<\/a>\u201d.<\/p>\n<\/div>\n\n\n\n<h3 class=\"wp-block-heading has-verd-tropic-color has-text-color has-link-color wp-elements-8063ea87aa676885b0ff379e64347425\">Altres activitats de divulgaci\u00f3<\/h3>\n\n\n\n<div class=\"wp-block-group is-vertical is-layout-flex wp-container-core-group-is-layout-8cf370e7 wp-block-group-is-layout-flex\">\n<p class=\"has-verd-tropic-transparent-color has-text-color has-link-color has-large-font-size wp-elements-33f413952f73ca18996373f00028ddb2\" style=\"font-style:normal;font-weight:700\"><strong>2025<\/strong><\/p>\n\n\n\n<ul class=\"wp-block-list\">\n<li class=\"has-small-font-size\">Barb\u00e9 J, Campoy S, Llagostera M, Aranda J. Curs d&#8217;actualitzaci\u00f3 de conceptes de Microbiologia en base al nou curr\u00edculum de Batxillerat. Juliol de 2025 Organitzat per l&#8217;Institut de Ci\u00e8ncies de l&#8217;Educaci\u00f3 (ICE) de la Universitat Aut\u00f2noma de Barcelona. UAB.<\/li>\n\n\n\n<li class=\"has-small-font-size\">Campoy S. Apocalipsis microsc\u00f3pico: qu\u00e9 pasa cuando un virus ataca a una bacteria. Gran Velada Micro-Jahenciana. MICROBIOS PARA TODOS LOS P\u00daBLICOS. 17 de juny 2025. Jaen.<\/li>\n\n\n\n<li class=\"has-small-font-size\"><a href=\"https:\/\/doi.org\/10.5565\/rev\/ciencies.524\">Llagostera, M., Barb\u00e9, J Campoy S. La pand\u00e8mia silenciosa i la resist\u00e8ncia a antibacterians dels nostres temps. Ci\u00e8ncies, 49 (2025)<\/a>. <\/li>\n<\/ul>\n<\/div>\n\n\n\n<div class=\"wp-block-group\"><div class=\"wp-block-group__inner-container is-layout-constrained wp-block-group-is-layout-constrained\">\n<h3 class=\"wp-block-heading has-verd-tropic-transparent-color has-text-color has-link-color has-large-font-size wp-elements-08b533e04295406e309d8985df8e429d\">2024<\/h3>\n\n\n\n<ul class=\"wp-block-list\">\n<li class=\"has-small-font-size\">Barb\u00e9 J, Campoy S, Aranda J. 2024. Curs d\u2019Actualitzaci\u00f3 de conceptes en Microbiologia. Organitzat pel Col\u00b7legi Oficial de Doctors i Llicenciats en Filosofia i Lletres i en Ci\u00e8ncies de Catalunya. 8-11 de juliol de 2024.<\/li>\n\n\n\n<li class=\"has-small-font-size\">Barb\u00e9 J, Campoy S, Julian E. 2024. Curs per professorat d&#8217;ensenyament secundari sobre Bioseguretat. Organitzat per l&#8217;Institut de Ci\u00e8ncies de l&#8217;Educaci\u00f3 (ICE) de la Universitat Aut\u00f2noma de Barcelona. 13,20 i 27 de novembre de 2024.<\/li>\n\n\n\n<li class=\"has-small-font-size\">Campoy S. 2024. Taula rodona: El Treball de Recerca, pont entre centres, Universitat i Entitats. Sin\u00e8rgies Educatives: El Treball de Recerca, pont entre centres, Universitat i Entitats. Col\u00b7legi Oficial de Doctors i Llicenciats en Filosofia i Lletres i en Ci\u00e8ncies de Catalunya. 30 d\u2019octubre de 2024.<\/li>\n\n\n\n<li class=\"has-small-font-size\">Campoy S. 2024. Resist\u00e8ncies bacterianes a antimicrobians, recerca associada. Escola TECNOS de Terrassa. 16 de Febrer 2024.<\/li>\n\n\n\n<li class=\"has-small-font-size\">Campoy S. 2024. La pand\u00e8mia silenciosa. Seminari dins de l\u2019assignatura de Periodisme cient\u00edfic del Grau de Periodisme a la UAB. 22 d\u2019octubre de 2024<\/li>\n\n\n\n<li class=\"has-small-font-size\">Llagostera, M., Campoy S, Aranda J, P\u00e9rez-Varela M, Corral J., Barb\u00e9 J. 2024-2025. VII edici\u00f3 del projecte MicroM\u00f3n.<\/li>\n\n\n\n<li class=\"has-small-font-size\">Llagostera M. 2024. C\u00e0psula de coneixement: Resist\u00e8ncia bacteriana als antibi\u00f2tics. Cicle Cultural One Health. 30 de setembre a 15 de novembre de 2024.&nbsp; <a href=\"https:\/\/www.youtube.com\/watch?v=LohZhxXtjaY\">https:\/\/www.youtube.com\/watch?v=LohZhxXtjaY<\/a>.<\/li>\n\n\n\n<li class=\"has-small-font-size\">Llagostera M. 2024. C\u00e0psula de coneixement: Bacteri\u00f2fags en seguretat aliment\u00e0ria. Cicle Cultural One Health. 30 de setembre a 15 de novembre de 2024.&nbsp; <a href=\"https:\/\/www.youtube.com\/watch?v=LtbC8jfX-Lo\">https:\/\/www.youtube.com\/watch?v=LtbC8jfX-Lo<\/a>.<\/li>\n\n\n\n<li class=\"has-small-font-size\">Llagostera, M., Barb\u00e9, J. i Campoy, S., 2024. La pand\u00e8mia silenciosa i la resist\u00e8ncia a antibacterians dels nostres temps. Ci\u00e8ncies: Revista del professorat de prim\u00e0ria i secund\u00e0ria (49), 73 -79.<\/li>\n\n\n\n<li class=\"has-small-font-size\">Campoy, S. La resist\u00e8ncia bacteriana als antibi\u00f2tics. Qu\u00e8 fer davant aquesta amena\u00e7a? Museu del Suro de Palafrugell, dins de l\u2019activitat de difusi\u00f3n del projecte MicroM\u00f3n@UAB als INS Palafrugell. 2022<\/li>\n<\/ul>\n<\/div><\/div>\n\n\n\n<h3 class=\"wp-block-heading has-verd-tropic-transparent-color has-text-color has-link-color has-large-font-size wp-elements-d7c7935a7110dd8a5c0f7e09e0707fb2\">2023<\/h3>\n\n\n\n<ul class=\"wp-block-list\">\n<li class=\"has-small-font-size\">Llagostera M. Recerques per aprendre: Fagoter\u00e0pia per al control de pat\u00f2gens bacterians. PROGRAMA ARG\u00d3 (ICE). 10 de febrer 2023.<\/li>\n\n\n\n<li class=\"has-small-font-size\">Llagostera M., Campoy S., Aranda J. MicroMon@UAB 6.0. Modalitat: Projecte ApS. Campoy S., Aranda J., Cort\u00e9s. P., P\u00e9rez M. Estades de recerca: &#8220;Fagoter\u00e0pia com alternativa al tractament amb antimicrobians&#8221; PROGRAMA ARG\u00d3 (ICE). Juny-Juliol 2023.<\/li>\n\n\n\n<li class=\"has-small-font-size\">Llagostera M Rodr\u00edguez E. MicroM\u00f3n@UAB. Recerca de nous antibi\u00f2tics. Jornades sobre l\u2019ensenyament de les ci\u00e8ncies. El nou curr\u00edculum de ci\u00e8ncies, nous reptes. Col\u00b7legi oficial doctors i llicenciats en Filosofia i lletres i en ci\u00e8ncies de Catalunya. 30 de setembre de 2023. Modalitat: Xerrada convidada.<\/li>\n\n\n\n<li class=\"has-small-font-size\">Llagostera M. Ter\u00e0pia f\u00e1gica en producci\u00f3 animal i Seguretat alimentaria. Corporaci\u00f3 Sanit\u00e0ria Parc Taul\u00ed. 8 de novembre de 2023. Modalitat: Xerrada convidada.<\/li>\n<\/ul>\n\n\n\n<h3 class=\"wp-block-heading has-verd-tropic-transparent-color has-text-color has-link-color has-large-font-size wp-elements-ae8a943e6119305acfc227ce0c5170d2\">2022<\/h3>\n\n\n\n<ul class=\"wp-block-list\">\n<li class=\"has-small-font-size\">Llagostera, M., Campoy, S., Cort\u00e9s, M.P. 2022. Bacteri\u00f3fagos: un nuevo tipo de productos para mejorar la seguridad alimentaria. Eurocarne 305:74-77.<\/li>\n\n\n\n<li class=\"has-small-font-size\">Barb\u00e9 J, Campoy S, Llagostera M, Aranda J. Curs d&#8217;actualitzaci\u00f3 de conceptes de Microbiologia en base al nou curr\u00edculum de Batxillerat. Novembre-Desembre de 2022. ICE. UAB.<\/li>\n\n\n\n<li class=\"has-small-font-size\">Barb\u00e9 J, Campoy S, Llagostera M, Aranda J. MicroM\u00f3n@6.0<\/li>\n\n\n\n<li class=\"has-small-font-size\">Barb\u00e9 J, Campoy S, , Aranda J, Cort\u00e9s P, Escribano S, Ruiz J. Estada d\u2019estiu Arg\u00f3. Fagoter\u00e0pia com alternativa al tractament amb antimicrobians. ICE. UAB<\/li>\n\n\n\n<li class=\"has-small-font-size\">Campoy S.&nbsp; Fagoter\u00e0pia per al control de pat\u00f2gens bacterians. 25 de mar\u00e7 de 2022. Programa Arg\u00f3. ICE. UAB<\/li>\n\n\n\n<li class=\"has-small-font-size\">Llagostera M.. Barb\u00e9 J., Campoy, S., Aranda J. Actualitzaci\u00f3 de coneixements de Microbiologia en base al nou curr\u00edculum de Batxillerat. Institut de Ci\u00e8ncies de l&#8217;Educaci\u00f3 (ICE) (Del 9 de novembre de 2022 al 21 de desembre de 2022). Modalitat: Curs telem\u00e0tic.<\/li>\n<\/ul>\n\n\n\n<h3 class=\"wp-block-heading has-verd-tropic-transparent-color has-text-color has-link-color has-large-font-size wp-elements-f62656ea8cb5f79178c28c8a5692a027\">2021<\/h3>\n\n\n\n<ul class=\"wp-block-list\">\n<li class=\"has-small-font-size\">Llagostera, M. Bacteri\u00f2fags com a alternatives a la resist\u00e8ncia a antibi\u00f2tics. Jornada de Santa Ll\u00facia. \u00das de bacteris i virus per al servei de la Comunitat. Societat Catalana de Biologia. <\/li>\n\n\n\n<li class=\"has-small-font-size\">Barb\u00e9, J. El cicle cel\u00b7lular bacteri\u00e0 i la poliplo\u00efda.&nbsp; Secci\u00f3 d\u2019ensenyament de la Societat Catalana de Biologia. <\/li>\n\n\n\n<li class=\"has-small-font-size\">Barb\u00e9, J. Actualitzaci\u00f3 de continguts de Microbiologia. CESIRE.<\/li>\n\n\n\n<li class=\"has-small-font-size\">Campoy S. Recerques per aprendre \u201cFagoter\u00e0pia per al control de pat\u00f2gens bacterians.\u201dPrograma ARG\u00d3 2021<\/li>\n\n\n\n<li class=\"has-small-font-size\">Campoy S. \u201cEl sistema SOS en bacterias\u201d Seminari en l\u2019assignatura \u201cGen\u00e9tica Bacteriana\u201d del M\u00e1ster de Microbiolog\u00eda de la UAM Curs 2021-22<\/li>\n\n\n\n<li class=\"has-small-font-size\">Campoy S., Frutos-Grilo E., Llagostera M., Otero J. &#8220;Microbiologia: Endinsat en un m\u00f3n invisible!&#8221; Campus ITACA 2021<\/li>\n\n\n\n<li class=\"has-small-font-size\">Aranda J., Barb\u00e9 J, Campoy S., Cort\u00e9s MP, \u201cFagoter\u00e0pia com alternativa al tractament amb antimicrobians\u201d Estades d\u2019estiu. PROGRAMA ARG\u00d3<\/li>\n\n\n\n<li class=\"has-small-font-size\">Aranda J., Campoy S., Llagostera M. Projecte <a href=\"mailto:MicroM\u00f3n@UAB_4.0\">MicroM\u00f3n@UAB_4.0<\/a><\/li>\n<\/ul>\n\n\n\n<h3 class=\"wp-block-heading has-verd-tropic-transparent-color has-text-color has-link-color has-large-font-size wp-elements-1cc686979bec3e2b29d8c83df430eeea\">2020<\/h3>\n\n\n\n<ul class=\"wp-block-list\">\n<li class=\"has-small-font-size\">Campoy, S. Qu\u00e8 significa el m\u00e8tode cient\u00edfic. Fundaci\u00f3 Bosch i Cardellach. 2020. Xerrada divulgativa a instituts de Sabadell.<\/li>\n\n\n\n<li class=\"has-small-font-size\">Llagostera, M. Cent anys del descobriment dels bacteri\u00f2fags: Passat, present i futur. Ateneu de Ma\u00f3. Febrer 2020. <\/li>\n<\/ul>\n\n\n\n<h3 class=\"wp-block-heading has-verd-tropic-transparent-color has-text-color has-link-color has-large-font-size wp-elements-1e6fbf0d6f4b30d684607d712531fefe\">2017<\/h3>\n\n\n\n<ul class=\"wp-block-list\">\n<li class=\"has-small-font-size\">Campoy, S. Actualitzaci\u00f3 de Professorat de secund\u00e0ria. El treball pr\u00e0ctic de microbiologia a secundaria. Els Divendres de Biologia i Geologia.Centre de Recursos Pedag\u00f2gics Espec\u00edfics de Suport a la Innovaci\u00f3 i la Recerca Educativa (CESIRE) del Departament d&#8217;Ensenyament de la Generalitat de Catalunya. Gener de 2017.<\/li>\n\n\n\n<li class=\"has-small-font-size\">Campoy, S., Llagostera M. C\u00e0psules de ci\u00e8ncia; Microbiologia. Veure el que no es veu. Activitats per a Mestres d\u2019Infantil i prim\u00e0ria. CESIRE<\/li>\n<\/ul>\n\n\n\n<h3 class=\"wp-block-heading has-verd-tropic-transparent-color has-text-color has-link-color has-large-font-size wp-elements-926a0c2146fa58d696362fcd77abfe7e\">2016<\/h3>\n\n\n\n<ul class=\"wp-block-list\">\n<li class=\"has-small-font-size\">Campoy S. C\u00e0psules de Ci\u00e8ncia. Taller d\u2019actualitzaci\u00f3 cient\u00edfica en microbiologia dels mestres<strong>. <\/strong>Centre de Recursos Pedag\u00f2gics Espec\u00edfics de Suport a la Innovaci\u00f3 i la Recerca Educativa (CESIRE) del Departament d&#8217;Ensenyament de la Generalitat de Catalunya, amb la col\u00b7laboraci\u00f3 del Grup de treball sobre Microbiologia \u03bcBIO Cat. Novembre de 2016.<\/li>\n<\/ul>\n\n\n\n<h3 class=\"wp-block-heading has-verd-tropic-transparent-color has-text-color has-link-color has-large-font-size wp-elements-9ac389d5c5b9ddda4aaedbfc3996418b\">2014<\/h3>\n\n\n\n<ul class=\"wp-block-list\">\n<li class=\"has-small-font-size\">Llagostera, M. i Campoy, S.Taller: Tractament antibacteri\u00e0: antibi\u00f2tics i ter\u00e0pia f\u00e0gica. IV Jornades sobre l&#8217;Ensenyament de la Biologia i Geologia. Col\u00b7legi Oficial de Llicenciats de Catalunya, la Fundaci\u00f3 \u201cla Caixa\u201d i el CESIRE del Departament d\u2019Ensenyament. Octubre 2014<\/li>\n\n\n\n<li class=\"has-small-font-size\">Llagostera, M. , Barb\u00e9, J., Campoy, S. Curs: Microbiologia B\u00e0sica Aplicada. Programa ARG\u00d3. Institut de Ci\u00e8ncies de l\u2019Educaci\u00f3 UAB. Curs acad\u00e8mic 2013-2014<\/li>\n<\/ul>\n\n\n\n<h3 class=\"wp-block-heading has-verd-tropic-transparent-color has-text-color has-link-color has-large-font-size wp-elements-fe2ad95ffd9acc91b8199dd47d53d861\">2013<\/h3>\n\n\n\n<ul class=\"wp-block-list\">\n<li class=\"has-small-font-size\">Llagostera, M. , Barb\u00e9, J., Campoy, S. Curs: Microbiologia B\u00e0sica Aplicada. Programa ARG\u00d3. Institut de Ci\u00e8ncies de l\u2019Educaci\u00f3 UAB<strong>. <\/strong>Curs acad\u00e8mic 2012-2013<\/li>\n<\/ul>\n\n\n\n<h3 class=\"wp-block-heading has-verd-tropic-transparent-color has-text-color has-link-color has-large-font-size wp-elements-008c9544373c5ad8ac7d31a5c5f73e1a\">2011<\/h3>\n\n\n\n<ul class=\"wp-block-list\">\n<li class=\"has-small-font-size\">Campoy, S.XV CURSO DE INICIACI\u00d3N A LA INVESTIGACI\u00d3N EN MICROBIOLOG\u00cdA. Universidad de Oviedo, Facultad de Geolog\u00eda. El paradigma del sistema SOS a lo largo de la filogenia bacteriana. Juny &nbsp;2011, Sociedad Espa\u00f1ola de Microbiolog\u00eda.<\/li>\n<\/ul>\n\n\n\n<h3 class=\"wp-block-heading has-verd-tropic-transparent-color has-text-color has-link-color has-large-font-size wp-elements-0ea8e989937f61fa634d0dddda1f24b2\">2010<\/h3>\n\n\n\n<ul class=\"wp-block-list\">\n<li class=\"has-small-font-size\">Campoy, S. Curs: Actualitzaci\u00f3 en el diagn\u00f2stic cl\u00ednic.Col\u00b7legi de Bi\u00f2legs de Catalunya<strong>. <\/strong>Juny de 2010<\/li>\n\n\n\n<li class=\"has-small-font-size\">Llagostera, M. , Barb\u00e9, J., Campoy, S. Curs: Assaigs Biotecnol\u00f2gics per professorat de secund\u00e0ria. Institut de Ci\u00e8ncies de l\u2019Educaci\u00f3 UAB<strong>. <\/strong>Curs acad\u00e8mic 2009-2010<\/li>\n<\/ul>\n\n\n\n<div class=\"wp-block-buttons is-layout-flex wp-block-buttons-is-layout-flex\">\n<div class=\"wp-block-button\"><a class=\"wp-block-button__link wp-element-button\" href=\"https:\/\/webs.uab.cat\/micromol\/\">p\u00e0gina d&#8217;inici<\/a><\/div>\n<\/div>\n\n\n\n<p><\/p>\n","protected":false},"excerpt":{"rendered":"<p>Comprom\u00eds amb la divulgaci\u00f3 i la transfer\u00e8ncia de coneixement El Grup de Microbiologia Molecular participa activament en diverses activitats de divulgaci\u00f3 cient\u00edfica i transfer\u00e8ncia de coneixement, adre\u00e7ades tant al p\u00fablic general com a l\u2019educaci\u00f3 preuniversit\u00e0ria i al sector industrial. Aquestes iniciatives tenen com a objectiu apropar la recerca a la societat, fomentar vocacions cient\u00edfiques i [&hellip;]<\/p>\n","protected":false},"author":105,"featured_media":0,"parent":0,"menu_order":0,"comment_status":"closed","ping_status":"closed","template":"","meta":{"footnotes":""},"class_list":["post-760","page","type-page","status-publish","hentry"],"_links":{"self":[{"href":"https:\/\/webs.uab.cat\/micromol\/wp-json\/wp\/v2\/pages\/760","targetHints":{"allow":["GET"]}}],"collection":[{"href":"https:\/\/webs.uab.cat\/micromol\/wp-json\/wp\/v2\/pages"}],"about":[{"href":"https:\/\/webs.uab.cat\/micromol\/wp-json\/wp\/v2\/types\/page"}],"author":[{"embeddable":true,"href":"https:\/\/webs.uab.cat\/micromol\/wp-json\/wp\/v2\/users\/105"}],"replies":[{"embeddable":true,"href":"https:\/\/webs.uab.cat\/micromol\/wp-json\/wp\/v2\/comments?post=760"}],"version-history":[{"count":29,"href":"https:\/\/webs.uab.cat\/micromol\/wp-json\/wp\/v2\/pages\/760\/revisions"}],"predecessor-version":[{"id":1975,"href":"https:\/\/webs.uab.cat\/micromol\/wp-json\/wp\/v2\/pages\/760\/revisions\/1975"}],"wp:attachment":[{"href":"https:\/\/webs.uab.cat\/micromol\/wp-json\/wp\/v2\/media?parent=760"}],"curies":[{"name":"wp","href":"https:\/\/api.w.org\/{rel}","templated":true}]}}