{"id":169,"date":"2018-04-04T09:08:24","date_gmt":"2018-04-04T09:08:24","guid":{"rendered":"https:\/\/webs.uab.cat\/micromon\/sessions-en-els-instituts\/"},"modified":"2025-10-16T06:33:23","modified_gmt":"2025-10-16T06:33:23","slug":"sessions-en-els-instituts","status":"publish","type":"page","link":"https:\/\/webs.uab.cat\/micromon\/sessions-en-els-instituts\/","title":{"rendered":"Sessions als Instituts"},"content":{"rendered":"\n<h3 class=\"wp-block-heading\"><strong>IES Tiana<\/strong><\/h3>\n\n\n\n<figure class=\"wp-block-image\"><img loading=\"lazy\" decoding=\"async\" width=\"800\" height=\"600\" src=\"https:\/\/webs.uab.cat\/micromon\/wp-content\/uploads\/sites\/145\/2018\/04\/esther_tiana_01.jpg\" alt=\"\" class=\"wp-image-94\" srcset=\"https:\/\/webs.uab.cat\/micromon\/wp-content\/uploads\/sites\/145\/2018\/04\/esther_tiana_01.jpg 800w, https:\/\/webs.uab.cat\/micromon\/wp-content\/uploads\/sites\/145\/2018\/04\/esther_tiana_01-300x225.jpg 300w, https:\/\/webs.uab.cat\/micromon\/wp-content\/uploads\/sites\/145\/2018\/04\/esther_tiana_01-768x576.jpg 768w\" sizes=\"auto, (max-width: 800px) 100vw, 800px\" \/><\/figure>\n\n\n\n<figure class=\"wp-block-image\"><img loading=\"lazy\" decoding=\"async\" width=\"800\" height=\"600\" src=\"https:\/\/webs.uab.cat\/micromon\/wp-content\/uploads\/sites\/145\/2018\/04\/esther_tiana_02.jpg\" alt=\"\" class=\"wp-image-97\" srcset=\"https:\/\/webs.uab.cat\/micromon\/wp-content\/uploads\/sites\/145\/2018\/04\/esther_tiana_02.jpg 800w, https:\/\/webs.uab.cat\/micromon\/wp-content\/uploads\/sites\/145\/2018\/04\/esther_tiana_02-300x225.jpg 300w, https:\/\/webs.uab.cat\/micromon\/wp-content\/uploads\/sites\/145\/2018\/04\/esther_tiana_02-768x576.jpg 768w\" sizes=\"auto, (max-width: 800px) 100vw, 800px\" \/><\/figure>\n\n\n\n<figure class=\"wp-block-image\"><img loading=\"lazy\" decoding=\"async\" width=\"800\" height=\"600\" src=\"https:\/\/webs.uab.cat\/micromon\/wp-content\/uploads\/sites\/145\/2018\/04\/esther_tiana_03.jpg\" alt=\"\" class=\"wp-image-100\" srcset=\"https:\/\/webs.uab.cat\/micromon\/wp-content\/uploads\/sites\/145\/2018\/04\/esther_tiana_03.jpg 800w, https:\/\/webs.uab.cat\/micromon\/wp-content\/uploads\/sites\/145\/2018\/04\/esther_tiana_03-300x225.jpg 300w, https:\/\/webs.uab.cat\/micromon\/wp-content\/uploads\/sites\/145\/2018\/04\/esther_tiana_03-768x576.jpg 768w\" sizes=\"auto, (max-width: 800px) 100vw, 800px\" \/><\/figure>\n\n\n\n<h3 class=\"wp-block-heading\"><strong>Escola Les Vinyes, Castellbisbal<\/strong><\/h3>\n\n\n\n<figure class=\"wp-block-image\"><img loading=\"lazy\" decoding=\"async\" width=\"800\" height=\"600\" src=\"https:\/\/webs.uab.cat\/micromon\/wp-content\/uploads\/sites\/145\/2018\/04\/nuria_vinyes_01.jpg\" alt=\"\" class=\"wp-image-103\" srcset=\"https:\/\/webs.uab.cat\/micromon\/wp-content\/uploads\/sites\/145\/2018\/04\/nuria_vinyes_01.jpg 800w, https:\/\/webs.uab.cat\/micromon\/wp-content\/uploads\/sites\/145\/2018\/04\/nuria_vinyes_01-300x225.jpg 300w, https:\/\/webs.uab.cat\/micromon\/wp-content\/uploads\/sites\/145\/2018\/04\/nuria_vinyes_01-768x576.jpg 768w\" sizes=\"auto, (max-width: 800px) 100vw, 800px\" \/><\/figure>\n\n\n\n<h3 class=\"wp-block-heading\"><strong>Escola Pia de Diputacio, Barna<\/strong><\/h3>\n\n\n\n<figure class=\"wp-block-image\"><img loading=\"lazy\" decoding=\"async\" width=\"800\" height=\"600\" src=\"https:\/\/webs.uab.cat\/micromon\/wp-content\/uploads\/sites\/145\/2018\/04\/escola_pia_3.jpg\" alt=\"\" class=\"wp-image-106\" srcset=\"https:\/\/webs.uab.cat\/micromon\/wp-content\/uploads\/sites\/145\/2018\/04\/escola_pia_3.jpg 800w, https:\/\/webs.uab.cat\/micromon\/wp-content\/uploads\/sites\/145\/2018\/04\/escola_pia_3-300x225.jpg 300w, https:\/\/webs.uab.cat\/micromon\/wp-content\/uploads\/sites\/145\/2018\/04\/escola_pia_3-768x576.jpg 768w\" sizes=\"auto, (max-width: 800px) 100vw, 800px\" \/><\/figure>\n\n\n\n<h3 class=\"wp-block-heading\"><strong>IES Sant Quirze<\/strong><\/h3>\n\n\n\n<h3 class=\"wp-block-heading\"><strong><img loading=\"lazy\" decoding=\"async\" class=\" size-full wp-image-109\" src=\"https:\/\/webs.uab.cat\/micromon\/wp-content\/uploads\/sites\/145\/2018\/04\/sant_quirze_3.jpg\" alt=\"\" width=\"500\" height=\"281\" srcset=\"https:\/\/webs.uab.cat\/micromon\/wp-content\/uploads\/sites\/145\/2018\/04\/sant_quirze_3.jpg 800w, https:\/\/webs.uab.cat\/micromon\/wp-content\/uploads\/sites\/145\/2018\/04\/sant_quirze_3-300x169.jpg 300w, https:\/\/webs.uab.cat\/micromon\/wp-content\/uploads\/sites\/145\/2018\/04\/sant_quirze_3-768x432.jpg 768w\" sizes=\"auto, (max-width: 500px) 100vw, 500px\" \/><\/strong><\/h3>\n\n\n\n<figure class=\"wp-block-image\"><img loading=\"lazy\" decoding=\"async\" width=\"800\" height=\"600\" src=\"https:\/\/webs.uab.cat\/micromon\/wp-content\/uploads\/sites\/145\/2018\/04\/img_3640.jpg\" alt=\"\" class=\"wp-image-112\" srcset=\"https:\/\/webs.uab.cat\/micromon\/wp-content\/uploads\/sites\/145\/2018\/04\/img_3640.jpg 800w, https:\/\/webs.uab.cat\/micromon\/wp-content\/uploads\/sites\/145\/2018\/04\/img_3640-300x225.jpg 300w, https:\/\/webs.uab.cat\/micromon\/wp-content\/uploads\/sites\/145\/2018\/04\/img_3640-768x576.jpg 768w\" sizes=\"auto, (max-width: 800px) 100vw, 800px\" \/><\/figure>\n\n\n\n<h3 class=\"wp-block-heading\"><strong>IES Can Roca, Terrassa<\/strong><\/h3>\n\n\n\n<h3 class=\"wp-block-heading\"><strong><img loading=\"lazy\" decoding=\"async\" class=\" size-full wp-image-115\" src=\"https:\/\/webs.uab.cat\/micromon\/wp-content\/uploads\/sites\/145\/2018\/04\/can_roca_susana_1.jpg\" alt=\"\" width=\"500\" height=\"281\" srcset=\"https:\/\/webs.uab.cat\/micromon\/wp-content\/uploads\/sites\/145\/2018\/04\/can_roca_susana_1.jpg 800w, https:\/\/webs.uab.cat\/micromon\/wp-content\/uploads\/sites\/145\/2018\/04\/can_roca_susana_1-300x169.jpg 300w, https:\/\/webs.uab.cat\/micromon\/wp-content\/uploads\/sites\/145\/2018\/04\/can_roca_susana_1-768x432.jpg 768w\" sizes=\"auto, (max-width: 500px) 100vw, 500px\" \/><\/strong><\/h3>\n\n\n\n<figure class=\"wp-block-image\"><img loading=\"lazy\" decoding=\"async\" width=\"800\" height=\"389\" src=\"https:\/\/webs.uab.cat\/micromon\/wp-content\/uploads\/sites\/145\/2018\/04\/susana_20180424_115840.jpg\" alt=\"\" class=\"wp-image-118\" srcset=\"https:\/\/webs.uab.cat\/micromon\/wp-content\/uploads\/sites\/145\/2018\/04\/susana_20180424_115840.jpg 800w, https:\/\/webs.uab.cat\/micromon\/wp-content\/uploads\/sites\/145\/2018\/04\/susana_20180424_115840-300x146.jpg 300w, https:\/\/webs.uab.cat\/micromon\/wp-content\/uploads\/sites\/145\/2018\/04\/susana_20180424_115840-768x373.jpg 768w\" sizes=\"auto, (max-width: 800px) 100vw, 800px\" \/><\/figure>\n\n\n\n<h3 class=\"wp-block-heading\"><strong>IES Arnau Cadell, Sant Cugat del Vall\u00e8s<\/strong><\/h3>\n\n\n\n<h3 class=\"wp-block-heading\"><strong><img loading=\"lazy\" decoding=\"async\" class=\" size-full wp-image-121\" src=\"https:\/\/webs.uab.cat\/micromon\/wp-content\/uploads\/sites\/145\/2018\/04\/daniel_img_3902.jpg\" alt=\"\" width=\"250\" height=\"333\" srcset=\"https:\/\/webs.uab.cat\/micromon\/wp-content\/uploads\/sites\/145\/2018\/04\/daniel_img_3902.jpg 450w, https:\/\/webs.uab.cat\/micromon\/wp-content\/uploads\/sites\/145\/2018\/04\/daniel_img_3902-225x300.jpg 225w\" sizes=\"auto, (max-width: 250px) 100vw, 250px\" \/> &nbsp;&nbsp;<img loading=\"lazy\" decoding=\"async\" class=\" size-full wp-image-124\" src=\"https:\/\/webs.uab.cat\/micromon\/wp-content\/uploads\/sites\/145\/2018\/04\/daniel_img_3907.jpg\" alt=\"\" width=\"250\" height=\"333\" srcset=\"https:\/\/webs.uab.cat\/micromon\/wp-content\/uploads\/sites\/145\/2018\/04\/daniel_img_3907.jpg 450w, https:\/\/webs.uab.cat\/micromon\/wp-content\/uploads\/sites\/145\/2018\/04\/daniel_img_3907-225x300.jpg 225w\" sizes=\"auto, (max-width: 250px) 100vw, 250px\" \/><\/strong><\/h3>\n\n\n\n<figure class=\"wp-block-image\"><img loading=\"lazy\" decoding=\"async\" width=\"450\" height=\"600\" src=\"https:\/\/webs.uab.cat\/micromon\/wp-content\/uploads\/sites\/145\/2018\/04\/daniel_img_3653.jpg\" alt=\"\" class=\"wp-image-127\" srcset=\"https:\/\/webs.uab.cat\/micromon\/wp-content\/uploads\/sites\/145\/2018\/04\/daniel_img_3653.jpg 450w, https:\/\/webs.uab.cat\/micromon\/wp-content\/uploads\/sites\/145\/2018\/04\/daniel_img_3653-225x300.jpg 225w\" sizes=\"auto, (max-width: 450px) 100vw, 450px\" \/><\/figure>\n\n\n\n<figure class=\"wp-block-image\"><img loading=\"lazy\" decoding=\"async\" width=\"450\" height=\"600\" src=\"https:\/\/webs.uab.cat\/micromon\/wp-content\/uploads\/sites\/145\/2018\/04\/daniel_img_3663.jpg\" alt=\"\" class=\"wp-image-130\" srcset=\"https:\/\/webs.uab.cat\/micromon\/wp-content\/uploads\/sites\/145\/2018\/04\/daniel_img_3663.jpg 450w, https:\/\/webs.uab.cat\/micromon\/wp-content\/uploads\/sites\/145\/2018\/04\/daniel_img_3663-225x300.jpg 225w\" sizes=\"auto, (max-width: 450px) 100vw, 450px\" \/><\/figure>\n\n\n\n<h3 class=\"wp-block-heading\"><strong>IES Federica Montseny, Bad\u00eda del Vall\u00e8s<\/strong><\/h3>\n\n\n\n<figure class=\"wp-block-image\"><img loading=\"lazy\" decoding=\"async\" width=\"800\" height=\"600\" src=\"https:\/\/webs.uab.cat\/micromon\/wp-content\/uploads\/sites\/145\/2018\/04\/oscar_img_20180417_112836_332.jpg\" alt=\"\" class=\"wp-image-133\" srcset=\"https:\/\/webs.uab.cat\/micromon\/wp-content\/uploads\/sites\/145\/2018\/04\/oscar_img_20180417_112836_332.jpg 800w, https:\/\/webs.uab.cat\/micromon\/wp-content\/uploads\/sites\/145\/2018\/04\/oscar_img_20180417_112836_332-300x225.jpg 300w, https:\/\/webs.uab.cat\/micromon\/wp-content\/uploads\/sites\/145\/2018\/04\/oscar_img_20180417_112836_332-768x576.jpg 768w\" sizes=\"auto, (max-width: 800px) 100vw, 800px\" \/><\/figure>\n\n\n\n<h3 class=\"wp-block-heading\"><strong>IES L&#8217;Estatut, Rub\u00ed<\/strong><\/h3>\n\n\n\n<h3 class=\"wp-block-heading\"><img loading=\"lazy\" decoding=\"async\" class=\" size-full wp-image-136\" src=\"https:\/\/webs.uab.cat\/micromon\/wp-content\/uploads\/sites\/145\/2018\/04\/gaju_img-20180410-wa0031.jpg\" alt=\"\" width=\"500\" height=\"375\" srcset=\"https:\/\/webs.uab.cat\/micromon\/wp-content\/uploads\/sites\/145\/2018\/04\/gaju_img-20180410-wa0031.jpg 800w, https:\/\/webs.uab.cat\/micromon\/wp-content\/uploads\/sites\/145\/2018\/04\/gaju_img-20180410-wa0031-300x225.jpg 300w, https:\/\/webs.uab.cat\/micromon\/wp-content\/uploads\/sites\/145\/2018\/04\/gaju_img-20180410-wa0031-768x576.jpg 768w\" sizes=\"auto, (max-width: 500px) 100vw, 500px\" \/><\/h3>\n\n\n\n<figure class=\"wp-block-image\"><img loading=\"lazy\" decoding=\"async\" width=\"669\" height=\"600\" src=\"https:\/\/webs.uab.cat\/micromon\/wp-content\/uploads\/sites\/145\/2018\/04\/gaju_img-20180410-wa0039_01.jpg\" alt=\"\" class=\"wp-image-139\" srcset=\"https:\/\/webs.uab.cat\/micromon\/wp-content\/uploads\/sites\/145\/2018\/04\/gaju_img-20180410-wa0039_01.jpg 669w, https:\/\/webs.uab.cat\/micromon\/wp-content\/uploads\/sites\/145\/2018\/04\/gaju_img-20180410-wa0039_01-300x269.jpg 300w\" sizes=\"auto, (max-width: 669px) 100vw, 669px\" \/><\/figure>\n\n\n\n<h3 class=\"wp-block-heading\"><strong>IES Puigvert, Barna<\/strong><\/h3>\n\n\n\n<figure class=\"wp-block-image\"><img loading=\"lazy\" decoding=\"async\" width=\"800\" height=\"600\" src=\"https:\/\/webs.uab.cat\/micromon\/wp-content\/uploads\/sites\/145\/2018\/04\/juanjo_5.jpg\" alt=\"\" class=\"wp-image-142\" srcset=\"https:\/\/webs.uab.cat\/micromon\/wp-content\/uploads\/sites\/145\/2018\/04\/juanjo_5.jpg 800w, https:\/\/webs.uab.cat\/micromon\/wp-content\/uploads\/sites\/145\/2018\/04\/juanjo_5-300x225.jpg 300w, https:\/\/webs.uab.cat\/micromon\/wp-content\/uploads\/sites\/145\/2018\/04\/juanjo_5-768x576.jpg 768w\" sizes=\"auto, (max-width: 800px) 100vw, 800px\" \/><\/figure>\n\n\n\n<h3 class=\"wp-block-heading\"><strong>IES Les Aimerigues, Terrassa<\/strong><\/h3>\n\n\n\n<h3 class=\"wp-block-heading\"><img loading=\"lazy\" decoding=\"async\" class=\" size-full wp-image-145\" src=\"https:\/\/webs.uab.cat\/micromon\/wp-content\/uploads\/sites\/145\/2018\/04\/esther_2.jpg\" alt=\"\" width=\"500\" height=\"375\" srcset=\"https:\/\/webs.uab.cat\/micromon\/wp-content\/uploads\/sites\/145\/2018\/04\/esther_2.jpg 800w, https:\/\/webs.uab.cat\/micromon\/wp-content\/uploads\/sites\/145\/2018\/04\/esther_2-300x225.jpg 300w, https:\/\/webs.uab.cat\/micromon\/wp-content\/uploads\/sites\/145\/2018\/04\/esther_2-768x576.jpg 768w\" sizes=\"auto, (max-width: 500px) 100vw, 500px\" \/><\/h3>\n\n\n\n<h3 class=\"wp-block-heading\"><strong>IES Mont Perdut, Terrassa<\/strong><\/h3>\n\n\n\n<h3 class=\"wp-block-heading\"><img loading=\"lazy\" decoding=\"async\" class=\" size-full wp-image-148\" src=\"https:\/\/webs.uab.cat\/micromon\/wp-content\/uploads\/sites\/145\/2018\/04\/olga_4.jpg\" alt=\"\" width=\"500\" height=\"281\" srcset=\"https:\/\/webs.uab.cat\/micromon\/wp-content\/uploads\/sites\/145\/2018\/04\/olga_4.jpg 800w, https:\/\/webs.uab.cat\/micromon\/wp-content\/uploads\/sites\/145\/2018\/04\/olga_4-300x168.jpg 300w, https:\/\/webs.uab.cat\/micromon\/wp-content\/uploads\/sites\/145\/2018\/04\/olga_4-768x431.jpg 768w\" sizes=\"auto, (max-width: 500px) 100vw, 500px\" \/><\/h3>\n\n\n\n<h3 class=\"wp-block-heading\"><strong>IES Pere Calders, Cerdanyola del Vall\u00e8s<\/strong><\/h3>\n\n\n\n<h3 class=\"wp-block-heading\"><img loading=\"lazy\" decoding=\"async\" class=\" size-full wp-image-151\" src=\"https:\/\/webs.uab.cat\/micromon\/wp-content\/uploads\/sites\/145\/2018\/04\/pilar_6.jpg\" alt=\"\" width=\"500\" height=\"375\" srcset=\"https:\/\/webs.uab.cat\/micromon\/wp-content\/uploads\/sites\/145\/2018\/04\/pilar_6.jpg 800w, https:\/\/webs.uab.cat\/micromon\/wp-content\/uploads\/sites\/145\/2018\/04\/pilar_6-300x225.jpg 300w, https:\/\/webs.uab.cat\/micromon\/wp-content\/uploads\/sites\/145\/2018\/04\/pilar_6-768x576.jpg 768w\" sizes=\"auto, (max-width: 500px) 100vw, 500px\" \/><\/h3>\n\n\n\n<h3 class=\"wp-block-heading\"><strong>IES Matadepera<\/strong><\/h3>\n\n\n\n<h3 class=\"wp-block-heading\"><strong><img loading=\"lazy\" decoding=\"async\" class=\" size-full wp-image-154\" src=\"https:\/\/webs.uab.cat\/micromon\/wp-content\/uploads\/sites\/145\/2018\/04\/img_20180403_172417_811.jpg\" alt=\"\" width=\"500\" height=\"375\" srcset=\"https:\/\/webs.uab.cat\/micromon\/wp-content\/uploads\/sites\/145\/2018\/04\/img_20180403_172417_811.jpg 800w, https:\/\/webs.uab.cat\/micromon\/wp-content\/uploads\/sites\/145\/2018\/04\/img_20180403_172417_811-300x225.jpg 300w, https:\/\/webs.uab.cat\/micromon\/wp-content\/uploads\/sites\/145\/2018\/04\/img_20180403_172417_811-768x576.jpg 768w\" sizes=\"auto, (max-width: 500px) 100vw, 500px\" \/><\/strong><\/h3>\n\n\n\n<h3 class=\"wp-block-heading\"><strong>IES Barcelona-Congr\u00e9s<\/strong><\/h3>\n\n\n\n<h3 class=\"wp-block-heading\"><strong><img loading=\"lazy\" decoding=\"async\" class=\" size-full wp-image-157\" src=\"https:\/\/webs.uab.cat\/micromon\/wp-content\/uploads\/sites\/145\/2018\/04\/mangels_ies_congres_3_4_8.jpg\" alt=\"\" width=\"500\" height=\"375\" srcset=\"https:\/\/webs.uab.cat\/micromon\/wp-content\/uploads\/sites\/145\/2018\/04\/mangels_ies_congres_3_4_8.jpg 800w, https:\/\/webs.uab.cat\/micromon\/wp-content\/uploads\/sites\/145\/2018\/04\/mangels_ies_congres_3_4_8-300x225.jpg 300w, https:\/\/webs.uab.cat\/micromon\/wp-content\/uploads\/sites\/145\/2018\/04\/mangels_ies_congres_3_4_8-768x576.jpg 768w\" sizes=\"auto, (max-width: 500px) 100vw, 500px\" \/> <\/strong><\/h3>\n\n\n\n<figure class=\"wp-block-image\"><img loading=\"lazy\" decoding=\"async\" width=\"450\" height=\"600\" src=\"https:\/\/webs.uab.cat\/micromon\/wp-content\/uploads\/sites\/145\/2018\/04\/mangels_ies_congres_1.jpg\" alt=\"\" class=\"wp-image-160\" srcset=\"https:\/\/webs.uab.cat\/micromon\/wp-content\/uploads\/sites\/145\/2018\/04\/mangels_ies_congres_1.jpg 450w, https:\/\/webs.uab.cat\/micromon\/wp-content\/uploads\/sites\/145\/2018\/04\/mangels_ies_congres_1-225x300.jpg 225w\" sizes=\"auto, (max-width: 450px) 100vw, 450px\" \/><\/figure>\n\n\n\n<figure class=\"wp-block-image\"><img loading=\"lazy\" decoding=\"async\" width=\"450\" height=\"600\" src=\"https:\/\/webs.uab.cat\/micromon\/wp-content\/uploads\/sites\/145\/2018\/04\/mangels_ies_congres_5.jpg\" alt=\"\" class=\"wp-image-163\" srcset=\"https:\/\/webs.uab.cat\/micromon\/wp-content\/uploads\/sites\/145\/2018\/04\/mangels_ies_congres_5.jpg 450w, https:\/\/webs.uab.cat\/micromon\/wp-content\/uploads\/sites\/145\/2018\/04\/mangels_ies_congres_5-225x300.jpg 225w\" sizes=\"auto, (max-width: 450px) 100vw, 450px\" \/><\/figure>\n\n\n\n<h3 class=\"wp-block-heading\"><strong>IES Montserrat, Barcelona<\/strong><\/h3>\n\n\n\n<figure class=\"wp-block-image\"><img loading=\"lazy\" decoding=\"async\" width=\"800\" height=\"600\" src=\"https:\/\/webs.uab.cat\/micromon\/wp-content\/uploads\/sites\/145\/2018\/04\/cardona-2da_3.jpg\" alt=\"\" class=\"wp-image-166\" srcset=\"https:\/\/webs.uab.cat\/micromon\/wp-content\/uploads\/sites\/145\/2018\/04\/cardona-2da_3.jpg 800w, https:\/\/webs.uab.cat\/micromon\/wp-content\/uploads\/sites\/145\/2018\/04\/cardona-2da_3-300x225.jpg 300w, https:\/\/webs.uab.cat\/micromon\/wp-content\/uploads\/sites\/145\/2018\/04\/cardona-2da_3-768x576.jpg 768w\" sizes=\"auto, (max-width: 800px) 100vw, 800px\" \/><\/figure>\n","protected":false},"excerpt":{"rendered":"<p>IES Tiana Escola Les Vinyes, Castellbisbal Escola Pia de Diputacio, Barna IES Sant Quirze IES Can Roca, Terrassa IES Arnau Cadell, Sant Cugat del Vall\u00e8s &nbsp;&nbsp; IES Federica Montseny, Bad\u00eda del Vall\u00e8s IES L&#8217;Estatut, Rub\u00ed IES Puigvert, Barna IES Les Aimerigues, Terrassa IES Mont Perdut, Terrassa IES Pere Calders, Cerdanyola del Vall\u00e8s IES Matadepera IES [&hellip;]<\/p>\n","protected":false},"author":20,"featured_media":0,"parent":0,"menu_order":0,"comment_status":"closed","ping_status":"closed","template":"","meta":{"footnotes":""},"class_list":["post-169","page","type-page","status-publish","hentry"],"_links":{"self":[{"href":"https:\/\/webs.uab.cat\/micromon\/wp-json\/wp\/v2\/pages\/169","targetHints":{"allow":["GET"]}}],"collection":[{"href":"https:\/\/webs.uab.cat\/micromon\/wp-json\/wp\/v2\/pages"}],"about":[{"href":"https:\/\/webs.uab.cat\/micromon\/wp-json\/wp\/v2\/types\/page"}],"author":[{"embeddable":true,"href":"https:\/\/webs.uab.cat\/micromon\/wp-json\/wp\/v2\/users\/20"}],"replies":[{"embeddable":true,"href":"https:\/\/webs.uab.cat\/micromon\/wp-json\/wp\/v2\/comments?post=169"}],"version-history":[{"count":4,"href":"https:\/\/webs.uab.cat\/micromon\/wp-json\/wp\/v2\/pages\/169\/revisions"}],"predecessor-version":[{"id":326,"href":"https:\/\/webs.uab.cat\/micromon\/wp-json\/wp\/v2\/pages\/169\/revisions\/326"}],"wp:attachment":[{"href":"https:\/\/webs.uab.cat\/micromon\/wp-json\/wp\/v2\/media?parent=169"}],"curies":[{"name":"wp","href":"https:\/\/api.w.org\/{rel}","templated":true}]}}