{"id":503,"date":"2026-03-06T19:15:35","date_gmt":"2026-03-06T17:15:35","guid":{"rendered":"https:\/\/webs.uab.cat\/migracioneschinas\/?page_id=503"},"modified":"2026-03-06T19:49:10","modified_gmt":"2026-03-06T17:49:10","slug":"abstracts-3rd-edition-2","status":"publish","type":"page","link":"https:\/\/webs.uab.cat\/migracioneschinas\/en\/abstracts-3rd-edition-2\/","title":{"rendered":"Abstracts 3rd edition"},"content":{"rendered":"\n<p>In order to read the abstract, click on the speaker name:<\/p>\n\n\n\n<p><strong>Joaqu\u00edn Beltr\u00e1n Antol\u00edn<\/strong>, Universitat Aut\u00f2noma de Barcelona.&nbsp;<a rel=\"noreferrer noopener\" href=\"https:\/\/webs.uab.cat\/migracioneschinas\/2022\/11\/18\/joaquin-beltran-antolin\/\" target=\"_blank\">Evoluci\u00f3n demogr\u00e1fica de la poblaci\u00f3n de origen chino en Espa\u00f1a en el siglo XXI: trabajo y educaci\u00f3n.<\/a><\/p>\n\n\n\n<p><strong>Dai Huadong<\/strong>, University of Jinan.&nbsp;<a rel=\"noreferrer noopener\" href=\"https:\/\/webs.uab.cat\/migracioneschinas\/2022\/11\/18\/dai-huadong\/\" target=\"_blank\">Situaci\u00f3n actual y tendencia del sector de la restauraci\u00f3n china en Espa\u00f1a en los tiempos de la epidemia<\/a>.<\/p>\n\n\n\n<p><strong>Fan Yintan<\/strong>, University of Essex.&nbsp;<a rel=\"noreferrer noopener\" href=\"https:\/\/webs.uab.cat\/migracioneschinas\/2022\/11\/18\/yintan-fan\/\" target=\"_blank\">The Identity and involvement in the ethnic, social network of Chinese entrepreneurs in Spain<\/a>.<\/p>\n\n\n\n<p><strong>Fang Shuxin<\/strong>, Universitat Aut\u00f2noma de Barcelona&nbsp;<a rel=\"noreferrer noopener\" href=\"https:\/\/webs.uab.cat\/migracioneschinas\/2022\/11\/18\/shuxin-fang\/\" target=\"_blank\">La representaci\u00f3n de la migraci\u00f3n china en las coproducciones cinematogr\u00e1ficas sino-europeas.<\/a><\/p>\n\n\n\n<p><strong>Huang Junyu<\/strong>, Universitat Aut\u00f2noma de Barcelona.&nbsp;<a href=\"https:\/\/webs.uab.cat\/migracioneschinas\/2022\/11\/18\/junyu-huang\/\">Representaci\u00f3n de las mujeres chinas en la literatura espa\u00f1ola: el sacrificio por el bien de los descendientes.<\/a><\/p>\n\n\n\n<p><strong>Hui Pan<\/strong>, Universidad Complutense de Madrid.&nbsp;<a rel=\"noreferrer noopener\" href=\"https:\/\/webs.uab.cat\/migracioneschinas\/2022\/11\/18\/hui-pan\/\" target=\"_blank\">The Academic Performance of the Chinese Origin Students in Secondary Education in Spain: they are not just \u201cmodel minority\u201d.<\/a><\/p>\n\n\n\n<p><strong>Jiang Yingying<\/strong>, Universidad Aut\u00f3noma de Madrid.&nbsp;<a href=\"https:\/\/webs.uab.cat\/migracioneschinas\/2022\/11\/18\/yingying-jiang\/\">La construcci\u00f3n de las identidades sexuales de la poblaci\u00f3n&nbsp;<em>lala<\/em>&nbsp;en Espa\u00f1a.<\/a><\/p>\n\n\n\n<p><strong>Jin Yangmin<\/strong>, Universidad de Salamanca.&nbsp;<a href=\"https:\/\/webs.uab.cat\/migracioneschinas\/2022\/11\/18\/jin-yangmin\/\" target=\"_blank\" rel=\"noreferrer noopener\">Identidades en construcci\u00f3n: la di\u00e1spora china en la Pen\u00ednsula Ib\u00e9rica.<\/a><\/p>\n\n\n\n<p><strong>Laura Lamas-Abraira<\/strong>, Universidad Aut\u00f3noma de Madrid.&nbsp;<a href=\"https:\/\/webs.uab.cat\/migracioneschinas\/2022\/11\/18\/laura-lamas-abraira\/\">Entre la simultaneidad y el largo plazo: Familias trasnacionales chinas y cuidados en tiempos de(post)pandemia.<\/a><\/p>\n\n\n\n<p><strong>Teresa Madue\u00f1o Hidalgo<\/strong>, Universidad Juan Carlos I.&nbsp;<a href=\"https:\/\/webs.uab.cat\/migracioneschinas\/2022\/11\/18\/teresa-madueno-hidalgo\/\">La construcci\u00f3n del imaginario de la mujer asi\u00e1tica en Espa\u00f1a a trav\u00e9s de publicidad de prostituci\u00f3n.<\/a><\/p>\n\n\n\n<p><strong>Laia Manonelles Moner<\/strong>, Universitat de Barcelona.<a href=\"https:\/\/webs.uab.cat\/migracioneschinas\/2022\/11\/18\/laia-manonelles-moner\/\"><em>Vamos al chino.&nbsp;<\/em>Creaci\u00f3n, comunidad y acci\u00f3n.<\/a><\/p>\n\n\n\n<p><strong>Diletta Marcucci<\/strong>, Universitat Pompeu Fabra.&nbsp;<a href=\"https:\/\/webs.uab.cat\/migracioneschinas\/2022\/11\/18\/diletta-marcucci\/\">Chinese Intercultural participation and Urban Governance after 2020.<\/a><\/p>\n\n\n\n<p><strong>Irene Masdeu i Torruella<\/strong>, Universitat Aut\u00f2noma de Barcelona.&nbsp;<a href=\"https:\/\/webs.uab.cat\/migracioneschinas\/2022\/11\/18\/irene-masdeu-i-torruella\/\">Representaciones y discursos sobre la etnicidad y la movilidad en la producci\u00f3n art\u00edstica de j\u00f3venes espa\u00f1oles de origen chino: una aproximaci\u00f3n longitudinal.<\/a><\/p>\n\n\n\n<p><strong>Aran Romero Moreno y Mireia Vargas Urp\u00ed<\/strong>, Universitat Aut\u00f2noma de Barcelona.&nbsp;<a href=\"https:\/\/webs.uab.cat\/migracioneschinas\/2022\/11\/18\/aran-romero-moreno-y-mireia-vargas-urpi\/\">Identitats m\u00faltiples al voltant de la intermediaci\u00f3 ling\u00fc\u00edstica per part de menors (ILM): el cas del col\u00b7lectiu xin\u00e8s a Catalunya.<\/a><\/p>\n\n\n\n<p><strong>Amelia S\u00e1iz L\u00f3pez<\/strong>, Universitat Aut\u00f2noma de Barcelona.&nbsp;<a href=\"https:\/\/webs.uab.cat\/migracioneschinas\/2022\/11\/18\/amelia-saiz-lopez\/\">Nuevas movilidades femeninas chinas en Espa\u00f1a.<\/a><\/p>\n\n\n\n<p><strong>Alfonso S\u00e1nchez Romera<\/strong>, Universitat Aut\u00f2noma de Barcelona \/ Freie Universit\u00e4t Berlin.&nbsp;<a href=\"https:\/\/webs.uab.cat\/migracioneschinas\/2022\/11\/18\/alfonso-sanchez-romera\/\">The lifestyle mobility of the Chinese middle class in Spain: from old certainties to new configurations.<\/a><\/p>\n\n\n\n<p><strong>Wang Zigang y Liang Fangjun<\/strong>, University of International Business and Economics (RPC).&nbsp;<a href=\"https:\/\/webs.uab.cat\/migracioneschinas\/2022\/11\/18\/zigang-wang-y-fangjun-liang\/\">Meta-estereotipo de los migrantes chinos en Espa\u00f1a: contenidos, dimensiones e impactos en las relaciones inter\u00e9tnicas.<\/a><\/p>\n\n\n\n<p><strong>Weng Jiao<\/strong>, Universidad Complutense de Madrid.&nbsp;<a href=\"https:\/\/webs.uab.cat\/migracioneschinas\/2022\/11\/18\/weng-jiao\/\">Migraci\u00f3n fujianesa en Madrid: el papel del&nbsp;<em>shetou<\/em>&nbsp;y la importancia de emigrar a un buen pa\u00eds<\/a>.<\/p>\n\n\n\n<p><strong>Wu Mengyao<\/strong>, Universidad de Salamanca.&nbsp;<a href=\"https:\/\/webs.uab.cat\/migracioneschinas\/2022\/11\/18\/wu-mengyao\/\">Harsh Choices: Chinese migrant families\u2019 childcare strategies in Spain.<\/a><\/p>\n\n\n\n<p><strong>Yan Ting<\/strong>, Universidad de Salamanca.&nbsp;<a href=\"https:\/\/webs.uab.cat\/migracioneschinas\/2022\/11\/18\/yan-ting\/\">News frames and immigration: an analysis of the Spanish press and media effects.<\/a><\/p>\n\n\n\n<p><strong>Zhang Qi<\/strong>, Universitat Aut\u00f2noma de Barcelona.&nbsp;<a href=\"https:\/\/webs.uab.cat\/migracioneschinas\/2022\/11\/18\/qi-zhang\/\">Do Chinese students in Spain with a master\u2019s degree or higher have the motivation and intention to immigrate to Spain?<\/a><\/p>\n\n\n\n<p><strong>Zhong Wanchu<\/strong>, Universidad de Comunicaci\u00f3n de China.&nbsp;<a href=\"https:\/\/webs.uab.cat\/migracioneschinas\/2022\/11\/18\/zhong-wanchu\/\">Migraci\u00f3n china en Espa\u00f1a y su relaci\u00f3n con la vivienda en la era posterior de la pandemia de COVID-19.<\/a><\/p>\n\n\n\n<p><strong>Anna Zhou y Laia Llobet<\/strong>, Servei de traducci\u00f3 i mediaci\u00f3 cultural de Barcelona.&nbsp;<a href=\"https:\/\/webs.uab.cat\/migracioneschinas\/2022\/11\/18\/anna-zhou-y-laia-llobet\/\">Una mirada sobre la migraci\u00f3n china desde el servicio de traducci\u00f3n e interpretaci\u00f3n de Barcelona.<\/a><\/p>\n","protected":false},"excerpt":{"rendered":"<p>In order to read the abstract, click on the speaker name: Joaqu\u00edn Beltr\u00e1n Antol\u00edn, Universitat Aut\u00f2noma de Barcelona.&nbsp;Evoluci\u00f3n demogr\u00e1fica de la poblaci\u00f3n de origen chino en Espa\u00f1a en el siglo XXI: trabajo y educaci\u00f3n. Dai Huadong, University of Jinan.&nbsp;Situaci\u00f3n actual y tendencia del sector de la restauraci\u00f3n china en Espa\u00f1a en los tiempos de la [&hellip;]<\/p>\n","protected":false},"author":304,"featured_media":0,"parent":0,"menu_order":0,"comment_status":"closed","ping_status":"closed","template":"","meta":{"footnotes":""},"class_list":["post-503","page","type-page","status-publish","hentry"],"_links":{"self":[{"href":"https:\/\/webs.uab.cat\/migracioneschinas\/en\/wp-json\/wp\/v2\/pages\/503","targetHints":{"allow":["GET"]}}],"collection":[{"href":"https:\/\/webs.uab.cat\/migracioneschinas\/en\/wp-json\/wp\/v2\/pages"}],"about":[{"href":"https:\/\/webs.uab.cat\/migracioneschinas\/en\/wp-json\/wp\/v2\/types\/page"}],"author":[{"embeddable":true,"href":"https:\/\/webs.uab.cat\/migracioneschinas\/en\/wp-json\/wp\/v2\/users\/304"}],"replies":[{"embeddable":true,"href":"https:\/\/webs.uab.cat\/migracioneschinas\/en\/wp-json\/wp\/v2\/comments?post=503"}],"version-history":[{"count":1,"href":"https:\/\/webs.uab.cat\/migracioneschinas\/en\/wp-json\/wp\/v2\/pages\/503\/revisions"}],"predecessor-version":[{"id":504,"href":"https:\/\/webs.uab.cat\/migracioneschinas\/en\/wp-json\/wp\/v2\/pages\/503\/revisions\/504"}],"wp:attachment":[{"href":"https:\/\/webs.uab.cat\/migracioneschinas\/en\/wp-json\/wp\/v2\/media?parent=503"}],"curies":[{"name":"wp","href":"https:\/\/api.w.org\/{rel}","templated":true}]}}