{"id":133,"date":"2022-09-30T12:50:55","date_gmt":"2022-09-30T10:50:55","guid":{"rendered":"https:\/\/webs.uab.cat\/migracioneschinas\/?page_id=133"},"modified":"2022-11-17T14:08:05","modified_gmt":"2022-11-17T12:08:05","slug":"como-llegar","status":"publish","type":"page","link":"https:\/\/webs.uab.cat\/migracioneschinas\/como-llegar\/","title":{"rendered":"Como llegar"},"content":{"rendered":"\n<p>Facultad de Ciencia de la Educaci\u00f3n<\/p>\n\n\n\n<p><strong>Aula 36<\/strong> (M\u00f3dulo III), Edificio G<\/p>\n\n\n\n<p>Pla\u00e7a de los Olivos, 08193 Bellaterra, Barcelona<\/p>\n\n\n\n<figure class=\"wp-block-image size-large\"><img loading=\"lazy\" decoding=\"async\" width=\"1024\" height=\"436\" src=\"https:\/\/webs.uab.cat\/migracioneschinas\/wp-content\/uploads\/sites\/221\/2022\/11\/Captura-de-pantalla-2022-11-17-124719-1024x436.jpg\" alt=\"\" class=\"wp-image-188\" srcset=\"https:\/\/webs.uab.cat\/migracioneschinas\/wp-content\/uploads\/sites\/221\/2022\/11\/Captura-de-pantalla-2022-11-17-124719-1024x436.jpg 1024w, https:\/\/webs.uab.cat\/migracioneschinas\/wp-content\/uploads\/sites\/221\/2022\/11\/Captura-de-pantalla-2022-11-17-124719-300x128.jpg 300w, https:\/\/webs.uab.cat\/migracioneschinas\/wp-content\/uploads\/sites\/221\/2022\/11\/Captura-de-pantalla-2022-11-17-124719-768x327.jpg 768w, https:\/\/webs.uab.cat\/migracioneschinas\/wp-content\/uploads\/sites\/221\/2022\/11\/Captura-de-pantalla-2022-11-17-124719-1200x510.jpg 1200w, https:\/\/webs.uab.cat\/migracioneschinas\/wp-content\/uploads\/sites\/221\/2022\/11\/Captura-de-pantalla-2022-11-17-124719.jpg 1326w\" sizes=\"auto, (max-width: 1024px) 100vw, 1024px\" \/><figcaption>En la imagen el <strong>aula 36<\/strong>, donde tendr\u00e1 lugar el seminario. Se entra desde la Plaza de los Olivos en el M\u00f3dulo III.<\/figcaption><\/figure>\n\n\n\n<figure class=\"wp-block-image size-full\"><img loading=\"lazy\" decoding=\"async\" width=\"931\" height=\"721\" src=\"https:\/\/webs.uab.cat\/migracioneschinas\/wp-content\/uploads\/sites\/221\/2022\/11\/Captura-de-pantalla-2022-11-17-124626.jpg\" alt=\"\" class=\"wp-image-190\" srcset=\"https:\/\/webs.uab.cat\/migracioneschinas\/wp-content\/uploads\/sites\/221\/2022\/11\/Captura-de-pantalla-2022-11-17-124626.jpg 931w, https:\/\/webs.uab.cat\/migracioneschinas\/wp-content\/uploads\/sites\/221\/2022\/11\/Captura-de-pantalla-2022-11-17-124626-300x232.jpg 300w, https:\/\/webs.uab.cat\/migracioneschinas\/wp-content\/uploads\/sites\/221\/2022\/11\/Captura-de-pantalla-2022-11-17-124626-768x595.jpg 768w\" sizes=\"auto, (max-width: 931px) 100vw, 931px\" \/><\/figure>\n\n\n\n<p>Se puede llegar desde Pla\u00e7a Catalunya en Barcelona utilizando los trenes de los FGC hasta la parada Universitat Aut\u00f2noma. M\u00e1s informaciones en la web de la compa\u00f1\u00eda de trenes locales: <a rel=\"noreferrer noopener\" href=\"https:\/\/www.fgc.cat\/\" target=\"_blank\">https:\/\/www.fgc.cat\/<\/a>. <\/p>\n","protected":false},"excerpt":{"rendered":"<p>Facultad de Ciencia de la Educaci\u00f3n Aula 36 (M\u00f3dulo III), Edificio G Pla\u00e7a de los Olivos, 08193 Bellaterra, Barcelona Se puede llegar desde Pla\u00e7a Catalunya en Barcelona utilizando los trenes de los FGC hasta la parada Universitat Aut\u00f2noma. M\u00e1s informaciones en la web de la compa\u00f1\u00eda de trenes locales: https:\/\/www.fgc.cat\/.<\/p>\n","protected":false},"author":304,"featured_media":0,"parent":0,"menu_order":0,"comment_status":"closed","ping_status":"closed","template":"","meta":{"footnotes":""},"class_list":["post-133","page","type-page","status-publish","hentry"],"_links":{"self":[{"href":"https:\/\/webs.uab.cat\/migracioneschinas\/wp-json\/wp\/v2\/pages\/133","targetHints":{"allow":["GET"]}}],"collection":[{"href":"https:\/\/webs.uab.cat\/migracioneschinas\/wp-json\/wp\/v2\/pages"}],"about":[{"href":"https:\/\/webs.uab.cat\/migracioneschinas\/wp-json\/wp\/v2\/types\/page"}],"author":[{"embeddable":true,"href":"https:\/\/webs.uab.cat\/migracioneschinas\/wp-json\/wp\/v2\/users\/304"}],"replies":[{"embeddable":true,"href":"https:\/\/webs.uab.cat\/migracioneschinas\/wp-json\/wp\/v2\/comments?post=133"}],"version-history":[{"count":4,"href":"https:\/\/webs.uab.cat\/migracioneschinas\/wp-json\/wp\/v2\/pages\/133\/revisions"}],"predecessor-version":[{"id":196,"href":"https:\/\/webs.uab.cat\/migracioneschinas\/wp-json\/wp\/v2\/pages\/133\/revisions\/196"}],"wp:attachment":[{"href":"https:\/\/webs.uab.cat\/migracioneschinas\/wp-json\/wp\/v2\/media?parent=133"}],"curies":[{"name":"wp","href":"https:\/\/api.w.org\/{rel}","templated":true}]}}