{"id":144,"date":"2022-11-03T13:40:26","date_gmt":"2022-11-03T11:40:26","guid":{"rendered":"https:\/\/webs.uab.cat\/migracioneschinas\/?page_id=144"},"modified":"2026-03-09T16:05:45","modified_gmt":"2026-03-09T14:05:45","slug":"comite-cientifico-y-organizador","status":"publish","type":"page","link":"https:\/\/webs.uab.cat\/migracioneschinas\/comite-cientifico-y-organizador\/","title":{"rendered":"Comit\u00e9 cient\u00edfico y organizador"},"content":{"rendered":"\n<h2 class=\"wp-block-heading\"><strong>Comit\u00e9 cient\u00edfico<\/strong><\/h2>\n\n\n\n<p>Amelia S\u00e1iz L\u00f3pez (CERAO, UAB)<\/p>\n\n\n\n<p>Joaqu\u00edn Beltr\u00e1n Antol\u00edn (CERAO, UAB)<\/p>\n\n\n\n<p>Irene Masdeu Torruella (UAB)<\/p>\n\n\n\n<p>Laura Lamas Abraira (CSIC)<\/p>\n\n\n\n<p>Laia Manonelles Moner (UB)<\/p>\n\n\n\n<p>Mette Thun\u00f8 (Universidad de Aarhus, Dinamarca)<\/p>\n\n\n\n<p>Sof\u00eda Gaspar (Instituto universitario de Lisboa, Portugal)<\/p>\n\n\n\n<p>Wang Simeng (CNRS, Francia)<\/p>\n\n\n\n<p>Wang Zigang (University of International Business and Economics, Beijing, China)<\/p>\n\n\n\n<p><\/p>\n\n\n\n<h2 class=\"wp-block-heading\"><strong>Comit\u00e9 organizador<\/strong><\/h2>\n\n\n\n<p>Amelia S\u00e1iz L\u00f3pez (CERAO, UAB)<\/p>\n\n\n\n<p>Joaqu\u00edn Beltr\u00e1n Antol\u00edn (CERAO, UAB)<\/p>\n\n\n\n<p>Irene Masdeu Torruella (UAB)<\/p>\n\n\n\n<p>Roberto Figliulo (UAB)<\/p>\n","protected":false},"excerpt":{"rendered":"<p>Comit\u00e9 cient\u00edfico Amelia S\u00e1iz L\u00f3pez (CERAO, UAB) Joaqu\u00edn Beltr\u00e1n Antol\u00edn (CERAO, UAB) Irene Masdeu Torruella (UAB) Laura Lamas Abraira (CSIC) Laia Manonelles Moner (UB) Mette Thun\u00f8 (Universidad de Aarhus, Dinamarca) Sof\u00eda Gaspar (Instituto universitario de Lisboa, Portugal) Wang Simeng (CNRS, Francia) Wang Zigang (University of International Business and Economics, Beijing, China) Comit\u00e9 organizador Amelia S\u00e1iz [&hellip;]<\/p>\n","protected":false},"author":304,"featured_media":0,"parent":0,"menu_order":0,"comment_status":"closed","ping_status":"closed","template":"","meta":{"footnotes":""},"class_list":["post-144","page","type-page","status-publish","hentry"],"_links":{"self":[{"href":"https:\/\/webs.uab.cat\/migracioneschinas\/wp-json\/wp\/v2\/pages\/144","targetHints":{"allow":["GET"]}}],"collection":[{"href":"https:\/\/webs.uab.cat\/migracioneschinas\/wp-json\/wp\/v2\/pages"}],"about":[{"href":"https:\/\/webs.uab.cat\/migracioneschinas\/wp-json\/wp\/v2\/types\/page"}],"author":[{"embeddable":true,"href":"https:\/\/webs.uab.cat\/migracioneschinas\/wp-json\/wp\/v2\/users\/304"}],"replies":[{"embeddable":true,"href":"https:\/\/webs.uab.cat\/migracioneschinas\/wp-json\/wp\/v2\/comments?post=144"}],"version-history":[{"count":2,"href":"https:\/\/webs.uab.cat\/migracioneschinas\/wp-json\/wp\/v2\/pages\/144\/revisions"}],"predecessor-version":[{"id":521,"href":"https:\/\/webs.uab.cat\/migracioneschinas\/wp-json\/wp\/v2\/pages\/144\/revisions\/521"}],"wp:attachment":[{"href":"https:\/\/webs.uab.cat\/migracioneschinas\/wp-json\/wp\/v2\/media?parent=144"}],"curies":[{"name":"wp","href":"https:\/\/api.w.org\/{rel}","templated":true}]}}