{"id":437,"date":"2026-03-06T19:10:14","date_gmt":"2026-03-06T17:10:14","guid":{"rendered":"https:\/\/webs.uab.cat\/migracioneschinas\/?page_id=437"},"modified":"2026-03-06T19:23:58","modified_gmt":"2026-03-06T17:23:58","slug":"programa-2","status":"publish","type":"page","link":"https:\/\/webs.uab.cat\/migracioneschinas\/programa-2\/","title":{"rendered":"Programa III edici\u00f3n"},"content":{"rendered":"\n<h2 class=\"wp-block-heading\">15 de diciembre<\/h2>\n\n\n\n<p><strong><mark class=\"has-inline-color has-accent-color\">9:30 \u2013 10:00.<\/mark> Inauguraci\u00f3n del seminario a cargo de Amelia S\u00e1iz L\u00f3pez y Joaqu\u00edn Beltr\u00e1n Antol\u00edn, <\/strong>Grupo de Investigaci\u00f3n InterAsia-UAB<strong> &nbsp;<\/strong><\/p>\n\n\n\n<p><\/p>\n\n\n\n<p><strong><mark class=\"has-inline-color has-accent-color\">10:00 \u2013 11:15.<\/mark> Sesi\u00f3n 1. Familia y educaci\u00f3n<\/strong><\/p>\n\n\n\n<p><em>Moderador: Joaqu\u00edn Beltr\u00e1n Antol\u00edn<\/em><\/p>\n\n\n\n<p><strong>Laura Lamas-Abraira<\/strong>, Universidad Aut\u00f3noma de Madrid<\/p>\n\n\n\n<p>Entre la simultaneidad y el largo plazo: Familias trasnacionales chinas y cuidados en tiempos de (post)pandemia<\/p>\n\n\n\n<p><strong>Mengyao Wu<\/strong>, Universidad de Salamanca<\/p>\n\n\n\n<p>Harsh Choices: Chinese migrant families\u2019 childcare strategies in Spain<\/p>\n\n\n\n<p><strong>Hui Pan<\/strong>, Universidad Complutense de Madrid<\/p>\n\n\n\n<p>The Academic Performance of the Chinese Origin Students in Secondary Education in Spain: they are not just \u201cmodel minority\u201d<\/p>\n\n\n\n<p><\/p>\n\n\n\n<p><strong><mark class=\"has-inline-color has-accent-color\">11:15 \u2013 11:45. <\/mark>Coffee break<\/strong><\/p>\n\n\n\n<p><\/p>\n\n\n\n<p><strong><mark class=\"has-inline-color has-accent-color\">11:45 \u2013 12:45.<\/mark> Sesi\u00f3n 2. Identidad y g\u00e9nero<\/strong><\/p>\n\n\n\n<p><em>Moderadora: Laura Lamas Abraira<\/em><\/p>\n\n\n\n<p><strong>Yingying Jiang<\/strong>, Universidad Aut\u00f3noma de Madrid<\/p>\n\n\n\n<p>La construcci\u00f3n de las identidades sexuales de la poblaci\u00f3n <em>lala<\/em> en Espa\u00f1a<\/p>\n\n\n\n<p><strong>Teresa Madue\u00f1o Hidalgo<\/strong>, Universidad Juan Carlos I, Madrid<\/p>\n\n\n\n<p>La construcci\u00f3n del imaginario de la mujer asi\u00e1tica en Espa\u00f1a a trav\u00e9s de publicidad de prostituci\u00f3n<\/p>\n\n\n\n<p><strong>Amelia S\u00e1iz L\u00f3pez<\/strong>, Universitat Aut\u00f2noma de Barcelona &nbsp;<\/p>\n\n\n\n<p>Nuevas movilidades femeninas chinas en Espa\u00f1a<\/p>\n\n\n\n<p><\/p>\n\n\n\n<p><strong><mark class=\"has-inline-color has-accent-color\">12:45 \u2013 14:00.<\/mark> Sesi\u00f3n 3. Movilidad y clase social&nbsp;<\/strong><\/p>\n\n\n\n<p><em>Moderadora: Amelia S\u00e1iz L\u00f3pez<\/em><\/p>\n\n\n\n<p><strong>Alfonso S\u00e1nchez Romera,<\/strong> Universitat Aut\u00f2noma de Barcelona \/ Freie Universit\u00e4t Berlin<\/p>\n\n\n\n<p>The lifestyle mobility of the Chinese middle class in Spain: from old certainties to new configurations<\/p>\n\n\n\n<p><strong>Qi Zhang<\/strong>, Universitat Aut\u00f2noma de Barcelona &nbsp;&nbsp;<\/p>\n\n\n\n<p>Do Chinese students in Spain with a master\u2019s degree or higher have the motivation and intention to immigrate to Spain?<\/p>\n\n\n\n<p><strong>Weng Jiao<\/strong>, Universidad Complutense de Madrid<\/p>\n\n\n\n<p>Migraci\u00f3n fujianesa en Madrid: el papel del <em>shetou<\/em> y la importancia de emigrar a un buen pa\u00eds<\/p>\n\n\n\n<p><\/p>\n\n\n\n<p><strong><mark class=\"has-inline-color has-accent-color\">14:00 \u2013 15:30. <\/mark>Comida<\/strong><\/p>\n\n\n\n<p><\/p>\n\n\n\n<p><strong><mark class=\"has-inline-color has-accent-color\">15:30 \u2013 16:45.<\/mark> Conferencia marco<\/strong><\/p>\n\n\n\n<p><strong>Wang Simeng, <\/strong>Centre National de la Recherche Scientifique (CNRS, the French National Centre for Scientific Research)<\/p>\n\n\n\n<p><em>Continuities and transformations of Chinese migration to&nbsp;Europe: some thoughts from the French case and beyond<\/em><strong><em><\/em><\/strong><\/p>\n\n\n\n<p><\/p>\n\n\n\n<p><strong><mark class=\"has-inline-color has-accent-color\">16:45 \u2013 17:15.<\/mark> Coffee break<\/strong><\/p>\n\n\n\n<p><\/p>\n\n\n\n<p><strong><mark class=\"has-inline-color has-accent-color\">17:15 \u2013 18:30.<\/mark> Sesi\u00f3n 4.<\/strong> <strong>Arte y representaciones<\/strong><\/p>\n\n\n\n<p><em>Moderador: &nbsp;Roberto Figliulo<\/em><\/p>\n\n\n\n<p><strong>Fang Shuxin<\/strong>, Universitat Aut\u00f2noma de Barcelona &nbsp;<\/p>\n\n\n\n<p>La representaci\u00f3n de la migraci\u00f3n china en las coproducciones cinematogr\u00e1ficas sino-europeas.&nbsp;<\/p>\n\n\n\n<p><strong>Huang Junyu,<\/strong> Universitat Aut\u00f2noma de Barcelona &nbsp;<\/p>\n\n\n\n<p>Representaci\u00f3n de las mujeres chinas en la literatura espa\u00f1ola: el sacrificio por el bien de los descendientes<\/p>\n\n\n\n<p><strong>Laia Manonelles Moner<\/strong>, Universitat de Barcelona<\/p>\n\n\n\n<p><em>Vamos al chino. <\/em>Creaci\u00f3n, comunidad y acci\u00f3n<\/p>\n\n\n\n<p><strong>Irene Masdeu Torruella,<\/strong> Universitat Aut\u00f2noma de Barcelona &nbsp;<\/p>\n\n\n\n<p>Representaciones y discursos sobre la etnicidad y la movilidad en la producci\u00f3n art\u00edstica de j\u00f3venes espa\u00f1oles de origen chino: una aproximaci\u00f3n longitudinal<\/p>\n\n\n\n<p><\/p>\n\n\n\n<h2 class=\"wp-block-heading\">16 de diciembre<\/h2>\n\n\n\n<p><strong><mark class=\"has-inline-color has-accent-color\">9:30 \u2013 11:00.<\/mark> Sesi\u00f3n 5. Empresariado y econom\u00eda<\/strong><\/p>\n\n\n\n<p><em>Moderador: <\/em><em>Alfonso Sanchez Romera<\/em><\/p>\n\n\n\n<p><strong>Joaqu\u00edn Beltr\u00e1n Antol\u00edn<\/strong>, Universitat Aut\u00f2noma de Barcelona &nbsp;&nbsp;<\/p>\n\n\n\n<p>Evoluci\u00f3n demogr\u00e1fica de la poblaci\u00f3n de origen chino en Espa\u00f1a en el siglo XXI: trabajo y educaci\u00f3n.<\/p>\n\n\n\n<p><strong>Yintan Fan<\/strong>, University of Essex, United Kingdom<\/p>\n\n\n\n<p>The Identity and involvement in the ethnic, social network of Chinese entrepreneurs in Spain<\/p>\n\n\n\n<p><strong>Dai Huadong<\/strong> Presidente del diario Voz de China<\/p>\n\n\n\n<p>Situaci\u00f3n actual y tendencia del sector de la restauraci\u00f3n china en Espa\u00f1a en los tiempos de la epidemia<\/p>\n\n\n\n<p><strong>Jin Yangmin,<\/strong> Universidad de Salamanca<\/p>\n\n\n\n<p>Identidades en construcci\u00f3n: la di\u00e1spora china en la Pen\u00ednsula Ib\u00e9rica<\/p>\n\n\n\n<p><strong>Zhong Wanchu, <\/strong>Universidad de Comunicaci\u00f3n de China<\/p>\n\n\n\n<p>Migraci\u00f3n china en Espa\u00f1a y su relaci\u00f3n con la vivienda en la era posterior de la pandemia de COVID-19 <\/p>\n\n\n\n<p><\/p>\n\n\n\n<p><strong><mark class=\"has-inline-color has-accent-color\">11:15 \u2013 11:45.<\/mark> Coffee break<\/strong><\/p>\n\n\n\n<p><\/p>\n\n\n\n<p><strong><mark class=\"has-inline-color has-accent-color\">11:45 \u2013 13:00.<\/mark><\/strong> <strong>Sesi\u00f3n 6. Mediaci\u00f3n e integraci\u00f3n<\/strong><\/p>\n\n\n\n<p><em>Moderadora: Irene Masdeu Torruella<\/em><em><\/em><\/p>\n\n\n\n<p><strong>Aran Romero Moreno y Mireia Vargas Urp\u00ed<\/strong>, Universitat Aut\u00f2noma de Barcelona &nbsp;&nbsp;<\/p>\n\n\n\n<p>Identitats m\u00faltiples al voltant de la intermediaci\u00f3 ling\u00fc\u00edstica per part de menors (ILM): el cas del col\u00b7lectiu xin\u00e8s a Catalunya.<\/p>\n\n\n\n<p><strong>Anna Zhou y Laia Llobet<\/strong>: Servei de traducci\u00f3 i mediaci\u00f3 cultural de Barcelona,<\/p>\n\n\n\n<p>Una mirada sobre la migraci\u00f3n china desde el servicio de traducci\u00f3n e interpretaci\u00f3n de Barcelona.<\/p>\n\n\n\n<p><strong>Diletta Marcucci<\/strong>, Universitat Pompeu Fabra<\/p>\n\n\n\n<p>Chinese Intercultural participation and Urban Governance after 2020.<\/p>\n\n\n\n<p><\/p>\n\n\n\n<p><strong><mark class=\"has-inline-color has-accent-color\">13:00 \u2013 13:45.<\/mark> Sesi\u00f3n 6. Racismo y estereotipos<\/strong><\/p>\n\n\n\n<p><em>Moderadora: Amelia S\u00e1iz L\u00f3pez<\/em><\/p>\n\n\n\n<p><strong>Yan Ting<\/strong>, Universidad de Salamanca<\/p>\n\n\n\n<p>News frames and immigration: an analysis of the Spanish press and media effects<\/p>\n\n\n\n<p><strong>Zigang Wang y Fangjun Liang<\/strong>, University of International Business and Economics (RPC)<\/p>\n\n\n\n<p>Meta-estereotipo de los migrantes chinos en Espa\u00f1a: contenidos, dimensiones e impactos en las relaciones inter\u00e9tnicas<\/p>\n\n\n\n<p><\/p>\n\n\n\n<p><strong><mark class=\"has-inline-color has-accent-color\">13:45 \u2013 14:45. <\/mark>Conclusiones y debate final &nbsp;<\/strong><\/p>\n","protected":false},"excerpt":{"rendered":"<p>15 de diciembre 9:30 \u2013 10:00. Inauguraci\u00f3n del seminario a cargo de Amelia S\u00e1iz L\u00f3pez y Joaqu\u00edn Beltr\u00e1n Antol\u00edn, Grupo de Investigaci\u00f3n InterAsia-UAB &nbsp; 10:00 \u2013 11:15. Sesi\u00f3n 1. Familia y educaci\u00f3n Moderador: Joaqu\u00edn Beltr\u00e1n Antol\u00edn Laura Lamas-Abraira, Universidad Aut\u00f3noma de Madrid Entre la simultaneidad y el largo plazo: Familias trasnacionales chinas y cuidados en [&hellip;]<\/p>\n","protected":false},"author":304,"featured_media":0,"parent":0,"menu_order":0,"comment_status":"closed","ping_status":"closed","template":"","meta":{"footnotes":""},"class_list":["post-437","page","type-page","status-publish","hentry"],"_links":{"self":[{"href":"https:\/\/webs.uab.cat\/migracioneschinas\/wp-json\/wp\/v2\/pages\/437","targetHints":{"allow":["GET"]}}],"collection":[{"href":"https:\/\/webs.uab.cat\/migracioneschinas\/wp-json\/wp\/v2\/pages"}],"about":[{"href":"https:\/\/webs.uab.cat\/migracioneschinas\/wp-json\/wp\/v2\/types\/page"}],"author":[{"embeddable":true,"href":"https:\/\/webs.uab.cat\/migracioneschinas\/wp-json\/wp\/v2\/users\/304"}],"replies":[{"embeddable":true,"href":"https:\/\/webs.uab.cat\/migracioneschinas\/wp-json\/wp\/v2\/comments?post=437"}],"version-history":[{"count":3,"href":"https:\/\/webs.uab.cat\/migracioneschinas\/wp-json\/wp\/v2\/pages\/437\/revisions"}],"predecessor-version":[{"id":458,"href":"https:\/\/webs.uab.cat\/migracioneschinas\/wp-json\/wp\/v2\/pages\/437\/revisions\/458"}],"wp:attachment":[{"href":"https:\/\/webs.uab.cat\/migracioneschinas\/wp-json\/wp\/v2\/media?parent=437"}],"curies":[{"name":"wp","href":"https:\/\/api.w.org\/{rel}","templated":true}]}}