{"id":66,"date":"2022-09-28T22:09:19","date_gmt":"2022-09-28T20:09:19","guid":{"rendered":"https:\/\/webs.uab.cat\/migracioneschinas\/?page_id=66"},"modified":"2026-03-10T16:43:07","modified_gmt":"2026-03-10T14:43:07","slug":"inicio","status":"publish","type":"page","link":"https:\/\/webs.uab.cat\/migracioneschinas\/","title":{"rendered":"Inicio"},"content":{"rendered":"\n<p>Desde la \u00faltima edici\u00f3n de este seminario internacional de 2022, la investigaci\u00f3n sobre las migraciones chinas en Espa\u00f1a ha aumentado significativamente. La creciente tensi\u00f3n internacional y sus consecuencias sobre la globalizaci\u00f3n tienen amplias repercusiones sobre China y su posici\u00f3n en el mundo. La migraci\u00f3n internacional china y su presencia en Espa\u00f1a no son ajenas a estas nuevas circunstancias que se\u00f1alan un cambio de ciclo en su evoluci\u00f3n y en los v\u00ednculos transnacionales entre ambos pa\u00edses.<\/p>\n\n\n\n<p>En este contexto, el seminario tiene como objetivo dar a conocer las investigaciones que se est\u00e1n desarrollando en la actualidad para examinar los cambios y las continuidades en el \u00e1mbito de la migraci\u00f3n china en Espa\u00f1a y detectar las necesidades investigadoras para orientar las pol\u00edticas p\u00fablicas actuales.<\/p>\n\n\n\n<p>Algunas de las l\u00edneas de investigaci\u00f3n propuestas son las siguientes:<\/p>\n\n\n\n<p>&#8211; Nuevas movilidades y trayectorias de la migraci\u00f3n entre China y Espa\u00f1a<\/p>\n\n\n\n<p>&#8211; G\u00e9nero, familia y continuum generacional: ascendientes y descendientes de los migrantes. Estructura demogr\u00e1fica y ciclo vital (infancia, juventud, vejez)<\/p>\n\n\n\n<p>&#8211; Identidades, racismo, activismo y g\u00e9nero<\/p>\n\n\n\n<p>&#8211; Itinerarios laborales y empresariado: nuevas formas de ocupaci\u00f3n y proyectos empresariales. Pr\u00e1cticas econ\u00f3micas e inversiones<\/p>\n\n\n\n<p>&#8211; Re-emigraci\u00f3n, migraci\u00f3n circular, retorno y transnacionalismo<\/p>\n\n\n\n<p>&#8211; Migraci\u00f3n e instituciones pol\u00edticas: tejido asociativo y participaci\u00f3n en la sociedad espa\u00f1ola y\/o china<\/p>\n\n\n\n<p>&#8211; \u00c1mbito ritual: pr\u00e1cticas religiosas, fiestas<\/p>\n\n\n\n<p>&#8211; Pol\u00edticas p\u00fablicas e investigaci\u00f3n aplicada: Necesidades, proyectos e intervenciones. Mediaci\u00f3n y lengua<\/p>\n\n\n\n<p>&#8211; Salud: usos de los servicios p\u00fablicos, mediaci\u00f3n e interpretaci\u00f3n, el cuidado del cuerpo, pr\u00e1cticas transnacionales<\/p>\n\n\n\n<p>&#8211; Arte, producci\u00f3n y representaci\u00f3n cultural<\/p>\n\n\n\n<p>&#8211; Medios de comunicaci\u00f3n y redes sociales<\/p>\n\n\n\n<p>&#8211; Educaci\u00f3n y estudiantes internacionales<\/p>\n\n\n\n<p>&#8211; Turismo<\/p>\n\n\n\n<p>&#8211; Adopci\u00f3n internacional<\/p>\n\n\n\n<p>El seminario est\u00e1 dirigido tanto a acad\u00e9micos e investigadores como a profesionales que desempe\u00f1an su actividad laboral en el \u00e1mbito de las pol\u00edticas sociales (administraci\u00f3n p\u00fablica y organizaciones no gubernamentales, fundaciones, etc.). Las presentaciones ser\u00e1n evaluadas para su posterior publicaci\u00f3n.<\/p>\n\n\n\n<p><strong>Env\u00edo de propuestas<\/strong><\/p>\n\n\n\n<p>Enviar las propuestas a la siguiente direcci\u00f3n de correo electr\u00f3nico antes del 15 de mayo de 2026:<\/p>\n\n\n\n<p>&#8211; Resumen de la presentaci\u00f3n (m\u00e1ximo 500 palabras)<\/p>\n\n\n\n<p>&#8211; Nota biogr\u00e1fica del autor\/a (m\u00e1ximo 150 palabras)<\/p>\n\n\n\n<p>&#8211; Idiomas: Las presentaciones y res\u00famenes pueden ser en castellano, catal\u00e1n o ingl\u00e9s<\/p>\n\n\n\n<p>Los documentos (resumen y bio personal) se deben enviar antes del 15 de mayo de 2026 a la siguiente direcci\u00f3n electr\u00f3nica: <a href=\"mailto:gr.interasia@uab.cat\">gr.interasia@uab.cat<\/a><\/p>\n\n\n\n<p><strong>Calendario<\/strong><\/p>\n\n\n\n<p>&#8211; Fecha l\u00edmite env\u00edo de propuestas: 15 mayo de 2026<\/p>\n\n\n\n<p>&#8211; Notificaci\u00f3n de las propuestas aceptadas: 1 de junio de 2026<\/p>\n\n\n\n<p>&#8211; Fechas del seminario: 21 \u2013 22 septiembre de 2026<\/p>\n\n\n\n<p><strong>Organiza<\/strong><\/p>\n\n\n\n<p>Grupo de Investigaci\u00f3n InterAsia<\/p>\n\n\n\n<p>Centre d\u2019Estudis i Recerca sobre \u00c0sia Oriental \u2013 CERAO<\/p>\n\n\n\n<p>Departament de Traducci\u00f3 i d\u2019Interpretaci\u00f3 i d\u2019Estudis de l\u2019\u00c0sia Oriental<\/p>\n\n\n\n<p>Universitat Aut\u00f2noma de Barcelona<\/p>\n\n\n\n<p>Webpage: <a href=\"https:\/\/webs.uab.cat\/migracioneschinas\/\">https:\/\/webs.uab.cat\/migracioneschinas\/<\/a><\/p>\n\n\n\n<figure class=\"wp-block-image size-large\"><img loading=\"lazy\" decoding=\"async\" width=\"1024\" height=\"576\" src=\"https:\/\/webs.uab.cat\/migracioneschinas\/wp-content\/uploads\/sites\/221\/2026\/03\/Sin-titulo-1024x576.png\" alt=\"\" class=\"wp-image-424\" srcset=\"https:\/\/webs.uab.cat\/migracioneschinas\/wp-content\/uploads\/sites\/221\/2026\/03\/Sin-titulo-1024x576.png 1024w, https:\/\/webs.uab.cat\/migracioneschinas\/wp-content\/uploads\/sites\/221\/2026\/03\/Sin-titulo-300x169.png 300w, https:\/\/webs.uab.cat\/migracioneschinas\/wp-content\/uploads\/sites\/221\/2026\/03\/Sin-titulo-768x432.png 768w, https:\/\/webs.uab.cat\/migracioneschinas\/wp-content\/uploads\/sites\/221\/2026\/03\/Sin-titulo-1536x864.png 1536w, https:\/\/webs.uab.cat\/migracioneschinas\/wp-content\/uploads\/sites\/221\/2026\/03\/Sin-titulo-1200x675.png 1200w, https:\/\/webs.uab.cat\/migracioneschinas\/wp-content\/uploads\/sites\/221\/2026\/03\/Sin-titulo.png 1920w\" sizes=\"auto, (max-width: 1024px) 100vw, 1024px\" \/><\/figure>\n\n\n\n<p><\/p>\n","protected":false},"excerpt":{"rendered":"<p>Desde la \u00faltima edici\u00f3n de este seminario internacional de 2022, la investigaci\u00f3n sobre las migraciones chinas en Espa\u00f1a ha aumentado significativamente. La creciente tensi\u00f3n internacional y sus consecuencias sobre la globalizaci\u00f3n tienen amplias repercusiones sobre China y su posici\u00f3n en el mundo. La migraci\u00f3n internacional china y su presencia en Espa\u00f1a no son ajenas a [&hellip;]<\/p>\n","protected":false},"author":304,"featured_media":0,"parent":0,"menu_order":0,"comment_status":"closed","ping_status":"closed","template":"","meta":{"footnotes":""},"class_list":["post-66","page","type-page","status-publish","hentry"],"_links":{"self":[{"href":"https:\/\/webs.uab.cat\/migracioneschinas\/wp-json\/wp\/v2\/pages\/66","targetHints":{"allow":["GET"]}}],"collection":[{"href":"https:\/\/webs.uab.cat\/migracioneschinas\/wp-json\/wp\/v2\/pages"}],"about":[{"href":"https:\/\/webs.uab.cat\/migracioneschinas\/wp-json\/wp\/v2\/types\/page"}],"author":[{"embeddable":true,"href":"https:\/\/webs.uab.cat\/migracioneschinas\/wp-json\/wp\/v2\/users\/304"}],"replies":[{"embeddable":true,"href":"https:\/\/webs.uab.cat\/migracioneschinas\/wp-json\/wp\/v2\/comments?post=66"}],"version-history":[{"count":14,"href":"https:\/\/webs.uab.cat\/migracioneschinas\/wp-json\/wp\/v2\/pages\/66\/revisions"}],"predecessor-version":[{"id":546,"href":"https:\/\/webs.uab.cat\/migracioneschinas\/wp-json\/wp\/v2\/pages\/66\/revisions\/546"}],"wp:attachment":[{"href":"https:\/\/webs.uab.cat\/migracioneschinas\/wp-json\/wp\/v2\/media?parent=66"}],"curies":[{"name":"wp","href":"https:\/\/api.w.org\/{rel}","templated":true}]}}