{"id":1369,"date":"2024-06-12T13:21:19","date_gmt":"2024-06-12T11:21:19","guid":{"rendered":"https:\/\/webs.uab.cat\/migracions\/?page_id=1369"},"modified":"2025-11-24T21:00:52","modified_gmt":"2025-11-24T19:00:52","slug":"ricard-moren-alegret","status":"publish","type":"page","link":"https:\/\/webs.uab.cat\/migracions\/ca\/ricard-moren-alegret\/","title":{"rendered":"Ricard Mor\u00e9n-Alegret"},"content":{"rendered":"\n<div class=\"wp-block-columns is-layout-flex wp-container-core-columns-is-layout-9d6595d7 wp-block-columns-is-layout-flex\">\n<div class=\"wp-block-column is-layout-flow wp-block-column-is-layout-flow\">\n<p><strong>Adre\u00e7a<\/strong><\/p>\n\n\n\n<p><\/p>\n\n\n\n<p><strong>Adre\u00e7a electr\u00f2nica<\/strong><\/p>\n\n\n\n<p><strong>Despatx<\/strong><\/p>\n\n\n\n<p><strong>Tel\u00e8fon<\/strong><\/p>\n\n\n\n<p><strong>Fax<\/strong><\/p>\n<\/div>\n\n\n\n<div class=\"wp-block-column is-layout-flow wp-block-column-is-layout-flow\">\n<p>Edifici B<br>Campus de la UAB<br>08193 Bellaterra (Cerdanyola del Vall\u00e8s)<br>ricard.moren@1151234<\/p>\n\n\n\n<p>B9\/1068<\/p>\n\n\n\n<p>+34 93 581 4809<\/p>\n\n\n\n<p>+34 93 581 2001<\/p>\n<\/div>\n\n\n\n<div class=\"wp-block-column is-layout-flow wp-block-column-is-layout-flow\">\n<figure class=\"wp-block-image size-full is-resized\"><img loading=\"lazy\" decoding=\"async\" width=\"110\" height=\"150\" src=\"https:\/\/webs.uab.cat\/migracions\/wp-content\/uploads\/sites\/534\/2024\/06\/foto-moren1.jpg\" alt=\"\" class=\"wp-image-1371\" style=\"width:211px;height:auto\" \/><\/figure>\n<\/div>\n<\/div>\n\n\n\n<p>(Doctor, Warwick University 1999-2000)<\/p>\n\n\n\n<p>Ricard Mor\u00e9n Alegret \u00e9s Doctor en Filosofia, PhD (University of Warwick, 1999-2000) i M\u00e0ster en Geografia Humana (UAB). Des de 1994, Ricard Mor\u00e9n realitza recerca en migracions humanes en \u00e0rees urbanes, rurals i semi-rurals a diversos pa\u00efsos, incloent Espanya, Portugal, Fran\u00e7a, el Regne Unit, Irlanda, Gr\u00e8cia, Su\u00e8cia i Austr\u00e0lia. La Direcci\u00f3 General\u00a0de Recerca de\u00a0la Comissi\u00f3 Europea\u00a0li va otorg\u00e0 dos contractes com a\u00a0<em><strong>Marie Curie Research Fellow<\/strong><\/em>\u00a0(1996-1999) i el Ministeri de Ci\u00e8ncia i Tecnologia del Govern espanyol com a\u00a0<em><strong>Investigador Ram\u00f3n y Cajal<\/strong><\/em>\u00a0(2001-2006). Actualment, Ricard Mor\u00e9n \u00e9s\u00a0<strong>Profesor i investigador<\/strong>\u00a0del Departament de Geografia de\u00a0la Universitat\u00a0Aut\u00f2noma\u00a0de Barcelona i investigador col\u00b7laborador del IGOT de la Universitat de Lisboa, Portugal. Des de 2017, coordina la l\u00ednia de recerca sobre migracions del Grup de Recerca Consolidat i Finan\u00e7at Econecol (SGR 2017-2021, AGAUR), amb base al Departament de Geografia i l&#8217; ICTA-UAB.\u00a0Ricard Mor\u00e9n abans ha estat Coordinador del Grup de Recerca sobre Migracions, GRM,\u00a0tamb\u00e9 Grup de Recerca Consolidat i Finan\u00e7at pel Programa SGR (2009-2014, AGAUR, Generalitat de Catalunya), aix\u00ed com coordinador de la l\u00ednia de recerca sobre migracions del grupo Interfase (SGR 2014-2016, AGAUR), ambd\u00f2s basats al Departament de Geografia UAB.<\/p>\n\n\n\n<p>Recentment, Ricard Mor\u00e9n-Alegret ha sigut co-autor de les seg\u00fcents publicacions acad\u00e8miques:<\/p>\n\n\n\n<p>*Gonz\u00e1lez-Pavicich, C. &amp; Mor\u00e9n-Alegret, R. (2024). Retos habitacionales de la inmigraci\u00f3n venezolana en Iquique y Alto Hospicio: Explorando bibliogr\u00e1ficamente y sobre el terreno estrategias y barreras. <em><strong>Estudios Avanzados<\/strong><\/em>,&nbsp;<em>41<\/em>, 98-126. <a href=\"https:\/\/doi.org\/10.35588\/fjcna321\">https:\/\/doi.org\/10.35588\/fjcna321<\/a><\/p>\n\n\n\n<p>*Eimermann, M., Hochedez, C., Kordel, S., Mor\u00e9n-Alegret, R., Nijhoff, K., Tomozeiu, D., Torkington, K. &amp; Weidinger, T. (2024). Assessing roles and strategies of public sector stakeholders in an evolving (lifestyle) migration industry: the case of the Dutch Emigration Expo.&nbsp;<em><strong>Geografiska Annaler: Series B, Human Geography<\/strong><\/em>, 1\u201321. <a href=\"https:\/\/doi.org\/10.1080\/04353684.2024.2405671\">https:\/\/doi.org\/10.1080\/04353684.2024.2405671<\/a><\/p>\n\n\n\n<p>*Mor\u00e9n-Alegret, R.; Milazzo, J.; McAreavey, R. &amp; Keavaney, K. (2023) \u201cPerceptions of sustainability in Ireland\u2019s small villages during immigration times: Exploring discernments of social, economic, and environmental challenges in rural Cavan and Leitrim\u201d,&nbsp;<em><strong>Irish Geography<\/strong><\/em>&nbsp;<em>journal<\/em>&nbsp;, Vol. 56, No. 2. November 2023. DOI: igj.2023.1485. See:&nbsp;<a href=\"https:\/\/irishgeography.ie\/index.php\/irishgeography\/article\/view\/1485\/1199\">https:\/\/irishgeography.ie\/index.php\/irishgeography\/article\/view\/1485\/1199<\/a>&nbsp;.<\/p>\n\n\n\n<p>*Mor\u00e9n-Alegret, R. &amp; Mendoza, C. (2021)&nbsp;<a href=\"https:\/\/ojs.ual.es\/ojs\/index.php\/RIEM\/article\/view\/4755\" target=\"_blank\" rel=\"noreferrer noopener\">\u201cInmigraci\u00f3n internacional y sostenibilidad en pueblos peque\u00f1os. Retos y oportunidades econ\u00f3micas, ambientales y sociales en el Alt Empord\u00e0 (Catalu\u00f1a, Espa\u00f1a)\u201d<\/a>,&nbsp;<em><strong>Revista Internacional de Estudios Migratorios<\/strong><\/em>,&nbsp;<strong><em>RIEM<\/em><\/strong>, 11(2), pp. 1-35.<\/p>\n\n\n\n<p>*Mor\u00e9n-Alegret, R.; Milazzo, J.; Romagosa, F.; Kallis, G. (2021)&nbsp;<a href=\"https:\/\/sciendo.com\/article\/10.2478\/euco-2021-0018\">&#8220;\u2018Cosmovillagers\u2019 as Sustainable Rural Development Actors in Mountain Hamlets? International Immigrant Entrepreneurs\u2019 Perceptions of Sustainability in the Lleida Pyrenees (Catalonia, Spain)&#8221;<\/a>,&nbsp;<strong><em>European Countryside Journal<\/em><\/strong>, 13 (2), pp. 267-296 (vegeu:&nbsp;<a href=\"https:\/\/sciendo.com\/article\/10.2478\/euco-2021-0018\">https:\/\/sciendo.com\/article\/10.2478\/euco-2021-0018<\/a>).<\/p>\n\n\n\n<p>*Mendoza, C.; Mor\u00e9n-Alegret, R. &amp; McAreavey, R. (2020), \u201c(Lifestyle) immigrant entrepreneurs in Spanish small villages: Rethinking international immigration in rural Alt Empord\u00e0, Catalonia\u201d,&nbsp;<em><strong>BELGEO. Belgian Journal of Geography<\/strong><\/em>, 2020, n\u00ba1 (vegeu:&nbsp;<a href=\"https:\/\/journals.openedition.org\/belgeo\/44107\">https:\/\/journals.openedition.org\/belgeo\/44107<\/a>).<\/p>\n\n\n\n<p>*Romagosa, F.; Mendoza, C.; Mojica, L. &amp; Mor\u00e9n-Alegret, R. (2020), \u201cInmigraci\u00f3n internacional y turismo en espacios rurales. El caso de los &#8216;micropueblos&#8217; de Catalu\u00f1a\u201d.&nbsp;<em><strong>Cuadernos de Turismo<\/strong><\/em>, 46, pp. 319-347 (vegeu:&nbsp;<a href=\"https:\/\/revistas.um.es\/turismo\/article\/view\/451861\/296221\">https:\/\/revistas.um.es\/turismo\/article\/view\/451861\/296221<\/a>).<\/p>\n\n\n\n<p>*Mendoza, C.; Mor\u00e9n-Alegret, R. &amp; McAreavey, R. (2020), \u201cEmprendimiento e inmigraci\u00f3n internacional en \u00e1reas rurales de Espa\u00f1a\u201d,&nbsp;<strong><em>Investigaciones Geogr\u00e1ficas<\/em><\/strong>&nbsp;(Instituto de Geograf\u00eda de la UNAM), DOI:&nbsp;dx.doi.org\/10.14350\/rig.60172 (vegeu:&nbsp;<a href=\"http:\/\/www.investigacionesgeograficas.unam.mx\/index.php\/rig\/article\/view\/60172\/54161\">http:\/\/www.investigacionesgeograficas.unam.mx\/index.php\/rig\/article\/view\/60172\/54161<\/a>).<\/p>\n\n\n\n<p>*Mor\u00e9n-Alegret, R. &amp; Wladyka, D. (2019 \/ 2020)&nbsp;<strong><em>International Immigration, Integration and Sustainability in Small Towns and Villages. Socio-Territorial Challenges in Rural and Semi-Rural Europe<\/em><\/strong>, Londres: Palgrave Macmillan \/ Springer. (vegeu:&nbsp;<a href=\"https:\/\/www.palgrave.com\/gp\/book\/9781137586209#aboutBook\">https:\/\/www.palgrave.com\/gp\/book\/9781137586209#aboutBook<\/a>).<\/p>\n\n\n\n<p>* MOR\u00c9N-ALEGRET, R.; FATORIC, S.; WLADYKA, D.; MAS, A. &amp; FONSECA, M.L. (2018)<strong>&nbsp;&#8220;<\/strong>Challenges in achieving sustainability in Iberian rural areas and small towns: Exploring immigrant stakeholders\u2019 perceptions in Alentejo, Portugal, and Empord\u00e0, Spain<em>\u201d<\/em>,<em><strong>&nbsp;Journal of Rural Studies<\/strong><\/em>, 64, pp. 253-266.<\/p>\n\n\n\n<p>* MOR\u00c9N-ALEGRET, R.; WLADYKA, D. &amp; OWEN, D. (2018) \u201cImmigrants\u2019 Integration Challenges and Sustainability in Stratford-upon-Avon. Perceptions and Experiences from a \u2018Global\u2019 Small Town in Nationalistic Times\u201d, In KORDEL, S. et al. (eds.)&nbsp;<em><strong>Processes of Immigration in Rural Europe<\/strong>,&nbsp;<\/em>Cambridge Scholars Publishing, UK, pp. 46-80.<\/p>\n\n\n\n<p>* WLADYKA, D. &amp; MOR\u00c9N-ALEGRET, R. (2017) \u201cA sustainable touristic place in times of crisis? The case of Empuriabrava \u2013 a superdiverse Mediterranean resort\u201d, In Leal Filho, W. et al. (eds)&nbsp;<em><strong>Handbook of Sustainability and Social Science Research<\/strong><\/em>, Berlin: Springer (World Sustainability Series).<\/p>\n\n\n\n<p>* FATORIC, S.; MOR\u00c9N-ALEGRET, R.; NIVEN, R.J. &amp; TAN, G. (2017) &#8220;Living with climate change risks: stakeholders\u2019 employment and coastal relocation in mediterranean climate regions of Australia and Spain&#8221;,&nbsp;<em><strong>Environment Systems and Decisions<\/strong><\/em>, 37, pp. 276-288.<\/p>\n\n\n\n<p>* MOR\u00c9N-ALEGRET, R.; MAS-PALACIOS, A. &amp; WLADYKA, D. (2016) \u201cInter-Group Perceptions and Representations in two Barcelona Neighbourhoods: Poble Sec and Sagrada Fam\u00edlia Compared\u201d In F. Pastore &amp; I. Ponzo (eds.)<em><strong>&nbsp;Inter-group Relations and Migrant Integration in European Cities. Changing Neighbourhoods<\/strong><\/em>, Berlin: Springer \/ IMISCOE Research Series. Open access:&nbsp;<a href=\"http:\/\/link.springer.com\/book\/10.1007\/978-3-319-23096-2\">http:\/\/link.springer.com\/book\/10.1007%2F978-3-319-23096-2<\/a><\/p>\n\n\n\n<p>* FATORIC, S.; MOR\u00c9N-ALEGRET, R. &amp; ZOGRAFOS, C. (2015) \u201cCase Study 8.1 Spanish Coastal Natural Protected Areas: Ebro Delta and Empord\u00e0 Wetlands\u201d In Rosenzweig C., W. Solecki, P. Romero-Lankao, S. Mehrotra, S. Dhakal, T. Bowman, and S. Ali Ibrahim (eds.)&nbsp;<em><strong>Climate Change and Cities<\/strong><\/em>. ARC3.2. New York, Columbia University, USA: Urban Climate Change Research Network, pp. 323 \u2013 327. (<a href=\"https:\/\/unfccc.int\/files\/parties_observers\/submissions_from_observers\/application\/pdf\/787.pdf\">https:\/\/unfccc.int\/files\/parties_observers\/submissions_from_observers\/application\/pdf\/787.pdf<\/a>).<br><br>* WLADYKA, D. &amp; MOR\u00c9N-ALEGRET, R. (2015)&#8221;Chinese Immigrants in the Sagrada Familia Neighbourhood of Barcelona, Spain: Their Socioeconomic Viability and Identity&#8221; In R. Iredale &amp; F. Guo (eds.)&nbsp;<em><strong>Handbook of Chinese Migration. Identity and Wellbeing<\/strong><\/em>, Cheltenham, UK \/ Northampton, US: Edward Elgar Publishing.<\/p>\n\n\n\n<p>Al llarg dels anys, Ricard Mor\u00e9n ha realitzat i dirigit recerques sobre moviments migratoris, geografia de les organitzacions i processos d&#8217;integraci\u00f3 a escala local, regional, nacional i internacional. Ha coordinat varis treballs de camp en diverses regions metropolitanes, rurals i semi-rurals d&#8217;Espanya, Portugal, Gran Bretanya, Fran\u00e7a, Gr\u00e8cia, Irlanda, It\u00e0lia i Austr\u00e0lia. Entre altres resultats dels treballs de camp, apart de diversos articles a revistes internacionals i nacionals, ha publicat varis llibres: s&#8217;una banda, el llibre<strong><em>&nbsp;International Immigration, Integration and Sustainability in Small Towns and Villages. Socio-Territorial Challenges in Rural and Semi-Rural Europe<\/em><\/strong>&nbsp;(Londres: Palgrave Macmillan \/ Springer, 2019\/2020), basat en casos d&#8217;estudi a Anglaterra, Fran\u00e7a, Portugal i Espanya; d&#8217;altra banda, el libre ib\u00e8ric&nbsp;<em><strong>Integration and Resistance.&nbsp;<\/strong><\/em><em><strong>The Relation of Social Organisations, Global Capital, Governments and International Immigration in Spain and Portugal<\/strong><\/em>&nbsp;(Aldershot, UK\/Burlington, USA: Ashgate Publishers, 2002); a m\u00e9s, a nivell catal\u00e0, ha publicat el llibre&nbsp;<em><strong>Bon cop de m\u00e0? M\u00f3n casteller, immigraci\u00f3 estrangera i integraci\u00f3 a Catalunya<\/strong><\/em>&nbsp;(Barcelona: Editorial Mediterr\u00e0nia, 2007). A m\u00e9s, ha estat membre del Comit\u00e9 Organitzador del&nbsp;<em>IV Congreso sobre la Inmigraci\u00f3n en Espa\u00f1a<\/em>&nbsp;(2004) i ha dirigit l&#8217;organitzaci\u00f3 del&nbsp;<em><strong>International Workshop on Foreign Immigration in Small Towns and Rural Areas<\/strong><\/em>&nbsp;(2006), gran part de les pon\u00e8ncies del qual han estat incloses al Volum 14 (N\u00fam.6) de la revista&nbsp;<em>Population, Space and Place&nbsp;<\/em>(2008) que ell mateix va coeditar amb Graeme Hugo (Universitat d\u2019Adelaida, Austr\u00e0lia): *Hugo, G.; Mor\u00e9n-Alegret, R. (2008) \u201cInternational Migration to Non-Metropolitan Areas of High Income Countries: Editorial Introduction\u201d<strong>&nbsp;<em>Population, Space and Place<\/em><\/strong><em>,<\/em>&nbsp;14 (6), 473-477. Vegeu tamb\u00e9: *Mor\u00e9n-Alegret, R. (2008) \u201cRuralphilia and Urbophobia versus Urbophilia and Ruralphobia? Lessons from Immigrant Integration Processes in Small Towns and Rural Areas in Spain\u201d.<strong>&nbsp;<em>Population, Space and Place<\/em><\/strong><em>,<\/em>&nbsp;14, (6) 537-552. Altres publicacions relacionades s\u00f3n: *Mor\u00e9n-Alegret, R. (2011) &#8220;When love comes to town and when it is missing. International migration, marriage, divorce and being single in small towns and rural areas in Spain&#8221;, In Heikkil\u00e4, E.; Yeoh, B. (eds.)&nbsp;<strong><em>International Marriages in the Time of Globalization<\/em><\/strong>, New York: Nova Science Publishers, Ltd, pp. 103-116; i d&#8217;altra banda, *Mor\u00e9n-Alegret, R. (2010) Procesos de integraci\u00f3n de la inmigraci\u00f3n extranjera en peque\u00f1as ciudades de Espa\u00f1a. Presentaci\u00f3n del video documental \u201cIberiana\u201d&nbsp;<strong><em>Pol\u00edgonos. Revista de Geograf\u00eda<\/em><\/strong>, 20. 205-216.<\/p>\n\n\n\n<p>A m\u00e9s, el setembre de 2011 Ricard Mor\u00e9n va co-organitzar juntament amb Lucinda Fonseca (Universitat de Lisboa, Portugal) el workshop internacional \u201cImmigrants\u2019 integration and sustainability in small towns\u201d, celebrat a la Universidade dos A\u00e7ores (Portugal) en el marc de la&nbsp;<strong><em>16th International Metropolis Conference<\/em><\/strong>: Posteriorment, el 2014, va coordinar tamb\u00e9 amb Lucinda Fonseca i F\u00e1tima V\u00e9lez-Castro un workshop similar que continuava el debat en el marc de la&nbsp;<strong><em>International Metropolis Conference<\/em><\/strong>&nbsp;que es va celebrar a Mil\u00e0 (It\u00e0lia).<\/p>\n\n\n\n<p>D&#8217;altra banda, Ricard Mor\u00e9n-Alegret ha publicat, entre altres outputs destacats, el 2013 l&#8217; article \u201cExploring methods and techniques for the analysis of senses of place and migration\u201d, co-escrit junt amb Crist\u00f3bal Mendoza, a la revista&nbsp;<strong><em>Progress in Human Geography.<\/em><\/strong>&nbsp;37(6), 762\u2013785 [Impact factor 4.489, ISI JCR Ranking 2012: 2\/72 (Geography)]. A m\u00e9s, amb alguns antics estudiants de doctorat i altres col\u00b7legues, Ricard Mor\u00e9n ha publicat varis articles m\u00e9s, e.g. *Fatori\u0107, S.; Mor\u00e9n-Alegret, R.; Kasimis, C. (2014) &#8220;Exploring climate change effects in Euro-Mediterranean protected coastal wetlands: the cases of Aiguamolls de l\u2019Empord\u00e0, Spain and Kotychi-Strofylia, Greece&#8221;,<em><strong>&nbsp;International Journal of Sustainable Development &amp; World Ecology<\/strong><\/em>, 21 (4), 346-360; DOI:10.1080\/13504509.2014.888377 (2012 Impact Factor: 1.213); *Wladyka, D. &amp; Mor\u00e9n-Alegret, R. (2014) &#8220;Polish Immigration in Barcelona: The&nbsp;Sagrada Familia Neighbourhood as an Arena for Interaction&#8221;,&nbsp;<strong><em>International Migration<\/em><\/strong><em>,<\/em>&nbsp;52 (1), 146\u2013164. &nbsp;Impact Factor: 0.865, ISI JCR Ranking: 2012: 16\/23 (Demography); *Fatori\u0107, S.; Mor\u00e9n-Alegret, R. (2013) Integrating local knowledge and perception for assessing vulnerability to climate change in economically dynamic coastal areas: the case of natural protected area Aiguamolls de l&#8217;Empord\u00e0,&nbsp;<em><strong>Ocean and Coastal Management,<\/strong><\/em>&nbsp;85 (A), 90-102. (Impact Factor: 1.597. 5-Year Impact Factor: 1.747).<\/p>\n\n\n\n<p>Pel que fa a projectes de recerca, Ricard Mor\u00e9n va ser Investigador Principal del projecte R+D titulat&nbsp;<strong><em>&#8220;Inmigraci\u00f3n extranjera, sentido de lugar e identidad territorial en cinco peque\u00f1as ciudades de Espa\u00f1a&#8221;&nbsp;<\/em><\/strong>(2006-2009), finan\u00e7at pel Ministeri de Ci\u00e8ncia i Innovaci\u00f3. Un dels seus resultats \u00e9s el v\u00eddeo documental de divulgaci\u00f3 cient\u00edfica&nbsp;<strong><em>&#8220;Iberiana&#8221;<\/em><\/strong>, escrit i dirigit pel mateix Mor\u00e9n. D&#8217;altra banda, ha sigut coordinador de la branca barcelonina del projecte internacional&nbsp;<strong><em>&#8220;Concordia Discors. Understanding Conflict and Integration Outcomes of Inter-Group Relations and Integration Policies in selected Neighbourhoods of Five European Cities&#8221;&nbsp;<\/em><\/strong>(2011-2012), finan\u00e7at per la Comissi\u00f3 Europea amb la coordinaci\u00f3 general de FIERI (http:\/\/www.concordiadiscors.eu\/). Recentment, tamb\u00e9 ha sigut Investigador Principal del projecte&nbsp;<strong><em>&#8220;Immigrants &#8216;integration and the role of a diversity of organizations in Achieving sustainable small towns and rural areas&#8221;<\/em><\/strong>&nbsp;(2010-2013), finan\u00e7at pel Ministeri de Ci\u00e8ncia i Innovaci\u00f3. Des de 2017 \u00e9s l&#8217;Investigador Principal del projecte&nbsp;<em><strong>HAMLETS. Immigration and Sustainable Development in Small Villages<\/strong><\/em>&nbsp;(2017-2020), finan\u00e7at pel programa RecerCaixa2016, vegeu:&nbsp;<a href=\"www.uab.cat\/hamlets\">www.uab.cat\/hamlets<\/a><\/p>\n\n\n\n<p>Habitualment col\u00b7labora com avaluador amb institucions de recerca de nivell nacional (e.g. ANEP) i internacional (entre d&#8217;altres, per la European Science Foundation, ESF; la Comissi\u00f3 europea, CE; la Leibniz Association a Alemania&#8230;). A m\u00e9s, ha sigut investigador convidat a la&nbsp;<strong>University of Warwick<\/strong>, UK (3 anys entre 1996 i 1999, aix\u00ed com cinc mesos el 2008); a la&nbsp;<strong>United Nations University<\/strong>, UNU (tres mesos el 2013), a MIGRINTER,&nbsp;<strong>Universit\u00e9 de Poitiers\/CNRS<\/strong>&nbsp;(tres mesos el 2014) i a TELEMME,&nbsp;<strong>Aix-Marseille Universit\u00e9\/CNRS<\/strong>&nbsp;(tres mesos el 2016).<\/p>\n\n\n\n<p><a href=\"https:\/\/webs.uab.cat\/migracions\/ca\/publicacions\/\">Llistat de publicacions<\/a><\/p>\n","protected":false},"excerpt":{"rendered":"<p>Adre\u00e7a Adre\u00e7a electr\u00f2nica Despatx Tel\u00e8fon Fax Edifici BCampus de la UAB08193 Bellaterra (Cerdanyola del Vall\u00e8s)ricard.moren@1151234 B9\/1068 +34 93 581 4809 +34 93 581 2001 (Doctor, Warwick University 1999-2000) Ricard Mor\u00e9n Alegret \u00e9s Doctor en Filosofia, PhD (University of Warwick, 1999-2000) i M\u00e0ster en Geografia Humana (UAB). Des de 1994, Ricard Mor\u00e9n realitza recerca en migracions [&hellip;]<\/p>\n","protected":false},"author":2819,"featured_media":0,"parent":0,"menu_order":0,"comment_status":"closed","ping_status":"closed","template":"","meta":{"footnotes":""},"class_list":["post-1369","page","type-page","status-publish","hentry"],"_links":{"self":[{"href":"https:\/\/webs.uab.cat\/migracions\/ca\/wp-json\/wp\/v2\/pages\/1369","targetHints":{"allow":["GET"]}}],"collection":[{"href":"https:\/\/webs.uab.cat\/migracions\/ca\/wp-json\/wp\/v2\/pages"}],"about":[{"href":"https:\/\/webs.uab.cat\/migracions\/ca\/wp-json\/wp\/v2\/types\/page"}],"author":[{"embeddable":true,"href":"https:\/\/webs.uab.cat\/migracions\/ca\/wp-json\/wp\/v2\/users\/2819"}],"replies":[{"embeddable":true,"href":"https:\/\/webs.uab.cat\/migracions\/ca\/wp-json\/wp\/v2\/comments?post=1369"}],"version-history":[{"count":3,"href":"https:\/\/webs.uab.cat\/migracions\/ca\/wp-json\/wp\/v2\/pages\/1369\/revisions"}],"predecessor-version":[{"id":3112,"href":"https:\/\/webs.uab.cat\/migracions\/ca\/wp-json\/wp\/v2\/pages\/1369\/revisions\/3112"}],"wp:attachment":[{"href":"https:\/\/webs.uab.cat\/migracions\/ca\/wp-json\/wp\/v2\/media?parent=1369"}],"curies":[{"name":"wp","href":"https:\/\/api.w.org\/{rel}","templated":true}]}}