{"id":1382,"date":"2024-06-12T13:29:51","date_gmt":"2024-06-12T11:29:51","guid":{"rendered":"https:\/\/webs.uab.cat\/migracions\/?page_id=1382"},"modified":"2024-06-12T13:29:52","modified_gmt":"2024-06-12T11:29:52","slug":"sandra-fatoric","status":"publish","type":"page","link":"https:\/\/webs.uab.cat\/migracions\/ca\/sandra-fatoric\/","title":{"rendered":"Sandra Fatoric"},"content":{"rendered":"\n<p>Doctora en Geografia (Departament de Geografia, UAB, 2014). M\u00e0ster en Estudis Ambientals: Canvi Clim\u00e0tic i Canvi Global (Institut de Ci\u00e8ncia i Tecnologia Ambiental, UAB, 2010).<\/p>\n\n\n\n<p><strong>L\u00ednies de recerca<\/strong><\/p>\n\n\n\n<ul class=\"wp-block-list\">\n<li>Canvi Clim\u00e0tic i Canvi Global<\/li>\n\n\n\n<li>Vulnerabilitat dels sistemes socioecon\u00f2mics i naturals al canvi clim\u00e0tic<\/li>\n\n\n\n<li>Adaptaci\u00f3 al canvi clim\u00e0tic<\/li>\n\n\n\n<li>An\u00e0lisi clim\u00e0tic i dels riscos ambientals<\/li>\n\n\n\n<li>Gesti\u00f3 costera<\/li>\n\n\n\n<li>Pol\u00edtica ambiental<\/li>\n\n\n\n<li>Migraci\u00f3 ambiental<\/li>\n<\/ul>\n\n\n\n<p><strong>Publicacions<\/strong><\/p>\n\n\n\n<ul class=\"wp-block-list\">\n<li>Fatori\u0107, S., Mor\u00e9n-Alegret, R., Kasimis, C., 2014. Exploring climate change effects in Euro-Mediterranean protected coastal wetlands: the cases of Aiguamolls de l\u2019Empord\u00e0, Spain and Kotychi-Strofylia, Greece.&nbsp;<em>International Journal for Sustainable Development &amp; World Ecology, DOI:10.1080\/13504509.2014.888377.<\/em><\/li>\n\n\n\n<li>Fatori\u0107, S., Mor\u00e9n-Alegret, R., 2013. Integrating local knowledge and perception for assessing vulnerability to climate change in economically dynamic coastal areas: the case of natural protected area Aiguamolls de l&#8217;Empord\u00e0.&nbsp;<em>Ocean &amp; Coastal Management 85 (A), 90-102.<\/em><\/li>\n\n\n\n<li>Fatori\u0107, S., Chelleri, L., 2012. Vulnerability to the effects of climate change and adaptation: the case of the Spanish Ebro Delta.&nbsp;<em>Ocean &amp; Coastal Management 60, 1-10.<\/em><\/li>\n\n\n\n<li>Fatori\u0107, S., 2009. Changing of sea level in North Adriatic as an indicator of climate change.&nbsp;<em>Geographical Bulletin 81 (1), 9-21.<\/em><\/li>\n<\/ul>\n\n\n\n<p><a href=\"https:\/\/webs.uab.cat\/migracions\/ca\/publicacions\/\">Llistat de publicacions<\/a><\/p>\n","protected":false},"excerpt":{"rendered":"<p>Doctora en Geografia (Departament de Geografia, UAB, 2014). M\u00e0ster en Estudis Ambientals: Canvi Clim\u00e0tic i Canvi Global (Institut de Ci\u00e8ncia i Tecnologia Ambiental, UAB, 2010). L\u00ednies de recerca Publicacions Llistat de publicacions<\/p>\n","protected":false},"author":2819,"featured_media":0,"parent":0,"menu_order":0,"comment_status":"closed","ping_status":"closed","template":"","meta":{"footnotes":""},"class_list":["post-1382","page","type-page","status-publish","hentry"],"_links":{"self":[{"href":"https:\/\/webs.uab.cat\/migracions\/ca\/wp-json\/wp\/v2\/pages\/1382","targetHints":{"allow":["GET"]}}],"collection":[{"href":"https:\/\/webs.uab.cat\/migracions\/ca\/wp-json\/wp\/v2\/pages"}],"about":[{"href":"https:\/\/webs.uab.cat\/migracions\/ca\/wp-json\/wp\/v2\/types\/page"}],"author":[{"embeddable":true,"href":"https:\/\/webs.uab.cat\/migracions\/ca\/wp-json\/wp\/v2\/users\/2819"}],"replies":[{"embeddable":true,"href":"https:\/\/webs.uab.cat\/migracions\/ca\/wp-json\/wp\/v2\/comments?post=1382"}],"version-history":[{"count":1,"href":"https:\/\/webs.uab.cat\/migracions\/ca\/wp-json\/wp\/v2\/pages\/1382\/revisions"}],"predecessor-version":[{"id":1384,"href":"https:\/\/webs.uab.cat\/migracions\/ca\/wp-json\/wp\/v2\/pages\/1382\/revisions\/1384"}],"wp:attachment":[{"href":"https:\/\/webs.uab.cat\/migracions\/ca\/wp-json\/wp\/v2\/media?parent=1382"}],"curies":[{"name":"wp","href":"https:\/\/api.w.org\/{rel}","templated":true}]}}