{"id":1391,"date":"2024-06-12T14:42:16","date_gmt":"2024-06-12T12:42:16","guid":{"rendered":"https:\/\/webs.uab.cat\/migracions\/?page_id=1391"},"modified":"2024-06-12T14:42:16","modified_gmt":"2024-06-12T12:42:16","slug":"montserrat-feixas","status":"publish","type":"page","link":"https:\/\/webs.uab.cat\/migracions\/ca\/montserrat-feixas\/","title":{"rendered":"Montserrat Feixas"},"content":{"rendered":"\n<div class=\"wp-block-columns is-layout-flex wp-container-core-columns-is-layout-9d6595d7 wp-block-columns-is-layout-flex\">\n<div class=\"wp-block-column is-layout-flow wp-block-column-is-layout-flow\">\n<p><strong>Adre\u00e7a<\/strong><\/p>\n\n\n\n<p><\/p>\n\n\n\n<p><\/p>\n\n\n\n<p><strong>Adre\u00e7a electr\u00f2nica<\/strong><\/p>\n\n\n\n<p><strong>Despatx<\/strong><\/p>\n\n\n\n<p><strong>Tel\u00e8fon<\/strong><\/p>\n\n\n\n<p><strong>Fax<\/strong><\/p>\n<\/div>\n\n\n\n<div class=\"wp-block-column is-layout-flow wp-block-column-is-layout-flow\">\n<p>Edifici B<br>Campus de la UAB<br>08193 Bellaterra (Cerdanyola del Vall\u00e8s)<br><br><br>feixas@unhcr.org<br><br>B9\/1030<br><br>+34 93 581 1736<br><br>+34 93 581 2001 <\/p>\n<\/div>\n\n\n\n<div class=\"wp-block-column is-layout-flow wp-block-column-is-layout-flow\"><\/div>\n<\/div>\n\n\n\n<p>Doctora en Geografia per la UAB (2007) amb una tesi sobre la immigraci\u00f3 pakistanesa a Catalunya. Els seus co-directors de tesi van ser Ricard Mor\u00e9n-Alegret i \u00c0ngels Pascual.<\/p>\n\n\n\n<p><a href=\"https:\/\/webs.uab.cat\/migracions\/ca\/publicacions\/\">Llistat de publicacions<\/a><\/p>\n","protected":false},"excerpt":{"rendered":"<p>Adre\u00e7a Adre\u00e7a electr\u00f2nica Despatx Tel\u00e8fon Fax Edifici BCampus de la UAB08193 Bellaterra (Cerdanyola del Vall\u00e8s) feixas@unhcr.org B9\/1030 +34 93 581 1736 +34 93 581 2001 Doctora en Geografia per la UAB (2007) amb una tesi sobre la immigraci\u00f3 pakistanesa a Catalunya. Els seus co-directors de tesi van ser Ricard Mor\u00e9n-Alegret i \u00c0ngels Pascual. Llistat de [&hellip;]<\/p>\n","protected":false},"author":2819,"featured_media":0,"parent":0,"menu_order":0,"comment_status":"closed","ping_status":"closed","template":"","meta":{"footnotes":""},"class_list":["post-1391","page","type-page","status-publish","hentry"],"_links":{"self":[{"href":"https:\/\/webs.uab.cat\/migracions\/ca\/wp-json\/wp\/v2\/pages\/1391","targetHints":{"allow":["GET"]}}],"collection":[{"href":"https:\/\/webs.uab.cat\/migracions\/ca\/wp-json\/wp\/v2\/pages"}],"about":[{"href":"https:\/\/webs.uab.cat\/migracions\/ca\/wp-json\/wp\/v2\/types\/page"}],"author":[{"embeddable":true,"href":"https:\/\/webs.uab.cat\/migracions\/ca\/wp-json\/wp\/v2\/users\/2819"}],"replies":[{"embeddable":true,"href":"https:\/\/webs.uab.cat\/migracions\/ca\/wp-json\/wp\/v2\/comments?post=1391"}],"version-history":[{"count":1,"href":"https:\/\/webs.uab.cat\/migracions\/ca\/wp-json\/wp\/v2\/pages\/1391\/revisions"}],"predecessor-version":[{"id":1393,"href":"https:\/\/webs.uab.cat\/migracions\/ca\/wp-json\/wp\/v2\/pages\/1391\/revisions\/1393"}],"wp:attachment":[{"href":"https:\/\/webs.uab.cat\/migracions\/ca\/wp-json\/wp\/v2\/media?parent=1391"}],"curies":[{"name":"wp","href":"https:\/\/api.w.org\/{rel}","templated":true}]}}