{"id":1401,"date":"2024-06-12T14:54:24","date_gmt":"2024-06-12T12:54:24","guid":{"rendered":"https:\/\/webs.uab.cat\/migracions\/?page_id=1401"},"modified":"2024-06-12T16:41:39","modified_gmt":"2024-06-12T14:41:39","slug":"albert-mas-palacios","status":"publish","type":"page","link":"https:\/\/webs.uab.cat\/migracions\/ca\/albert-mas-palacios\/","title":{"rendered":"Albert Mas Palacios"},"content":{"rendered":"\n<div class=\"wp-block-columns is-layout-flex wp-container-core-columns-is-layout-9d6595d7 wp-block-columns-is-layout-flex\">\n<div class=\"wp-block-column is-layout-flow wp-block-column-is-layout-flow\">\n<p><strong>Adre\u00e7a<\/strong><\/p>\n\n\n\n<p><strong>Adre\u00e7a electr\u00f2nica<\/strong><\/p>\n\n\n\n<p><strong>Despatx<\/strong><\/p>\n\n\n\n<p><strong>Tel\u00e8fon<\/strong><\/p>\n\n\n\n<p><strong>Fax<\/strong><\/p>\n<\/div>\n\n\n\n<div class=\"wp-block-column is-layout-flow wp-block-column-is-layout-flow\"><\/div>\n\n\n\n<div class=\"wp-block-column is-layout-flow wp-block-column-is-layout-flow\">\n<figure class=\"wp-block-image size-full is-resized\"><img loading=\"lazy\" decoding=\"async\" width=\"120\" height=\"147\" src=\"https:\/\/webs.uab.cat\/migracions\/wp-content\/uploads\/sites\/534\/2024\/06\/albert-imatge.jpg\" alt=\"\" class=\"wp-image-1402\" style=\"width:202px;height:auto\" \/><\/figure>\n<\/div>\n<\/div>\n\n\n\n<p>Doctor en Geografia (UAB, 2014). M\u00e0ster Oficial en Estudis Territorials i de la Poblaci\u00f3 (Dept. de Geografia UAB, 2009). Llicenciat en Sociologia (UAB, 2006).<\/p>\n\n\n\n<p>La seva\u00a0<strong>tesi doctoral<\/strong>\u00a0&#8220;<strong>Immigraci\u00f3 estrangera a l\u2019entorn d\u2019espais d&#8217;inter\u00e8s natural. Una comparaci\u00f3 internacional entre localitats de l\u2019Alt Empord\u00e0 (Espanya) i l\u2019Alentejo Litoral (Portugal)&#8221;<\/strong>, dirigida pel Dr. Ricard Mor\u00e9n, va ser defensada l\u2019abril del 2014 a la UAB i valorada amb una nota d\u2019excel\u00b7lent \u201ccum laude\u201d per unanimitat pels membres del tribunal. La recerca t\u00e9 com a objectiu principal, d\u2019una banda, analitzar el paper que han tingut els espais naturals en l\u2019arribada i l\u2019establiment de poblaci\u00f3 de nacionalitat estrangera en aquestes dues \u00e0rees d\u2019estudi; i de l\u2019altra, con\u00e8ixer el tipus de relaci\u00f3 que tenen els residents estrangers amb aquests espais naturals. M\u00e9s enll\u00e0 dels residents de nacionalitat estrangera, la investigaci\u00f3 tamb\u00e9 posa l\u2019atenci\u00f3 en la relaci\u00f3 que t\u00e9 la poblaci\u00f3 local en general amb els espais naturals protegits propers a les seves localitats\u00a0(<a href=\"https:\/\/webs.uab.cat\/migracions\/ca\/projecte-immigrants-integration-and-the-role-of-a-diversity-of-organisations-in-achieving-sustainable-small-towns-and-rural-areas\/\">veure\u00a0resum de la tesi<\/a>).<\/p>\n\n\n\n<p>Al setembre del 2009 va presentar el Treball de Recerca de M\u00e0ster \u201cImmigraci\u00f3 estrangera a l\u2019entorn d\u2019espais d&#8217;inter\u00e8s natural. Estudi aproximatiu a cinc espais naturals protegits\u201d, dirigit pel Dr. Ricard Mor\u00e9n.<\/p>\n\n\n\n<p>Albert Mas ha treballat amb diverses associacions vinculades a la integraci\u00f3 i la inclusi\u00f3 social de la poblaci\u00f3 estrangera&nbsp;a la societat catalana fent tasques educatives, d&#8217;inserci\u00f3 i orientaci\u00f3 sociolaboral, etc. i ha participat en els seg\u00fcents projectes de recerca:<\/p>\n\n\n\n<p>Projecte\u00a0<strong>\u201cImmigrants\u2019 integration and the role of a diversity of organisations in achieving sustainable small towns and rural areas\u201d\u00a0<\/strong>(2010-2013), dirigit pel Doctor Ricard Mor\u00e9n i finan\u00e7at pel Ministeri de Ci\u00e8ncia i Innovaci\u00f3 del Govern d\u2019Espanya (Projecte I+D CSO2009-13909). Investigaci\u00f3 principalment centrada en una \u00e0rea d\u2019estudi situada a Espanya i amb una exploraci\u00f3 comparativa internacional en \u00e0rees d\u2019estudi del Regne Unit, Austr\u00e0lia, Portugal i Gr\u00e8cia i en el que han participat diversos grups d\u2019investigaci\u00f3 (<a href=\"https:\/\/webs.uab.cat\/migracions\/ca\/projecte-immigrants-integration-and-the-role-of-a-diversity-of-organisations-in-achieving-sustainable-small-towns-and-rural-areas\/\">veure<\/a>).<\/p>\n\n\n\n<p>Projecte&nbsp;<strong>\u201cConcordia Discors. Understanding Conflict and Integration Outcomes of Inter-Group Relations and Integration Policies in selected Neighbourhoods of Five European Cities\u201d<\/strong>&nbsp;(gener 2011- octubre 2012). Aquest innovador projecte comparatiu finan\u00e7at per la Comissi\u00f3 Europea i coordinat per FIERI (It\u00e0lia), ha estudiat durant 2011 i 2012 processos d&#8217;integraci\u00f3 i conflictes en dos barris de cinc ciutats europees: Londres, Budapest, Barcelona, Tor\u00ed i Nuremberg (veure&nbsp;<a href=\"http:\/\/www.concordiadiscors.eu\/\">http:\/\/www.concordiadiscors.eu\/<\/a>). L&#8217;estudi a Barcelona ha estat coordinat per Ricard Mor\u00e9n-Alegret i ha comptat amb la participaci\u00f3 de Dawid Wladyka i Albert Mas. Albert Mas va ser entrevistat a Sants 3 R\u00e0dio per presentar el projecte Concordia Discors (disponible a&nbsp;<a href=\"..\/cas\/audios\/Entrevista-Albert Mas_Sants-3-Radio_oct2013.mp3\" target=\"_blank\" rel=\"noreferrer noopener\">Entrevista-Albert Mas_Sants-3-Radio_oct2013<\/a>)<\/p>\n\n\n\n<p>Projecte de R+D<strong>\u00a0&#8220;Inmigraci\u00f3n extranjera, sentido de lugar e identidad territorial en cinco peque\u00f1as ciudades de Espa\u00f1a&#8221; (2006-2009)<\/strong>, dirigit pel Doctor Ricard Mor\u00e9n. Dins d&#8217;aquest projecte ha col\u00b7laborat en la realitzaci\u00f3 del v\u00eddeo-documental de divulgaci\u00f3 cient\u00edfica\u00a0&#8220;<em>Iberiana. Procesos de integraci\u00f3n de inmigrantes en cinco peque\u00f1as ciudades de la Espa\u00f1a peninsular<\/em>&#8221;\u00a0i ha participat en diversos treballs de camp a les prov\u00edncies de Le\u00f3n, Girona, Huelva, C\u00e1ceres i Alacant.<\/p>\n\n\n\n<p><strong>Publicacions:<\/strong><\/p>\n\n\n\n<div class=\"wp-block-group\"><div class=\"wp-block-group__inner-container is-layout-constrained wp-block-group-is-layout-constrained\">\n<div class=\"wp-block-group alignwide\"><div class=\"wp-block-group__inner-container is-layout-constrained wp-block-group-is-layout-constrained\">\n<ul class=\"wp-block-list\">\n<li>Mas Palacios, A. (2014) Immigraci\u00f3 estrangera a l\u2019entorn d\u2019espais d&#8217;inter\u00e8s natural. Una comparaci\u00f3 internacional entre localitats de l\u2019Alt Empord\u00e0 (Espanya) i l\u2019Alentejo Litoral (Portugal). Tesi doctoral. Departament de Geografia, Universitat Aut\u00f2noma de Barcelona. Tesi doctoral valorada amb una nota d\u2019excel\u00b7lent \u201ccum laude\u201d per unanimitat pels membres del tribunal. <a href=\"https:\/\/webs.uab.cat\/migracions\/ca\/projecte-immigrants-integration-and-the-role-of-a-diversity-of-organisations-in-achieving-sustainable-small-towns-and-rural-areas\/\">Consultar resum<\/a><\/li>\n\n\n\n<li>Mas, A.; Mor\u00e9n-Alegret, R.; Fonseca, L. (2014) European Immigration Around Two Iberian Natural Protected Areas. Exploring the cases of Alentejo Litoral (Portugal) and Empord\u00e0 (Spain). International Migration (article pre-acceptat per la revista, pendent de publicaci\u00f3).<\/li>\n\n\n\n<li>Mor\u00e9n-Alegret, R., Mas, A., &amp; Wladyka, D. (2012) Concordia Discors. Understanding conflict and integration outcomes of intergroup relations and integration policies in selected neighbourhoods of five European cities. Barcelona final report. Disponible a:&nbsp;<a href=\"http:\/\/www.concordiadiscors.eu\/assets\/Barcelona-final-report.pdf\">http:\/\/www.concordiadiscors.eu\/assets\/Barcelona-final-report.pdf<\/a><\/li>\n\n\n\n<li>Mas, A.; Mor\u00e9n-Alegret, R. (2012) \u201cInmigraci\u00f3n internacional entorno a \u00e1reas naturales protegidas. Explorando algunas localidades del Alt Empord\u00e0 (Espa\u00f1a) y el Alentejo Litoral (Portugal)\u201d. Comuniciaci\u00f3 presentada per A. Mas publicada en format CD a: Actas del IX Coloquio Iberico de Estudios Rurales: Inercias, Cambios y &#8216;Desarrollos&#8217;: desaf\u00edos para el medio rural (Lisboa julio 2012). ISBN: 978-972-96347-4-1.<\/li>\n\n\n\n<li>Mor\u00e9n-Alegret, R., Wladyka, D., &amp; Mas, A. (2011). Concordia Discors. Understanding conflict and integration outcomes of intergroup relations and integration policies in selected neighbourhoods of five European cities. Barcelona background report. Disponible a:&nbsp;<a href=\"http:\/\/www.concordiadiscors.eu\/assets\/BR_Bercelona.pdf\">http:\/\/www.concordiadiscors.eu\/assets\/BR_Bercelona.pdf<\/a><\/li>\n\n\n\n<li>Mas Palacios, A. (2011) La protecci\u00f3 d&#8217;espais naturals. Or\u00edgens i evoluci\u00f3\u201d. Revista Excursionisme, 364: 4-9. Disponible a:\u00a0<a href=\"https:\/\/webs.uab.cat\/migracions\/ca\/albert-mas-palacios\/\">https:\/\/webs.uab.cat\/migracions\/ca\/albert-mas-palacios\/<\/a><\/li>\n\n\n\n<li>V\u00eddeo-documental de divulgaci\u00f3 cient\u00edfica \u201cIberiana. Procesos de integraci\u00f3n de inmigrantes en cinco peque\u00f1as ciudades de la Espa\u00f1a peninsular\u201d (2009) Col\u00b7laboraci\u00f3 en la realitzaci\u00f3 i contacte amb els entrevistats. Disponible a la p\u00e0gina web del GRM.<\/li>\n\n\n\n<li>VV. AA. (2009) Summer School on the Po River Delta: Creating scenarios for fragile territories. Taglio di Po: Osservatorio sul Delta del Po i Universit\u00e0 IUAV di Venezia.<\/li>\n\n\n\n<li>&nbsp;Mor\u00e9n-Alegret, R.; Sow, P.; Mas-Palacios, A. (2009) \u201cForeign immigrants\u2019 integration in the United Kingdom and Spain. A comparative approach on participation in traditional cultural organisations\u201d In: \u201cVI Congreso sobre las Migraciones en Espa\u00f1a (A Coru\u00f1a, setembre 2009)\u201d. Tamb\u00e9 en format CD, ISBN: 978-84-9749-399-4.<\/li>\n\n\n\n<li>Mas Palacios, A. (2009) \u201cImmigraci\u00f3 estrangera a l\u2019entorn d\u2019espais d&#8217;inter\u00e8s natural. Estudi aproximatiu a cinc espais naturals protegits\u201d. Treball de Recerca de M\u00e0ster. Departament de Geografia de la UAB. Disponible a:\u00a0<a href=\"https:\/\/webs.uab.cat\/migracions\/ca\/albert-mas-palacios\/\">https:\/\/webs.uab.cat\/migracions\/ca\/albert-mas-palacios\/<\/a><\/li>\n<\/ul>\n<\/div><\/div>\n<\/div><\/div>\n\n\n\n<p><a href=\"https:\/\/webs.uab.cat\/migracions\/ca\/publicacions\/\">Llistat de publicacions<\/a><\/p>\n","protected":false},"excerpt":{"rendered":"<p>Adre\u00e7a Adre\u00e7a electr\u00f2nica Despatx Tel\u00e8fon Fax Doctor en Geografia (UAB, 2014). M\u00e0ster Oficial en Estudis Territorials i de la Poblaci\u00f3 (Dept. de Geografia UAB, 2009). Llicenciat en Sociologia (UAB, 2006). La seva\u00a0tesi doctoral\u00a0&#8220;Immigraci\u00f3 estrangera a l\u2019entorn d\u2019espais d&#8217;inter\u00e8s natural. Una comparaci\u00f3 internacional entre localitats de l\u2019Alt Empord\u00e0 (Espanya) i l\u2019Alentejo Litoral (Portugal)&#8221;, dirigida pel Dr. [&hellip;]<\/p>\n","protected":false},"author":2819,"featured_media":0,"parent":0,"menu_order":0,"comment_status":"closed","ping_status":"closed","template":"","meta":{"footnotes":""},"class_list":["post-1401","page","type-page","status-publish","hentry"],"_links":{"self":[{"href":"https:\/\/webs.uab.cat\/migracions\/ca\/wp-json\/wp\/v2\/pages\/1401","targetHints":{"allow":["GET"]}}],"collection":[{"href":"https:\/\/webs.uab.cat\/migracions\/ca\/wp-json\/wp\/v2\/pages"}],"about":[{"href":"https:\/\/webs.uab.cat\/migracions\/ca\/wp-json\/wp\/v2\/types\/page"}],"author":[{"embeddable":true,"href":"https:\/\/webs.uab.cat\/migracions\/ca\/wp-json\/wp\/v2\/users\/2819"}],"replies":[{"embeddable":true,"href":"https:\/\/webs.uab.cat\/migracions\/ca\/wp-json\/wp\/v2\/comments?post=1401"}],"version-history":[{"count":3,"href":"https:\/\/webs.uab.cat\/migracions\/ca\/wp-json\/wp\/v2\/pages\/1401\/revisions"}],"predecessor-version":[{"id":1468,"href":"https:\/\/webs.uab.cat\/migracions\/ca\/wp-json\/wp\/v2\/pages\/1401\/revisions\/1468"}],"wp:attachment":[{"href":"https:\/\/webs.uab.cat\/migracions\/ca\/wp-json\/wp\/v2\/media?parent=1401"}],"curies":[{"name":"wp","href":"https:\/\/api.w.org\/{rel}","templated":true}]}}