{"id":1416,"date":"2024-06-12T15:07:23","date_gmt":"2024-06-12T13:07:23","guid":{"rendered":"https:\/\/webs.uab.cat\/migracions\/?page_id=1416"},"modified":"2024-06-12T15:07:23","modified_gmt":"2024-06-12T13:07:23","slug":"cristobal-mendoza","status":"publish","type":"page","link":"https:\/\/webs.uab.cat\/migracions\/ca\/cristobal-mendoza\/","title":{"rendered":"Crist\u00f3bal Mendoza"},"content":{"rendered":"\n<div class=\"wp-block-columns is-layout-flex wp-container-core-columns-is-layout-9d6595d7 wp-block-columns-is-layout-flex\">\n<div class=\"wp-block-column is-layout-flow wp-block-column-is-layout-flow\">\n<p><strong>Adre\u00e7a<\/strong><\/p>\n\n\n\n<p><\/p>\n\n\n\n<p><\/p>\n\n\n\n<p><\/p>\n\n\n\n<p><\/p>\n\n\n\n<p><\/p>\n\n\n\n<p><br><strong>Adre\u00e7a electr\u00f2nica<\/strong><\/p>\n\n\n\n<p><strong>Despatx<\/strong><\/p>\n\n\n\n<p><strong>Tel\u00e8fon<\/strong><\/p>\n\n\n\n<p><strong>Fax<\/strong><\/p>\n<\/div>\n\n\n\n<div class=\"wp-block-column is-layout-flow wp-block-column-is-layout-flow\">\n<p>Universidad Aut\u00f3noma Metropolitana<br>Divisi\u00f3n de Ciencias Sociales y Humanidades<br>Licenciatura en Geograf\u00eda Humana<br>San Rafael Atlixco, 186<br>Colonia Vicentina<br>Delegaci\u00f3n Iztapalapa<br>M\u00e9xico DF<br>CP 09340<\/p>\n\n\n\n<p><br>cmp@xanum.uam.mx<\/p>\n\n\n\n<p>B9\/1068<\/p>\n\n\n\n<p>(55) 58046466<\/p>\n\n\n\n<p>(55) 58046466<\/p>\n<\/div>\n\n\n\n<div class=\"wp-block-column is-layout-flow wp-block-column-is-layout-flow\"><\/div>\n<\/div>\n\n\n\n<p>(Doctor, King&#8217;s College London 1998)<br>Professor i investigador a la Universidad Aut\u00f3noma Metropolitana, M\u00e8xic.<\/p>\n\n\n\n<p>Ha portat a terme diverses recerca a Catalunya, Portugal, Regne Unit i M\u00e8xic. Va estudiar Geografia a la UAB, on va obtenir a m\u00e9s un post-grau en Demografia i un Master en Geografia. L&#8217;any 1998 va presentar la tesi doctoral al King&#8217;s College London.<\/p>\n\n\n\n<p><a href=\"https:\/\/webs.uab.cat\/migracions\/ca\/publicacions\/\">Llistat de publicacions<\/a><\/p>\n","protected":false},"excerpt":{"rendered":"<p>Adre\u00e7a Adre\u00e7a electr\u00f2nica Despatx Tel\u00e8fon Fax Universidad Aut\u00f3noma MetropolitanaDivisi\u00f3n de Ciencias Sociales y HumanidadesLicenciatura en Geograf\u00eda HumanaSan Rafael Atlixco, 186Colonia VicentinaDelegaci\u00f3n IztapalapaM\u00e9xico DFCP 09340 cmp@xanum.uam.mx B9\/1068 (55) 58046466 (55) 58046466 (Doctor, King&#8217;s College London 1998)Professor i investigador a la Universidad Aut\u00f3noma Metropolitana, M\u00e8xic. Ha portat a terme diverses recerca a Catalunya, Portugal, Regne Unit i [&hellip;]<\/p>\n","protected":false},"author":2819,"featured_media":0,"parent":0,"menu_order":0,"comment_status":"closed","ping_status":"closed","template":"","meta":{"footnotes":""},"class_list":["post-1416","page","type-page","status-publish","hentry"],"_links":{"self":[{"href":"https:\/\/webs.uab.cat\/migracions\/ca\/wp-json\/wp\/v2\/pages\/1416","targetHints":{"allow":["GET"]}}],"collection":[{"href":"https:\/\/webs.uab.cat\/migracions\/ca\/wp-json\/wp\/v2\/pages"}],"about":[{"href":"https:\/\/webs.uab.cat\/migracions\/ca\/wp-json\/wp\/v2\/types\/page"}],"author":[{"embeddable":true,"href":"https:\/\/webs.uab.cat\/migracions\/ca\/wp-json\/wp\/v2\/users\/2819"}],"replies":[{"embeddable":true,"href":"https:\/\/webs.uab.cat\/migracions\/ca\/wp-json\/wp\/v2\/comments?post=1416"}],"version-history":[{"count":1,"href":"https:\/\/webs.uab.cat\/migracions\/ca\/wp-json\/wp\/v2\/pages\/1416\/revisions"}],"predecessor-version":[{"id":1418,"href":"https:\/\/webs.uab.cat\/migracions\/ca\/wp-json\/wp\/v2\/pages\/1416\/revisions\/1418"}],"wp:attachment":[{"href":"https:\/\/webs.uab.cat\/migracions\/ca\/wp-json\/wp\/v2\/media?parent=1416"}],"curies":[{"name":"wp","href":"https:\/\/api.w.org\/{rel}","templated":true}]}}