{"id":1446,"date":"2024-06-12T15:19:07","date_gmt":"2024-06-12T13:19:07","guid":{"rendered":"https:\/\/webs.uab.cat\/migracions\/?page_id=1446"},"modified":"2024-06-12T15:24:30","modified_gmt":"2024-06-12T13:24:30","slug":"dawid-wladyka","status":"publish","type":"page","link":"https:\/\/webs.uab.cat\/migracions\/ca\/dawid-wladyka\/","title":{"rendered":"Dawid Wladyka"},"content":{"rendered":"\n<div class=\"wp-block-columns is-layout-flex wp-container-core-columns-is-layout-9d6595d7 wp-block-columns-is-layout-flex\">\n<div class=\"wp-block-column is-layout-flow wp-block-column-is-layout-flow\">\n<p><strong>Adre\u00e7a<\/strong><\/p>\n\n\n\n<p><strong>Adre\u00e7a electr\u00f3nica<\/strong><\/p>\n\n\n\n<p><strong>Despatx<\/strong><\/p>\n\n\n\n<p><strong>Tel\u00e8fon<\/strong><\/p>\n\n\n\n<p><strong>Fax<\/strong><\/p>\n<\/div>\n\n\n\n<div class=\"wp-block-column is-layout-flow wp-block-column-is-layout-flow\"><\/div>\n\n\n\n<div class=\"wp-block-column is-layout-flow wp-block-column-is-layout-flow\">\n<figure class=\"wp-block-image size-full is-resized\"><img loading=\"lazy\" decoding=\"async\" width=\"96\" height=\"127\" src=\"https:\/\/webs.uab.cat\/migracions\/wp-content\/uploads\/sites\/534\/2024\/06\/dawid.jpg\" alt=\"\" class=\"wp-image-1439\" style=\"width:210px;height:auto\" \/><\/figure>\n<\/div>\n<\/div>\n\n\n\n<p><strong>Doctor en Geografia,<\/strong>&nbsp;UAB, 2013.&nbsp; La seva tesi doctoral, dirigida pel Dr. Ricard Mor\u00e9n-Alegret i la Dra. \u00c0ngels Pascual versa sobre la immigraci\u00f3 polonesa a Catalunya.<\/p>\n\n\n\n<p>Soci\u00f2leg amb amplis coneixements en les \u00e0rees de comunicaci\u00f3 social, psicologia, migracions, ci\u00e8ncies pol\u00edtiques i noves tecnologies. T\u00e9 tamb\u00e9 experi\u00e8ncia en els camps del periodisme, la fotografia i la inform\u00e0tica (especialment en programaci\u00f3 Web i en gr\u00e0fica).<\/p>\n\n\n\n<p><strong>M\u00e0ster de Sociologia<\/strong>&nbsp;amb especialitzaci\u00f3 en Comunicaci\u00f3 Social (Universitat de Sil\u00e8sia, Pol\u00f2nia, 2007).&nbsp;<strong>Grau<\/strong>&nbsp;en Sociologia en l\u2019<strong>especialitat de Publicitat i Comunicaci\u00f3 Social<\/strong>&nbsp;(Universitat de Sil\u00e8sia, Pol\u00f2nia, 2005)<\/p>\n\n\n\n<p>Ha estat estudiant dels seg\u00fcents programes d\u2019intercanvi:&nbsp;<strong>\u201cMOST\u201d<\/strong>&nbsp;a la Universitat Jaguel\u00f2nica de Crac\u00f2via, Pol\u00f2nia 2007 \/ 2008 (en els estudis: \u201cRelacions \u00c8tniques i Migracions Internacionals\u201d, \u201cPsicologia\u201d i \u201cEstudis llatinoamericans\u201d) i&nbsp;&nbsp;<strong>\u201cERASMUS\u201d<\/strong>&nbsp;a la Universitat Aut\u00f2noma de Barcelona el 2006 \/ 2007 (a la Facultat de Ci\u00e8ncies Pol\u00edtiques i Sociologia i a la Facultat de Traducci\u00f3 i Interpretaci\u00f3). Durant el curs 2007-2008 va gaudir d\u2019una&nbsp;<strong>beca del Ministeri d\u2019Educaci\u00f3 Superior de Pol\u00f2nia<\/strong>&nbsp;(2007-2008).<\/p>\n\n\n\n<p>Est\u00e0 cursant&nbsp;<strong>E<\/strong><strong>studis Human\u00edstics Interdepartamentals<\/strong>&nbsp;dins del programa individual a la Universitat de Sil\u00e8sia, Pol\u00f2nia (facultats: Psicologia, Sociologia, Ci\u00e8ncies Pol\u00edtiques, Radio i Televisi\u00f3, Filologia Rom\u00e0nica, Filologia Anglesa). \u00c9s estudiant del<strong>&nbsp;M\u00e0ster en Estudis culturals amb l\u2019especialitat en \u201cRelacions \u00c8tniques i Migracions Internacionals\u201d<\/strong>&nbsp;a la Universitat Jaguel\u00f2nica de Crac\u00f2via.<\/p>\n\n\n\n<p>\u00c9s&nbsp;<strong>reporter \/ corresponsal<\/strong>&nbsp;de diverses revistes i diaris polonesos de nivell regional, nacional i internacional. \u00c9s autor d\u2019unes quantes desenes d\u2019articles de premsa. T\u00e9 experi\u00e8ncia en r\u00e0dio i televisi\u00f3. Prepar\u00e0 i condu\u00ed uns cursos de periodisme i reportatge par als estudiants de la Universitat d&#8217;Economia de Katowice. Tamb\u00e9 form\u00e0 part d\u2019algunes expedicions estrangeres de car\u00e0cter period\u00edstico-cient\u00edfic a Ucra\u00efna i Espanya, entre d\u2019altres pa\u00efsos.<\/p>\n\n\n\n<p>Va participar al&nbsp;<strong><em>VI Congreso sobre las Migraciones en Espa\u00f1a<\/em><\/strong>, on va presentar l\u2019article \u201cLos emigrantes polacos en el mercado laboral espa\u00f1ol y catal\u00e1n desde una perspectiva mundial y europea. Estudio estad\u00edstico.\u201d Durant el semestre de primavera del 2010 ha treballat en la posici\u00f3 de professor ajudant al<strong>&nbsp;Behavioral Sciences Department of The University of Texas a Brownsville<\/strong>, impartint classes de Introducci\u00f3 a la Sociologia i Sociologia Pol\u00edtica.Idiomes de treball: polon\u00e8s, angl\u00e8s, castell\u00e0.<\/p>\n\n\n\n<p><a href=\"https:\/\/webs.uab.cat\/migracions\/ca\/publicacions\/\">Llistat de publicacions<\/a><\/p>\n","protected":false},"excerpt":{"rendered":"<p>Adre\u00e7a Adre\u00e7a electr\u00f3nica Despatx Tel\u00e8fon Fax Doctor en Geografia,&nbsp;UAB, 2013.&nbsp; La seva tesi doctoral, dirigida pel Dr. Ricard Mor\u00e9n-Alegret i la Dra. \u00c0ngels Pascual versa sobre la immigraci\u00f3 polonesa a Catalunya. Soci\u00f2leg amb amplis coneixements en les \u00e0rees de comunicaci\u00f3 social, psicologia, migracions, ci\u00e8ncies pol\u00edtiques i noves tecnologies. T\u00e9 tamb\u00e9 experi\u00e8ncia en els camps del [&hellip;]<\/p>\n","protected":false},"author":2819,"featured_media":0,"parent":0,"menu_order":0,"comment_status":"closed","ping_status":"closed","template":"","meta":{"footnotes":""},"class_list":["post-1446","page","type-page","status-publish","hentry"],"_links":{"self":[{"href":"https:\/\/webs.uab.cat\/migracions\/ca\/wp-json\/wp\/v2\/pages\/1446","targetHints":{"allow":["GET"]}}],"collection":[{"href":"https:\/\/webs.uab.cat\/migracions\/ca\/wp-json\/wp\/v2\/pages"}],"about":[{"href":"https:\/\/webs.uab.cat\/migracions\/ca\/wp-json\/wp\/v2\/types\/page"}],"author":[{"embeddable":true,"href":"https:\/\/webs.uab.cat\/migracions\/ca\/wp-json\/wp\/v2\/users\/2819"}],"replies":[{"embeddable":true,"href":"https:\/\/webs.uab.cat\/migracions\/ca\/wp-json\/wp\/v2\/comments?post=1446"}],"version-history":[{"count":1,"href":"https:\/\/webs.uab.cat\/migracions\/ca\/wp-json\/wp\/v2\/pages\/1446\/revisions"}],"predecessor-version":[{"id":1448,"href":"https:\/\/webs.uab.cat\/migracions\/ca\/wp-json\/wp\/v2\/pages\/1446\/revisions\/1448"}],"wp:attachment":[{"href":"https:\/\/webs.uab.cat\/migracions\/ca\/wp-json\/wp\/v2\/media?parent=1446"}],"curies":[{"name":"wp","href":"https:\/\/api.w.org\/{rel}","templated":true}]}}