{"id":34,"date":"2024-01-11T11:50:30","date_gmt":"2024-01-11T09:50:30","guid":{"rendered":"https:\/\/webs.uab.cat\/migracions\/?page_id=34"},"modified":"2024-06-14T12:55:54","modified_gmt":"2024-06-14T10:55:54","slug":"recull-de-premsa","status":"publish","type":"page","link":"https:\/\/webs.uab.cat\/migracions\/ca\/recull-de-premsa\/","title":{"rendered":"Premsa"},"content":{"rendered":"\n<p><strong>Algunes NOT\u00cdCIES:<\/strong><\/p>\n\n\n\n<p>El<strong>&nbsp;febrer de 2021<\/strong>, en el marc de l&#8217;iniciativa radiof\u00f2nica &#8220;<strong>Ona Pagesa<\/strong>&#8221; (<strong>Arrels R\u00e0dio<\/strong>, via Anchor.FM),&nbsp;<strong>Ricard Mor\u00e9n-Alegret<\/strong>&nbsp;particip\u00e0 a un programa titulat &#8220;<strong>Estrat\u00e8gies per repoblar els micropobles de Catalunya<\/strong>&#8220;, en el que va parlar del projecte &#8220;<strong><em><a href=\"http:\/\/atlantis.uab.cat\/hamlets\/es\/index.html\">HAMLETS. Immigraci\u00f3 i desenvolupament sostenible a pobles petits<\/a><\/em><\/strong>&#8220;, financiat pel Programa&nbsp;<strong>RECERCAIXA<\/strong>, una iniciativa de la Fundaci\u00f3 &#8216;la Caixa&#8217; i la Associaci\u00f3 Catalana d&#8217;Universitats P\u00fabliques (2017-2020). Podeu llegir m\u00e9s i escoltar el programa a:&nbsp;<a href=\"https:\/\/arrels.info\/radio\/ona-pagesa\/estrategies-per-repoblar-els-micropobles-de-catalunya\/\">https:\/\/arrels.info\/radio\/ona-pagesa\/estrategies-per-repoblar-els-micropobles-de-catalunya\/<\/a><\/p>\n\n\n\n<hr class=\"wp-block-separator has-alpha-channel-opacity is-style-dots\" \/>\n\n\n\n<p>El&nbsp;<strong>juliol de 2020<\/strong>, en el context d&#8217;una iniciativa pirinenca,&nbsp;<strong>Ricard Mor\u00e9n-Alegret<\/strong>&nbsp;colabor\u00e0 amb l&#8217;<strong>Ag\u00e8ncia Catalana de Not\u00edcies (ACN)<\/strong>&nbsp;per difondre reflexions sobre la&nbsp;<strong>situaci\u00f3 dels pobles petits<\/strong>&nbsp;i alguns resultats obtinguts durant el&nbsp;<strong>projecte HAMLETS<\/strong>. La col\u00b7laboraci\u00f3 amb l&#8217;ACN fou recollida per diversos mitjans de comunicaci\u00f3, com per exemple els seg\u00fcents:<br><\/p>\n\n\n\n<ul class=\"wp-block-list\">\n<li><strong>LLEIDA.COM<\/strong>:<\/li>\n<\/ul>\n\n\n\n<p><a href=\"https:\/\/www.lleida.com\/noticia_canal\/cosmopolitisme-rural-ipolitiques-\">https:\/\/www.lleida.com\/noticia_canal\/cosmopolitisme-rural-ipolitiques-<br>publiques-com-eines-mantenir-els-micropobles<\/a><br><\/p>\n\n\n\n<ul class=\"wp-block-list\">\n<li><strong>Corporaci\u00f3 Catalana de Mitjans Audiovisuals (CCMA)<\/strong>:&nbsp;<\/li>\n<\/ul>\n\n\n\n<p><a href=\"https:\/\/www.ccma.cat\/324\/limpuls-del-cosmopolitismerural-\">https:\/\/www.ccma.cat\/324\/limpuls-del-cosmopolitismerural-<br>i-de-politiques-publiques-per-a-segons-residents-eines-permantenir-<br>els-micropobles\/noticia\/3030648\/<\/a><br><\/p>\n\n\n\n<ul class=\"wp-block-list\">\n<li><strong>Diari ARA:<\/strong>&nbsp;<\/li>\n<\/ul>\n\n\n\n<p><a href=\"https:\/\/www.ara.cat\/pirineus\/Cosmopolitisme-rurallluitar- contra-despoblament_0_2486151470.html\">https:\/\/www.ara.cat\/pirineus\/Cosmopolitisme-rurallluitar-<br>contra-despoblament_0_2486151470.html<\/a><br><\/p>\n\n\n\n<ul class=\"wp-block-list\">\n<li><strong>REGI\u00d3 7<\/strong>:<\/li>\n<\/ul>\n\n\n\n<p><a href=\"https:\/\/www.regio7.cat\/cerdanya-alturgell\/\">https:\/\/www.regio7.cat\/cerdanya-alturgell\/<br>2020\/07\/13\/cosmopolitisme-rural-eina-mantenirmicropobles\/<br>620641.html<\/a><br>*<\/p>\n\n\n\n<ul class=\"wp-block-list\">\n<li><strong>RADIO SEU:<\/strong><\/li>\n<\/ul>\n\n\n\n<p><a href=\"http:\/\/www.radioseu.cat\/noticies\/un-estudi-de-lauab-\">http:\/\/www.radioseu.cat\/noticies\/un-estudi-de-lauab-<br>planteja-incentivar-que-segons-residents-de-pobles-petits-shiinstal-<br>lin-a-viure<\/a><br><\/p>\n\n\n\n<ul class=\"wp-block-list\">\n<li>&nbsp;<strong>VIURE ALS PIRINEUS:<\/strong><\/li>\n<\/ul>\n\n\n\n<p><a href=\"https:\/\/www.viurealspirineus.cat\/articulo\/societat\/limpulscosmopolitisme-\">https:\/\/www.viurealspirineus.cat\/articulo\/societat\/limpulscosmopolitisme-<br>rural-i-politiques-publiques-per-segons-residentseines-<br>per-mantenir-els-micropobles\/20200708105213020044.html<\/a><br><\/p>\n\n\n\n<hr class=\"wp-block-separator has-alpha-channel-opacity is-style-dots\" \/>\n\n\n\n<p>Examples de l<strong>&#8216;IMPACTE&nbsp;<\/strong>durant&nbsp;<strong>febrer de 2020&nbsp;<\/strong>als mitjans de comunicaci\u00f3 de la&nbsp;<strong>CONFER\u00c8NCIA-F\u00d2RUM&nbsp;<\/strong>organitzada pel&nbsp;<strong>projecte HAMLETS&nbsp;<\/strong>al Palau Macaya de la ciutat de<strong>&nbsp;Barcelona<\/strong>:<\/p>\n\n\n\n<p class=\"has-text-align-center has-normal-font-size\">*<em><strong>CADENA SER (R\u00e0dio) &#8211; HORA 14 CATALUNYA (programa) &#8211; 8 Febrer 2020, 14:14h<\/strong>&nbsp;&#8211;&nbsp;<strong>00:02:09<\/strong>&nbsp;<strong>minuts:<\/strong><\/em><\/p>\n\n\n\n<p class=\"has-text-align-center\"><a href=\"https:\/\/acceso360.acceso.com\/uab\/es-ES\/?mod=TrackingAVPlayer&amp;task=openAV&amp;companyNewsId=600267969&amp;mediaType=1&amp;newsDate=1581167685&amp;sig=3dc5a2d427d1407ddbc6867f00de2dbb0157d29ec972b393ab32b92a0526036e\" target=\"_blank\" rel=\"noreferrer noopener\">#SOCIETAT. CATALUNYA. LA UAB HA CELEBRAT AQUESTA SETMANA UNA REUNI\u00d3 ENTRE DIFERENTS ENTITATS PER POSAR EN COM\u00da ELS REPTES DELS POBLES MENYS POBLATS DE CATALUNYA. DECLARACIONS DE RICARD MOREN, INVESTIGADOR DE LA UAB ENCARREGAT DE LA INVESTIGACI\u00d3 SOBRE ELS MICROPOBLES; MARIO URREA, ALCALDE DE TORREBESSES I PRESIDENT DE LA ASSOCIACIO DE MICROPOBLES DE CATALUNYA.<\/a>&nbsp;Audi\u00e8ncia: 381.000 persones<\/p>\n\n\n\n<p class=\"has-text-align-center has-normal-font-size\"><strong><em>*LA VANGUARDIA &#8211; 8 Febrer 2020:<\/em><\/strong><\/p>\n\n\n\n<p class=\"has-text-align-center\"><a href=\"https:\/\/www.lavanguardia.com\/vida\/20200208\/473358597638\/sensacion-abandono-despoblacion-y-viviendas-caras-problemas-de-micropueblos.html\">https:\/\/www.lavanguardia.com\/vida\/20200208\/473358597638\/sensacion-abandono-despoblacion-y-viviendas-caras-problemas-de-micropueblos.html<\/a><\/p>\n\n\n\n<p class=\"has-text-align-center has-normal-font-size\">*<strong><em>Diario ABC<\/em><\/strong>&#8211;&nbsp;<strong><em>8&nbsp;<strong><em>Febrer&nbsp;<\/em><\/strong>2020<\/em><\/strong><\/p>\n\n\n\n<p class=\"has-text-align-center\"><a href=\"https:\/\/agencias.abc.es\/noticia.asp?noticia=3298350\">https:\/\/agencias.abc.es\/noticia.asp?noticia=3298350<\/a><\/p>\n\n\n\n<p class=\"has-text-align-center has-normal-font-size\"><strong>*DIARI DE GIRONA &#8211; 9 Febrer 2020<\/strong><\/p>\n\n\n\n<p class=\"has-text-align-center\"><a href=\"https:\/\/www.diaridegirona.cat\/comarques\/2020\/02\/09\/despoblacio-principal-problema-dels-micropobles\/1028290.html\">https:\/\/www.diaridegirona.cat\/comarques\/2020\/02\/09\/despoblacio-principal-problema-dels-micropobles\/1028290.html<\/a><\/p>\n\n\n\n<hr class=\"wp-block-separator has-alpha-channel-opacity is-style-dots\" \/>\n\n\n\n<p>Algunes not\u00edcies sobre el&nbsp;<strong>F\u00d2RUM de Tuixent<\/strong>, Alt Urgell (<strong>Pirineus de Lleida<\/strong>) organitzat el<strong>&nbsp;desembre de 2019<\/strong>&nbsp;des de la&nbsp;<strong>UAB<\/strong>&nbsp;per Ricard Mor\u00e9n-Alegret en el marc del<strong>&nbsp;projecte HAMLETS<\/strong>, amb la participaci\u00f3 tamb\u00e9 de Francesc Romagosa, l&#8217;Associaci\u00f3 de Micropobles de Catalunya, l&#8217;Ajuntament de Josa i Tuix\u00e9n, l&#8217;Ajuntament de La Vansa-F\u00f3rnols i l&#8217;Escola de Tuixent, entre altres organitzacions:<\/p>\n\n\n\n<p><em><strong>CATALUNYA INFORMACI\u00d3 (R\u00e0dio):<\/strong><\/em>&nbsp; <a href=\"https:\/\/www.ccma.cat\/catradio\/alacarta\/catalunya-al-dia\/els-micropobles-volen-atreure-emprenedors-que-frenin-el-despoblament\/audio\/1057346\/\">https:\/\/www.ccma.cat\/catradio\/alacarta\/catalunya-al-dia\/els-micropobles-volen-atreure-emprenedors-que-frenin-el-despoblament\/audio\/1057346\/<\/a><\/p>\n\n\n\n<p><em><strong>PIRINEUS Televisi\u00f3:<\/strong><\/em>&nbsp;<a href=\"http:\/\/www.pirineustv.cat\/2019\/12\/09\/emprenedoria-per-garantir-el-futur-dels-micropobles\/\">http:\/\/www.pirineustv.cat\/2019\/12\/09\/emprenedoria-per-garantir-el-futur-dels-micropobles\/<\/a><\/p>\n\n\n\n<hr class=\"wp-block-separator has-alpha-channel-opacity is-style-dots\" \/>\n\n\n\n<p>El&nbsp;<strong>23 de maig de 2019<\/strong>&nbsp;entre les 19h i les 20h es va realizar un programa monogr\u00e0fic a l&#8217;emissora de r\u00e0dio p\u00fablica&nbsp;<strong>CATALUNYA INFORMACI\u00d3<\/strong>&nbsp;sobre&nbsp;<strong>despoblament i repoblament hum\u00e0<\/strong>&nbsp;en \u00e0rees rurals d&#8217;Europa. Algunes de les preguntes clau plantejadas foren: \u00bftenir bones comunicacions i una bona conexi\u00f3 a internet seria suficient per frenar el despoblament? \u00bfPer qu\u00e8 alguns joves no es volen quedar a viure als pobles? \u00bfQuins s\u00f3n els riscos si la pagesia abandona els camps? El sis\u00e8 monogr\u00e0fic del &#8220;Catalunya al dia&#8221; compt\u00e0 amb la conducci\u00f3 de la periodista Gloria Mar\u00edn i la participaci\u00f3 de N\u00faria Alb\u00e0, de la Associaci\u00f3 de Micropobles de Catalunya; Joan Caball, coordinador d&#8217;Uni\u00f3 de Pagesos, i del ge\u00f2graf Ricard Mor\u00e9n-Alegret (UAB).&nbsp;Es pot escoltar l&#8217;\u00e0udio del programa als seg\u00fcents enlla\u00e7os:&nbsp;<a href=\"https:\/\/www.ccma.cat\/catradio\/alacarta\/catalunya-al-dia\/associacio-de-micropobles-frenar-el-despoblament-es-una-questio-de-pais\/audio\/1040519\">https:\/\/www.ccma.cat\/catradio\/alacarta\/catalunya-al-dia\/associacio-de-micropobles-frenar-el-despoblament-es-una-questio-de-pais\/audio\/1040519<\/a>\/&nbsp;&amp;&nbsp;<a href=\"https:\/\/twitter.com\/Catinformacio\/status\/1131802004815339520\">https:\/\/twitter.com\/Catinformacio\/status\/1131802004815339520<\/a><\/p>\n\n\n<div class=\"wp-block-image\">\n<figure class=\"aligncenter size-full\"><img loading=\"lazy\" decoding=\"async\" width=\"251\" height=\"320\" src=\"https:\/\/webs.uab.cat\/migracions\/wp-content\/uploads\/sites\/534\/2024\/02\/image-75.png\" alt=\"\" class=\"wp-image-582\" srcset=\"https:\/\/webs.uab.cat\/migracions\/wp-content\/uploads\/sites\/534\/2024\/02\/image-75.png 251w, https:\/\/webs.uab.cat\/migracions\/wp-content\/uploads\/sites\/534\/2024\/02\/image-75-235x300.png 235w\" sizes=\"auto, (max-width: 251px) 100vw, 251px\" \/><\/figure>\n<\/div>\n\n\n<hr class=\"wp-block-separator has-alpha-channel-opacity is-style-dots\" \/>\n\n\n\n<p>El&nbsp;<strong>15 d&#8217;abril de 2019&nbsp;<\/strong>el projecte de recerca&nbsp;<em><strong>HAMLETS. Immigraci\u00f3 i desenvolupament sostenible a micropobles<\/strong><\/em>&nbsp;(finan\u00e7at pel Programa RecerCaixa i desenvolupat principalment des de la UAB) particip\u00e0 a una taula rodona sobre despoblaci\u00f3 i repoblaci\u00f3 rural que tingu\u00e9 lloc a la primera hora del programa radiof\u00f2nic &#8220;De Boca a Orella&#8221; de&nbsp;<strong>R\u00e0dio 4, emissora de Radio Nacional de Espa\u00f1a (RNE)<\/strong>&nbsp;a Catalunya. Van participar al debat varis actors rellevants de la Catalunya rural. Per escoltar l&#8217;audio del programa, pots clicar al sig\u00fcent enlla\u00e7: <a href=\"http:\/\/www.rtve.es\/alacarta\/audios\/de-boca-a-orella\/boca-orella-dilluns-15-dabril-2019-1a-hora\/5146318\/\">http:\/\/www.rtve.es\/alacarta\/audios\/de-boca-a-orella\/boca-orella-dilluns-15-dabril-2019-1a-hora\/5146318\/<\/a><\/p>\n\n\n\n<p>Per m\u00e9s informaci\u00f3, vegeu tamb\u00e9 l&#8217;activitat a Twitter al respecte, per exemple:<\/p>\n\n\n\n<p><a href=\"https:\/\/twitter.com\/Micropobles\/status\/1118899278703939584\">https:\/\/twitter.com\/Micropobles\/status\/1118899278703939584<\/a><a href=\"https:\/\/twitter.com\/debocaaorella\/status\/1117796234289471489\">https:\/\/twitter.com\/debocaaorella\/status\/1117796234289471489<\/a>&nbsp;<br><a href=\"https:\/\/twitter.com\/RicardMoren\/status\/1118049397466701824\">https:\/\/twitter.com\/RicardMoren\/status\/1118049397466701824<\/a><\/p>\n\n\n<div class=\"wp-block-image\">\n<figure class=\"aligncenter size-full is-resized\"><img loading=\"lazy\" decoding=\"async\" width=\"400\" height=\"300\" src=\"https:\/\/webs.uab.cat\/migracions\/wp-content\/uploads\/sites\/534\/2024\/02\/image-76.png\" alt=\"\" class=\"wp-image-585\" style=\"width:464px;height:auto\" srcset=\"https:\/\/webs.uab.cat\/migracions\/wp-content\/uploads\/sites\/534\/2024\/02\/image-76.png 400w, https:\/\/webs.uab.cat\/migracions\/wp-content\/uploads\/sites\/534\/2024\/02\/image-76-300x225.png 300w\" sizes=\"auto, (max-width: 400px) 100vw, 400px\" \/><\/figure>\n<\/div>\n\n\n<p class=\"has-text-align-center\">Foto: R\u00e0dio 4<\/p>\n\n\n\n<hr class=\"wp-block-separator has-alpha-channel-opacity is-style-dots\" \/>\n\n\n\n<p>El&nbsp;<strong>novembre de 2017<\/strong>&nbsp;el projecte de recerca&nbsp;<strong>HAMLETS. Immigraci\u00f3 i desenvolupament sostenible a micropobles<\/strong>&nbsp;(finan\u00e7at per RecerCaixa) particip\u00e0 a un veter\u00e0 programa de televisi\u00f3 dedicat a temes i debats econ\u00f2mics:&nbsp;<strong><em>Valor Afegit<\/em><\/strong>,&nbsp;<strong>TV3.&nbsp;<\/strong>El reportatge es titula:&nbsp;<strong>&#8220;Micro-pobles, Macro-territoris&#8221;.<\/strong><\/p>\n\n\n\n<p>Vegeu:<strong>&nbsp;<a href=\"http:\/\/www.ccma.cat\/tv3\/alacarta\/valor-afegit\/valor-afegit-14112017\/video\/5701875\/\">http:\/\/www.ccma.cat\/tv3\/alacarta\/valor-afegit\/valor-afegit-14112017\/video\/5701875\/<\/a><\/strong><\/p>\n\n\n\n<figure class=\"wp-block-image size-full\"><img loading=\"lazy\" decoding=\"async\" width=\"681\" height=\"420\" src=\"https:\/\/webs.uab.cat\/migracions\/wp-content\/uploads\/sites\/534\/2024\/02\/image-77.png\" alt=\"\" class=\"wp-image-588\" srcset=\"https:\/\/webs.uab.cat\/migracions\/wp-content\/uploads\/sites\/534\/2024\/02\/image-77.png 681w, https:\/\/webs.uab.cat\/migracions\/wp-content\/uploads\/sites\/534\/2024\/02\/image-77-300x185.png 300w\" sizes=\"auto, (max-width: 681px) 100vw, 681px\" \/><\/figure>\n\n\n\n<p><strong>PERIODE 2009-2013<\/strong>:<\/p>\n\n\n\n<p>El passat mes d&#8217;octubre de 2013&nbsp;<strong>Albert Mas<\/strong>&nbsp;va ser entrevistat a&nbsp;<strong>Sants 3 R\u00e0dio<\/strong>&nbsp;per presentar el<strong>&nbsp;projecte Concordia Discors<\/strong>&nbsp;(<a href=\"http:\/\/www.concordiadiscors.eu\/\">http:\/\/www.concordiadiscors.eu\/<\/a>). Aquest innovador projecte comparatiu finan\u00e7at per la Comissi\u00f3 Europea i coordinat per FIERI (It\u00e0lia), ha estudiat durant 2011 i 2012 processos d&#8217;integraci\u00f3 i conflictes en dos barris de cinc ciutats europees: Londres, Budapest, Barcelona, Tor\u00ed i Nuremberg. L&#8217;estudi a Barcelona ha estat coordinat per Ricard Mor\u00e9n-Alegret i ha comptat amb la participaci\u00f3 de Dawid Wladyka i Albert Mas. L&#8217;entrevista es troba disponible a:&nbsp;<a href=\"http:\/\/geografia.uab.cat\/migracions\/cas\/audios\/Entrevista-Albert%20Mas_Sants-3-Radio_oct2013.mp3\" target=\"_blank\" rel=\"noreferrer noopener\">Entrevista-Albert Mas_Sants-3-Radio_oct2013<\/a><\/p>\n\n\n\n<p>El passat dimecres 15 de maig de 2013, amb motiu del Dia Internacional de la Fam\u00edlia,&nbsp;<strong>Dan Rodr\u00edguez<\/strong>&nbsp;va ser entrevistat a&nbsp;<strong>R\u00e0dio Nacional d&#8217;Espanya<\/strong>&nbsp;(R\u00e0dio 5) sobre q\u00fcestions relacionades amb immigraci\u00f3 i&nbsp;parelles\/fam\u00edlies mixtes. L\u2019entrevista es troba disponible a:&nbsp;<a href=\"http:\/\/www.rtve.es\/alacarta\/audios\/entrevista-de-actualidad\/entrevista-actualidad-r5-dia-internacional-familia-15-05-13\/1820224\/\">http:\/\/www.rtve.es\/alacarta\/audios\/entrevista-de-actualidad\/entrevista-actualidad-r5-dia-internacional-familia-15-05-13\/1820224\/<\/a>&nbsp;<\/p>\n\n\n\n<p>El passat 10 de maig de 2013 va ser publicat al diari&nbsp;<strong><em>La Vanguardia<\/em><\/strong>&nbsp;l\u2019article de&nbsp;<strong>Ricard Mor\u00e9n Alegret<\/strong>&nbsp;titulat \u201cNavegacions i integracions\u201d. Podeu llegir l\u2019article juntament amb una nota de l\u2019autor a: <a href=\"http:\/\/scg.iec.cat\/Scg9\/Scg92\/S90241.htm\">http:\/\/scg.iec.cat\/Scg9\/Scg92\/S90241.htm<\/a>&nbsp;,&nbsp;<a href=\"http:\/\/geografia.uab.es\/web\/images\/mitjans\/lv_rmoren.pdf\">http:\/\/geografia.uab.es\/web\/images\/mitjans\/lv_rmoren.pdf<\/a><\/p>\n\n\n\n<p>Not\u00edcia en format v\u00eddeo realitzada per &#8216;L&#8217;Aut\u00f2noma Tv&#8217; sobre la&nbsp;<strong>sessi\u00f3 inaugural del 11\u00e8 cicle de seminaris sobre migracions<\/strong>, 24 Abril 2013, Anna Vilaseca i Eduard Trepat, Fundaci\u00f3 del M\u00f3n Rural, FMR:&nbsp;<em>\u201cMobilitat i sostenibilitat en el m\u00f3n rural catal\u00e0. De la transhum\u00e0ncia a les migracions\u201d<\/em>).<\/p>\n\n\n\n<figure class=\"wp-block-video\"><\/figure>\n\n\n\n<p>El passat dissabte 2 de febrer de 2013 es va re-emetre a Televisi\u00f3 de Badalona una entrevista a&nbsp;<strong>\u00c0ngels Pascual de Sans<\/strong>&nbsp;en el marc de la s\u00e8rie&nbsp;<strong>&#8220;Les dones s\u00e0vies&#8221;<\/strong>. Es pot visualitzar i escoltar aquest programa en la seg\u00fcent adre\u00e7a de p\u00e0gina web: <a href=\"http:\/\/tvbadalona.xiptv.cat\/les-dones-savies\/capitol\/angels-pascual-de-sans#.UQ1e5mZADOA.gmail\" target=\"_blank\" rel=\"noreferrer noopener\">http:\/\/tvbadalona.xiptv.cat\/les-dones-savies\/capitol\/angels-pascual-de-sans#.UQ1e5mZADOA.gmail<\/a><\/p>\n\n\n\n<p>El passat 23 d\u2019octubre de 2012,&nbsp;<strong>Dan Rodr\u00edguez-Garc\u00eda<\/strong>&nbsp;va ser convidat al programa-debat \u201cEl Mirall\u201d de Catalunya Radio com expert en parelles mixtes para participar en el programa&nbsp;<a href=\"http:\/\/www.catradio.cat\/audio\/673837\/Parelles-mixtes\">\u201cParelles mixtes\u201d<\/a>. Acc\u00e9s a l\u2019\u00e0udio:&nbsp; <a href=\"http:\/\/www.catradio.cat\/audio\/673837\/Parelles-mixtes\">http:\/\/www.catradio.cat\/audio\/673837\/Parelles-mixtes<\/a>&nbsp;<\/p>\n\n\n\n<p>El passat 15 d\u2019octubre del 2012,&nbsp;<strong>Dan Rodr\u00edguez-Garc\u00eda<\/strong>&nbsp;va ser entrevistat pel programa informatiu L\u2019Observatori de La Xarxa radio per parlar sobre&nbsp;<a href=\"http:\/\/blocs.xarxaradio.cat\/observatori\/2012\/10\/15\/dan-rodriguez-expert-en-migracions-limpacte-negatiu-de-la-fuga-de-cervells-catalans-es-la-perdua-de-talent\/\">La nova emigraci\u00f3 catalana cap a l\u2019estranger<\/a>. Acc\u00e9s a l\u2019\u00e0udio:&nbsp; <a href=\"http:\/\/blocs.xarxaradio.cat\/observatori\/2012\/10\/15\/dan-rodriguez-expert-en-migracions-limpacte-negatiu-de-la-fuga-de-cervells-catalans-es-la-perdua-de-talent\/\">http:\/\/blocs.xarxaradio.cat\/observatori\/2012\/10\/15\/dan-rodriguez-expert-en-migracions-limpacte-negatiu-de-la-fuga-de-cervells-catalans-es-la-perdua-de-talent\/<\/a><\/p>\n\n\n\n<p>Emissi\u00f3 del v\u00eddeo documental de divulgaci\u00f3 cient\u00edfica i cultural&nbsp;<strong>&#8220;Iberiana. Procesos de integraci\u00f3n de inmigrantes en cinco peque\u00f1as ciudades de la Espa\u00f1a peninsular&#8221;<\/strong>&nbsp;el dia 13 de maig de 2010 al programa de TVE&nbsp;<strong>&#8220;La aventura del saber&#8221;<\/strong>&nbsp;i durant els mesos de mar\u00e7, abril i maig al canal&nbsp;<strong>&#8220;Indagando TV&#8221;<\/strong>. Descarrega les not\u00edcies relacionades clicant als seg\u00fcents enlla\u00e7os:&nbsp;<a href=\"http:\/\/geografia.uab.cat\/migracions\/cas\/imatges\/recull%20de%20premsa\/noticies%20iberiana\/INDAGANDO%20TV.pdf\" target=\"_blank\" rel=\"noreferrer noopener\">IndagantdoTv<\/a>&nbsp;;<a href=\"http:\/\/geografia.uab.cat\/migracions\/cas\/imatges\/recull%20de%20premsa\/noticies%20iberiana\/Indaganda_Noticias.pdf\" target=\"_blank\" rel=\"noreferrer noopener\">Indaganda<\/a>&nbsp;;<a href=\"http:\/\/geografia.uab.cat\/migracions\/cas\/imatges\/recull%20de%20premsa\/noticies%20iberiana\/La_avetura_del_saber_RTVE.pdf\" target=\"_blank\" rel=\"noreferrer noopener\">&nbsp;La aventura del saber<\/a>.<\/p>\n\n\n\n<p>Not\u00edcia publicada a&nbsp;<strong>DiarideGirona.cat&nbsp;<\/strong>(13\/10\/2009) sobre el projecte &#8220;<strong>Inmigraci\u00f3n extranjera, sentido de lugar e identidad territorial en cinco peque\u00f1as ciudades de Espa\u00f1a<\/strong>&#8221; (2006-2009), dirigit pel Doctor Ricard Mor\u00e9n i finan\u00e7at pel Ministeri de Ci\u00e8ncia i Innovaci\u00f3 del Govern d\u2019Espanya. Llegeix la not\u00edcia a l&#8217;enlla\u00e7 seg\u00fcent&nbsp;<a href=\"http:\/\/www.diaridegirona.cat\/comarques\/2009\/10\/13\/quietud-del-poble-oportunitats-ciutat\/362956.html\">http:\/\/www.diaridegirona.cat\/comarques\/2009\/10\/13\/quietud-del-poble-oportunitats-ciutat\/362956.html<\/a>&nbsp;o b\u00e9 descarrega-la en format pdf clicant<a href=\"http:\/\/geografia.uab.cat\/migracions\/cas\/imatges\/recull%20de%20premsa\/cinco%20ciudades%20diaridegirona.pdf\">&nbsp;aqu\u00ed<\/a>.<\/p>\n\n\n\n<p><strong>Participaci\u00f3 de Ricard Mor\u00e9n en el debat &#8220;El mobbing rural&#8221; del programa de TV3 &#8220;Els matins&#8221;<\/strong>&nbsp;(21\/01\/2009 &#8211; 08:00h.-13:15h., programa n\u00ba 1006). TEMA DEL DIA: &#8220;El mobbing rural&#8221; (Debat amb Josep Cun\u00ed): Participants: Pilar RAHOLA, periodista i escriptora; Rafael VALLBONA, periodista i escriptor; Ricard HERRERO, President del Consell Comarcal del Baix Empord\u00e0; Roser VERNET, empres\u00e0ria de turisme rural; Pere RUBIOLA, pag\u00e8s i ramader, La Selva, i president del sindicat JARC;David GINEST\u00c0, president de l&#8217;Associaci\u00f3 de Comerciants de Puigcerd\u00e0; Ricard MOR\u00c9N-ALEGRET, expert en moviments migratoris, GRM, Dept. Geografia, UAB; Gemma C\u00c0NOVES, catedr\u00e0tica Geografia, UAB.<\/p>\n\n\n\n<p><strong>Not\u00edcies de premsa relacionades amb el F\u00f2rum Gesti\u00f3 de la immigraci\u00f3 i la diversitat al Qu\u00e9bec i al Canad\u00e0:<\/strong><\/p>\n\n\n\n<p><a href=\"https:\/\/webs.uab.cat\/migracions\/wp-content\/uploads\/sites\/534\/2024\/06\/DOSSIER-PRENSA-FORUM-CANADA.pdf\">Clica per accedir al dossier de premsa del f\u00f2rum.<\/a><\/p>\n\n\n\n<p><a href=\"https:\/\/webs.uab.cat\/migracions\/wp-content\/uploads\/sites\/534\/2024\/06\/Entrevista-a-Dan-Rodriguez-Radio-CBC-Canada-International-28-11-08.mp3\">Entrevista a Dan Rodr\u00edguez emesa per l&#8217;emisora de R\u00e0dio CBC International de Canad\u00e1, realitzada el passat 28 de novembre de 2008.<\/a><br><br><a href=\"https:\/\/webs.uab.cat\/migracions\/wp-content\/uploads\/sites\/534\/2024\/06\/Entrevista-a-Dan-Rodriguez-Revista-Wanafrica-no34-Dec.-08.pdf\">Entrevista a Dan Rodr\u00edguez publicada a la Revista &#8216;Wanafrica&#8217; n\u00ba34, Desembre de 2008, p\u00e0gs. 15-16.<\/a><\/p>\n\n\n\n<p><strong>Entrevista realitzada a Papa Sow i publicada a\u00a0<em>La Ma\u00f1ana<\/em>\u00a0de Lleida (9 de juny de 2008, p. 12)<\/strong>. L&#8217;entrevista va ser relaitzada en motiu de la celebraci\u00f3 a Lleida del Primer Congr\u00e9s Internacional de Codesenvolupament l&#8217;abril del 2008.\u00a0<a href=\"https:\/\/webs.uab.cat\/migracions\/wp-content\/uploads\/sites\/534\/2024\/06\/entrevista-Pap-CODESARROLLO.jpg\">Clica per accedir a l&#8217;entrevista.<\/a><\/p>\n\n\n\n<p><strong>Not\u00edcies de premsa relacionades amb l&#8217;estudi realitzat per Ricard Mor\u00e9n sobre el m\u00f3n casteller i immigraci\u00f3 i la seva publicaci\u00f3 del llibre &#8220;Bon cop de m\u00e0&#8221;:<\/strong><\/p>\n\n\n\n<p>Article divulgatiu sobre el llibre \u201cBon cop de m\u00e0\u201d publicat a la Xarxa Associativa i de Voluntariat de Catalunya \u201cxarxanet.org\u201d (juny 2010).<a href=\"http:\/\/xnt.gec.es\/xarxanet\/capsulesDetall.xarxanet?xnt_locale=ca&amp;xnt_portal=7&amp;cap_capsulaId=19142\">&nbsp;Clica per accedir a l\u2019article<\/a>.<\/p>\n\n\n\n<p>Not\u00edcia publicada al Diari Avui (4\/10\/2009) vinculada a l&#8217;estudi realitzat per Ricard Mor\u00e9n sobre el m\u00f3n casteller i immigraci\u00f3. Llegeix la not\u00edcia al seg\u00fcent enlla\u00e7\u00a0<a href=\"http:\/\/paper.avui.cat\/article\/societat\/175999\/colles\/castelleres\/promouran\/lentrada\/nous\/immigrants.html\">http:\/\/paper.avui.cat\/article\/societat\/175999\/colles\/castelleres\/promouran \/lentrada\/nous\/immigrants.html<\/a>\u00a0o b\u00e9 descarrega-la en format pdf clicant\u00a0<a href=\"https:\/\/webs.uab.cat\/migracions\/wp-content\/uploads\/sites\/534\/2024\/06\/Avui-mon-casteller.pdf\">aqu\u00ed<\/a>.<\/p>\n\n\n\n<p>Entrevista realitzada a Ricard Mor\u00e9n emesa en el programa de televisi\u00f3 sobre el m\u00f3n casteller &#8220;Quarts de nou&#8221; (programa 56, 17\/06\/2007). Clica per accedir a l&#8217;entrevista.<\/p>\n\n\n\n<p>Not\u00edcia publicada al diari AVUI, p\u00e0gina 36. Dijous, 26 d&#8217;abril del 2007.\u00a0<a href=\"https:\/\/webs.uab.cat\/migracions\/wp-content\/uploads\/sites\/534\/2024\/06\/Avui-Paper-Societat.pdf\">Clica per accedir a l&#8217;entrevista.<\/a><\/p>\n\n\n\n<p>Entrevista realitzada a Ricard Mor\u00e9n publicada al Diari de Sabadell el 28 d&#8217;abril de 2007.\u00a0<a href=\"https:\/\/webs.uab.cat\/migracions\/wp-content\/uploads\/sites\/534\/2024\/06\/Cara-a-cara.pdf\">Clica per accedir a l&#8217;entrevista.<\/a><\/p>\n\n\n\n<p><strong>Entrevista realitzada a \u00c0ngels Pacual publicada a la revista Pres\u00e8ncia del 2 al 8 de febrer del 2007<\/strong>.\u00a0<a href=\"https:\/\/webs.uab.cat\/migracions\/wp-content\/uploads\/sites\/534\/2024\/06\/entrevista-a-Presencia-Angels-Pascual.pdf\">Cilca per accedir a l&#8217;entrevista.<\/a><\/p>\n","protected":false},"excerpt":{"rendered":"<p>Algunes NOT\u00cdCIES: El&nbsp;febrer de 2021, en el marc de l&#8217;iniciativa radiof\u00f2nica &#8220;Ona Pagesa&#8221; (Arrels R\u00e0dio, via Anchor.FM),&nbsp;Ricard Mor\u00e9n-Alegret&nbsp;particip\u00e0 a un programa titulat &#8220;Estrat\u00e8gies per repoblar els micropobles de Catalunya&#8220;, en el que va parlar del projecte &#8220;HAMLETS. Immigraci\u00f3 i desenvolupament sostenible a pobles petits&#8220;, financiat pel Programa&nbsp;RECERCAIXA, una iniciativa de la Fundaci\u00f3 &#8216;la Caixa&#8217; i [&hellip;]<\/p>\n","protected":false},"author":2819,"featured_media":0,"parent":0,"menu_order":0,"comment_status":"closed","ping_status":"closed","template":"","meta":{"footnotes":""},"class_list":["post-34","page","type-page","status-publish","hentry"],"_links":{"self":[{"href":"https:\/\/webs.uab.cat\/migracions\/ca\/wp-json\/wp\/v2\/pages\/34","targetHints":{"allow":["GET"]}}],"collection":[{"href":"https:\/\/webs.uab.cat\/migracions\/ca\/wp-json\/wp\/v2\/pages"}],"about":[{"href":"https:\/\/webs.uab.cat\/migracions\/ca\/wp-json\/wp\/v2\/types\/page"}],"author":[{"embeddable":true,"href":"https:\/\/webs.uab.cat\/migracions\/ca\/wp-json\/wp\/v2\/users\/2819"}],"replies":[{"embeddable":true,"href":"https:\/\/webs.uab.cat\/migracions\/ca\/wp-json\/wp\/v2\/comments?post=34"}],"version-history":[{"count":6,"href":"https:\/\/webs.uab.cat\/migracions\/ca\/wp-json\/wp\/v2\/pages\/34\/revisions"}],"predecessor-version":[{"id":1629,"href":"https:\/\/webs.uab.cat\/migracions\/ca\/wp-json\/wp\/v2\/pages\/34\/revisions\/1629"}],"wp:attachment":[{"href":"https:\/\/webs.uab.cat\/migracions\/ca\/wp-json\/wp\/v2\/media?parent=34"}],"curies":[{"name":"wp","href":"https:\/\/api.w.org\/{rel}","templated":true}]}}