{"id":359,"date":"2024-02-28T14:33:35","date_gmt":"2024-02-28T12:33:35","guid":{"rendered":"https:\/\/webs.uab.cat\/migracions\/?page_id=359"},"modified":"2024-06-14T09:27:58","modified_gmt":"2024-06-14T07:27:58","slug":"arees-destudi","status":"publish","type":"page","link":"https:\/\/webs.uab.cat\/migracions\/ca\/arees-destudi\/","title":{"rendered":"\u00c0rees d&#8217;estudi:"},"content":{"rendered":"\n<p>Aquesta investigaci\u00f3 ha centrat l&#8217;atenci\u00f3 en \u00e0rees d&#8217;estudi localitzades principalment a Espanya, per\u00f2 ha tingut tamb\u00e9 una dimensi\u00f3 comparativa internacional gr\u00e0cies a la realitzaci\u00f3 de treballs de camp a Gr\u00e8cia, Portugal, el Regne Unit i Austr\u00e0lia.<br><br>Entre les raons de l&#8217;elecci\u00f3 dels territoris en els que s&#8217;ha dut a terme treball de camp s\u2019hi troben les seg\u00fcents caracter\u00edstiques comunes: (1) les \u00e0rees d&#8217;estudi inclouen zones humides costaneres protegides i\/o rius, (2) hi ha una varietat de localitats rurals i semirurals aix\u00ed com petites ciutats, (3) hi ha una poblaci\u00f3 immigrant significativa que s&#8217;ha incrementat en les \u00faltimes d\u00e8cades, (4) el turisme i el sector agropecuari s\u00f3n una part important de l&#8217;economia; (5) les \u00e0rees de estudi es troben relativament allunyades de grans ciutats.<br><br>Les \u00e0rees concretes d&#8217;estudi s\u00f3n presentades breument a continuaci\u00f3\u00a0(en l&#8217;apartat dedicat a &#8216;<a href=\"http:\/\/geografia.uab.cat\/migracions\/cat\/Projecte_Immigrants-Integration_Resultats.htm\">principals <\/a><a href=\"https:\/\/webs.uab.cat\/migracions\/ca\/principals-resultats-relacionats-amb-el-projecte\/\">resultats<\/a>&#8216; es mostren algunes fotografies de les mateixes):<\/p>\n\n\n\n<p><strong>1) Est de la comarca de l&#8217; Alt Empord\u00e0 (prov\u00edncia de Girona, Catalunya, Espanya)<\/strong><br>Aquesta comarca situada al nord-est de la pen\u00ednsula ib\u00e8rica, t\u00e9 com a l\u00edmit en la seva part nord la frontera entre els estats espanyol i franc\u00e8s, i alberga al seu interior nombrosos espais naturals entre els quals es poden destacar el Parc Natural del Cap de Creus, el Parc Natural dels Aiguamolls de l&#8217; Empord\u00e0 i el Paratge Natural d&#8217;Inter\u00e8s Nacional de l&#8217;Albera. L&#8217;estudi s&#8217;ha focalitzat en algunes de les localitats situades a les proximitats d&#8217;aquests espais com les petites ciutats de Roses i Castell\u00f3 d&#8217;Emp\u00faries, aix\u00ed com altres localitats properes com l&#8217;Armentera, Cadaqu\u00e9s, l&#8217;Escala, Garriguella, Palau- Saverdera, Pau, Rab\u00f3s i Sant Pere Pescador. Totes elles es troben a la meitat oriental i m\u00e9s propera al mediterrani de l&#8217;esmentada comarca de l&#8217;Alt Empord\u00e0. El sector del turisme t\u00e9 un pes molt important en aquesta \u00e0rea d&#8217;estudi, per\u00f2 al mateix temps el sector primari conserva un pes relativament destacable (de cara a poder contrastar algunes q\u00fcestions particulars, tamb\u00e9 s&#8217;ha realitzat treball de camp en el vessant franc\u00e8s de l&#8217;Albera). Els percentatges de poblaci\u00f3 resident estrangera en aquestes localitats es troben en general bastant per sobre de la mitjana espanyola i catalana.(clica sobre el mapa)<\/p>\n\n\n<div class=\"wp-block-image\">\n<figure class=\"aligncenter size-full\"><img loading=\"lazy\" decoding=\"async\" width=\"165\" height=\"234\" src=\"https:\/\/webs.uab.cat\/migracions\/wp-content\/uploads\/sites\/534\/2024\/02\/image-19.png\" alt=\"\" class=\"wp-image-360\" \/><\/figure>\n<\/div>\n\n\n<p><strong>2) Alentejo Litoral (Alentejo, Sud-Oest de Portugal)<\/strong><br>El principal focus d&#8217;atenci\u00f3 a Portugal ha sigut el&nbsp;<em>concelho<\/em>&nbsp;de Odemira. Aquest municipi est\u00e0 situat a la costa sud-oest de Portugal, \u00e9s el m\u00e9s extens del pa\u00eds i al mateix temps \u00e9s un dels menys densament poblats. El&nbsp;<em>concelho<\/em>&nbsp;d&#8217;Odemira es troba dividit en 17&nbsp;<em>freguesias<\/em>&nbsp;(entitat administrativa inferior al municipi). Una de les caracter\u00edstiques del&nbsp;<em>concelho<\/em>&nbsp;\u00e9s la seva varietat en termes paisatg\u00edstics i socioecon\u00f2mics que permeten distingir entre una franja litoral, una franja central i una franja m\u00e9s interior. La primera acull un important sector dedicat a l&#8217;agricultura intensiva juntament amb un relativament destacable sector tur\u00edstic. En aquesta es troba en la seva major part el&nbsp;<em>Parque Natural do Sudoeste Alentejano e Costa Vicentina<\/em>. La segona franja alberga els majors nuclis de poblaci\u00f3 juntament amb els principals serveis. Mentre que la tercera presenta un terreny m\u00e9s muntany\u00f3s, \u00e9s la que ha patit amb m\u00e9s cruesa el proc\u00e9s de despoblament i en ella tenen una pres\u00e8ncia m\u00e9s destacable les activitats agropecu\u00e0ries tradicionals. Els percentatges de poblaci\u00f3 resident estrangera a Odemira es troben en general per sobre de la mitjana portuguesa i alentejana. De cara a poder contrastar algunes q\u00fcestions particulars, tamb\u00e9 s&#8217;ha realitzat treball de camp en altres<em>&nbsp;concelhos<\/em>&nbsp;de l&#8217;Alentejo Litoral com s\u00f3n Sines i Santiago do Cac\u00e9m.&nbsp;(clica sobre el mapa)<\/p>\n\n\n<div class=\"wp-block-image\">\n<figure class=\"aligncenter size-full\"><img loading=\"lazy\" decoding=\"async\" width=\"207\" height=\"293\" src=\"https:\/\/webs.uab.cat\/migracions\/wp-content\/uploads\/sites\/534\/2024\/02\/image-20.png\" alt=\"\" class=\"wp-image-363\" \/><\/figure>\n<\/div>\n\n\n<p><strong>3) Nord-oest peloponesi i illa de Zante (Gr\u00e8cia Occidental, Gr\u00e8cia)<\/strong><br>Els municipis d&#8217;estudi principal s\u00f3n els peloponesis d\u2019 Andravida-Kyllini i Kato-Achaia, aix\u00ed com en menor mesura la molt propera illa de Zante\/Zakynthos. Es tracta de territoris tots ells pertanyents a la regi\u00f3 de Gr\u00e8cia occidental. Les \u00e0rees naturals protegides de Kotychi Strofylia es troben al nord-oest de la Pen\u00ednsula del Pelopon\u00e8s a cavall entre Andravida-Kyllini i Kato Achaia (totes dues amb una economia dedicada tant a l&#8217;agricultura intensiva com en diferent mesura al turisme), mentre que a la molt tur\u00edstica illa de Zante tamb\u00e9 ressalten algunes \u00e0rees naturals protegides que, per exemple, acullen una esp\u00e8cie emblem\u00e0tica de tortugues. Els percentatges de poblaci\u00f3 resident estrangera en aquestes localitats gregues s\u00f3n tamb\u00e9 molt destacables. Per exemple, entre elles es troba la localitat de Manolada (municipalitat de Andravida-Kyllini) que durant els darrers anys ha estat retratada en diverses ocasions per la premsa nacional i internacional a causa d&#8217;atacs racistes contra immigrants d&#8217;origen asi\u00e0tic per\u00f2 que tamb\u00e9 ha comptat amb mostres de solidaritat.&nbsp;(clica sobre el mapa)<\/p>\n\n\n<div class=\"wp-block-image\">\n<figure class=\"aligncenter size-full is-resized\"><img loading=\"lazy\" decoding=\"async\" width=\"222\" height=\"314\" src=\"https:\/\/webs.uab.cat\/migracions\/wp-content\/uploads\/sites\/534\/2024\/02\/image-21.png\" alt=\"\" class=\"wp-image-366\" style=\"width:220px;height:auto\" srcset=\"https:\/\/webs.uab.cat\/migracions\/wp-content\/uploads\/sites\/534\/2024\/02\/image-21.png 222w, https:\/\/webs.uab.cat\/migracions\/wp-content\/uploads\/sites\/534\/2024\/02\/image-21-212x300.png 212w\" sizes=\"auto, (max-width: 222px) 100vw, 222px\" \/><\/figure>\n<\/div>\n\n\n<p><strong>4) Warwickshire meridional (Anglaterra, Regne Unit)<\/strong><br>L&#8217;\u00e0rea d&#8217;estudi anglesa \u00e9s el sud de Warwickshire (West Midlands) que inclou, entre altres localitats, la petita ciutat de Stratford upon Avon, el nostre focus d&#8217;atenci\u00f3. Els sectors econ\u00f2mics m\u00e9s importants a Stratford upon Avon s\u00f3n el turisme i, vinculat a aquest, el comer\u00e7. El top\u00f2nim, \u2018Stratford\u2019 significa \u2018gual creuat per una cal\u00e7ada romana\u2019, mentre que \u2018Avon\u2019 fa refer\u00e8ncia al riu hom\u00f2nim (en lleng\u00fces celtes, inclosa la gal\u00b7lesa, \u2018Afon\u2019 significa riu). Aix\u00ed, durant molts segles, Stratford upon Avon ha estat un assentament hum\u00e0 connectat a altres llocs i gents tant per terra com per aigua. Pel que fa al turisme, avui Stratford upon Avon atrau turistes de tot el m\u00f3n, molts d&#8217;ells atrets per la relaci\u00f3 de la localitat amb William Shakespeare. A part d&#8217;importants atraccions culturals, a la zona hi ha diversos espais naturals protegits i el sector agropecuari t\u00e9 un pes relativament destacable. Durant els \u00faltims anys, a m\u00e9s de la immigraci\u00f3 procedent d&#8217;Am\u00e8rica del Nord i de pa\u00efsos de la Commonwealth, nous immigrants procedents de Pol\u00f2nia i altres pa\u00efsos d&#8217;Europa centreoriental s&#8217;han instal\u00b7lat a Stratford upon Avon i els seus voltants.&nbsp;(clica sobre el mapa)<\/p>\n\n\n<div class=\"wp-block-image\">\n<figure class=\"aligncenter size-full\"><img loading=\"lazy\" decoding=\"async\" width=\"289\" height=\"410\" src=\"https:\/\/webs.uab.cat\/migracions\/wp-content\/uploads\/sites\/534\/2024\/02\/image-22.png\" alt=\"\" class=\"wp-image-369\" srcset=\"https:\/\/webs.uab.cat\/migracions\/wp-content\/uploads\/sites\/534\/2024\/02\/image-22.png 289w, https:\/\/webs.uab.cat\/migracions\/wp-content\/uploads\/sites\/534\/2024\/02\/image-22-211x300.png 211w\" sizes=\"auto, (max-width: 289px) 100vw, 289px\" \/><\/figure>\n<\/div>\n\n\n<p><strong>5) Sud-est d&#8217; Austr\u00e0lia Meridional (Austr\u00e0lia)<\/strong><br>El territori estudiat a South Austr\u00e0lia est\u00e0 vinculat a la part baixa del riu Murray, l&#8217;estany Alexandrina i a la badia Encounter i inclou tres \u00e0rees de govern local (LGA) diferents situades al llarg d&#8217;un eix nord-est &#8211; sud-oest: Murray Bridge (considerada&nbsp;<em>Rural City<\/em>), Alexandrina (considerada&nbsp;<em>District Council<\/em>) i Victor Harbor (considerada&nbsp;<em>City Council<\/em>). Els top\u00f2nims d&#8217;aquestes tres localitats estan vinculats a l&#8217;aigua. La identitat geogr\u00e0fica de la primera i la segona estan directament relacionades amb el riu Murray i el llac Alexandrina respectivament (aquest riu flueix cap a la seva desembocadura a trav\u00e9s de l&#8217;esmentat llac). Pel que fa a Victor Harbor LGA, la seva identitat geogr\u00e0fica est\u00e0 principalment lligada a la badia Encounter. Aquesta \u00e9s la badia on la desembocadura del riu Murray arriba a l&#8217;oce\u00e0 Ant\u00e0rtic. Des d&#8217;algunes parts de Victor Harbor \u00e9s possible veure a simple vista la zona de la desembocadura del riu Murray i hi ha rutes mar\u00edtimes que connecten la localitat i el&nbsp;<em>Coorong<\/em>. Aquest espai natural denominat Coorong es troba protegit a nivell nacional i internacional, especialment a causa de la pres\u00e8ncia d&#8217;aus (clica sobre el mapa). L&#8217;economia d&#8217;aquesta \u00e0rea d&#8217;estudi es basa en bona mesura en el turisme i l\u2019agricultura. Els percentatges de poblaci\u00f3 immigrant (tant interna com internacional) en aquestes localitats australianes s\u00f3n tamb\u00e9 destacables (encara que menors que en els casos d&#8217;estudi del sud d&#8217;Europa), especialment si es contrasten amb \u00e0rees no &#8211; metropolitanes situades m\u00e9s cap a l&#8217;interior d&#8217;Austr\u00e0lia. De cara a poder explorar algunes q\u00fcestions, tamb\u00e9 s&#8217;ha realitzat treball de camp en altres localitats de South Australia amb immigraci\u00f3 recent com Naracoorte i Mount Gambier.<\/p>\n\n\n<div class=\"wp-block-image\">\n<figure class=\"aligncenter size-full\"><img loading=\"lazy\" decoding=\"async\" width=\"240\" height=\"339\" src=\"https:\/\/webs.uab.cat\/migracions\/wp-content\/uploads\/sites\/534\/2024\/02\/image-23.png\" alt=\"\" class=\"wp-image-372\" srcset=\"https:\/\/webs.uab.cat\/migracions\/wp-content\/uploads\/sites\/534\/2024\/02\/image-23.png 240w, https:\/\/webs.uab.cat\/migracions\/wp-content\/uploads\/sites\/534\/2024\/02\/image-23-212x300.png 212w\" sizes=\"auto, (max-width: 240px) 100vw, 240px\" \/><\/figure>\n<\/div>","protected":false},"excerpt":{"rendered":"<p>Aquesta investigaci\u00f3 ha centrat l&#8217;atenci\u00f3 en \u00e0rees d&#8217;estudi localitzades principalment a Espanya, per\u00f2 ha tingut tamb\u00e9 una dimensi\u00f3 comparativa internacional gr\u00e0cies a la realitzaci\u00f3 de treballs de camp a Gr\u00e8cia, Portugal, el Regne Unit i Austr\u00e0lia. Entre les raons de l&#8217;elecci\u00f3 dels territoris en els que s&#8217;ha dut a terme treball de camp s\u2019hi troben [&hellip;]<\/p>\n","protected":false},"author":2819,"featured_media":0,"parent":0,"menu_order":0,"comment_status":"closed","ping_status":"closed","template":"","meta":{"footnotes":""},"class_list":["post-359","page","type-page","status-publish","hentry"],"_links":{"self":[{"href":"https:\/\/webs.uab.cat\/migracions\/ca\/wp-json\/wp\/v2\/pages\/359","targetHints":{"allow":["GET"]}}],"collection":[{"href":"https:\/\/webs.uab.cat\/migracions\/ca\/wp-json\/wp\/v2\/pages"}],"about":[{"href":"https:\/\/webs.uab.cat\/migracions\/ca\/wp-json\/wp\/v2\/types\/page"}],"author":[{"embeddable":true,"href":"https:\/\/webs.uab.cat\/migracions\/ca\/wp-json\/wp\/v2\/users\/2819"}],"replies":[{"embeddable":true,"href":"https:\/\/webs.uab.cat\/migracions\/ca\/wp-json\/wp\/v2\/comments?post=359"}],"version-history":[{"count":2,"href":"https:\/\/webs.uab.cat\/migracions\/ca\/wp-json\/wp\/v2\/pages\/359\/revisions"}],"predecessor-version":[{"id":1473,"href":"https:\/\/webs.uab.cat\/migracions\/ca\/wp-json\/wp\/v2\/pages\/359\/revisions\/1473"}],"wp:attachment":[{"href":"https:\/\/webs.uab.cat\/migracions\/ca\/wp-json\/wp\/v2\/media?parent=359"}],"curies":[{"name":"wp","href":"https:\/\/api.w.org\/{rel}","templated":true}]}}