{"id":36,"date":"2024-01-11T11:50:46","date_gmt":"2024-01-11T09:50:46","guid":{"rendered":"https:\/\/webs.uab.cat\/migracions\/?page_id=36"},"modified":"2024-04-08T11:07:53","modified_gmt":"2024-04-08T09:07:53","slug":"enllacos","status":"publish","type":"page","link":"https:\/\/webs.uab.cat\/migracions\/ca\/enllacos\/","title":{"rendered":"Contacte i alguns enlla\u00e7os"},"content":{"rendered":"\n<p><strong>CONTACTE amb GRM a la UAB:<\/strong><\/p>\n\n\n\n<p><em><strong>GRM<\/strong><br><\/em>Despatx B9-1068, Departament de Geografia,<br>Facultat de Filosofia i Lletres, Edifici B, Universitat Aut\u00f2noma de Barcelona, UAB.<br>08193 Bellaterra &#8211; Barcelona<br>Tel.: (+34) 93 581 48 09 (coordinaci\u00f3)<br>Fax: (+34) 93 581 20 01<br>Web:\u00a0<a href=\"http:\/\/webs.uab.cat\/migracions\/\" target=\"_blank\" rel=\"noreferrer noopener\">http:\/\/webs.uab.cat\/migracions\/<\/a><\/p>\n\n\n\n<hr class=\"wp-block-separator has-alpha-channel-opacity is-style-dots\" \/>\n\n\n\n<div class=\"wp-block-columns alignwide is-layout-flex wp-container-core-columns-is-layout-9d6595d7 wp-block-columns-is-layout-flex\">\n<div class=\"wp-block-column is-layout-flow wp-block-column-is-layout-flow\" style=\"flex-basis:33.33%\">\n<p class=\"has-text-align-right\"><strong><a href=\"https:\/\/webs.uab.cat\/migracions\/enllacos\/\">Enlla\u00e7os<\/a><\/strong><\/p>\n\n\n\n<p class=\"has-text-align-right\"><strong><a href=\"https:\/\/webs.uab.cat\/migracions\/enllacos-dalgunes-institucions-organismes-i-centres-de-recerca-relacionats-amb-les-migracions-a-catalunya\/(s'obre en una pestanya nova)\">Enlla\u00e7os d&#8217;algunes institucions, organismes i centres de recerca relacionats amb les migracions a Catalunya<\/a><\/strong><\/p>\n\n\n\n<p class=\"has-text-align-right\"><strong><a href=\"https:\/\/webs.uab.cat\/migracions\/algunes-institucions-organismes-i-centres-relacionats-amb-les-migracions-a-escala-despanya-o-altres-comunitats-autonomes\/\">Enlla\u00e7os d&#8217;algunes institucions, organismes i centres de recerca relacionats amb les migracions a escala d&#8217;Espanya o altres comunitats aut\u00f2nomes<\/a><\/strong><\/p>\n\n\n\n<p class=\"has-text-align-right\"><strong><a href=\"https:\/\/webs.uab.cat\/migracions\/enllacos-dalgunes-institucions-organismes-i-centres-de-recerca-relacionats-amb-les-migracions\/\">Enlla\u00e7os d&#8217;algunes institucions, organismes i centres de recerca relacionats amb les migracions<\/a><\/strong><\/p>\n\n\n\n<p class=\"has-text-align-right\"><strong><a href=\"https:\/\/webs.uab.cat\/migracions\/enllacos-dalgunes-institucions-organismes-i-centres-de-recerca-relacionats-amb-les-migracionsper-ordre-alfabetic-de-paisos\/\">Enlla\u00e7os d&#8217;algunes institucions, organismes i centres de recerca relacionats amb les migracions(per ordre alfab\u00e8tic de pa\u00efsos)<\/a><\/strong><\/p>\n\n\n\n<p class=\"has-text-align-right\"><strong><a href=\"https:\/\/webs.uab.cat\/migracions\/llistat-dalgunes-revistes\/\">Llistat d&#8217;algunes revistes<\/a><\/strong><\/p>\n<\/div>\n\n\n\n<div class=\"wp-block-column is-layout-flow wp-block-column-is-layout-flow\" style=\"flex-basis:66.66%\">\n<p><strong>PROJECTES EXTERNS RELACIONATS AMB GRM:<\/strong><\/p>\n\n\n\n<p class=\"has-large-font-size\"><strong>Per exemple, a Fran\u00e7a:<\/strong><\/p>\n\n\n\n<p class=\"has-large-font-size\"><strong>&#8220;CAMIGRI. Les campagnes fran\u00e7aises dans la dynamique des migrations internationales&#8221; (MIGRINTER, Universit\u00e9 de Poitiers, CNRS)<\/strong><\/p>\n\n\n\n<p><em>Le programme&nbsp;<strong>CAMIGRI<\/strong>&nbsp;propose d\u2019\u00e9clairer la dynamique de changement des campagnes \u00e0 partir d\u2019une analyse centr\u00e9e sur les migrations internationales. La question transversale qui est pos\u00e9e est la suivante&nbsp;:&nbsp;<strong>comment les campagnes continuent \u00e0 \u00ab&nbsp;faire soci\u00e9t\u00e9&nbsp;\u00bb avec des habitants qui ont des exp\u00e9riences de mobilit\u00e9, des modalit\u00e9s d\u2019insertion dans des circuits \u00e9conomiques, des engagements, des valeurs et des modes de vie extr\u00eamement divers, et souvent, des int\u00e9r\u00eats divergents<\/strong>&nbsp;?<\/em><\/p>\n\n\n\n<p><em>Le projet CAMIGRI entend examiner le jeu des migrations internationales \u00e0 partir de&nbsp;<strong>trois hypoth\u00e8ses<\/strong>&nbsp;:<\/em><\/p>\n\n\n\n<ol class=\"wp-block-list\">\n<li>la migration internationale apporte actuellement une contribution aux reprises d\u00e9mographiques et \u00e0 la diversification du peuplement de certaines campagnes mais elle est aussi un facteur de diff\u00e9renciation et de segmentation socio-\u00e9conomique des territoires \u00e0 diff\u00e9rentes \u00e9chelles&nbsp;;<\/li>\n\n\n\n<li>si elle appara\u00eet comme un vecteur d\u2019int\u00e9gration internationale des campagnes, elle peut \u00e9galement exprimer la marginalisation plus ou moins \u00ab&nbsp;visible&nbsp;\u00bb de certaines populations, ce qui appelle \u00e0 approfondir l\u2019\u00e9tude des nouvelles sociabilit\u00e9s qui y prennent place&nbsp;;<\/li>\n\n\n\n<li>si la migration internationale participe au dynamisme \u00e9conomique des territoires ruraux, elle joue un r\u00f4le diff\u00e9renci\u00e9 dans les strat\u00e9gies de d\u00e9veloppement local.<\/li>\n<\/ol>\n\n\n\n<p><em>Afin d\u2019analyser ces hypoth\u00e8ses, le projet privil\u00e9gie trois entr\u00e9es&nbsp;: le logement et les mobilit\u00e9s, et par extension le fonctionnement des&nbsp;<strong>espaces r\u00e9sidentiels<\/strong>&nbsp;des migrants&nbsp;internationaux ; leurs&nbsp;<strong>activit\u00e9s \u00e9conomiques<\/strong>&nbsp;; l\u2019<strong>action publique<\/strong>&nbsp;et les&nbsp;<strong>politiques d\u2019accueil.<\/strong><\/em><\/p>\n\n\n\n<ul class=\"wp-block-list\">\n<li>Dans le cadre d\u2019un&nbsp;<strong>premier objectif<\/strong>&nbsp;nous proposons un portrait d\u00e9taill\u00e9 des migrants internationaux dans les campagnes fran\u00e7aises. Les donn\u00e9es statistiques disponibles (Recensements de la population, EDP, EFL) feront l\u2019objet d\u2019analyses descriptives \u00e0 l\u2019\u00e9chelle nationale. Elles seront int\u00e9gr\u00e9es dans un Syst\u00e8me d\u2019Information G\u00e9ographique permettant de relier les dynamiques migratoires aux dynamiques des territoires ruraux. Ces donn\u00e9es n\u2019offrant qu\u2019une vue partielle des formes de migrations internationales, notamment des circulations internationales, ce portrait sera compl\u00e9t\u00e9 par des typologies issues d\u2019observations prolong\u00e9es sur des terrains de recherche du Sud-ouest fran\u00e7ais (Maine et Loire, Vienne, Dordogne, Ari\u00e8ge). Des enqu\u00eates biographiques seront \u00e9galement conduites aupr\u00e8s de migrants afin d\u2019approfondir leurs parcours de vie et leurs modes \u00ab&nbsp;d\u2019habiter la campagne&nbsp;\u00bb.<\/li>\n\n\n\n<li>Un&nbsp;<strong>second objectif<\/strong>&nbsp;portera plus sp\u00e9cialement sur la contribution des migrants internationaux aux \u00e9volutions r\u00e9centes des syst\u00e8mes agricoles. Il s\u2019agit d\u2019abord de d\u00e9terminer si les migrants produisent des formes particuli\u00e8res de syst\u00e8mes productifs agricoles ou s\u2019ils s\u2019ins\u00e8rent dans des formes agricoles communes sur un territoire. Gr\u00e2ce aux enqu\u00eates de terrain men\u00e9es dans le P\u00e9rigord Vert, nous examinerons l\u2019insertion des migrants dans des r\u00e9seaux (migratoires, professionnels, agricoles, de commercialisation) analys\u00e9s comme moyen potentiel d\u2019acc\u00e9der \u00e0 l\u2019activit\u00e9 agricole mais aussi comme moyen de se former, de s\u2019ins\u00e9rer dans une activit\u00e9 et dans des soci\u00e9t\u00e9s locales.<\/li>\n\n\n\n<li><em>&nbsp;Enfin, un&nbsp;<strong>troisi\u00e8me objectif<\/strong>&nbsp;est consacr\u00e9 aux centres d\u2019accueil pour demandeurs d\u2019asile implant\u00e9s dans les campagnes. A partir de l\u2019\u00e9tude de CADAs et d\u2019autres formes de mobilisation pour l\u2019accueil des migrants, il s\u2019agit de documenter le processus de localisation des demandeurs d\u2019asile en milieu rural. L\u2019analyse est centr\u00e9e sur les effets de la politique nationale en mati\u00e8re d\u2019asile sur les dynamiques d\u00e9mographiques, de maintien ou transformation des services publics et de prise en charge du social qu\u2019ont \u00e0 conna\u00eetre les campagnes. Men\u00e9es aux moyens de techniques ethnographiques (entretiens, observations et photo-documentation), les enqu\u00eates de terrain viendront ajouter \u00e0 la caract\u00e9risation des espaces ruraux par la mise en \u00e9vidence des r\u00e9actions et des ajustements qui s\u2019op\u00e8rent et qui modifient le profil socio-\u00e9conomique des campagnes.<\/em><\/li>\n<\/ul>\n\n\n\n<p><strong><a href=\"https:\/\/webs.uab.cat\/migracions\/enllacos-dalgunes-institucions-organismes-i-centres-de-recerca-relacionats-amb-les-migracions-a-catalunya\/(s'obre en una pestanya nova)\">Enlla\u00e7os d&#8217;algunes institucions, organismes i centres de recerca relacionats amb les migracions a Catalunya<\/a><br><br><a href=\"https:\/\/webs.uab.cat\/migracions\/algunes-institucions-organismes-i-centres-relacionats-amb-les-migracions-a-escala-despanya-o-altres-comunitats-autonomes\/\">Enlla\u00e7os d&#8217;algunes institucions, organismes i centres de recerca relacionats amb les migracions a escala d&#8217;Espanya o altres comunitats aut\u00f2nomes<\/a><br><br><a href=\"https:\/\/webs.uab.cat\/migracions\/enllacos-dalgunes-institucions-organismes-i-centres-de-recerca-relacionats-amb-les-migracions\/\">Enlla\u00e7os d&#8217;algunes institucions, organismes i centres de recerca d&#8217;\u00e0mbit internacional relacionats amb les migracions<\/a><br><br><a href=\"https:\/\/webs.uab.cat\/migracions\/enllacos-dalgunes-institucions-organismes-i-centres-de-recerca-relacionats-amb-les-migracionsper-ordre-alfabetic-de-paisos\/\">Enlla\u00e7os d&#8217;algunes institucions, organismes i centres de recerca d&#8217;altres pa\u00efsos relacionades amb les migracions (per ordre alfab\u00e8tic de pa\u00efsos)<\/a><br><br><a href=\"https:\/\/webs.uab.cat\/migracions\/llistat-dalgunes-revistes\/\">Llistat d&#8217;algunes revistes&nbsp;on es publiquen articles sobre migracions<\/a><\/strong><\/p>\n<\/div>\n<\/div>\n","protected":false},"excerpt":{"rendered":"<p>CONTACTE amb GRM a la UAB: GRMDespatx B9-1068, Departament de Geografia,Facultat de Filosofia i Lletres, Edifici B, Universitat Aut\u00f2noma de Barcelona, UAB.08193 Bellaterra &#8211; BarcelonaTel.: (+34) 93 581 48 09 (coordinaci\u00f3)Fax: (+34) 93 581 20 01Web:\u00a0http:\/\/webs.uab.cat\/migracions\/ Enlla\u00e7os Enlla\u00e7os d&#8217;algunes institucions, organismes i centres de recerca relacionats amb les migracions a Catalunya Enlla\u00e7os d&#8217;algunes institucions, organismes [&hellip;]<\/p>\n","protected":false},"author":2819,"featured_media":0,"parent":0,"menu_order":0,"comment_status":"closed","ping_status":"closed","template":"","meta":{"footnotes":""},"class_list":["post-36","page","type-page","status-publish","hentry"],"_links":{"self":[{"href":"https:\/\/webs.uab.cat\/migracions\/ca\/wp-json\/wp\/v2\/pages\/36","targetHints":{"allow":["GET"]}}],"collection":[{"href":"https:\/\/webs.uab.cat\/migracions\/ca\/wp-json\/wp\/v2\/pages"}],"about":[{"href":"https:\/\/webs.uab.cat\/migracions\/ca\/wp-json\/wp\/v2\/types\/page"}],"author":[{"embeddable":true,"href":"https:\/\/webs.uab.cat\/migracions\/ca\/wp-json\/wp\/v2\/users\/2819"}],"replies":[{"embeddable":true,"href":"https:\/\/webs.uab.cat\/migracions\/ca\/wp-json\/wp\/v2\/comments?post=36"}],"version-history":[{"count":3,"href":"https:\/\/webs.uab.cat\/migracions\/ca\/wp-json\/wp\/v2\/pages\/36\/revisions"}],"predecessor-version":[{"id":1175,"href":"https:\/\/webs.uab.cat\/migracions\/ca\/wp-json\/wp\/v2\/pages\/36\/revisions\/1175"}],"wp:attachment":[{"href":"https:\/\/webs.uab.cat\/migracions\/ca\/wp-json\/wp\/v2\/media?parent=36"}],"curies":[{"name":"wp","href":"https:\/\/api.w.org\/{rel}","templated":true}]}}