{"id":495,"date":"2024-02-28T15:54:48","date_gmt":"2024-02-28T13:54:48","guid":{"rendered":"https:\/\/webs.uab.cat\/migracions\/?page_id=495"},"modified":"2025-03-17T12:05:23","modified_gmt":"2025-03-17T10:05:23","slug":"bases-de-dades","status":"publish","type":"page","link":"https:\/\/webs.uab.cat\/migracions\/ca\/bases-de-dades\/","title":{"rendered":"Bases de dades"},"content":{"rendered":"\n<p><strong>Base de dades bibliogr\u00e0fiques sobre migracions a Catalunya<\/strong><\/p>\n\n\n\n<p>La realitzaci\u00f3 d&#8217;aquesta base de dades bibliogr\u00e0fica s&#8217;emmarca en un projecte de recerca m\u00e9s ampli desenvolupat per Ver\u00f3nica de Miguel, Ricard Mor\u00e9n Alegret i Miguel Solana &#8211; membres del GRM de la UAB &#8211; sobre&nbsp;<strong>&#8220;Migracions a Catalunya. L&#8217;estat de la q\u00fcesti\u00f3 (1975-2000)&#8221;<\/strong>&nbsp;que va ser dirigit per \u00c0ngels Pascual de Sans i finan\u00e7at per la Fundaci\u00f3 Castellet del Foix. Posteriorment es va procedir a la seva actualitzaci\u00f3 fins al 2003 gr\u00e0cies al finan\u00e7ament de la Secretaria per a la Immigraci\u00f3 de la Generalitat de Catalunya. Donant continu\u00eftat al projecte esmentat anteriorment, gr\u00e0cies a l&#8217;ajut de la Fundaci\u00f3 Jaume Bofill i sota la direcci\u00f3 de Pau Mota, la base de dades ha estat&nbsp;<strong>actualitzada fins a l&#8217;any 2007<\/strong>.<\/p>\n\n\n\n<p>Un altre producte d&#8217;aquella recerca disponible a Internet \u00e9s la realitzaci\u00f3 d&#8217;un informe en el que s&#8217;analitzava aquesta i altres bases de dades.<\/p>\n\n\n\n<p>Aquesta base de dades va ser realitzada amb el programa inform\u00e0tic ACCESS. La seva consulta es pot realitzar seguint les possibilitats que ofereix aquest software. Per exemple, poden fer-se cerques de paraules clau. Una lectura de l&#8217;informe esmentat pot ser \u00fatil per treure m\u00e9s suc a la consulta de la base de dades.<\/p>\n\n\n\n<p class=\"has-text-align-center\"><strong><a href=\"https:\/\/webs.uab.cat\/migracions\/wp-content\/uploads\/sites\/534\/2025\/03\/Base-de-dades-ditems-sobre-migracions-1.pdf\">CONSULTAR BASE DE DADES\u00a0(fins al 2007) (PDF)<\/a><\/strong><\/p>\n","protected":false},"excerpt":{"rendered":"<p>Base de dades bibliogr\u00e0fiques sobre migracions a Catalunya La realitzaci\u00f3 d&#8217;aquesta base de dades bibliogr\u00e0fica s&#8217;emmarca en un projecte de recerca m\u00e9s ampli desenvolupat per Ver\u00f3nica de Miguel, Ricard Mor\u00e9n Alegret i Miguel Solana &#8211; membres del GRM de la UAB &#8211; sobre&nbsp;&#8220;Migracions a Catalunya. L&#8217;estat de la q\u00fcesti\u00f3 (1975-2000)&#8221;&nbsp;que va ser dirigit per \u00c0ngels [&hellip;]<\/p>\n","protected":false},"author":2819,"featured_media":0,"parent":0,"menu_order":0,"comment_status":"closed","ping_status":"closed","template":"","meta":{"footnotes":""},"class_list":["post-495","page","type-page","status-publish","hentry"],"_links":{"self":[{"href":"https:\/\/webs.uab.cat\/migracions\/ca\/wp-json\/wp\/v2\/pages\/495","targetHints":{"allow":["GET"]}}],"collection":[{"href":"https:\/\/webs.uab.cat\/migracions\/ca\/wp-json\/wp\/v2\/pages"}],"about":[{"href":"https:\/\/webs.uab.cat\/migracions\/ca\/wp-json\/wp\/v2\/types\/page"}],"author":[{"embeddable":true,"href":"https:\/\/webs.uab.cat\/migracions\/ca\/wp-json\/wp\/v2\/users\/2819"}],"replies":[{"embeddable":true,"href":"https:\/\/webs.uab.cat\/migracions\/ca\/wp-json\/wp\/v2\/comments?post=495"}],"version-history":[{"count":3,"href":"https:\/\/webs.uab.cat\/migracions\/ca\/wp-json\/wp\/v2\/pages\/495\/revisions"}],"predecessor-version":[{"id":2767,"href":"https:\/\/webs.uab.cat\/migracions\/ca\/wp-json\/wp\/v2\/pages\/495\/revisions\/2767"}],"wp:attachment":[{"href":"https:\/\/webs.uab.cat\/migracions\/ca\/wp-json\/wp\/v2\/media?parent=495"}],"curies":[{"name":"wp","href":"https:\/\/api.w.org\/{rel}","templated":true}]}}