{"id":498,"date":"2024-02-28T15:59:31","date_gmt":"2024-02-28T13:59:31","guid":{"rendered":"https:\/\/webs.uab.cat\/migracions\/?page_id=498"},"modified":"2024-09-02T16:11:32","modified_gmt":"2024-09-02T14:11:32","slug":"working-papers","status":"publish","type":"page","link":"https:\/\/webs.uab.cat\/migracions\/ca\/working-papers\/","title":{"rendered":"Working Papers"},"content":{"rendered":"\n<p class=\"has-large-font-size\"><strong>Benvinguts i benvingudes a la&nbsp;<em>GRM Working Paper Series<\/em><\/strong><\/p>\n\n\n\n<p>Aquesta s\u00e8rie de&nbsp;<em>Working Papers<\/em>&nbsp;t\u00e9 com a objectiu donar a con\u00e8ixer treballs cient\u00edfics en curs relacionats amb l\u2019estudi de les migracions. La s\u00e8rie inclou contribucions variades tant d\u2019autores i autors externs o convidats, com de personal investigador vinculat a la UAB. A continuaci\u00f3 trobareu els enlla\u00e7os per descarregar-vos els&nbsp;<em>Working papers<\/em>&nbsp;elaborats fins al moment.<\/p>\n\n\n\n<p><a href=\"https:\/\/webs.uab.cat\/migracions\/wp-content\/uploads\/sites\/534\/2024\/09\/GRM-WP-2011_Mas-Palacios-Moren-Alegret.pdf\"><em>WP-GRM-2011:\u00a0<\/em>MAS-PALACIOS, A.; MOR\u00c9N-ALEGRET, R. (2011)\u00a0<em>\u00bfContraurbanizaci\u00f3n internacional? Inmigraci\u00f3n extranjera en el entorno de espacios naturales protegidos de la Espa\u00f1a peninsular.<\/em>\u00a0GRM Working Paper, preliminary issue.<\/a><\/p>\n\n\n\n<p><a href=\"https:\/\/webs.uab.cat\/migracions\/wp-content\/uploads\/sites\/534\/2024\/09\/WP-GRM-2012-0_Moren-Mota-Pascual_UAB.pdf\"><em>WP-GRM-2012-0:<\/em>\u00a0MOR\u00c9N-ALEGRET, R.; MOTA, P.; PASCUAL-DE-SANS, \u00c0. (2012)\u00a0<em>International migration, health and place in rural and semi-rural Spain.\u00a0<\/em>GRM Working Papers, n\u00fam. 0.<\/a><\/p>\n\n\n\n<p><a href=\"https:\/\/webs.uab.cat\/migracions\/wp-content\/uploads\/sites\/534\/2024\/09\/WP-GRM-2013-1_Vilaseca-Trepat-FMR.pdf\"><em>WP-GRM-2013-1:\u00a0<\/em>VILASECA, A.; TREPAT, E.\u00a0(2013)<em>\u00a0Migracions juvenils i desenvolupament territorial.\u00a0<\/em>GRM Working Papers, n\u00fam. 1.<\/a><\/p>\n\n\n\n<p><em><a href=\"http:\/\/geografia.uab.cat\/migracions\/cas\/publicacions%20i%20documents\/GRM%20working%20papers\/WP-GRM-2013-2_Turhan-ICTA.pdf\">WP-GRM-2013-2:&nbsp;<\/a><\/em><a href=\"http:\/\/geografia.uab.cat\/migracions\/cas\/publicacions%20i%20documents\/GRM%20working%20papers\/WP-GRM-2013-2_Turhan-ICTA.pdf\">TURHAN, E. (2013)<\/a>&nbsp;<a href=\"http:\/\/geografia.uab.cat\/migracions\/cas\/publicacions%20i%20documents\/GRM%20working%20papers\/WP-GRM-2013-2_Turhan-ICTA.pdf\"><em>Vulnerability, climate change and agricultural labor migration: a critical note from Turkey<\/em>. GRM Working Papers, n\u00fam. 2.<\/a><\/p>\n\n\n\n<p><a href=\"https:\/\/webs.uab.cat\/migracions\/wp-content\/uploads\/sites\/534\/2024\/09\/WP-GRM-2014-3_Zovko-U-Zadar.pdf\"><em>WP-GRM-2014-3:<\/em>\u00a0ZOVKO, M. (2014)\u00a0<em>Algunas peculiaridades de la narrativa actual sobre la inmigraci\u00f3n extranjera en Espa\u00f1a<\/em>. GRM Working Papers, n\u00fam. 3.<\/a><\/p>\n\n\n\n<p><a href=\"https:\/\/webs.uab.cat\/migracions\/wp-content\/uploads\/sites\/534\/2024\/09\/GRM-WP-4-2014.pdf\"><em>WP-GRM-2014-4:\u00a0<\/em>MAS-PALACIOS, A.; MOR\u00c9N-ALEGRET, R.; FONSECA, L. (2014)\u00a0<em>How natural protected areas are influential on immigration in peripheral areas? Exploring European immigration in Alentejo Litoral (Portugal) and Alt Empord\u00e0 (Spain)<\/em>. GRM Working Papers, n\u00fam. 4.<\/a><\/p>\n\n\n\n<p><a href=\"https:\/\/climateandsecurity.org\/2014\/11\/migration-as-a-climate-adaptation-strategy-in-developed-nations\/\"><em>WP-GRM-2015-5:<\/em>\u00a0FATORIC, S. (2015)\u00a0<em>Migration As A Climate Adaptation Strategy In Developed\u00a0Nations<\/em>. GRM Working Papers, n\u00fam. 5 [publicat com el\u00a0<em>Briefer n\u00ba24<\/em>\u00a0del Center for Climate and Security, USA].<\/a><\/p>\n\n\n\n<p><a href=\"https:\/\/journals.openedition.org\/e-migrinter\/545\"><em>WP-GRM-2015-6:<\/em>\u00a0MILAZZO, J. (2015)<em>\u00a0Du contexte villageois au village global. Approche r\u00e9flexive de la contribution th\u00e9orique d\u2019une recherche empirique sur la migration internationale (Cadaqu\u00e9s, Espagne).\u00a0<\/em>GRM Working Papers, n\u00fam. 6 [publicado en e-migrinter n\u00ba13\/2015]<\/a><\/p>\n\n\n\n<p><a href=\"https:\/\/www.academia.edu\/29635036\/El_Comercio_Pakistan%C3%AD_en_el_Camp_de_lArpa_del_Clot.pdf\"><em>WP-GRM-2016-7:\u00a0<\/em>CUBELLS, \u00c0. (2016)\u00a0<em>El comercio pakistan\u00ed en el barrio de Camp del Arpa, Barcelona,\u00a0<\/em>GRM Working Papers, n\u00fam. 7\u00a0[publicat com Treball de Fi de Grau en Geograf\u00eda, UAB]<\/a><\/p>\n\n\n\n<p>Guia per la presentaci\u00f3 de textos:\u00a0<em><a href=\"https:\/\/webs.uab.cat\/migracions\/wp-content\/uploads\/sites\/534\/2024\/09\/Guia_GRM-Working-Papers_bis.pdf\">Clica aqu\u00ed<\/a><\/em><\/p>\n\n\n\n<p><strong>ALTRES&nbsp;<em>WORKING PAPERS<\/em>&nbsp;previs elaborats per col\u00b7laboradors i membres del GRM fins el 2011:<\/strong><\/p>\n\n\n\n<p><a href=\"https:\/\/webs.uab.cat\/migracions\/wp-content\/uploads\/sites\/534\/2024\/09\/Marmer-E.-Scheffran-J.-Sow-P.-2011.pdf\">MARMER, E., SCHEFFRAN, J. &amp; SOW, P. (2011): From security threat to conflict prevention: Integrating migration into climate adaptation policy frameworks in Africa, submitted. Working paper CLISEC-17, Research Group Climate Change and Security, University of Hamburg.<\/a><\/p>\n\n\n\n<p><a href=\"https:\/\/webs.uab.cat\/migracions\/wp-content\/uploads\/sites\/534\/2024\/09\/Scheffran-J.-Marmer-E.-Sow-P.-2011.pdf\">SCHEFFRAN, J., MARMER, E. &amp; SOW, P. (2011): Migration as a resource for resilience and innovation in climate adaptation: Social networks and co-development in Northwest Africa, submitted. Working paper CLISEC-16, Research Group Climate Change and Security, University of Hamburg.<\/a><\/p>\n\n\n\n<p><a href=\"https:\/\/webs.uab.cat\/migracions\/wp-content\/uploads\/sites\/534\/2024\/09\/MIGUEL-V.-de-and-M.-TRANMER-2009.pdf\">MIGUEL, V. de and M. TRANMER (2009) &#8220;Personal Support Networks of Immigrants to Spain: A Multilevel Analysis&#8221;. CCSR Working Paper 2009-07. CCSR-University of Manchester.<\/a><\/p>\n\n\n\n<p><a href=\"https:\/\/webs.uab.cat\/migracions\/wp-content\/uploads\/sites\/534\/2024\/09\/BRUQUETAS-CALLEJO-M_.pdf\">BRUQUETAS-CALLEJO, M.; GARC\u00c9S-MASCARE\u00d1AS, B.; MOR\u00c9N-ALEGRET, R.; PENNINX, R.; RUIZ-VIEYTEZ, E. (2008), &#8220;Immigration and integration policymaking in Spain&#8221;, IMISCOE Working Paper, Working Paper No. 21.<\/a><\/p>\n\n\n\n<p><a href=\"https:\/\/webs.uab.cat\/migracions\/wp-content\/uploads\/sites\/534\/2024\/09\/ros_gonzalez_marin_sow.pdf\">ROS, A.; GONZ\u00c1LEZ, E.; MAR\u00cdN, A.; SOW, P. (2007) &#8220;Migration and Information Flows. A new lens for the study of contemporary Internacional Migration&#8221;, Working Paper, Immigration and Information Society Working Program-IMSI-Internet Interdisciplinary Institute, UOC.<\/a><\/p>\n\n\n\n<p><a href=\"https:\/\/webs.uab.cat\/migracions\/wp-content\/uploads\/sites\/534\/2024\/09\/RODRIGUEZ-GARCIA-D.-2007.pdf\">RODR\u00cdGUEZ GARC\u00cdA, D. (2007) &#8220;Intermarriage Patterns and Socio-ethnic Stratification among Ethnic Groups in Toronto.&#8221; CERIS Working Paper No.60. Toronto: Joint Centre of Excellence for Research on Immigration and Settlement.<\/a><\/p>\n\n\n\n<p><a href=\"https:\/\/webs.uab.cat\/migracions\/wp-content\/uploads\/sites\/534\/2024\/09\/de-miguel_solana_2005.pdf\">De MIGUEL LUKEN, V.; SOLANA SOLANA, M. (2005), \u201cRedes sociales de apoyo de los inmigrantes en zonas rurales y peque\u00f1as ciudades: el caso de Huelva\u201d, en la mesa \u201cInmigraci\u00f3n, aspectos sociales y culturales\u201d,\u00a0<em>IV Seminario sobre la investigaci\u00f3n de la inmigraci\u00f3n extranjera en Andaluc\u00eda<\/em>, (C\u00f3rdoba). 2005 (octubre).<\/a><\/p>\n\n\n\n<p>MOR\u00c9N-ALEGRET, R. (2005), &#8220;Immigrants and immigration policy making: the case of Spain&#8221;, IMISCOE Working Paper, Working Paper n\u00ba10.<\/p>\n\n\n\n<p><a href=\"https:\/\/webs.uab.cat\/migracions\/wp-content\/uploads\/sites\/534\/2024\/09\/article-Solana-De-Miguel-Cardelus.pdf\">SOLANA SOLANA, M.; De MIGUEL, V.; CARDEL\u00daS, J. (2004), \u201cCaracter\u00edsticas y evoluci\u00f3n de las redes migratorias provinciales en Espa\u00f1a durante el siglo XX\u201d dentro de la sesi\u00f3n &#8220;Migraciones interiores, 1850-2000&#8221;.<em>\u00a0VII Congreso de la Asociaci\u00f3n de Demograf\u00eda Hist\u00f3rica<\/em>, (Granada). 2004 (1 a 3 de abril). Organizaci\u00f3n: ADEH yUniversidad de Granada.<\/a><\/p>\n\n\n\n<p><a href=\"https:\/\/webs.uab.cat\/migracions\/wp-content\/uploads\/sites\/534\/2024\/09\/de-miguel_solana_pascual_2004.pdf\">De MIGUEL LUKEN, V.; SOLANA SOLANA, M., PASCUAL DE SANS, \u00c0. (2004), \u201cAplicaci\u00f3n de una encuesta de datos de car\u00e1cter relacional al estudio de las redes migratorias\u201d, dentro de la sesi\u00f3n \u201cTeor\u00eda y m\u00e9todos de investigaci\u00f3n\u201d,\u00a0<em>IV Congreso sobre la Inmigraci\u00f3n en Espa\u00f1a<\/em>, (Girona). 2004 (septiembre).<\/a><\/p>\n\n\n\n<p><a href=\"https:\/\/webs.uab.cat\/migracions\/wp-content\/uploads\/sites\/534\/2024\/09\/de_miguel_2004.pdf\">De MIGUEL LUKEN, V. (2004), \u201cRedes de parentesco en las migraciones internas del siglo XX: diferencias regionales en la geograf\u00eda familiar de los inmigrantes&#8221;\u00a0<em>VII Congreso de la Asociaci\u00f3n de Demograf\u00eda Hist\u00f3rica<\/em>. Granada. 2004 (abril).<\/a><\/p>\n","protected":false},"excerpt":{"rendered":"<p>Benvinguts i benvingudes a la&nbsp;GRM Working Paper Series Aquesta s\u00e8rie de&nbsp;Working Papers&nbsp;t\u00e9 com a objectiu donar a con\u00e8ixer treballs cient\u00edfics en curs relacionats amb l\u2019estudi de les migracions. La s\u00e8rie inclou contribucions variades tant d\u2019autores i autors externs o convidats, com de personal investigador vinculat a la UAB. A continuaci\u00f3 trobareu els enlla\u00e7os per descarregar-vos [&hellip;]<\/p>\n","protected":false},"author":2819,"featured_media":0,"parent":0,"menu_order":0,"comment_status":"closed","ping_status":"closed","template":"","meta":{"footnotes":""},"class_list":["post-498","page","type-page","status-publish","hentry"],"_links":{"self":[{"href":"https:\/\/webs.uab.cat\/migracions\/ca\/wp-json\/wp\/v2\/pages\/498","targetHints":{"allow":["GET"]}}],"collection":[{"href":"https:\/\/webs.uab.cat\/migracions\/ca\/wp-json\/wp\/v2\/pages"}],"about":[{"href":"https:\/\/webs.uab.cat\/migracions\/ca\/wp-json\/wp\/v2\/types\/page"}],"author":[{"embeddable":true,"href":"https:\/\/webs.uab.cat\/migracions\/ca\/wp-json\/wp\/v2\/users\/2819"}],"replies":[{"embeddable":true,"href":"https:\/\/webs.uab.cat\/migracions\/ca\/wp-json\/wp\/v2\/comments?post=498"}],"version-history":[{"count":2,"href":"https:\/\/webs.uab.cat\/migracions\/ca\/wp-json\/wp\/v2\/pages\/498\/revisions"}],"predecessor-version":[{"id":1728,"href":"https:\/\/webs.uab.cat\/migracions\/ca\/wp-json\/wp\/v2\/pages\/498\/revisions\/1728"}],"wp:attachment":[{"href":"https:\/\/webs.uab.cat\/migracions\/ca\/wp-json\/wp\/v2\/media?parent=498"}],"curies":[{"name":"wp","href":"https:\/\/api.w.org\/{rel}","templated":true}]}}