{"id":511,"date":"2024-02-28T16:55:11","date_gmt":"2024-02-28T14:55:11","guid":{"rendered":"https:\/\/webs.uab.cat\/migracions\/?page_id=511"},"modified":"2024-02-28T16:55:12","modified_gmt":"2024-02-28T14:55:12","slug":"imatges-dels-seminaris","status":"publish","type":"page","link":"https:\/\/webs.uab.cat\/migracions\/ca\/imatges-dels-seminaris\/","title":{"rendered":"Imatges dels seminaris"},"content":{"rendered":"\n<p class=\"has-text-align-center\"><strong>12\u00e8 Cicle Anual de Seminaris sobre Migracions Cicle monogr\u00e0fic \u201cMigracions, Arts i Cultura\u201d GRM, Departament de Geografia, UAB Programa Setembre 2013 \u2013 Maig 2014<\/strong><\/p>\n\n\n\n<p class=\"has-text-align-center\">26 de Setembre de 2013, 10:30h: Marco Martiniello, Universit\u00e9 de Li\u00e8ge (Belgium): \u201cPopular Arts, Ethnicity and Migration\u201d<\/p>\n\n\n\n<div class=\"wp-block-columns is-layout-flex wp-container-core-columns-is-layout-9d6595d7 wp-block-columns-is-layout-flex\">\n<div class=\"wp-block-column is-layout-flow wp-block-column-is-layout-flow\">\n<figure class=\"wp-block-image size-full is-resized\"><img loading=\"lazy\" decoding=\"async\" width=\"240\" height=\"180\" src=\"https:\/\/webs.uab.cat\/migracions\/wp-content\/uploads\/sites\/534\/2024\/02\/image-53.png\" alt=\"\" class=\"wp-image-512\" style=\"width:333px;height:auto\" \/><\/figure>\n<\/div>\n\n\n\n<div class=\"wp-block-column is-layout-flow wp-block-column-is-layout-flow\">\n<figure class=\"wp-block-image size-full is-resized\"><img loading=\"lazy\" decoding=\"async\" width=\"320\" height=\"240\" src=\"https:\/\/webs.uab.cat\/migracions\/wp-content\/uploads\/sites\/534\/2024\/02\/image-54.png\" alt=\"\" class=\"wp-image-515\" style=\"width:331px;height:auto\" srcset=\"https:\/\/webs.uab.cat\/migracions\/wp-content\/uploads\/sites\/534\/2024\/02\/image-54.png 320w, https:\/\/webs.uab.cat\/migracions\/wp-content\/uploads\/sites\/534\/2024\/02\/image-54-300x225.png 300w\" sizes=\"auto, (max-width: 320px) 100vw, 320px\" \/><\/figure>\n<\/div>\n<\/div>\n\n\n\n<p class=\"has-text-align-center\">26 de Novembre de 2013, 11:30h: Imma Boj, MHIC, St. Adri\u00e0 de Bes\u00f2s (Barcelona): \u201cExperi\u00e8ncies i activitats del Museu d\u2019Hist\u00f2ria de la Immigraci\u00f3 a Catalunya, MHIC\u201d<\/p>\n\n\n<div class=\"wp-block-image\">\n<figure class=\"aligncenter size-full is-resized\"><img loading=\"lazy\" decoding=\"async\" width=\"320\" height=\"240\" src=\"https:\/\/webs.uab.cat\/migracions\/wp-content\/uploads\/sites\/534\/2024\/02\/image-55.png\" alt=\"\" class=\"wp-image-518\" style=\"width:344px;height:auto\" srcset=\"https:\/\/webs.uab.cat\/migracions\/wp-content\/uploads\/sites\/534\/2024\/02\/image-55.png 320w, https:\/\/webs.uab.cat\/migracions\/wp-content\/uploads\/sites\/534\/2024\/02\/image-55-300x225.png 300w\" sizes=\"auto, (max-width: 320px) 100vw, 320px\" \/><\/figure>\n<\/div>\n\n\n<p class=\"has-text-align-center\">17 de Diciembre de 2013, Maja Zovko (University of Zadar, Croatia):\u00a0<em>\u201cEl exotismo, el folklore y las tradiciones en la literatura actual sobre la inmigraci\u00f3n\u201d<\/em>.<\/p>\n\n\n\n<div class=\"wp-block-columns is-layout-flex wp-container-core-columns-is-layout-9d6595d7 wp-block-columns-is-layout-flex\">\n<div class=\"wp-block-column is-layout-flow wp-block-column-is-layout-flow\"><div class=\"wp-block-image\">\n<figure class=\"alignright size-full is-resized\"><img loading=\"lazy\" decoding=\"async\" width=\"297\" height=\"320\" src=\"https:\/\/webs.uab.cat\/migracions\/wp-content\/uploads\/sites\/534\/2024\/02\/image-56.png\" alt=\"\" class=\"wp-image-521\" style=\"width:252px;height:auto\" srcset=\"https:\/\/webs.uab.cat\/migracions\/wp-content\/uploads\/sites\/534\/2024\/02\/image-56.png 297w, https:\/\/webs.uab.cat\/migracions\/wp-content\/uploads\/sites\/534\/2024\/02\/image-56-278x300.png 278w\" sizes=\"auto, (max-width: 297px) 100vw, 297px\" \/><\/figure>\n<\/div><\/div>\n\n\n\n<div class=\"wp-block-column is-layout-flow wp-block-column-is-layout-flow\">\n<figure class=\"wp-block-image size-full is-resized\"><img loading=\"lazy\" decoding=\"async\" width=\"314\" height=\"235\" src=\"https:\/\/webs.uab.cat\/migracions\/wp-content\/uploads\/sites\/534\/2024\/02\/image-57.png\" alt=\"\" class=\"wp-image-524\" style=\"width:331px;height:auto\" srcset=\"https:\/\/webs.uab.cat\/migracions\/wp-content\/uploads\/sites\/534\/2024\/02\/image-57.png 314w, https:\/\/webs.uab.cat\/migracions\/wp-content\/uploads\/sites\/534\/2024\/02\/image-57-300x225.png 300w\" sizes=\"auto, (max-width: 314px) 100vw, 314px\" \/><\/figure>\n<\/div>\n<\/div>\n\n\n\n<hr class=\"wp-block-separator has-alpha-channel-opacity is-style-dots\" \/>\n\n\n\n<p class=\"has-text-align-center\"><strong>11\u00e8 Cicle Anual de Seminaris sobre Migracions Cicle monogr\u00e0fic \u201cMigracions, sostenibilitat, mobilitat i canvis mediambientals\u201d GRM, Departament de Geografia UAB Programa Abril &#8211; Juny 2013<\/strong><\/p>\n\n\n\n<p class=\"has-text-align-center\">14 Juny 2013, Kees van der Geest, Institute for Environment and Human Security, United Nations University:\u00a0<em>&#8220;Rainfall variability, food insecurity and migration. Empirical evidence from the Where the Rain falls project\u201d<\/em><\/p>\n\n\n\n<div class=\"wp-block-columns is-layout-flex wp-container-core-columns-is-layout-9d6595d7 wp-block-columns-is-layout-flex\">\n<div class=\"wp-block-column is-layout-flow wp-block-column-is-layout-flow\"><\/div>\n\n\n\n<div class=\"wp-block-column is-layout-flow wp-block-column-is-layout-flow\"><\/div>\n<\/div>\n\n\n\n<div class=\"wp-block-columns is-layout-flex wp-container-core-columns-is-layout-9d6595d7 wp-block-columns-is-layout-flex\">\n<div class=\"wp-block-column is-layout-flow wp-block-column-is-layout-flow\">\n<figure class=\"wp-block-image size-full\"><img loading=\"lazy\" decoding=\"async\" width=\"475\" height=\"356\" src=\"https:\/\/webs.uab.cat\/migracions\/wp-content\/uploads\/sites\/534\/2024\/02\/image-58.png\" alt=\"\" class=\"wp-image-527\" srcset=\"https:\/\/webs.uab.cat\/migracions\/wp-content\/uploads\/sites\/534\/2024\/02\/image-58.png 475w, https:\/\/webs.uab.cat\/migracions\/wp-content\/uploads\/sites\/534\/2024\/02\/image-58-300x225.png 300w\" sizes=\"auto, (max-width: 475px) 100vw, 475px\" \/><\/figure>\n<\/div>\n\n\n\n<div class=\"wp-block-column is-layout-flow wp-block-column-is-layout-flow\">\n<figure class=\"wp-block-image size-full\"><img loading=\"lazy\" decoding=\"async\" width=\"475\" height=\"356\" src=\"https:\/\/webs.uab.cat\/migracions\/wp-content\/uploads\/sites\/534\/2024\/02\/image-59.png\" alt=\"\" class=\"wp-image-530\" srcset=\"https:\/\/webs.uab.cat\/migracions\/wp-content\/uploads\/sites\/534\/2024\/02\/image-59.png 475w, https:\/\/webs.uab.cat\/migracions\/wp-content\/uploads\/sites\/534\/2024\/02\/image-59-300x225.png 300w\" sizes=\"auto, (max-width: 475px) 100vw, 475px\" \/><\/figure>\n<\/div>\n<\/div>\n\n\n<div class=\"wp-block-image\">\n<figure class=\"aligncenter size-full is-resized\"><img loading=\"lazy\" decoding=\"async\" width=\"356\" height=\"475\" src=\"https:\/\/webs.uab.cat\/migracions\/wp-content\/uploads\/sites\/534\/2024\/02\/image-60.png\" alt=\"\" class=\"wp-image-533\" style=\"width:262px;height:auto\" srcset=\"https:\/\/webs.uab.cat\/migracions\/wp-content\/uploads\/sites\/534\/2024\/02\/image-60.png 356w, https:\/\/webs.uab.cat\/migracions\/wp-content\/uploads\/sites\/534\/2024\/02\/image-60-225x300.png 225w\" sizes=\"auto, (max-width: 356px) 100vw, 356px\" \/><\/figure>\n<\/div>\n\n\n<p class=\"has-text-align-center\">5 Juny 2013, Navinder Singh, Swedish University of Agricultural Sciences, Umea, Su\u00e8cia:\u00a0<em>&#8220;Contrasting human and animal migrations in Central Asia and Europe&#8221;<\/em><\/p>\n\n\n\n<div class=\"wp-block-columns is-layout-flex wp-container-core-columns-is-layout-9d6595d7 wp-block-columns-is-layout-flex\">\n<div class=\"wp-block-column is-layout-flow wp-block-column-is-layout-flow\">\n<figure class=\"wp-block-image size-large\"><img loading=\"lazy\" decoding=\"async\" width=\"1024\" height=\"768\" src=\"https:\/\/webs.uab.cat\/migracions\/wp-content\/uploads\/sites\/534\/2024\/02\/image-61-1024x768.png\" alt=\"\" class=\"wp-image-536\" srcset=\"https:\/\/webs.uab.cat\/migracions\/wp-content\/uploads\/sites\/534\/2024\/02\/image-61-1024x768.png 1024w, https:\/\/webs.uab.cat\/migracions\/wp-content\/uploads\/sites\/534\/2024\/02\/image-61-300x225.png 300w, https:\/\/webs.uab.cat\/migracions\/wp-content\/uploads\/sites\/534\/2024\/02\/image-61-768x576.png 768w, https:\/\/webs.uab.cat\/migracions\/wp-content\/uploads\/sites\/534\/2024\/02\/image-61.png 1136w\" sizes=\"auto, (max-width: 1024px) 100vw, 1024px\" \/><\/figure>\n<\/div>\n\n\n\n<div class=\"wp-block-column is-layout-flow wp-block-column-is-layout-flow\">\n<figure class=\"wp-block-image size-large\"><img loading=\"lazy\" decoding=\"async\" width=\"1024\" height=\"768\" src=\"https:\/\/webs.uab.cat\/migracions\/wp-content\/uploads\/sites\/534\/2024\/02\/image-62-1024x768.png\" alt=\"\" class=\"wp-image-539\" srcset=\"https:\/\/webs.uab.cat\/migracions\/wp-content\/uploads\/sites\/534\/2024\/02\/image-62-1024x768.png 1024w, https:\/\/webs.uab.cat\/migracions\/wp-content\/uploads\/sites\/534\/2024\/02\/image-62-300x225.png 300w, https:\/\/webs.uab.cat\/migracions\/wp-content\/uploads\/sites\/534\/2024\/02\/image-62-768x576.png 768w, https:\/\/webs.uab.cat\/migracions\/wp-content\/uploads\/sites\/534\/2024\/02\/image-62.png 1136w\" sizes=\"auto, (max-width: 1024px) 100vw, 1024px\" \/><\/figure>\n<\/div>\n<\/div>\n\n\n\n<p class=\"has-text-align-center\">29 Maig 2013, Ethemcan Turhan, ICTA:<em>\u00a0\u201cClimate Change Adaptation, Migration and Human Security: A critical vision on circular\/seasonal migration from Turkey\u201d<\/em><\/p>\n\n\n\n<div class=\"wp-block-columns is-layout-flex wp-container-core-columns-is-layout-9d6595d7 wp-block-columns-is-layout-flex\">\n<div class=\"wp-block-column is-layout-flow wp-block-column-is-layout-flow\">\n<figure class=\"wp-block-image size-large\"><img loading=\"lazy\" decoding=\"async\" width=\"1024\" height=\"768\" src=\"https:\/\/webs.uab.cat\/migracions\/wp-content\/uploads\/sites\/534\/2024\/02\/image-63-1024x768.png\" alt=\"\" class=\"wp-image-542\" srcset=\"https:\/\/webs.uab.cat\/migracions\/wp-content\/uploads\/sites\/534\/2024\/02\/image-63-1024x768.png 1024w, https:\/\/webs.uab.cat\/migracions\/wp-content\/uploads\/sites\/534\/2024\/02\/image-63-300x225.png 300w, https:\/\/webs.uab.cat\/migracions\/wp-content\/uploads\/sites\/534\/2024\/02\/image-63-768x576.png 768w, https:\/\/webs.uab.cat\/migracions\/wp-content\/uploads\/sites\/534\/2024\/02\/image-63.png 1136w\" sizes=\"auto, (max-width: 1024px) 100vw, 1024px\" \/><\/figure>\n<\/div>\n\n\n\n<div class=\"wp-block-column is-layout-flow wp-block-column-is-layout-flow\">\n<figure class=\"wp-block-image size-large\"><img loading=\"lazy\" decoding=\"async\" width=\"1024\" height=\"768\" src=\"https:\/\/webs.uab.cat\/migracions\/wp-content\/uploads\/sites\/534\/2024\/02\/image-64-1024x768.png\" alt=\"\" class=\"wp-image-545\" srcset=\"https:\/\/webs.uab.cat\/migracions\/wp-content\/uploads\/sites\/534\/2024\/02\/image-64-1024x768.png 1024w, https:\/\/webs.uab.cat\/migracions\/wp-content\/uploads\/sites\/534\/2024\/02\/image-64-300x225.png 300w, https:\/\/webs.uab.cat\/migracions\/wp-content\/uploads\/sites\/534\/2024\/02\/image-64-768x576.png 768w, https:\/\/webs.uab.cat\/migracions\/wp-content\/uploads\/sites\/534\/2024\/02\/image-64.png 1136w\" sizes=\"auto, (max-width: 1024px) 100vw, 1024px\" \/><\/figure>\n<\/div>\n<\/div>\n\n\n\n<p class=\"has-text-align-center\">22 Maig 2013, Helen Adams, University of Exeter, Anglaterra:<em>\u00a0&#8220;Mobility and immobility under environmental change: evidence from Peru and Bangladesh&#8221;<\/em><\/p>\n\n\n\n<div class=\"wp-block-columns is-layout-flex wp-container-core-columns-is-layout-9d6595d7 wp-block-columns-is-layout-flex\">\n<div class=\"wp-block-column is-layout-flow wp-block-column-is-layout-flow\">\n<figure class=\"wp-block-image size-full\"><img loading=\"lazy\" decoding=\"async\" width=\"461\" height=\"346\" src=\"https:\/\/webs.uab.cat\/migracions\/wp-content\/uploads\/sites\/534\/2024\/02\/image-65.png\" alt=\"\" class=\"wp-image-548\" srcset=\"https:\/\/webs.uab.cat\/migracions\/wp-content\/uploads\/sites\/534\/2024\/02\/image-65.png 461w, https:\/\/webs.uab.cat\/migracions\/wp-content\/uploads\/sites\/534\/2024\/02\/image-65-300x225.png 300w\" sizes=\"auto, (max-width: 461px) 100vw, 461px\" \/><\/figure>\n<\/div>\n\n\n\n<div class=\"wp-block-column is-layout-flow wp-block-column-is-layout-flow\">\n<figure class=\"wp-block-image size-full\"><img loading=\"lazy\" decoding=\"async\" width=\"461\" height=\"346\" src=\"https:\/\/webs.uab.cat\/migracions\/wp-content\/uploads\/sites\/534\/2024\/02\/image-66.png\" alt=\"\" class=\"wp-image-551\" srcset=\"https:\/\/webs.uab.cat\/migracions\/wp-content\/uploads\/sites\/534\/2024\/02\/image-66.png 461w, https:\/\/webs.uab.cat\/migracions\/wp-content\/uploads\/sites\/534\/2024\/02\/image-66-300x225.png 300w\" sizes=\"auto, (max-width: 461px) 100vw, 461px\" \/><\/figure>\n<\/div>\n<\/div>\n\n\n\n<p class=\"has-text-align-center\">17 Maig 2013, Sandra Fatoric, GRM-UAB:\u00a0<em>\u201cMigration as climate change adaptation? The case of Aiguamolls de l\u2019Empord\u00e0 (Catalonia, Spain) in an international context\u201d<\/em><\/p>\n\n\n\n<div class=\"wp-block-columns is-layout-flex wp-container-core-columns-is-layout-9d6595d7 wp-block-columns-is-layout-flex\">\n<div class=\"wp-block-column is-layout-flow wp-block-column-is-layout-flow\">\n<figure class=\"wp-block-image size-full is-resized\"><img loading=\"lazy\" decoding=\"async\" width=\"276\" height=\"207\" src=\"https:\/\/webs.uab.cat\/migracions\/wp-content\/uploads\/sites\/534\/2024\/02\/image-67.png\" alt=\"\" class=\"wp-image-554\" style=\"width:332px;height:auto\" \/><\/figure>\n<\/div>\n\n\n\n<div class=\"wp-block-column is-layout-flow wp-block-column-is-layout-flow\">\n<figure class=\"wp-block-image size-full is-resized\"><img loading=\"lazy\" decoding=\"async\" width=\"276\" height=\"207\" src=\"https:\/\/webs.uab.cat\/migracions\/wp-content\/uploads\/sites\/534\/2024\/02\/image-68.png\" alt=\"\" class=\"wp-image-557\" style=\"width:331px;height:auto\" \/><\/figure>\n<\/div>\n<\/div>\n\n\n\n<p class=\"has-text-align-center\">24 Abril 2013, Anna Vilaseca i Eduard Trepat, Fundaci\u00f3 del M\u00f3n Rural, FMR (Lleida):&nbsp;<em>\u201cMobilitat i sostenibilitat en el m\u00f3n rural catal\u00e0. De la transhum\u00e0ncia a les migracions\u201d<\/em><\/p>\n\n\n\n<p class=\"has-text-align-center\">Not\u00edcia en format v\u00eddeo realitzada per &#8216;L&#8217;Aut\u00f2noma Tv&#8217;<\/p>\n\n\n\n<figure class=\"wp-block-video\"><\/figure>\n\n\n\n<p class=\"has-text-align-center\"><strong>Sessi\u00f3 inaugural del 10\u00e8 Cicle Anual de Seminaris sobre Migracions<\/strong><\/p>\n\n\n\n<p class=\"has-text-align-center\">GRM, Departament de Geografia, UAB<\/p>\n\n\n\n<p class=\"has-text-align-center\">18\/01\/2012. \u00a0Douglas Massey (Princeton University, USA):\u00a0<em>La guerra anti-inmigrantes en los Estados Unidos de Am\u00e9rica<\/em><\/p>\n\n\n\n<div class=\"wp-block-columns is-layout-flex wp-container-core-columns-is-layout-9d6595d7 wp-block-columns-is-layout-flex\">\n<div class=\"wp-block-column is-layout-flow wp-block-column-is-layout-flow\">\n<figure class=\"wp-block-image size-full is-resized\"><img loading=\"lazy\" decoding=\"async\" width=\"219\" height=\"164\" src=\"https:\/\/webs.uab.cat\/migracions\/wp-content\/uploads\/sites\/534\/2024\/02\/image-69.png\" alt=\"\" class=\"wp-image-560\" style=\"width:331px;height:auto\" \/><\/figure>\n<\/div>\n\n\n\n<div class=\"wp-block-column is-layout-flow wp-block-column-is-layout-flow\">\n<figure class=\"wp-block-image size-full is-resized\"><img loading=\"lazy\" decoding=\"async\" width=\"219\" height=\"164\" src=\"https:\/\/webs.uab.cat\/migracions\/wp-content\/uploads\/sites\/534\/2024\/02\/image-70.png\" alt=\"\" class=\"wp-image-563\" style=\"width:331px;height:auto\" \/><\/figure>\n<\/div>\n<\/div>\n\n\n\n<div class=\"wp-block-columns is-layout-flex wp-container-core-columns-is-layout-9d6595d7 wp-block-columns-is-layout-flex\">\n<div class=\"wp-block-column is-layout-flow wp-block-column-is-layout-flow\">\n<figure class=\"wp-block-image size-full is-resized\"><img loading=\"lazy\" decoding=\"async\" width=\"219\" height=\"164\" src=\"https:\/\/webs.uab.cat\/migracions\/wp-content\/uploads\/sites\/534\/2024\/02\/image-71.png\" alt=\"\" class=\"wp-image-566\" style=\"width:333px;height:auto\" \/><\/figure>\n<\/div>\n\n\n\n<div class=\"wp-block-column is-layout-flow wp-block-column-is-layout-flow\">\n<figure class=\"wp-block-image size-full is-resized\"><img loading=\"lazy\" decoding=\"async\" width=\"219\" height=\"164\" src=\"https:\/\/webs.uab.cat\/migracions\/wp-content\/uploads\/sites\/534\/2024\/02\/image-72.png\" alt=\"\" class=\"wp-image-569\" style=\"width:333px;height:auto\" \/><\/figure>\n<\/div>\n<\/div>\n\n\n\n<div class=\"wp-block-columns is-layout-flex wp-container-core-columns-is-layout-9d6595d7 wp-block-columns-is-layout-flex\">\n<div class=\"wp-block-column is-layout-flow wp-block-column-is-layout-flow\">\n<figure class=\"wp-block-image size-full is-resized\"><img loading=\"lazy\" decoding=\"async\" width=\"219\" height=\"164\" src=\"https:\/\/webs.uab.cat\/migracions\/wp-content\/uploads\/sites\/534\/2024\/02\/image-73.png\" alt=\"\" class=\"wp-image-572\" style=\"width:334px;height:auto\" \/><\/figure>\n<\/div>\n\n\n\n<div class=\"wp-block-column is-layout-flow wp-block-column-is-layout-flow\">\n<figure class=\"wp-block-image size-full is-resized\"><img loading=\"lazy\" decoding=\"async\" width=\"219\" height=\"164\" src=\"https:\/\/webs.uab.cat\/migracions\/wp-content\/uploads\/sites\/534\/2024\/02\/image-74.png\" alt=\"\" class=\"wp-image-575\" style=\"width:333px;height:auto\" \/><\/figure>\n<\/div>\n<\/div>\n","protected":false},"excerpt":{"rendered":"<p>12\u00e8 Cicle Anual de Seminaris sobre Migracions Cicle monogr\u00e0fic \u201cMigracions, Arts i Cultura\u201d GRM, Departament de Geografia, UAB Programa Setembre 2013 \u2013 Maig 2014 26 de Setembre de 2013, 10:30h: Marco Martiniello, Universit\u00e9 de Li\u00e8ge (Belgium): \u201cPopular Arts, Ethnicity and Migration\u201d 26 de Novembre de 2013, 11:30h: Imma Boj, MHIC, St. Adri\u00e0 de Bes\u00f2s (Barcelona): [&hellip;]<\/p>\n","protected":false},"author":2819,"featured_media":0,"parent":0,"menu_order":0,"comment_status":"closed","ping_status":"closed","template":"","meta":{"footnotes":""},"class_list":["post-511","page","type-page","status-publish","hentry"],"_links":{"self":[{"href":"https:\/\/webs.uab.cat\/migracions\/ca\/wp-json\/wp\/v2\/pages\/511","targetHints":{"allow":["GET"]}}],"collection":[{"href":"https:\/\/webs.uab.cat\/migracions\/ca\/wp-json\/wp\/v2\/pages"}],"about":[{"href":"https:\/\/webs.uab.cat\/migracions\/ca\/wp-json\/wp\/v2\/types\/page"}],"author":[{"embeddable":true,"href":"https:\/\/webs.uab.cat\/migracions\/ca\/wp-json\/wp\/v2\/users\/2819"}],"replies":[{"embeddable":true,"href":"https:\/\/webs.uab.cat\/migracions\/ca\/wp-json\/wp\/v2\/comments?post=511"}],"version-history":[{"count":1,"href":"https:\/\/webs.uab.cat\/migracions\/ca\/wp-json\/wp\/v2\/pages\/511\/revisions"}],"predecessor-version":[{"id":579,"href":"https:\/\/webs.uab.cat\/migracions\/ca\/wp-json\/wp\/v2\/pages\/511\/revisions\/579"}],"wp:attachment":[{"href":"https:\/\/webs.uab.cat\/migracions\/ca\/wp-json\/wp\/v2\/media?parent=511"}],"curies":[{"name":"wp","href":"https:\/\/api.w.org\/{rel}","templated":true}]}}