{"id":1407,"date":"2024-06-12T14:54:24","date_gmt":"2024-06-12T12:54:24","guid":{"rendered":"https:\/\/webs.uab.cat\/migracions\/?page_id=1407"},"modified":"2024-06-14T09:08:57","modified_gmt":"2024-06-14T07:08:57","slug":"albert-mas-palacios","status":"publish","type":"page","link":"https:\/\/webs.uab.cat\/migracions\/es\/albert-mas-palacios\/","title":{"rendered":"Albert Mas Palacios"},"content":{"rendered":"\n<div class=\"wp-block-columns is-layout-flex wp-container-core-columns-is-layout-9d6595d7 wp-block-columns-is-layout-flex\">\n<div class=\"wp-block-column is-layout-flow wp-block-column-is-layout-flow\">\n<p><strong>Direcci\u00f3n<\/strong><\/p>\n\n\n\n<p><strong>Correo electr\u00f3nico<\/strong><\/p>\n\n\n\n<p><strong>Despacho<\/strong><\/p>\n\n\n\n<p><strong>Tel\u00e9fono<\/strong><\/p>\n\n\n\n<p><strong>Fax<\/strong><\/p>\n<\/div>\n\n\n\n<div class=\"wp-block-column is-layout-flow wp-block-column-is-layout-flow\"><\/div>\n\n\n\n<div class=\"wp-block-column is-layout-flow wp-block-column-is-layout-flow\">\n<figure class=\"wp-block-image size-full is-resized\"><img loading=\"lazy\" decoding=\"async\" width=\"120\" height=\"147\" src=\"https:\/\/webs.uab.cat\/migracions\/wp-content\/uploads\/sites\/534\/2024\/06\/albert-imatge.jpg\" alt=\"\" class=\"wp-image-1402\" style=\"width:202px;height:auto\" \/><\/figure>\n<\/div>\n<\/div>\n\n\n\n<p>Doctor en Geograf\u00eda (UAB, 2014). M\u00e1ster Oficial en Estudios Territoriales i de la Poblaci\u00f3n (Depto. de Geograf\u00eda UAB, 2009). Licenciado en Sociolog\u00eda (UAB, 2006).<\/p>\n\n\n\n<p>Su&nbsp;<strong>tesis doctoral \u201cInmigraci\u00f3n extranjera entorno a espacios de inter\u00e9s natural. Una comparaci\u00f3n internacional entre localidades del Alt Empord\u00e0 (Espa\u00f1a) y el Alentejo Litoral (Portugal)\u00bb<\/strong>, dirigida por el Dr. Ricard Mor\u00e9n, fue defendida en abril de 2014 en la UAB y valorada con una nota de sobresaliente \u201ccum laude\u201d por unanimidad por los miembros del tribunal. La investigaci\u00f3n tiene como objetivo principal, por una parte, analizar el papel que han tenido los espacios naturales en la llegada y el establecimiento de poblaci\u00f3n de nacionalidad extranjera en estas dos \u00e1reas de estudio; y por otro, conocer el tipo de relaci\u00f3n que tienen los residentes extranjeros con estos espacios naturales. M\u00e1s all\u00e1 de los residentes de nacionalidad extranjera, la investigaci\u00f3n tambi\u00e9n pone la atenci\u00f3n en la relaci\u00f3n que tiene la poblaci\u00f3n local en general con los espacios naturales protegidos cercanos a sus localidades (<a href=\"https:\/\/webs.uab.cat\/migracions\/es\/projecte-immigrants-integration-and-the-role-of-a-diversity-of-organisations-in-achieving-sustainable-small-towns-and-rural-areas\/\">ver resumen de la tesis<\/a>).<\/p>\n\n\n\n<p>En 2009 present\u00f3 el Trabajo de Investigaci\u00f3n in\u00e9dito de M\u00e1ster&nbsp;\u201c<em>Immigraci\u00f3 estrangera a l\u2019entorn d\u2019espais d&#8217;inter\u00e8s natural. Estudi aproximatiu a cinc espais naturals protegits<\/em>&nbsp;<em>-Inmigraci\u00f3n extranjera entorno a espacios de inter\u00e9s natural.&nbsp;Estudio aproximativo a cinco espacios naturales protegidos\u00bb<\/em>, dirigido por el Dr.&nbsp;Ricard Mor\u00e9n y valorado por el tribunal con una nota de excelente.<\/p>\n\n\n\n<p>Tambi\u00e9n ha trabajado con distintas asociaciones vinculadas a la integraci\u00f3n y la inclusi\u00f3n social de la poblaci\u00f3n extranjera en la sociedad catalana y ha participado en los siguientes proyectos de investigaci\u00f3n.<\/p>\n\n\n\n<p>Proyecto I+D&nbsp;<strong>\u201cImmigrants\u2019 integration and the role of a diversity of organizations in achieving sustainable small towns and rural areas\u201d&nbsp;<\/strong>(2010-2013), dirigido por el Doctor Ricard Mor\u00e9n y financiado por el Ministerio de Ciencia e Innovaci\u00f3n del Gobierno de Espa\u00f1a. Se trata de un proyecto de \u00e1mbito internacional en el que se ha llevado cabo investigaci\u00f3n en cinco \u00e1reas con espacios naturales protegidos del Reino Unido, Australia, Portugal, Grecia y Espa\u00f1a y que cuenta con la participaci\u00f3n de distintos grupos de investigaci\u00f3n (<a href=\"https:\/\/webs.uab.cat\/migracions\/es\/projecte-immigrants-integration-and-the-role-of-a-diversity-of-organisations-in-achieving-sustainable-small-towns-and-rural-areas\/\">ver<\/a>). &nbsp;&nbsp;&nbsp;<\/p>\n\n\n\n<p>Proyecto&nbsp;<strong>\u201cConcordia Discors. Understanding Conflict and Integration Outcomes of Inter-Group Relations and Integration Policies in selected Neighbourhoods of Five European Cities\u201d&nbsp;<\/strong>financiado por la Comisi\u00f3n Europea (enero 2011- octubre 2012). Este innovador proyecto comparativo financiado por la Comisi\u00f3n Europea y coordinado desde FIERI (Italia), ha estudiado durante 2011 y 2012 procesos de integraci\u00f3n y conflictos en dos barrios de cinco ciudades europeas: Londres, Budapest, Barcelona, Tur\u00edn y Nuremberg (ver&nbsp;<a href=\"http:\/\/www.concordiadiscors.eu\/\">http:\/\/www.concordiadiscors.eu\/<\/a>). El estudio en Barcelona ha sido coordinado por Ricard Mor\u00e9n-Alegret y ha contado con la participaci\u00f3n de Dawid Wladyka y Albert Mas. Albert Mas fue entrevistado en Sants 3 R\u00e0dio para presentar el proyecto Concordia Discors. La entrevista se encuentra disponible en:&nbsp;<a href=\"audios\/Entrevista-Albert Mas_Sants-3-Radio_oct2013.mp3\" target=\"_blank\" rel=\"noreferrer noopener\">Entrevista-Albert Mas_Sants-3-Radio_oct2013<\/a><\/p>\n\n\n\n<p>Proyecto I+D&nbsp;<strong><em>\u00abInmigraci\u00f3n extranjera, sentido de lugar e identidad territorial en cinco peque\u00f1as ciudades de Espa\u00f1a\u00bb&nbsp;<\/em>(2006-2009)<\/strong>, dirigido por el Doctor Ricard Mor\u00e9n.&nbsp;Dentro de este proyecto ha colaborado en la realizaci\u00f3n del video-documental de divulgaci\u00f3n cient\u00edfica&nbsp;<em>\u00abIberiana. Procesos de integraci\u00f3n de inmigrantes en cinco peque\u00f1as ciudades de la Espa\u00f1a peninsular\u00bb<\/em>&nbsp;y ha participado en distintos trabajos de campo en las provincias de Le\u00f3n, Girona, Huelva, C\u00e1ceres y Alacant.<\/p>\n\n\n\n<p><strong>Publicaciones:<\/strong><\/p>\n\n\n\n<div class=\"wp-block-group\"><div class=\"wp-block-group__inner-container is-layout-constrained wp-block-group-is-layout-constrained\">\n<div class=\"wp-block-group alignwide\"><div class=\"wp-block-group__inner-container is-layout-constrained wp-block-group-is-layout-constrained\">\n<ul class=\"wp-block-list\">\n<li>Mas Palacios, A. (2014) Immigraci\u00f3 estrangera a l\u2019entorn d\u2019espais d&#8217;inter\u00e8s natural. Una comparaci\u00f3 internacional entre localitats de l\u2019Alt Empord\u00e0 (Espanya) i l\u2019Alentejo Litoral (Portugal). Tesi doctoral. Departament de Geografia, Universitat Aut\u00f2noma de Barcelona. Tesi doctoral valorada con una nota de sobresaliente \u201ccum laude\u201d por unanimidad por los miembros del tribunal. <a href=\"https:\/\/webs.uab.cat\/migracions\/ca\/projecte-immigrants-integration-and-the-role-of-a-diversity-of-organisations-in-achieving-sustainable-small-towns-and-rural-areas\/\">Consultar resumen<\/a>.<\/li>\n\n\n\n<li>Mas, A.; Mor\u00e9n-Alegret, R.; Fonseca, L. (2014) European Immigration Around Two Iberian Natural Protected Areas. Exploring the cases of Alentejo Litoral (Portugal) and Empord\u00e0 (Spain). International Migration (art\u00edculo pre-aceptado por la revista, pendiente de publicaci\u00f3n).<\/li>\n\n\n\n<li>Mor\u00e9n-Alegret, R., Mas, A., &amp; Wladyka, D. (2012) Concordia Discors. Understanding conflict and integration outcomes of intergroup relations and integration policies in selected neighbourhoods of five European cities. Barcelona final report. Disponible en:&nbsp;<a href=\"http:\/\/www.concordiadiscors.eu\/assets\/Barcelona-final-report.pdf\">http:\/\/www.concordiadiscors.eu\/assets\/Barcelona-final-report.pdf<\/a><\/li>\n\n\n\n<li>Mas, A.; Mor\u00e9n-Alegret, R. (2012) \u201cInmigraci\u00f3n internacional entorno a \u00e1reas naturales protegidas. Explorando algunas localidades del Alt Empord\u00e0 (Espa\u00f1a) y el Alentejo Litoral (Portugal)\u201d. Comuniciaci\u00f3n presentada per A. Mas publicada en formato CD a: Actas del IX Coloquio Iberico de Estudios Rurales: Inercias, Cambios y &#8216;Desarrollos&#8217;: desaf\u00edos para el medio rural (Lisboa julio 2012). ISBN: 978-972-96347-4-1.<\/li>\n\n\n\n<li>Mor\u00e9n-Alegret, R., Wladyka, D., &amp; Mas, A. (2011). Concordia Discors. Understanding conflict and integration outcomes of intergroup relations and integration policies in selected neighbourhoods of five European cities. Barcelona background report. Disponible en:&nbsp;<a href=\"http:\/\/www.concordiadiscors.eu\/assets\/BR_Bercelona.pdf\">http:\/\/www.concordiadiscors.eu\/assets\/BR_Bercelona.pdf<\/a><\/li>\n\n\n\n<li>Mas Palacios, A. (2011) La protecci\u00f3 d&#8217;espais naturals. Or\u00edgens i evoluci\u00f3\u201d. Revista Excursionisme, 364: 4-9. Disponible en:&nbsp;<a href=\"https:\/\/webs.uab.cat\/migracions\/ca\/albert-mas-palacios\/\">https:\/\/webs.uab.cat\/migracions\/es\/albert-mas-palacios\/<\/a><\/li>\n\n\n\n<li>V\u00eddeo-documental de divulgaci\u00f3 cient\u00edfica \u201cIberiana. Procesos de integraci\u00f3n de inmigrantes en cinco peque\u00f1as ciudades de la Espa\u00f1a peninsular\u201d (2009) Col\u00b7laboraci\u00f3n en la realizaci\u00f3n y contacto con los entrevistados. Disponible en la p\u00e1gina web del GRM.<\/li>\n\n\n\n<li>VV. AA. (2009) Summer School on the Po River Delta: Creating scenarios for fragile territories. Taglio di Po: Osservatorio sul Delta del Po i Universit\u00e0 IUAV di Venezia.<\/li>\n\n\n\n<li>Mor\u00e9n-Alegret, R.; Sow, P.; Mas-Palacios, A. (2009) \u201cForeign immigrants\u2019 integration in the United Kingdom and Spain. A comparative approach on participation in traditional cultural organisations\u201d En: \u201cVI Congreso sobre las Migraciones en Espa\u00f1a (A Coru\u00f1a, setembre 2009)\u201d. Tamb\u00e9 en format CD, ISBN: 978-84-9749-399-4.<\/li>\n\n\n\n<li>Mas Palacios, A. (2009) \u201cImmigraci\u00f3 estrangera a l\u2019entorn d\u2019espais d&#8217;inter\u00e8s natural. Estudi aproximatiu a cinc espais naturals protegits\u201d. Treball de Recerca de M\u00e0ster. Departament de Geografia de la UAB. Disponible en:\u00a0<a href=\"https:\/\/webs.uab.cat\/migracions\/es\/albert-mas-palacios\/\"><\/a><a href=\"https:\/\/webs.uab.cat\/migracions\/ca\/albert-mas-palacios\/\">https:\/\/webs.uab.cat\/migracions\/es\/albert-mas-palacios\/<\/a><\/li>\n<\/ul>\n<\/div><\/div>\n<\/div><\/div>\n\n\n\n<p><a href=\"https:\/\/webs.uab.cat\/migracions\/ca\/publicacions\/\">Llistat de publicacions<\/a><\/p>\n","protected":false},"excerpt":{"rendered":"<p>Direcci\u00f3n Correo electr\u00f3nico Despacho Tel\u00e9fono Fax Doctor en Geograf\u00eda (UAB, 2014). M\u00e1ster Oficial en Estudios Territoriales i de la Poblaci\u00f3n (Depto. de Geograf\u00eda UAB, 2009). Licenciado en Sociolog\u00eda (UAB, 2006). Su&nbsp;tesis doctoral \u201cInmigraci\u00f3n extranjera entorno a espacios de inter\u00e9s natural. Una comparaci\u00f3n internacional entre localidades del Alt Empord\u00e0 (Espa\u00f1a) y el Alentejo Litoral (Portugal)\u00bb, dirigida [&hellip;]<\/p>\n","protected":false},"author":2819,"featured_media":0,"parent":0,"menu_order":0,"comment_status":"closed","ping_status":"closed","template":"","meta":{"footnotes":""},"class_list":["post-1407","page","type-page","status-publish","hentry"],"_links":{"self":[{"href":"https:\/\/webs.uab.cat\/migracions\/es\/wp-json\/wp\/v2\/pages\/1407","targetHints":{"allow":["GET"]}}],"collection":[{"href":"https:\/\/webs.uab.cat\/migracions\/es\/wp-json\/wp\/v2\/pages"}],"about":[{"href":"https:\/\/webs.uab.cat\/migracions\/es\/wp-json\/wp\/v2\/types\/page"}],"author":[{"embeddable":true,"href":"https:\/\/webs.uab.cat\/migracions\/es\/wp-json\/wp\/v2\/users\/2819"}],"replies":[{"embeddable":true,"href":"https:\/\/webs.uab.cat\/migracions\/es\/wp-json\/wp\/v2\/comments?post=1407"}],"version-history":[{"count":4,"href":"https:\/\/webs.uab.cat\/migracions\/es\/wp-json\/wp\/v2\/pages\/1407\/revisions"}],"predecessor-version":[{"id":1469,"href":"https:\/\/webs.uab.cat\/migracions\/es\/wp-json\/wp\/v2\/pages\/1407\/revisions\/1469"}],"wp:attachment":[{"href":"https:\/\/webs.uab.cat\/migracions\/es\/wp-json\/wp\/v2\/media?parent=1407"}],"curies":[{"name":"wp","href":"https:\/\/api.w.org\/{rel}","templated":true}]}}