{"id":1419,"date":"2024-06-12T15:07:23","date_gmt":"2024-06-12T13:07:23","guid":{"rendered":"https:\/\/webs.uab.cat\/migracions\/?page_id=1419"},"modified":"2024-06-12T15:08:32","modified_gmt":"2024-06-12T13:08:32","slug":"cristobal-mendoza","status":"publish","type":"page","link":"https:\/\/webs.uab.cat\/migracions\/es\/cristobal-mendoza\/","title":{"rendered":"Crist\u00f3bal Mendoza"},"content":{"rendered":"\n<div class=\"wp-block-columns is-layout-flex wp-container-core-columns-is-layout-9d6595d7 wp-block-columns-is-layout-flex\">\n<div class=\"wp-block-column is-layout-flow wp-block-column-is-layout-flow\">\n<p><strong>Direcci\u00f3n<\/strong><\/p>\n\n\n\n<p><\/p>\n\n\n\n<p><\/p>\n\n\n\n<p><\/p>\n\n\n\n<p><\/p>\n\n\n\n<p><\/p>\n\n\n\n<p><br>Correo electr\u00f3nico<\/p>\n\n\n\n<p><strong>Despacho<\/strong><\/p>\n\n\n\n<p><strong>Tel\u00e9fon<\/strong>o<\/p>\n\n\n\n<p><strong>Fax<\/strong><\/p>\n<\/div>\n\n\n\n<div class=\"wp-block-column is-layout-flow wp-block-column-is-layout-flow\">\n<p>Universidad Aut\u00f3noma Metropolitana<br>Divisi\u00f3n de Ciencias Sociales y Humanidades<br>Licenciatura en Geograf\u00eda Humana<br>San Rafael Atlixco, 186<br>Colonia Vicentina<br>Delegaci\u00f3n Iztapalapa<br>M\u00e9xico DF<br>CP 09340<\/p>\n\n\n\n<p><br>cmp@xanum.uam.mx<\/p>\n\n\n\n<p>B9\/1068<\/p>\n\n\n\n<p>(55) 58046466<\/p>\n\n\n\n<p>(55) 58046466<\/p>\n<\/div>\n\n\n\n<div class=\"wp-block-column is-layout-flow wp-block-column-is-layout-flow\"><\/div>\n<\/div>\n\n\n\n<p>(Doctor, King&#8217;s College London 1998)<br>Profesor e investigador en la Universidad Aut\u00f3noma Metropolitana, M\u00e9xico.<\/p>\n\n\n\n<p>Ha llevado a cabo diversas investigaciones en Catalu\u00f1a, Portugal, Reino Unido y M\u00e9xico. Estudi\u00f3 Geograf\u00eda en la UAB, donde obtuvo adem\u00e1s un postgrado en Demograf\u00eda y un M\u00e1ster en Geograf\u00eda. En el a\u00f1o 1998 present\u00f3 su tesis doctoral en el King&#8217;s College London.<\/p>\n\n\n\n<p><a href=\"https:\/\/webs.uab.cat\/migracions\/ca\/publicacions\/\">Llistat de publicacions<\/a><\/p>\n","protected":false},"excerpt":{"rendered":"<p>Direcci\u00f3n Correo electr\u00f3nico Despacho Tel\u00e9fono Fax Universidad Aut\u00f3noma MetropolitanaDivisi\u00f3n de Ciencias Sociales y HumanidadesLicenciatura en Geograf\u00eda HumanaSan Rafael Atlixco, 186Colonia VicentinaDelegaci\u00f3n IztapalapaM\u00e9xico DFCP 09340 cmp@xanum.uam.mx B9\/1068 (55) 58046466 (55) 58046466 (Doctor, King&#8217;s College London 1998)Profesor e investigador en la Universidad Aut\u00f3noma Metropolitana, M\u00e9xico. Ha llevado a cabo diversas investigaciones en Catalu\u00f1a, Portugal, Reino Unido y [&hellip;]<\/p>\n","protected":false},"author":2819,"featured_media":0,"parent":0,"menu_order":0,"comment_status":"closed","ping_status":"closed","template":"","meta":{"footnotes":""},"class_list":["post-1419","page","type-page","status-publish","hentry"],"_links":{"self":[{"href":"https:\/\/webs.uab.cat\/migracions\/es\/wp-json\/wp\/v2\/pages\/1419","targetHints":{"allow":["GET"]}}],"collection":[{"href":"https:\/\/webs.uab.cat\/migracions\/es\/wp-json\/wp\/v2\/pages"}],"about":[{"href":"https:\/\/webs.uab.cat\/migracions\/es\/wp-json\/wp\/v2\/types\/page"}],"author":[{"embeddable":true,"href":"https:\/\/webs.uab.cat\/migracions\/es\/wp-json\/wp\/v2\/users\/2819"}],"replies":[{"embeddable":true,"href":"https:\/\/webs.uab.cat\/migracions\/es\/wp-json\/wp\/v2\/comments?post=1419"}],"version-history":[{"count":1,"href":"https:\/\/webs.uab.cat\/migracions\/es\/wp-json\/wp\/v2\/pages\/1419\/revisions"}],"predecessor-version":[{"id":1421,"href":"https:\/\/webs.uab.cat\/migracions\/es\/wp-json\/wp\/v2\/pages\/1419\/revisions\/1421"}],"wp:attachment":[{"href":"https:\/\/webs.uab.cat\/migracions\/es\/wp-json\/wp\/v2\/media?parent=1419"}],"curies":[{"name":"wp","href":"https:\/\/api.w.org\/{rel}","templated":true}]}}