{"id":1449,"date":"2024-06-12T15:19:07","date_gmt":"2024-06-12T13:19:07","guid":{"rendered":"https:\/\/webs.uab.cat\/migracions\/?page_id=1449"},"modified":"2024-06-12T15:25:38","modified_gmt":"2024-06-12T13:25:38","slug":"dawid-wladyka","status":"publish","type":"page","link":"https:\/\/webs.uab.cat\/migracions\/es\/dawid-wladyka\/","title":{"rendered":"Dawid Wladyka"},"content":{"rendered":"\n<div class=\"wp-block-columns is-layout-flex wp-container-core-columns-is-layout-9d6595d7 wp-block-columns-is-layout-flex\">\n<div class=\"wp-block-column is-layout-flow wp-block-column-is-layout-flow\">\n<p><strong>Direcci\u00f3n<\/strong><\/p>\n\n\n\n<p>Correo electr\u00f3nico<\/p>\n\n\n\n<p><strong>Despacho<\/strong><\/p>\n\n\n\n<p><strong>Tel\u00e9<\/strong>f<strong>ono<\/strong><\/p>\n\n\n\n<p><strong>Fax<\/strong><\/p>\n<\/div>\n\n\n\n<div class=\"wp-block-column is-layout-flow wp-block-column-is-layout-flow\"><\/div>\n\n\n\n<div class=\"wp-block-column is-layout-flow wp-block-column-is-layout-flow\">\n<figure class=\"wp-block-image size-full is-resized\"><img loading=\"lazy\" decoding=\"async\" width=\"96\" height=\"127\" src=\"https:\/\/webs.uab.cat\/migracions\/wp-content\/uploads\/sites\/534\/2024\/06\/dawid.jpg\" alt=\"\" class=\"wp-image-1439\" style=\"width:210px;height:auto\" \/><\/figure>\n<\/div>\n<\/div>\n\n\n\n<p><strong>Doctor, UAB 2013<\/strong>&nbsp;(<em>Inter-Ethnic Experiences of Polish Immigrants in South-Western European Neighborhoods. Comparing Sagrada Familia, Barcelona, and Empuriabrava, Castell\u00f3 d\u2019Emp\u00faries.<\/em>) Valorada con una nota de excelente&nbsp;<em>cum laude<\/em>&nbsp;por los miembros del tribunal. &nbsp;Directores<strong>:<\/strong>&nbsp;Ricard Mor\u00e9n Alegret y \u00c0ngels Pascual de Sans (GRM, UAB)<\/p>\n\n\n\n<p>Soci\u00f3logo con amplios conocimientos en las \u00e1reas de comunicaci\u00f3n social, psicolog\u00eda, migraciones, ciencias pol\u00edticas y nuevas tecnolog\u00edas. Tiene tambi\u00e9n experiencia en los campos del periodismo, la fotograf\u00eda y la&nbsp;inform\u00e1tica (especialmente en programaci\u00f3n Web y en gr\u00e1fica).<\/p>\n\n\n\n<p><strong>M\u00e1ster de Sociolog\u00eda<\/strong>&nbsp;con especializaci\u00f3n en Comunicaci\u00f3n Social (Universidad de Silesia, Polonia, 2007).&nbsp;<strong>Grado en Sociolog\u00eda<\/strong>&nbsp;en la&nbsp;<strong>especialidad de Publicidad y Comunicaci\u00f3n Social<\/strong>&nbsp;(Universidad de Silesia, Polonia, 2005)<\/p>\n\n\n\n<p>Actualmente est\u00e1 realizando el&nbsp;<strong>Programa de Doctorado en Geograf\u00eda<\/strong>&nbsp;organizado por el Departamento de Geograf\u00eda de la UAB.&nbsp; Su tesis doctoral, dirigida por la Dra. \u00c0ngels Pascual y el Dr. Ricard Mor\u00e9n, versa sobre la inmigraci\u00f3n polaca en Catalu\u00f1a. Asimismo, realiza&nbsp;<strong>pr\u00e1cticas profesionales<\/strong>&nbsp;en el marco de GRM con una beca del programa Erasmus de la Universidad de Silesia.<\/p>\n\n\n\n<p>Ha sido estudiante de los siguientes programas de intercambio:&nbsp;<strong>\u201cMOST\u201d<\/strong>&nbsp;en la Universidad Jagell\u00f3nica de Cracovia, Polonia 2007 \/ 2008 (en los estudios: \u201cRelaciones \u00c9tnicas y Migraciones Internacionales\u201d, \u201cPsicolog\u00eda\u201d y \u201cEstudios latinoamericanos\u201d) y&nbsp;&nbsp;<strong>\u201cERASMUS\u201d<\/strong>&nbsp;en la Universidad Aut\u00f3noma de Barcelona en 2006 \/ 2007 (en la Facultad de Ciencias Pol\u00edticas y Sociolog\u00eda y en la Facultad de Traducci\u00f3n e Interpretaci\u00f3n). Durante el curso 2007-2008 fue beneficiario de una&nbsp;<strong>beca del Ministerio de Educaci\u00f3n Superior de Polonia<\/strong>&nbsp;(2007-2008).<\/p>\n\n\n\n<p>Est\u00e1 cursando los&nbsp;<strong>Estudios Human\u00edsticos Interdepartamentales<\/strong>&nbsp;dentro del programa individual en la Universidad de Silesia, Polonia (facultades: Psicolog\u00eda, Sociolog\u00eda, Ciencias Pol\u00edticas, Radio y Televisi\u00f3n, Filolog\u00eda Rom\u00e1nica, Filolog\u00eda Inglesa). Es estudiante del<strong>&nbsp;M\u00e1ster en Estudios Culturales con especialidad en \u201cRelaciones \u00c9tnicas y Migraciones Internacionales\u201d<\/strong>&nbsp;en la Universidad Jagell\u00f3nica de Cracovia.<\/p>\n\n\n\n<p>Es&nbsp;<strong>reportero \/ corresponsal<\/strong>&nbsp;de varias revistas y peri\u00f3dicos polacos de nivel regional, nacional e internacional. Es autor de varias docenas de art\u00edculos de prensa. Tiene experiencia en radio y televisi\u00f3n. Prepar\u00f3 y condujo unos cursos de periodismo y reportaje para los estudiantes de la Universidad de Econom\u00eda de Katowice. Tom\u00f3 parte en algunas expediciones extranjeras de car\u00e1cter period\u00edstico- cient\u00edfico en Ucrania y en Espa\u00f1a, entre otros pa\u00edses.<\/p>\n\n\n\n<p>En septiembre del 2009 particip\u00f3 en el&nbsp;<strong><em>VI Congreso sobre las Migraciones en Espa\u00f1a<\/em><\/strong>&nbsp;donde present\u00f3 el art\u00edculo \u201cLos emigrantes polacos en el mercado laboral espa\u00f1ol y catal\u00e1n desde una perspectiva mundial y europea. Estudio estad\u00edstico.\u201d Durante el semestre de primavera del a\u00f1o 2010 ha trajado en la posici\u00f3n de profesor ayudante en el&nbsp;<strong>Behavioral Sciences Department of The University of Texas at Brownsville<\/strong>&nbsp;impartiendo cursos de grado de Introducci\u00f3n a la Sociolog\u00eda y Sociolog\u00eda Pol\u00edtica.<\/p>\n\n\n\n<p>Idiomas de trabajo: polaco, ingl\u00e9s, castellano.<\/p>\n\n\n\n<p><a href=\"https:\/\/webs.uab.cat\/migracions\/ca\/publicacions\/\">Llistat de publicacions<\/a><\/p>\n","protected":false},"excerpt":{"rendered":"<p>Direcci\u00f3n Correo electr\u00f3nico Despacho Tel\u00e9fono Fax Doctor, UAB 2013&nbsp;(Inter-Ethnic Experiences of Polish Immigrants in South-Western European Neighborhoods. Comparing Sagrada Familia, Barcelona, and Empuriabrava, Castell\u00f3 d\u2019Emp\u00faries.) Valorada con una nota de excelente&nbsp;cum laude&nbsp;por los miembros del tribunal. &nbsp;Directores:&nbsp;Ricard Mor\u00e9n Alegret y \u00c0ngels Pascual de Sans (GRM, UAB) Soci\u00f3logo con amplios conocimientos en las \u00e1reas de comunicaci\u00f3n [&hellip;]<\/p>\n","protected":false},"author":2819,"featured_media":0,"parent":0,"menu_order":0,"comment_status":"closed","ping_status":"closed","template":"","meta":{"footnotes":""},"class_list":["post-1449","page","type-page","status-publish","hentry"],"_links":{"self":[{"href":"https:\/\/webs.uab.cat\/migracions\/es\/wp-json\/wp\/v2\/pages\/1449","targetHints":{"allow":["GET"]}}],"collection":[{"href":"https:\/\/webs.uab.cat\/migracions\/es\/wp-json\/wp\/v2\/pages"}],"about":[{"href":"https:\/\/webs.uab.cat\/migracions\/es\/wp-json\/wp\/v2\/types\/page"}],"author":[{"embeddable":true,"href":"https:\/\/webs.uab.cat\/migracions\/es\/wp-json\/wp\/v2\/users\/2819"}],"replies":[{"embeddable":true,"href":"https:\/\/webs.uab.cat\/migracions\/es\/wp-json\/wp\/v2\/comments?post=1449"}],"version-history":[{"count":1,"href":"https:\/\/webs.uab.cat\/migracions\/es\/wp-json\/wp\/v2\/pages\/1449\/revisions"}],"predecessor-version":[{"id":1451,"href":"https:\/\/webs.uab.cat\/migracions\/es\/wp-json\/wp\/v2\/pages\/1449\/revisions\/1451"}],"wp:attachment":[{"href":"https:\/\/webs.uab.cat\/migracions\/es\/wp-json\/wp\/v2\/media?parent=1449"}],"curies":[{"name":"wp","href":"https:\/\/api.w.org\/{rel}","templated":true}]}}