{"id":784,"date":"2024-01-11T11:50:30","date_gmt":"2024-01-11T09:50:30","guid":{"rendered":"https:\/\/webs.uab.cat\/migracions\/?page_id=784"},"modified":"2024-06-14T12:55:59","modified_gmt":"2024-06-14T10:55:59","slug":"noticias-de-prensa","status":"publish","type":"page","link":"https:\/\/webs.uab.cat\/migracions\/es\/noticias-de-prensa\/","title":{"rendered":"Prensa"},"content":{"rendered":"\n<p class=\"has-text-align-center\"><em>Esta p\u00e1gina web y su contenido hist\u00f3rico est\u00e1 migrando de un servidor web a otro de la UAB. Adem\u00e1s, la nueva p\u00e1gina web GRM est\u00e1 siendo actualizada paulatinamente. Gracias por la paciencia.<\/em><\/p>\n\n\n\n<hr class=\"wp-block-separator has-alpha-channel-opacity is-style-dots\" \/>\n\n\n\n<p class=\"has-small-font-size\"><strong>ALGUNAS NOT\u00cdCIAS:<\/strong><\/p>\n\n\n\n<p>En<strong>&nbsp;febrero de 2021<\/strong>, en el marco de la iniciativa radiof\u00f3nica <strong>Onda Payesa<\/strong> (<strong>Arrels R\u00e0dio<\/strong>, via Anchor.FM),&nbsp;<strong>Ricard Mor\u00e9n-Alegret<\/strong>&nbsp;particip\u00f3 en un programa titulado <strong>Estrategias para repoblar los micropueblos de Catalu\u00f1a<\/strong>, en el que habl\u00f3 del proyecto \u00ab<strong><em><a href=\"http:\/\/atlantis.uab.cat\/hamlets\/es\/index.html\">HAMLETS. Immigraci\u00f3 i desenvolupament sostenible a pobles petits<\/a><\/em><\/strong>\u00ab, financiado por el Programa&nbsp;<strong>RECERCAIXA<\/strong>, una iniciativa de la Fundaci\u00f3n &#8216;la Caixa&#8217; y la Associaci\u00f3 Catalana d&#8217;Universitats P\u00fabliques (2017-2020). Pod\u00e9is escuchar el programa en:&nbsp;<a href=\"https:\/\/arrels.info\/radio\/ona-pagesa\/estrategies-per-repoblar-els-micropobles-de-catalunya\/\">https:\/\/arrels.info\/radio\/ona-pagesa\/estrategies-per-repoblar-els-micropobles-de-catalunya\/<\/a><\/p>\n\n\n\n<hr class=\"wp-block-separator has-alpha-channel-opacity is-style-dots\" \/>\n\n\n\n<p>En <strong>juliol de 2020<\/strong>, en el contexto de una <strong>iniciativa pirenaica<\/strong>, el profesor&nbsp;<strong>Ricard Mor\u00e9n-Alegret<\/strong>&nbsp;colabor\u00f3 con la <strong>Agencia Catalana de Noticias (ACN)<\/strong>&nbsp;para difundir reflexiones sobre la&nbsp;<strong>situaci\u00f3n de los pueblos peque\u00f1os<\/strong>&nbsp;y algunos resultados obtenidos durante el&nbsp;<strong>proyecto HAMLETS<\/strong>. La colaboraci\u00f3n con ACN fue recogida por diversos medios de comunicaci\u00f3n, como por ejemplo los siguientes:<br><\/p>\n\n\n\n<ul class=\"wp-block-list\">\n<li><strong>LLEIDA.COM<\/strong>:<\/li>\n<\/ul>\n\n\n\n<p><a href=\"https:\/\/www.lleida.com\/noticia_canal\/cosmopolitisme-rural-ipolitiques-\">https:\/\/www.lleida.com\/noticia_canal\/cosmopolitisme-rural-ipolitiques-<br>publiques-com-eines-mantenir-els-micropobles<\/a><br><\/p>\n\n\n\n<ul class=\"wp-block-list\">\n<li><strong>Corporaci\u00f3 Catalana de Mitjans Audiovisuals (CCMA)<\/strong>:&nbsp;<\/li>\n<\/ul>\n\n\n\n<p><a href=\"https:\/\/www.ccma.cat\/324\/limpuls-del-cosmopolitismerural-\">https:\/\/www.ccma.cat\/324\/limpuls-del-cosmopolitismerural-<br>i-de-politiques-publiques-per-a-segons-residents-eines-permantenir-<br>els-micropobles\/noticia\/3030648\/<\/a><br><\/p>\n\n\n\n<ul class=\"wp-block-list\">\n<li><strong>Diari ARA:<\/strong>&nbsp;<\/li>\n<\/ul>\n\n\n\n<p><a href=\"https:\/\/www.ara.cat\/pirineus\/Cosmopolitisme-rurallluitar- contra-despoblament_0_2486151470.html\">https:\/\/www.ara.cat\/pirineus\/Cosmopolitisme-rurallluitar-<br>contra-despoblament_0_2486151470.html<\/a><br><\/p>\n\n\n\n<ul class=\"wp-block-list\">\n<li><strong>REGI\u00d3 7<\/strong>:<\/li>\n<\/ul>\n\n\n\n<p><a href=\"https:\/\/www.regio7.cat\/cerdanya-alturgell\/\">https:\/\/www.regio7.cat\/cerdanya-alturgell\/<br>2020\/07\/13\/cosmopolitisme-rural-eina-mantenirmicropobles\/<br>620641.html<\/a><br>*<\/p>\n\n\n\n<ul class=\"wp-block-list\">\n<li><strong>RADIO SEU:<\/strong><\/li>\n<\/ul>\n\n\n\n<p><a href=\"http:\/\/www.radioseu.cat\/noticies\/un-estudi-de-lauab-\">http:\/\/www.radioseu.cat\/noticies\/un-estudi-de-lauab-<br>planteja-incentivar-que-segons-residents-de-pobles-petits-shiinstal-<br>lin-a-viure<\/a><br><\/p>\n\n\n\n<ul class=\"wp-block-list\">\n<li>&nbsp;<strong>VIURE ALS PIRINEUS:<\/strong><\/li>\n<\/ul>\n\n\n\n<p><a href=\"https:\/\/www.viurealspirineus.cat\/articulo\/societat\/limpulscosmopolitisme-\">https:\/\/www.viurealspirineus.cat\/articulo\/societat\/limpulscosmopolitisme-<br>rural-i-politiques-publiques-per-segons-residentseines-<br>per-mantenir-els-micropobles\/20200708105213020044.html<\/a><br><\/p>\n\n\n\n<hr class=\"wp-block-separator has-alpha-channel-opacity is-style-dots\" \/>\n\n\n\n<p>Ejemplos del&nbsp;<strong>IMPACTO<\/strong>&nbsp;durante&nbsp;<strong>febrero de 2020<\/strong>&nbsp;en los medios de comunicaci\u00f3n de la&nbsp;<strong>CONFERENCIA-FORUM<\/strong>&nbsp;organizada por el proyecto&nbsp;<strong>HAMLETS<\/strong>&nbsp;en el Palacio Macaya de&nbsp;<strong>Barcelona<\/strong>:<\/p>\n\n\n\n<p class=\"has-text-align-center\"><strong>*CADENA SER (Radio) &#8211; HORA 14 CATALUNYA (programa) &#8211; 8 Febrero 2020, 14:14h<\/strong>&nbsp;&#8211;&nbsp;<strong>00:02:09<\/strong>&nbsp;<strong>minutos:<\/strong><br><a href=\"https:\/\/acceso360.acceso.com\/uab\/es-ES\/?mod=TrackingAVPlayer&amp;task=openAV&amp;companyNewsId=600267969&amp;mediaType=1&amp;newsDate=1581167685&amp;sig=3dc5a2d427d1407ddbc6867f00de2dbb0157d29ec972b393ab32b92a0526036e\" target=\"_blank\" rel=\"noreferrer noopener\">#SOCIEDAD. CATALUNYA. LA UAB HA CELEBRADO ESTA SEMANA UNA REUNION ENTRE DIFERENTES ENTIDADES PARA PONER EN COMUN LOS RETOS DE LOS PUEBLOS MENOS POBLADOS DE CATALUNYA. DECLARACIONES DE RICARD MOREN, INVESTIGADOR DE LA UAB ENCARGADO DE LA INVESTIGACION SOBRE LOS MICROPUEBLOS; MARIO URREA, ALCALDE DE TORREBESSES Y PRESIDENTE DE LA ASSOCIACIO DE MICROPOBLES DE CATALUNYA.<\/a>&nbsp;Audiencia: 381.000 personas<\/p>\n\n\n\n<p class=\"has-text-align-center\"><strong>*LA VANGUARDIA &#8211; 8 Febrero 2020:<\/strong><\/p>\n\n\n\n<p><a href=\"https:\/\/www.lavanguardia.com\/vida\/20200208\/473358597638\/sensacion-abandono-despoblacion-y-viviendas-caras-problemas-de-micropueblos.html\">https:\/\/www.lavanguardia.com\/vida\/20200208\/473358597638\/sensacion-abandono-despoblacion-y-viviendas-caras-problemas-de-micropueblos.html<\/a><\/p>\n\n\n\n<p class=\"has-text-align-center\"><strong><em>*Diario ABC<\/em><\/strong>&#8211;&nbsp;<strong><em>8&nbsp;<strong><em>Febrero&nbsp;<\/em><\/strong>2020<\/em><\/strong><\/p>\n\n\n\n<p><a href=\"https:\/\/agencias.abc.es\/noticia.asp?noticia=3298350\">https:\/\/agencias.abc.es\/noticia.asp?noticia=3298350<\/a><\/p>\n\n\n\n<p class=\"has-text-align-center\"><strong>*DIARI DE GIRONA &#8211; 9 Febrero 2020<\/strong><\/p>\n\n\n\n<p><a href=\"https:\/\/www.diaridegirona.cat\/comarques\/2020\/02\/09\/despoblacio-principal-problema-dels-micropobles\/1028290.html\">https:\/\/www.diaridegirona.cat\/comarques\/2020\/02\/09\/despoblacio-principal-problema-dels-micropobles\/1028290.html<\/a><\/p>\n\n\n\n<hr class=\"wp-block-separator has-alpha-channel-opacity is-style-dots\" \/>\n\n\n\n<p>Algunas noticias sobre el&nbsp;<strong>FORUM de Tuixent,&nbsp;<\/strong>Alt Urgell,<strong>&nbsp;Pirineos de Lleida&nbsp;<\/strong>organizado en<strong>&nbsp;diciembre de 2019<\/strong>&nbsp;en el marco del<strong>&nbsp;proyecto HAMLETS&nbsp;<\/strong>desde la&nbsp;<strong>UAB&nbsp;<\/strong>por Ricard Mor\u00e9n-Alegret con la participaci\u00f3n tambi\u00e9n de Francesc Romagosa, la Associaci\u00f3 de Micropobles de Catalunya, el Ayuntamiento de Josa i Tuix\u00e9n, el Ayuntamiento de La Vansa-F\u00f3rnols y la Escuela de Tuixent, entre otras organizaciones:<\/p>\n\n\n\n<p><em><strong>Radio:<\/strong><\/em>&nbsp;<a href=\"https:\/\/www.ccma.cat\/catradio\/alacarta\/catalunya-al-dia\/els-micropobles-volen-atreure-emprenedors-que-frenin-el-despoblament\/audio\/1057346\/\">https:\/\/www.ccma.cat\/catradio\/alacarta\/catalunya-al-dia\/els-micropobles-volen-atreure-emprenedors-que-frenin-el-despoblament\/audio\/1057346\/<\/a><\/p>\n\n\n\n<p><em><strong>Televisi\u00f3n:<\/strong><\/em>&nbsp;<a href=\"http:\/\/www.pirineustv.cat\/2019\/12\/09\/emprenedoria-per-garantir-el-futur-dels-micropobles\/\">http:\/\/www.pirineustv.cat\/2019\/12\/09\/emprenedoria-per-garantir-el-futur-dels-micropobles\/<\/a><\/p>\n\n\n\n<hr class=\"wp-block-separator has-alpha-channel-opacity is-style-dots\" \/>\n\n\n\n<p>El\u00a0<strong>23 de mayo de 2019<\/strong>\u00a0entre las 19h y las 20h se realiz\u00f3 un\u00a0<strong>programa<\/strong>\u00a0monogr\u00e1fico en la emisora de\u00a0<strong>radio<\/strong>\u00a0p\u00fablica\u00a0<strong>CATALUNYA INFORMACI\u00d3<\/strong>\u00a0sobre\u00a0<strong>despoblaci\u00f3n y repoblaci\u00f3n humana en \u00e1reas rurales<\/strong>\u00a0de Europa. Algunas de las preguntas clave planteadas fueron: \u00bftener buenas comunicaciones y una buena conexi\u00f3n a internet ser\u00eda suficiente para frenar la despoblaci\u00f3n? \u00bfPor qu\u00e9 algunos j\u00f3venes no se quieren quedar a vivir en los pueblos? \u00bfCuales son los riesgos si los agricultores siguen abandonando los campos? El sexto monogr\u00e1fico del \u00abCatalunya al dia\u00bb cont\u00f3 con la conducci\u00f3n de la periodista Gloria Mar\u00edn y la participaci\u00f3n de N\u00faria Alb\u00e0, de la Asociaci\u00f3n de Micropueblos de Catalu\u00f1a; Joan Caball, coordinador de Uni\u00f3 de Pagesos, y el ge\u00f2grafo Ricard Mor\u00e9n-Alegret (UAB). Se puede escuchar el audio en los siguientes enlaces:\u00a0<a href=\"https:\/\/www.ccma.cat\/catradio\/alacarta\/catalunya-al-dia\/associacio-de-micropobles-frenar-el-despoblament-es-una-questio-de-pais\/audio\/1040519\">https:\/\/www.ccma.cat\/catradio\/alacarta\/catalunya-al-dia\/associacio-de-micropobles-frenar-el-despoblament-es-una-questio-de-pais\/audio\/1040519<\/a>\/ &amp;\u00a0<a href=\"https:\/\/twitter.com\/Catinformacio\/status\/1131802004815339520\">https:\/\/twitter.com\/Catinformacio\/status\/1131802004815339520<\/a><\/p>\n\n\n<div class=\"wp-block-image\">\n<figure class=\"aligncenter size-full\"><img loading=\"lazy\" decoding=\"async\" width=\"251\" height=\"320\" src=\"https:\/\/webs.uab.cat\/migracions\/wp-content\/uploads\/sites\/534\/2024\/02\/image-75.png\" alt=\"\" class=\"wp-image-582\" srcset=\"https:\/\/webs.uab.cat\/migracions\/wp-content\/uploads\/sites\/534\/2024\/02\/image-75.png 251w, https:\/\/webs.uab.cat\/migracions\/wp-content\/uploads\/sites\/534\/2024\/02\/image-75-235x300.png 235w\" sizes=\"auto, (max-width: 251px) 100vw, 251px\" \/><\/figure>\n<\/div>\n\n\n<hr class=\"wp-block-separator has-alpha-channel-opacity is-style-dots\" \/>\n\n\n\n<p>El&nbsp;<strong>15 de abril de 2019&nbsp;<\/strong>el proyecto de investigaci\u00f3n&nbsp;<em><strong>HAMLETS. Inmigraci\u00f3n y desarrollo sostenible en peque\u00f1os pueblos<\/strong><\/em>&nbsp;(financiado por el Programa RecerCaixa y desarrollado principalmente desde la UAB) particip\u00f3 en una mesa redonda sobre despoblaci\u00f3n y repoblaci\u00f3n rural que tuvo lugar en la primera hora del programa radiof\u00f3nico \u00abDe Boca a Orella\u00bb de&nbsp;<strong>R\u00e0dio 4, emisora de Radio Nacional de Espa\u00f1a (RNE)<\/strong>&nbsp;en Catalu\u00f1a. Participaron en el debate varios actores relevantes de la Catalu\u00f1a rural. Para escuchar el audio del programa, puedes clicar en el siguientes enlaces: h<a href=\"\/\/www.rtve.es\/alacarta\/audios\/de-boca-a-orella\/boca-orella-dilluns-15-dabril-2019-1a-hora\/5146318\/\">ttp:\/\/www.rtve.es\/alacarta\/audios\/de-boca-a-orella\/boca-orella-dilluns-15-dabril-2019-1a-hora\/5146318\/<\/a><\/p>\n\n\n\n<p>Para m\u00e1s informaci\u00f3n, ver tambi\u00e9n la actividad en Twitter al respecto, por ejemplo:<\/p>\n\n\n\n<p><a href=\"https:\/\/twitter.com\/Micropobles\/status\/1118899278703939584\">https:\/\/twitter.com\/Micropobles\/status\/1118899278703939584<\/a><a href=\"https:\/\/twitter.com\/debocaaorella\/status\/1117796234289471489\">https:\/\/twitter.com\/debocaaorella\/status\/1117796234289471489<\/a>&nbsp;<a href=\"https:\/\/twitter.com\/RicardMoren\/status\/1118049397466701824\">https:\/\/twitter.com\/RicardMoren\/status\/1118049397466701824<\/a><\/p>\n\n\n<div class=\"wp-block-image\">\n<figure class=\"aligncenter size-full is-resized\"><img loading=\"lazy\" decoding=\"async\" width=\"400\" height=\"300\" src=\"https:\/\/webs.uab.cat\/migracions\/wp-content\/uploads\/sites\/534\/2024\/02\/image-76.png\" alt=\"\" class=\"wp-image-585\" style=\"width:464px;height:auto\" srcset=\"https:\/\/webs.uab.cat\/migracions\/wp-content\/uploads\/sites\/534\/2024\/02\/image-76.png 400w, https:\/\/webs.uab.cat\/migracions\/wp-content\/uploads\/sites\/534\/2024\/02\/image-76-300x225.png 300w\" sizes=\"auto, (max-width: 400px) 100vw, 400px\" \/><\/figure>\n<\/div>\n\n\n<p class=\"has-text-align-center\">Foto: Radio 4<\/p>\n\n\n\n<hr class=\"wp-block-separator has-alpha-channel-opacity is-style-dots\" \/>\n\n\n\n<p>En&nbsp;<strong>noviembre de 2017<\/strong>&nbsp;el proyecto de investigaci\u00f3n&nbsp;<em><strong>HAMLETS. Inmigraci\u00f3n y desarrollo sostenible en peque\u00f1os pueblos<\/strong>&nbsp;<\/em>(financiado por RecerCaixa) particip\u00f3 en un veterano programa de televisi\u00f3n dedicado a temas y debates econ\u00f3micos:&nbsp;<strong><em>Valor Afegit<\/em><\/strong>,&nbsp;<strong>TV3.&nbsp;<\/strong>El reportaje se titula:&nbsp;<strong>\u00abMicro-pueblos, Macro-territorios\u00bb.<\/strong><\/p>\n\n\n\n<p><a href=\"http:\/\/www.ccma.cat\/tv3\/alacarta\/valor-afegit\/valor-afegit-14112017\/video\/5701875\/\">Ver:<\/a><strong><a href=\"http:\/\/www.ccma.cat\/tv3\/alacarta\/valor-afegit\/valor-afegit-14112017\/video\/5701875\/\">&nbsp;http:\/\/www.ccma.cat\/tv3\/alacarta\/valor-afegit\/valor-afegit-14112017\/video\/5701875\/<\/a><\/strong><\/p>\n\n\n\n<figure class=\"wp-block-image size-full\"><img loading=\"lazy\" decoding=\"async\" width=\"681\" height=\"420\" src=\"https:\/\/webs.uab.cat\/migracions\/wp-content\/uploads\/sites\/534\/2024\/02\/image-77.png\" alt=\"\" class=\"wp-image-588\" srcset=\"https:\/\/webs.uab.cat\/migracions\/wp-content\/uploads\/sites\/534\/2024\/02\/image-77.png 681w, https:\/\/webs.uab.cat\/migracions\/wp-content\/uploads\/sites\/534\/2024\/02\/image-77-300x185.png 300w\" sizes=\"auto, (max-width: 681px) 100vw, 681px\" \/><\/figure>\n\n\n\n<p><strong>PERIODO 2009-2013<\/strong>:<\/p>\n\n\n\n<p>El pasado mes de octubre de 2013&nbsp;<strong>Albert Mas<\/strong>&nbsp;fue entrevistado en&nbsp;<strong>Sants 3 R\u00e0dio<\/strong>&nbsp;para presentar el&nbsp;<strong>proyecto Concordia Discors<\/strong>&nbsp;(<a href=\"http:\/\/www.concordiadiscors.eu\/\">http:\/\/www.concordiadiscors.eu\/<\/a>). Este innovador proyecto comparativo financiado por la Comisi\u00f3n Europea y coordinado desde FIERI (Italia), ha estudiado durante 2011 y 2012 procesos de integraci\u00f3n y conflictos en dos barrios de cinco ciudades europeas: Londres, Budapest, Barcelona, Tur\u00edn y Nuremberg. El estudio en Barcelona ha sido coordinado por Ricard Mor\u00e9n-Alegret y ha contado con la participaci\u00f3n de Dawid Wladyka y Albert Mas. La entrevista se encuentra disponible en:&nbsp;<a href=\"http:\/\/geografia.uab.cat\/migracions\/cas\/audios\/Entrevista-Albert%20Mas_Sants-3-Radio_oct2013.mp3\" target=\"_blank\" rel=\"noreferrer noopener\">Entrevista-Albert Mas_Sants-3-Radio_oct2013<\/a><\/p>\n\n\n\n<p>El pasado mi\u00e9rcoles 15 de mayo de 2013, con motivo del D\u00eda Internacional de la Familia,&nbsp;<strong>Dan Rodr\u00edguez<\/strong>&nbsp;fue entrevistado en&nbsp;<strong>Radio Nacional de Espa\u00f1a<\/strong>&nbsp;(Radio 5) sobre cuestiones relacionadas con inmigraci\u00f3n y parejas\/familias mixtas. La entrevista se encuentra disponible en:&nbsp;<a href=\"http:\/\/www.rtve.es\/alacarta\/audios\/entrevista-de-actualidad\/entrevista-actualidad-r5-dia-internacional-familia-15-05-13\/1820224\/\">http:\/\/www.rtve.es\/alacarta\/audios\/entrevista-de-actualidad\/entrevista-actualidad-r5-dia-internacional-familia-15-05-13\/1820224\/<\/a>&nbsp;<\/p>\n\n\n\n<p>El pasado 10 de mayo de 2013 fue publicado en el diario&nbsp;<em><strong>La Vanguardia<\/strong><\/em>&nbsp;el art\u00edculo de&nbsp;<strong>Ricard Mor\u00e9n Alegret<\/strong>&nbsp;titulado \u201cNavegaciones&nbsp; e integraciones\u201d. Pueden leer el art\u00edculo juntamente con una nota del autor en los siguientes enlaces:&nbsp;<a href=\"http:\/\/scg.iec.cat\/Scg9\/Scg92\/S90241.htm\">http:\/\/scg.iec.cat\/Scg9\/Scg92\/S90241.htm<\/a>&nbsp;,&nbsp;<a href=\"http:\/\/geografia.uab.es\/web\/images\/mitjans\/lv_rmoren.pdf\">http:\/\/geografia.uab.es\/web\/images\/mitjans\/lv_rmoren.pdf<\/a><\/p>\n\n\n\n<p>Noticia en formato v\u00eddeo realizada por &#8216;L&#8217;Aut\u00f2noma Tv&#8217; sobre la&nbsp;<strong>sesi\u00f3n inaugural del 11o ciclo de seminarios sobre migraciones<\/strong>&nbsp;(24 Abril 2013, Anna Vilaseca y Eduard Trepat, Fundaci\u00f3 del M\u00f3n Rural, FMR, \u00abMobilitat i sostenibilitat en el m\u00f3n rural catal\u00e0. De la transhum\u00e0ncia a les migracions\u00bb)<\/p>\n\n\n\n<figure class=\"wp-block-video\"><\/figure>\n\n\n\n<p>El pasado s\u00e1bado 2 de febrero de 2013 se re-emiti\u00f3 en Televisi\u00f3n de Badalona una entrevista a&nbsp;<strong>\u00c0ngels Pascual de Sans<\/strong>&nbsp;en el marco de la serie&nbsp;<strong>\u00abLes dones s\u00e0vies\u00bb<\/strong>&nbsp;(<em>Las mujeres sabias<\/em>). Se puede visualizar dicho programa en la siguiente p\u00e0gina web:&nbsp;<a href=\"http:\/\/tvbadalona.xiptv.cat\/les-dones-savies\/capitol\/angels-pascual-de-sans#.UQ1e5mZADOA.gmail\" target=\"_blank\" rel=\"noreferrer noopener\">http:\/\/tvbadalona.xiptv.cat\/les-dones-savies\/capitol\/angels-pascual-de-sans#.UQ1e5mZADOA.gmail<\/a><\/p>\n\n\n\n<p>El pasado 23 de octubre de 2012,&nbsp;<strong>Dan Rodr\u00edguez-Garc\u00eda<\/strong>&nbsp;fue invitado al programa-debate \u201cEl Mirall\u201d de Catalunya Radio como experto en parejas mixtas para participar en el programa&nbsp;<a href=\"http:\/\/www.catradio.cat\/audio\/673837\/Parelles-mixtes\">\u201cParelles mixtes\u201d<\/a>. Acceso al audio:&nbsp;<a href=\"http:\/\/www.catradio.cat\/audio\/673837\/Parelles-mixtes\">http:\/\/www.catradio.cat\/audio\/673837\/Parelles-mixtes<\/a>&nbsp;<\/p>\n\n\n\n<p>El pasado 15 de octubre de 2012,&nbsp;<strong>Dan Rodr\u00edguez-Garc\u00eda<\/strong>&nbsp;fue entrevistado por el programa informativo L\u2019Observatori de La Xarxa radio para hablar sobre&nbsp;<a href=\"http:\/\/blocs.xarxaradio.cat\/observatori\/2012\/10\/15\/dan-rodriguez-expert-en-migracions-limpacte-negatiu-de-la-fuga-de-cervells-catalans-es-la-perdua-de-talent\/\">La nueva emigraci\u00f3n catalana hacia el extranjero<\/a>. Acceso al audio:&nbsp;<a href=\"http:\/\/blocs.xarxaradio.cat\/observatori\/2012\/10\/15\/dan-rodriguez-expert-en-migracions-limpacte-negatiu-de-la-fuga-de-cervells-catalans-es-la-perdua-de-talent\/\">http:\/\/blocs.xarxaradio.cat\/observatori\/2012\/10\/15\/dan-rodriguez-expert-en-migracions-limpacte-negatiu-de-la-fuga-de-cervells-catalans-es-la-perdua-de-talent\/<\/a><\/p>\n\n\n\n<p>Emisi\u00f3n del v\u00eddeo documental de divulgaci\u00f3n cient\u00edfica y cultural&nbsp;<strong>\u00abIberiana. Procesos de integraci\u00f3n de inmigrantes en cinco peque\u00f1as ciudades de la Espa\u00f1a peninsular\u00bb<\/strong>&nbsp;en el programa de TVE&nbsp;<strong>\u00abLa aventura del saber\u00bb<\/strong>&nbsp;y en el canal&nbsp;<strong>\u00abIndagando TV\u00bb<\/strong>. Descarga las noticias relacionadas clicando en los siguientes enlaces:&nbsp;<a href=\"http:\/\/geografia.uab.cat\/migracions\/cas\/imatges\/recull%20de%20premsa\/noticies%20iberiana\/INDAGANDO%20TV.pdf\" target=\"_blank\" rel=\"noreferrer noopener\">IndagantdoTv<\/a>&nbsp;;<a href=\"http:\/\/geografia.uab.cat\/migracions\/cas\/imatges\/recull%20de%20premsa\/noticies%20iberiana\/Indaganda_Noticias.pdf\" target=\"_blank\" rel=\"noreferrer noopener\">&nbsp;Indaganda&nbsp;<\/a>;<a href=\"http:\/\/geografia.uab.cat\/migracions\/cas\/imatges\/recull%20de%20premsa\/noticies%20iberiana\/La_avetura_del_saber_RTVE.pdf\" target=\"_blank\" rel=\"noreferrer noopener\">&nbsp;La aventura del saber<\/a>.<\/p>\n\n\n\n<p>Noticia publicada en&nbsp;<strong>DiarideGirona.cat&nbsp;<\/strong>(13\/10\/2009) sobre el proyecto \u00ab<strong>Inmigraci\u00f3n extranjera, sentido de lugar e identidad territorial en cinco peque\u00f1as ciudades de Espa\u00f1a<\/strong>\u00bb (2006-2009), dirigido por el Doctor Ricard Mor\u00e9n y financiado por el Ministerio de Ciencia e Innovaci\u00f3n del Gobierno de Espa\u00f1a. Lee la noticia en el enlace siguiente&nbsp;<a href=\"http:\/\/www.diaridegirona.cat\/comarques\/2009\/10\/13\/quietud-del-poble-oportunitats-ciutat\/362956.html\">http:\/\/www.diaridegirona.cat\/comarques\/2009\/10\/13\/quietud-del-poble-oportunitats-ciutat\/362956.html<\/a>&nbsp;o bien desc\u00e1rgala en formato pdf ciclando&nbsp;<a href=\"http:\/\/geografia.uab.cat\/migracions\/cas\/imatges\/recull%20de%20premsa\/cinco%20ciudades%20diaridegirona.pdf\">aqu\u00ed<\/a>.<\/p>\n\n\n\n<p><strong>Participaci\u00f3n de Ricard Mor\u00e9n en el debate \u00abEl mobbing rural\u00bb del programa de TV3 \u00abEls matins\u00bb&nbsp;<\/strong>(21\/01\/2009 &#8211; 08:00h.-13:15h., programa n\u00ba 1006). TEMA DEL DIA: \u00abEl mobbing rural\u00bb (Debate con Josep Cun\u00ed): Participantes: Pilar RAHOLA, periodista y escritora; Rafael VALLBONA, periodista y escritor; Ricard HERRERO, President del Consell Comarcal del Baix Empord\u00e0; Roser VERNET, empresaria de turismo rural; Pere RUBIOLA, campesino, La Selva, y presidente del sindicato JARC; David GINEST\u00c0, presidente de la Associaci\u00f3 de Comerciants de Puigcerd\u00e0; Ricard MOR\u00c9N-ALEGRET, experto en movimientos migratorios, GRM, Dept. Geografia, UAB; Gemma C\u00c0NOVES, catedr\u00e1tica Geografia, UAB.<\/p>\n\n\n\n<p><strong>Noticias de prensa relacionadas con el\u00a0<em>\u2018<\/em>Forum Gesti\u00f3n de la inmigraci\u00f3n y la diversidad en Qu\u00e9bec y Canad\u00e1\u2019:<\/strong><\/p>\n\n\n\n<p><a href=\"https:\/\/webs.uab.cat\/migracions\/wp-content\/uploads\/sites\/534\/2024\/06\/DOSSIER-PRENSA-FORUM-CANADA.pdf\">Clica para acceder al dosier de prensa del Forum.<\/a><\/p>\n\n\n\n<p><a href=\"https:\/\/webs.uab.cat\/migracions\/wp-content\/uploads\/sites\/534\/2024\/06\/Entrevista-a-Dan-Rodriguez-Radio-CBC-Canada-International-28-11-08.mp3\">Entrevista a Dan Rodr\u00edguez emitida por la emisora de Radio CBC International de Canad\u00e1, el pasado 28 de noviembre de 2008.<\/a><br><br><a href=\"https:\/\/webs.uab.cat\/migracions\/wp-content\/uploads\/sites\/534\/2024\/06\/Entrevista-a-Dan-Rodriguez-Revista-Wanafrica-no34-Dec.-08.pdf\">Entrevista a Dan Rodr\u00edguez publicada a la Revista &#8216;Wanafrica&#8217; n\u00ba34, Diciembre de 2008, p\u00e1gs. 15-16.<\/a><\/p>\n\n\n\n<p><strong>Entrevista realizada a Papa Sow y publicada en\u00a0<em>La Ma\u00f1ana<\/em>\u00a0de Lleida (9 de junio de 2008, p. 12)<\/strong>. La entrevista fue realizada en motivo de la celebraci\u00f3n en Lleida del Primer Congr\u00e9s Internacional de Codesenvolupament en abril del 2008.\u00a0<a href=\"https:\/\/webs.uab.cat\/migracions\/wp-content\/uploads\/sites\/534\/2024\/06\/entrevista-Pap-CODESARROLLO.jpg\">Clica para acceder a la entrevista.<\/a><\/p>\n\n\n\n<p><strong>Noticias de prensa relacionadas con el estudio realizado por Ricard Mor\u00e9n sobre el mundo \u00abcasteller\u00bb e inmigraci\u00f3nla y su publicaci\u00f3n del libro \u00abBon cop de m\u00e0\u00bb:<\/strong><\/p>\n\n\n\n<p>Art\u00edculo divulgativo sobre el libro \u201cBon cop de m\u00e0\u201d publicado en la Xarxa Associativa i de Voluntariat de Catalunya \u201cxarxanet.org\u201d (junio 2010).\u00a0<a href=\"http:\/\/xnt.gec.es\/xarxanet\/capsulesDetall.xarxanet?xnt_locale=ca&amp;xnt_portal=7&amp;cap_capsulaId=19142\">Clica para acceder al art\u00edculo<\/a>.<\/p>\n\n\n\n<p>Noticia publicada en el diario Avui (4\/10\/2009) vinculada al estudio realizado por Ricard Mor\u00e9n sobre el mundo \u00abcasteller\u00bb e inmigraci\u00f3n. Lee la noticia en el enlace siguiente\u00a0<a href=\"http:\/\/paper.avui.cat\/article\/societat\/175999\/colles\/castelleres\/promouran\/lentrada\/nous\/immigrants.html\">http:\/\/paper.avui.cat\/article\/societat\/175999\/colles \/castelleres\/promouran\/lentrada\/nous\/immigrants.html<\/a>o bien desc\u00e1rgala en formato pdf ciclando\u00a0<a href=\"https:\/\/webs.uab.cat\/migracions\/wp-content\/uploads\/sites\/534\/2024\/06\/Avui-mon-casteller.pdf\">aqu\u00ed<\/a>.<\/p>\n\n\n\n<p>Entrevista realizada a Ricard Mor\u00e9n emitida en el programa de televisi\u00f3n sobre el mundo casteller \u00abQuarts de nou\u00bb (programa 56, 17\/06\/2007). Clica para acceder a la entrevista.<\/p>\n\n\n\n<p>Not\u00edcia publicada al diari AVUI, p\u00e0gina 36. Dijous, 26 d&#8217;abril del 2007.\u00a0<a href=\"https:\/\/webs.uab.cat\/migracions\/wp-content\/uploads\/sites\/534\/2024\/06\/Avui-Paper-Societat.pdf\">Clica per accedir a l&#8217;entrevista.<\/a><\/p>\n\n\n\n<p>Noticia publicada en el diario AVUI, p\u00e1gina 36. Jueves, 26 de abril del 2007.\u00a0<a href=\"https:\/\/webs.uab.cat\/migracions\/wp-content\/uploads\/sites\/534\/2024\/06\/Cara-a-cara.pdf\">Clica para acceder a la entrevista.<\/a><\/p>\n\n\n\n<p>Entrevista realizada a Ricard Mor\u00e9n publicada en el Diari de Sabadell el 28 de abril de 2007.<a href=\"https:\/\/webs.uab.cat\/migracions\/wp-content\/uploads\/sites\/534\/2024\/06\/Cara-a-cara.pdf\">\u00a0Clica para acceder a la entrevista.<\/a><\/p>\n\n\n\n<p><strong>ntrevista realizada a \u00c0ngels Pacual publicada en la revista Pres\u00e8ncia del 2 al 8 de febrero del 2007<\/strong>.\u00a0<a href=\"https:\/\/webs.uab.cat\/migracions\/wp-content\/uploads\/sites\/534\/2024\/06\/entrevista-a-Presencia-Angels-Pascual.pdf\">Clica para acceder a la entrevista.<\/a><\/p>\n","protected":false},"excerpt":{"rendered":"<p>Esta p\u00e1gina web y su contenido hist\u00f3rico est\u00e1 migrando de un servidor web a otro de la UAB. Adem\u00e1s, la nueva p\u00e1gina web GRM est\u00e1 siendo actualizada paulatinamente. Gracias por la paciencia. ALGUNAS NOT\u00cdCIAS: En&nbsp;febrero de 2021, en el marco de la iniciativa radiof\u00f3nica Onda Payesa (Arrels R\u00e0dio, via Anchor.FM),&nbsp;Ricard Mor\u00e9n-Alegret&nbsp;particip\u00f3 en un programa titulado [&hellip;]<\/p>\n","protected":false},"author":2819,"featured_media":0,"parent":0,"menu_order":0,"comment_status":"closed","ping_status":"closed","template":"","meta":{"footnotes":""},"class_list":["post-784","page","type-page","status-publish","hentry"],"_links":{"self":[{"href":"https:\/\/webs.uab.cat\/migracions\/es\/wp-json\/wp\/v2\/pages\/784","targetHints":{"allow":["GET"]}}],"collection":[{"href":"https:\/\/webs.uab.cat\/migracions\/es\/wp-json\/wp\/v2\/pages"}],"about":[{"href":"https:\/\/webs.uab.cat\/migracions\/es\/wp-json\/wp\/v2\/types\/page"}],"author":[{"embeddable":true,"href":"https:\/\/webs.uab.cat\/migracions\/es\/wp-json\/wp\/v2\/users\/2819"}],"replies":[{"embeddable":true,"href":"https:\/\/webs.uab.cat\/migracions\/es\/wp-json\/wp\/v2\/comments?post=784"}],"version-history":[{"count":6,"href":"https:\/\/webs.uab.cat\/migracions\/es\/wp-json\/wp\/v2\/pages\/784\/revisions"}],"predecessor-version":[{"id":1628,"href":"https:\/\/webs.uab.cat\/migracions\/es\/wp-json\/wp\/v2\/pages\/784\/revisions\/1628"}],"wp:attachment":[{"href":"https:\/\/webs.uab.cat\/migracions\/es\/wp-json\/wp\/v2\/media?parent=784"}],"curies":[{"name":"wp","href":"https:\/\/api.w.org\/{rel}","templated":true}]}}