{"id":962,"date":"2024-02-28T15:59:31","date_gmt":"2024-02-28T13:59:31","guid":{"rendered":"https:\/\/webs.uab.cat\/migracions\/?page_id=962"},"modified":"2024-09-02T16:16:55","modified_gmt":"2024-09-02T14:16:55","slug":"working-papers","status":"publish","type":"page","link":"https:\/\/webs.uab.cat\/migracions\/es\/working-papers\/","title":{"rendered":"Working Papers"},"content":{"rendered":"\n<p class=\"has-large-font-size\"><strong>Bienvenidos y bienvenidas a la&nbsp;<em>GRM<\/em><\/strong>&nbsp;<em><strong>Working Paper Series<\/strong><\/em><\/p>\n\n\n\n<p><a href=\"https:\/\/webs.uab.cat\/migracions\/wp-content\/uploads\/sites\/534\/2024\/09\/GRM-WP-2011_Mas-Palacios-Moren-Alegret.pdf\"><em>WP-GRM-2011:&nbsp;<\/em>MAS-PALACIOS, A.; MOR\u00c9N-ALEGRET, R. (2011)&nbsp;<em>\u00bfContraurbanizaci\u00f3n internacional? Inmigraci\u00f3n extranjera en el entorno de espacios naturales protegidos de la Espa\u00f1a peninsular.<\/em>&nbsp;GRM Working Paper, preliminary issue.<\/a><\/p>\n\n\n\n<p><a href=\"https:\/\/webs.uab.cat\/migracions\/wp-content\/uploads\/sites\/534\/2024\/09\/WP-GRM-2012-0_Moren-Mota-Pascual_UAB.pdf\"><em>WP-GRM-2012-0:<\/em>&nbsp;MOR\u00c9N-ALEGRET, R.; MOTA, P.; PASCUAL-DE-SANS, \u00c0. (2012)&nbsp;<em>International migration, health and place in rural and semi-rural Spain.&nbsp;<\/em>GRM Working Papers, n\u00fam. 0.<\/a><\/p>\n\n\n\n<p><a href=\"https:\/\/webs.uab.cat\/migracions\/wp-content\/uploads\/sites\/534\/2024\/09\/WP-GRM-2013-1_Vilaseca-Trepat-FMR.pdf\"><em>WP-GRM-2013-1:&nbsp;<\/em>VILASECA, A.; TREPAT, E.&nbsp;(2013)<em>&nbsp;Migracions juvenils i desenvolupament territorial.&nbsp;<\/em>GRM Working Papers, n\u00fam. 1.<\/a><\/p>\n\n\n\n<p><em><a href=\"http:\/\/geografia.uab.cat\/migracions\/cas\/publicacions%20i%20documents\/GRM%20working%20papers\/WP-GRM-2013-2_Turhan-ICTA.pdf\">WP-GRM-2013-2:&nbsp;<\/a><\/em><a href=\"http:\/\/geografia.uab.cat\/migracions\/cas\/publicacions%20i%20documents\/GRM%20working%20papers\/WP-GRM-2013-2_Turhan-ICTA.pdf\">TURHAN, E. (2013)<\/a>&nbsp;<a href=\"http:\/\/geografia.uab.cat\/migracions\/cas\/publicacions%20i%20documents\/GRM%20working%20papers\/WP-GRM-2013-2_Turhan-ICTA.pdf\"><em>Vulnerability, climate change and agricultural labor migration: a critical note from Turkey<\/em>. GRM Working Papers, n\u00fam. 2.<\/a><\/p>\n\n\n\n<p><a href=\"https:\/\/webs.uab.cat\/migracions\/wp-content\/uploads\/sites\/534\/2024\/09\/WP-GRM-2014-3_Zovko-U-Zadar.pdf\"><em>WP-GRM-2014-3:<\/em>&nbsp;ZOVKO, M. (2014)&nbsp;<em>Algunas peculiaridades de la narrativa actual sobre la inmigraci\u00f3n extranjera en Espa\u00f1a<\/em>. GRM Working Papers, n\u00fam. 3.<\/a><\/p>\n\n\n\n<p><a href=\"https:\/\/webs.uab.cat\/migracions\/wp-content\/uploads\/sites\/534\/2024\/09\/GRM-WP-4-2014.pdf\"><em>WP-GRM-2014-4:&nbsp;<\/em>MAS-PALACIOS, A.; MOR\u00c9N-ALEGRET, R.; FONSECA, L. (2014)&nbsp;<em>How natural protected areas are influential on immigration in peripheral areas? Exploring European immigration in Alentejo Litoral (Portugal) and Alt Empord\u00e0 (Spain)<\/em>. GRM Working Papers, n\u00fam. 4.<\/a><\/p>\n\n\n\n<p><a href=\"https:\/\/climateandsecurity.org\/2014\/11\/migration-as-a-climate-adaptation-strategy-in-developed-nations\/\"><em>WP-GRM-2015-5:<\/em>&nbsp;FATORIC, S. (2015)&nbsp;<em>Migration As A Climate Adaptation Strategy In Developed&nbsp;Nations<\/em>. GRM Working Papers, n\u00fam. 5 [publicat com el&nbsp;<em>Briefer n\u00ba24<\/em>&nbsp;del Center for Climate and Security, USA].<\/a><\/p>\n\n\n\n<p><a href=\"https:\/\/journals.openedition.org\/e-migrinter\/545\"><em>WP-GRM-2015-6:<\/em>&nbsp;MILAZZO, J. (2015)<em>&nbsp;Du contexte villageois au village global. Approche r\u00e9flexive de la contribution th\u00e9orique d\u2019une recherche empirique sur la migration internationale (Cadaqu\u00e9s, Espagne).&nbsp;<\/em>GRM Working Papers, n\u00fam. 6 [publicado en e-migrinter n\u00ba13\/2015]<\/a><\/p>\n\n\n\n<p><a href=\"https:\/\/www.academia.edu\/29635036\/El_Comercio_Pakistan%C3%AD_en_el_Camp_de_lArpa_del_Clot.pdf\"><em>WP-GRM-2016-7:\u00a0<\/em>CUBELLS, \u00c0. (2016)\u00a0<em>El comercio pakistan\u00ed en el barrio de Camp del Arpa, Barcelona,\u00a0<\/em>GRM Working Papers, n\u00fam. 7\u00a0[publicado como Trabajo de Fin de Grado en Geograf\u00eda, UAB]<\/a><\/p>\n\n\n\n<p>&#8216;Gu\u00eda para la presentaci\u00f3n de textos&#8217;:\u00a0<em><a href=\"http:\/\/webs.uab.cat\/migracions\/wp-content\/uploads\/sites\/534\/2024\/09\/Guia_GRM-Working-Papers_bis.pdf\">Clica aqu\u00ed<\/a><\/em><\/p>\n\n\n\n<p><strong>OTROS&nbsp;<em>WORKING PAPERS<\/em>&nbsp;DESDE EL GRM:<\/strong><\/p>\n\n\n\n<p><a href=\"https:\/\/webs.uab.cat\/migracions\/wp-content\/uploads\/sites\/534\/2024\/09\/Marmer-E.-Scheffran-J.-Sow-P.-2011.pdf\">MARMER, E., SCHEFFRAN, J. &amp; SOW, P. (2011): From security threat to conflict prevention: Integrating migration into climate adaptation policy frameworks in Africa, submitted. Working paper CLISEC-17, Research Group Climate Change and Security, University of Hamburg.<\/a><\/p>\n\n\n\n<p><a href=\"https:\/\/webs.uab.cat\/migracions\/wp-content\/uploads\/sites\/534\/2024\/09\/Scheffran-J.-Marmer-E.-Sow-P.-2011.pdf\">SCHEFFRAN, J., MARMER, E. &amp; SOW, P. (2011): Migration as a resource for resilience and innovation in climate adaptation: Social networks and co-development in Northwest Africa, submitted. Working paper CLISEC-16, Research Group Climate Change and Security, University of Hamburg.<\/a><\/p>\n\n\n\n<p><a href=\"https:\/\/webs.uab.cat\/migracions\/wp-content\/uploads\/sites\/534\/2024\/09\/MIGUEL-V.-de-and-M.-TRANMER-2009.pdf\">MIGUEL, V. de and M. TRANMER (2009) \u00abPersonal Support Networks of Immigrants to Spain: A Multilevel Analysis\u00bb. CCSR Working Paper 2009-07. CCSR-University of Manchester.<\/a><\/p>\n\n\n\n<p><a href=\"https:\/\/webs.uab.cat\/migracions\/wp-content\/uploads\/sites\/534\/2024\/09\/BRUQUETAS-CALLEJO-M_.pdf\">BRUQUETAS-CALLEJO, M.; GARC\u00c9S-MASCARE\u00d1AS, B.; MOR\u00c9N-ALEGRET, R.; PENNINX, R.; RUIZ-VIEYTEZ, E. (2008), \u00abImmigration and integration policymaking in Spain\u00bb, IMISCOE Working Paper, Working Paper No. 21.<\/a><\/p>\n\n\n\n<p><a href=\"https:\/\/webs.uab.cat\/migracions\/wp-content\/uploads\/sites\/534\/2024\/09\/ros_gonzalez_marin_sow.pdf\">ROS, A.; GONZ\u00c1LEZ, E.; MAR\u00cdN, A.; SOW, P. (2007) \u00abMigration and Information Flows. A new lens for the study of contemporary Internacional Migration\u00bb, Working Paper, Immigration and Information Society Working Program-IMSI-Internet Interdisciplinary Institute, UOC.<\/a><\/p>\n\n\n\n<p><a href=\"https:\/\/webs.uab.cat\/migracions\/wp-content\/uploads\/sites\/534\/2024\/09\/RODRIGUEZ-GARCIA-D.-2007.pdf\">RODR\u00cdGUEZ GARC\u00cdA, D. (2007) \u00abIntermarriage Patterns and Socio-ethnic Stratification among Ethnic Groups in Toronto.\u00bb CERIS Working Paper No.60. Toronto: Joint Centre of Excellence for Research on Immigration and Settlement.<\/a><\/p>\n\n\n\n<p><a href=\"https:\/\/webs.uab.cat\/migracions\/wp-content\/uploads\/sites\/534\/2024\/09\/de-miguel_solana_2005.pdf\">De MIGUEL LUKEN, V.; SOLANA SOLANA, M. (2005), \u201cRedes sociales de apoyo de los inmigrantes en zonas rurales y peque\u00f1as ciudades: el caso de Huelva\u201d, en la mesa \u201cInmigraci\u00f3n, aspectos sociales y culturales\u201d,&nbsp;<em>IV Seminario sobre la investigaci\u00f3n de la inmigraci\u00f3n extranjera en Andaluc\u00eda<\/em>, (C\u00f3rdoba). 2005 (octubre).<\/a><\/p>\n\n\n\n<p>MOR\u00c9N-ALEGRET, R. (2005), \u00abImmigrants and immigration policy making: the case of Spain\u00bb, IMISCOE Working Paper, Working Paper n\u00ba10.<\/p>\n\n\n\n<p><a href=\"https:\/\/webs.uab.cat\/migracions\/wp-content\/uploads\/sites\/534\/2024\/09\/article-Solana-De-Miguel-Cardelus.pdf\">SOLANA SOLANA, M.; De MIGUEL, V.; CARDEL\u00daS, J. (2004), \u201cCaracter\u00edsticas y evoluci\u00f3n de las redes migratorias provinciales en Espa\u00f1a durante el siglo XX\u201d dentro de la sesi\u00f3n \u00abMigraciones interiores, 1850-2000\u00bb.<em>&nbsp;VII Congreso de la Asociaci\u00f3n de Demograf\u00eda Hist\u00f3rica<\/em>, (Granada). 2004 (1 a 3 de abril). Organizaci\u00f3n: ADEH yUniversidad de Granada.<\/a><\/p>\n\n\n\n<p><a href=\"https:\/\/webs.uab.cat\/migracions\/wp-content\/uploads\/sites\/534\/2024\/09\/de-miguel_solana_pascual_2004.pdf\">De MIGUEL LUKEN, V.; SOLANA SOLANA, M., PASCUAL DE SANS, \u00c0. (2004), \u201cAplicaci\u00f3n de una encuesta de datos de car\u00e1cter relacional al estudio de las redes migratorias\u201d, dentro de la sesi\u00f3n \u201cTeor\u00eda y m\u00e9todos de investigaci\u00f3n\u201d,&nbsp;<em>IV Congreso sobre la Inmigraci\u00f3n en Espa\u00f1a<\/em>, (Girona). 2004 (septiembre).<\/a><\/p>\n\n\n\n<p><a href=\"https:\/\/webs.uab.cat\/migracions\/wp-content\/uploads\/sites\/534\/2024\/09\/de_miguel_2004.pdf\">De MIGUEL LUKEN, V. (2004), \u201cRedes de parentesco en las migraciones internas del siglo XX: diferencias regionales en la geograf\u00eda familiar de los inmigrantes\u00bb&nbsp;<em>VII Congreso de la Asociaci\u00f3n de Demograf\u00eda Hist\u00f3rica<\/em>. Granada. 2004 (abril).<\/a><\/p>\n","protected":false},"excerpt":{"rendered":"<p>Bienvenidos y bienvenidas a la&nbsp;GRM&nbsp;Working Paper Series WP-GRM-2011:&nbsp;MAS-PALACIOS, A.; MOR\u00c9N-ALEGRET, R. (2011)&nbsp;\u00bfContraurbanizaci\u00f3n internacional? Inmigraci\u00f3n extranjera en el entorno de espacios naturales protegidos de la Espa\u00f1a peninsular.&nbsp;GRM Working Paper, preliminary issue. WP-GRM-2012-0:&nbsp;MOR\u00c9N-ALEGRET, R.; MOTA, P.; PASCUAL-DE-SANS, \u00c0. (2012)&nbsp;International migration, health and place in rural and semi-rural Spain.&nbsp;GRM Working Papers, n\u00fam. 0. WP-GRM-2013-1:&nbsp;VILASECA, A.; TREPAT, E.&nbsp;(2013)&nbsp;Migracions juvenils [&hellip;]<\/p>\n","protected":false},"author":2819,"featured_media":0,"parent":0,"menu_order":0,"comment_status":"closed","ping_status":"closed","template":"","meta":{"footnotes":""},"class_list":["post-962","page","type-page","status-publish","hentry"],"_links":{"self":[{"href":"https:\/\/webs.uab.cat\/migracions\/es\/wp-json\/wp\/v2\/pages\/962","targetHints":{"allow":["GET"]}}],"collection":[{"href":"https:\/\/webs.uab.cat\/migracions\/es\/wp-json\/wp\/v2\/pages"}],"about":[{"href":"https:\/\/webs.uab.cat\/migracions\/es\/wp-json\/wp\/v2\/types\/page"}],"author":[{"embeddable":true,"href":"https:\/\/webs.uab.cat\/migracions\/es\/wp-json\/wp\/v2\/users\/2819"}],"replies":[{"embeddable":true,"href":"https:\/\/webs.uab.cat\/migracions\/es\/wp-json\/wp\/v2\/comments?post=962"}],"version-history":[{"count":2,"href":"https:\/\/webs.uab.cat\/migracions\/es\/wp-json\/wp\/v2\/pages\/962\/revisions"}],"predecessor-version":[{"id":1732,"href":"https:\/\/webs.uab.cat\/migracions\/es\/wp-json\/wp\/v2\/pages\/962\/revisions\/1732"}],"wp:attachment":[{"href":"https:\/\/webs.uab.cat\/migracions\/es\/wp-json\/wp\/v2\/media?parent=962"}],"curies":[{"name":"wp","href":"https:\/\/api.w.org\/{rel}","templated":true}]}}