{"id":1410,"date":"2024-06-12T14:54:24","date_gmt":"2024-06-12T12:54:24","guid":{"rendered":"https:\/\/webs.uab.cat\/migracions\/?page_id=1410"},"modified":"2024-06-14T09:08:06","modified_gmt":"2024-06-14T07:08:06","slug":"albert-mas-palacios","status":"publish","type":"page","link":"https:\/\/webs.uab.cat\/migracions\/albert-mas-palacios\/","title":{"rendered":"Albert Mas Palacios"},"content":{"rendered":"\n<div class=\"wp-block-columns is-layout-flex wp-container-core-columns-is-layout-9d6595d7 wp-block-columns-is-layout-flex\">\n<div class=\"wp-block-column is-layout-flow wp-block-column-is-layout-flow\">\n<p><strong>Adre\u00e7a<\/strong><\/p>\n\n\n\n<p><strong>Adre\u00e7a electr\u00f2nica<\/strong><\/p>\n\n\n\n<p><strong>Despatx<\/strong><\/p>\n\n\n\n<p><strong>Tel\u00e8fon<\/strong><\/p>\n\n\n\n<p><strong>Fax<\/strong><\/p>\n<\/div>\n\n\n\n<div class=\"wp-block-column is-layout-flow wp-block-column-is-layout-flow\"><\/div>\n\n\n\n<div class=\"wp-block-column is-layout-flow wp-block-column-is-layout-flow\">\n<figure class=\"wp-block-image size-full is-resized\"><img loading=\"lazy\" decoding=\"async\" width=\"120\" height=\"147\" src=\"https:\/\/webs.uab.cat\/migracions\/wp-content\/uploads\/sites\/534\/2024\/06\/albert-imatge.jpg\" alt=\"\" class=\"wp-image-1402\" style=\"width:202px;height:auto\" \/><\/figure>\n<\/div>\n<\/div>\n\n\n\n<p>PhD in Geography (UAB, 2014). Master Degree in Territorial and Population Studies (Geography Department UAB, 2009). Bachelor in Sociology (UAB, 2006).<\/p>\n\n\n\n<p>His<strong>\u00a0PhD thesis \u201cForeign immigration around natural areas. An international comparison between localities of Alt Empord\u00e0 (Spain) and Alentejo Litoral (Portugal)\u201d<\/strong>, was directed by Ricard Mor\u00e9n-Alegret and upgraded Excellent \u201ccum laude\u201d (UAB, April 2014). The main objective of the research was, on the one hand to analyze the roles that the natural areas of these territories have played in the arrival and settlement of these population groups; and on the other hand, to learn about the relationship between foreign residents and the nearby natural areas. Beyond foreign residents, the research also draws attention to the relationship between the local population in general and the nearby natural areas (<a href=\"https:\/\/webs.uab.cat\/migracions\/project-titled-immigrants-integration-and-the-role-of-a-diversity-of-organisations-in-achieving-sustainable-small-towns-and-rural-areas\/\">see abstract of the thesis<\/a>).<\/p>\n\n\n\n<p>In 2009 he presented Master Degree Research\u00a0<em>\u201cImmigraci\u00f3 estrangera a l\u2019entorn d\u2019espais d&#8217;inter\u00e8s natural. Estudi aproximatiu a cinc espais naturals protegits \u2013 Foreign Immigration around spaces with natural interest. Approach study to five protected natural spaces\u201d<\/em>, directed by PhD Ricard Mor\u00e9n\u00a0and valued by the court with a grade of excellent.<\/p>\n\n\n\n<p>Albert Mas has worked with several associations linked to integration and social inclusion of the foreign population in Catalan society and has participated in the following projects:<\/p>\n\n\n\n<p>R&amp;D project<strong>\u00a0<em>&#8220;Immigrants&#8217; integration and the role of a diversity of Organizations in Achieving Sustainable small towns and rural areas&#8221;\u00a0<\/em>(2010-2013)<\/strong>, directed by Dr. Ricard Mor\u00e9n and funded by the Spanish Ministry of Science and Innovation.\u00a0It is an international project involving research groups from the United Kingdom, Australia, Portugal, Greece and Spain (<a href=\"https:\/\/webs.uab.cat\/migracions\/project-titled-immigrants-integration-and-the-role-of-a-diversity-of-organisations-in-achieving-sustainable-small-towns-and-rural-areas\/\">see<\/a>).<\/p>\n\n\n\n<p>Project<strong>&nbsp;\u201cConcordia Discors. Understanding Conflict and Integration Outcomes of Inter-Group Relations and Integration Policies in selected Neighbourhoods of Fiver European Cities\u201d<\/strong>&nbsp;funded by the European Commission (January 2011- October 2012). This innovative comparative project funded by the European Commission and coordinated by FIERI (Italy), studied in 2011 and 2012 integration and conflict in two districts of five European cities: London, Budapest, Barcelona, Turin and Nuremberg (see&nbsp;<a href=\"http:\/\/www.concordiadiscors.eu\/\" target=\"_blank\" rel=\"noreferrer noopener\">http:\/\/www.concordiadiscors.eu\/<\/a>). The study in Barcelona was coordinated by Ricard Moren-Alegret and counted with the participation of Dawid Wladyka and Albert Mas. Albert Mas was interviewed in Sants 3 Radio to present the project Concordia Discors. The interview is available at:&nbsp;<a href=\"..\/cas\/audios\/Entrevista-Albert Mas_Sants-3-Radio_oct2013.mp3\" target=\"_blank\" rel=\"noreferrer noopener\">Interview-Albert Mas_Sants-3-Radio_oct2013<\/a><\/p>\n\n\n\n<p>R&amp;D project\u00a0<strong>&#8220;Inmigraci\u00f3n extranjera, sentido de lugar e identidad territorial en cinco peque\u00f1as ciudades de Espa\u00f1a \u2013 Foreign immigration, sense of place and territorial identity in five small towns in Spain\u201d (2006-2009)<\/strong>, funded by the Spanish Ministry of Science and Innovation (SEJ2006-14857) and which Principal Investigator was Ricard Mor\u00e9n.\u00a0Within this project has contributed to the making of the video-documentary of popular science\u00a0<em>&#8220;Iberiana. Immigrants&#8217; Integration Processes in Five Small Towns Placed in Peninsular Spain&#8221;<\/em>\u00a0and has participated in several fieldwork in the provinces of Le\u00f3n, Girona, Huelva, C\u00e1ceres and Alacant.<\/p>\n\n\n\n<p><strong>Publications:<\/strong><\/p>\n\n\n\n<div class=\"wp-block-group\"><div class=\"wp-block-group__inner-container is-layout-constrained wp-block-group-is-layout-constrained\">\n<div class=\"wp-block-group alignwide\"><div class=\"wp-block-group__inner-container is-layout-constrained wp-block-group-is-layout-constrained\">\n<ul class=\"wp-block-list\">\n<li>Mas Palacios, A. (2014) Immigraci\u00f3 estrangera a l\u2019entorn d\u2019espais d&#8217;inter\u00e8s natural. Una comparaci\u00f3 internacional entre localitats de l\u2019Alt Empord\u00e0 (Espanya) i l\u2019Alentejo Litoral (Portugal). PhD Thesis. Departament de Geografia, Universitat Aut\u00f2noma de Barcelona. <a href=\"https:\/\/webs.uab.cat\/migracions\/project-titled-immigrants-integration-and-the-role-of-a-diversity-of-organisations-in-achieving-sustainable-small-towns-and-rural-areas\/\">Abstract<\/a>.<\/li>\n\n\n\n<li>Mas, A.; Mor\u00e9n-Alegret, R.; Fonseca, L. (2014) European Immigration Around Two Iberian Natural Protected Areas. Exploring the cases of Alentejo Litoral (Portugal) and Empord\u00e0 (Spain). International Migration (pre-accepted by the journal).<\/li>\n\n\n\n<li>Mor\u00e9n-Alegret, R., Mas, A., &amp; Wladyka, D. (2012) Concordia Discors. Understanding conflict and integration outcomes of intergroup relations and integration policies in selected neighbourhoods of five European cities. Barcelona final report. Available in:&nbsp;<a href=\"http:\/\/www.concordiadiscors.eu\/assets\/Barcelona-final-report.pdf\">http:\/\/www.concordiadiscors.eu\/assets\/Barcelona-final-report.pdf<\/a><\/li>\n\n\n\n<li>Mas, A.; Mor\u00e9n-Alegret, R. (2012) \u201cInmigraci\u00f3n internacional entorno a \u00e1reas naturales protegidas. Explorando algunas localidades del Alt Empord\u00e0 (Espa\u00f1a) y el Alentejo Litoral (Portugal)\u201d. Comuniciaci\u00f3n presentada per A. Mas publicada en formato CD a: Actas del IX Coloquio Iberico de Estudios Rurales: Inercias, Cambios y &#8216;Desarrollos&#8217;: desaf\u00edos para el medio rural (Lisboa julio 2012). ISBN: 978-972-96347-4-1.<\/li>\n\n\n\n<li>Mor\u00e9n-Alegret, R., Wladyka, D., &amp; Mas, A. (2011). Concordia Discors. Understanding conflict and integration outcomes of intergroup relations and integration policies in selected neighbourhoods of five European cities. Barcelona background report. Available in:&nbsp;<a href=\"http:\/\/www.concordiadiscors.eu\/assets\/BR_Bercelona.pdf\">http:\/\/www.concordiadiscors.eu\/assets\/BR_Bercelona.pdf<\/a><\/li>\n\n\n\n<li>Mas Palacios, A. (2011) La protecci\u00f3 d&#8217;espais naturals. Or\u00edgens i evoluci\u00f3\u201d. Revista Excursionisme, 364: 4-9. Available in:\u00a0<a href=\"https:\/\/webs.uab.cat\/migracions\/albert-mas-palacios\/\">https:\/\/webs.uab.cat\/migracions\/albert-mas-palacios\/<\/a><\/li>\n\n\n\n<li>V\u00eddeo-documental de divulgaci\u00f3 cient\u00edfica \u201cIberiana. Procesos de integraci\u00f3n de inmigrantes en cinco peque\u00f1as ciudades de la Espa\u00f1a peninsular\u201d (2009) Col\u00b7laboraci\u00f3n en la realizaci\u00f3n y contacto con los entrevistados. Available in GRM web site.<\/li>\n\n\n\n<li>VV. AA. (2009) Summer School on the Po River Delta: Creating scenarios for fragile territories. Taglio di Po: Osservatorio sul Delta del Po i Universit\u00e0 IUAV di Venezia.<\/li>\n\n\n\n<li>Mor\u00e9n-Alegret, R.; Sow, P.; Mas-Palacios, A. (2009) \u201cForeign immigrants\u2019 integration in the United Kingdom and Spain. A comparative approach on participation in traditional cultural organisations\u201d En: \u201cVI Congreso sobre las Migraciones en Espa\u00f1a (A Coru\u00f1a, setembre 2009)\u201d. Tamb\u00e9 en format CD, ISBN: 978-84-9749-399-4.<\/li>\n\n\n\n<li>Mas Palacios, A. (2009) \u201cImmigraci\u00f3 estrangera a l\u2019entorn d\u2019espais d&#8217;inter\u00e8s natural. Estudi aproximatiu a cinc espais naturals protegits\u201d. Treball de Recerca de M\u00e0ster. Departament de Geografia de la UAB. Available in:\u00a0<a href=\"https:\/\/webs.uab.cat\/migracions\/albert-mas-palacios\/\">https:\/\/webs.uab.cat\/migracions\/albert-mas-palacios\/<\/a><\/li>\n<\/ul>\n<\/div><\/div>\n<\/div><\/div>\n\n\n\n<p><a href=\"https:\/\/webs.uab.cat\/migracions\/ca\/publicacions\/\">Llistat de publicacions<\/a><\/p>\n","protected":false},"excerpt":{"rendered":"<p>Adre\u00e7a Adre\u00e7a electr\u00f2nica Despatx Tel\u00e8fon Fax PhD in Geography (UAB, 2014). Master Degree in Territorial and Population Studies (Geography Department UAB, 2009). Bachelor in Sociology (UAB, 2006). His\u00a0PhD thesis \u201cForeign immigration around natural areas. An international comparison between localities of Alt Empord\u00e0 (Spain) and Alentejo Litoral (Portugal)\u201d, was directed by Ricard Mor\u00e9n-Alegret and upgraded Excellent [&hellip;]<\/p>\n","protected":false},"author":2819,"featured_media":0,"parent":0,"menu_order":0,"comment_status":"closed","ping_status":"closed","template":"","meta":{"footnotes":""},"class_list":["post-1410","page","type-page","status-publish","hentry"],"_links":{"self":[{"href":"https:\/\/webs.uab.cat\/migracions\/wp-json\/wp\/v2\/pages\/1410","targetHints":{"allow":["GET"]}}],"collection":[{"href":"https:\/\/webs.uab.cat\/migracions\/wp-json\/wp\/v2\/pages"}],"about":[{"href":"https:\/\/webs.uab.cat\/migracions\/wp-json\/wp\/v2\/types\/page"}],"author":[{"embeddable":true,"href":"https:\/\/webs.uab.cat\/migracions\/wp-json\/wp\/v2\/users\/2819"}],"replies":[{"embeddable":true,"href":"https:\/\/webs.uab.cat\/migracions\/wp-json\/wp\/v2\/comments?post=1410"}],"version-history":[{"count":2,"href":"https:\/\/webs.uab.cat\/migracions\/wp-json\/wp\/v2\/pages\/1410\/revisions"}],"predecessor-version":[{"id":1467,"href":"https:\/\/webs.uab.cat\/migracions\/wp-json\/wp\/v2\/pages\/1410\/revisions\/1467"}],"wp:attachment":[{"href":"https:\/\/webs.uab.cat\/migracions\/wp-json\/wp\/v2\/media?parent=1410"}],"curies":[{"name":"wp","href":"https:\/\/api.w.org\/{rel}","templated":true}]}}