{"id":1422,"date":"2024-06-12T15:07:23","date_gmt":"2024-06-12T13:07:23","guid":{"rendered":"https:\/\/webs.uab.cat\/migracions\/?page_id=1422"},"modified":"2024-06-12T15:09:27","modified_gmt":"2024-06-12T13:09:27","slug":"cristobal-mendoza","status":"publish","type":"page","link":"https:\/\/webs.uab.cat\/migracions\/cristobal-mendoza\/","title":{"rendered":"Crist\u00f3bal Mendoza"},"content":{"rendered":"\n<div class=\"wp-block-columns is-layout-flex wp-container-core-columns-is-layout-9d6595d7 wp-block-columns-is-layout-flex\">\n<div class=\"wp-block-column is-layout-flow wp-block-column-is-layout-flow\">\n<p><strong>Adress<\/strong><\/p>\n\n\n\n<p><\/p>\n\n\n\n<p><\/p>\n\n\n\n<p><\/p>\n\n\n\n<p><\/p>\n\n\n\n<p><\/p>\n\n\n\n<p><br><strong>E-mail<\/strong><\/p>\n\n\n\n<p><strong>Office<\/strong><\/p>\n\n\n\n<p><strong>Telephone<\/strong><\/p>\n\n\n\n<p><strong>Fax<\/strong><\/p>\n<\/div>\n\n\n\n<div class=\"wp-block-column is-layout-flow wp-block-column-is-layout-flow\">\n<p>Universidad Aut\u00f3noma Metropolitana<br>Divisi\u00f3n de Ciencias Sociales y Humanidades<br>Licenciatura en Geograf\u00eda Humana<br>San Rafael Atlixco, 186<br>Colonia Vicentina<br>Delegaci\u00f3n Iztapalapa<br>M\u00e9xico DF<br>CP 09340<\/p>\n\n\n\n<p><br>cmp@xanum.uam.mx<\/p>\n\n\n\n<p>B9\/1068<\/p>\n\n\n\n<p>(55) 58046466<\/p>\n\n\n\n<p>(55) 58046466<\/p>\n<\/div>\n\n\n\n<div class=\"wp-block-column is-layout-flow wp-block-column-is-layout-flow\"><\/div>\n<\/div>\n\n\n\n<p>Ph,D, King&#8217;s College London, UK,1998.<\/p>\n\n\n\n<p>Lecturer and researcher at Universidad Aut\u00f3noma Metropolitana, Mexico.<br><br>He has carried out several researches in Spain, Portugal, United Kingdom, Mexico and the USA.&nbsp;He&nbsp;studied a Geography BA at&nbsp;UAB, where moreover&nbsp;he&nbsp;obtained a postgraduate-degree in Demography and a&nbsp;Master&nbsp;in Geography.<\/p>\n\n\n\n<p><a href=\"https:\/\/webs.uab.cat\/migracions\/ca\/publicacions\/\">Llistat de publicacions<\/a><\/p>\n","protected":false},"excerpt":{"rendered":"<p>Adress E-mail Office Telephone Fax Universidad Aut\u00f3noma MetropolitanaDivisi\u00f3n de Ciencias Sociales y HumanidadesLicenciatura en Geograf\u00eda HumanaSan Rafael Atlixco, 186Colonia VicentinaDelegaci\u00f3n IztapalapaM\u00e9xico DFCP 09340 cmp@xanum.uam.mx B9\/1068 (55) 58046466 (55) 58046466 Ph,D, King&#8217;s College London, UK,1998. Lecturer and researcher at Universidad Aut\u00f3noma Metropolitana, Mexico. He has carried out several researches in Spain, Portugal, United Kingdom, Mexico and [&hellip;]<\/p>\n","protected":false},"author":2819,"featured_media":0,"parent":0,"menu_order":0,"comment_status":"closed","ping_status":"closed","template":"","meta":{"footnotes":""},"class_list":["post-1422","page","type-page","status-publish","hentry"],"_links":{"self":[{"href":"https:\/\/webs.uab.cat\/migracions\/wp-json\/wp\/v2\/pages\/1422","targetHints":{"allow":["GET"]}}],"collection":[{"href":"https:\/\/webs.uab.cat\/migracions\/wp-json\/wp\/v2\/pages"}],"about":[{"href":"https:\/\/webs.uab.cat\/migracions\/wp-json\/wp\/v2\/types\/page"}],"author":[{"embeddable":true,"href":"https:\/\/webs.uab.cat\/migracions\/wp-json\/wp\/v2\/users\/2819"}],"replies":[{"embeddable":true,"href":"https:\/\/webs.uab.cat\/migracions\/wp-json\/wp\/v2\/comments?post=1422"}],"version-history":[{"count":1,"href":"https:\/\/webs.uab.cat\/migracions\/wp-json\/wp\/v2\/pages\/1422\/revisions"}],"predecessor-version":[{"id":1424,"href":"https:\/\/webs.uab.cat\/migracions\/wp-json\/wp\/v2\/pages\/1422\/revisions\/1424"}],"wp:attachment":[{"href":"https:\/\/webs.uab.cat\/migracions\/wp-json\/wp\/v2\/media?parent=1422"}],"curies":[{"name":"wp","href":"https:\/\/api.w.org\/{rel}","templated":true}]}}