{"id":1438,"date":"2024-06-12T15:19:07","date_gmt":"2024-06-12T13:19:07","guid":{"rendered":"https:\/\/webs.uab.cat\/migracions\/?page_id=1438"},"modified":"2024-06-12T15:21:33","modified_gmt":"2024-06-12T13:21:33","slug":"dawid-wladyka","status":"publish","type":"page","link":"https:\/\/webs.uab.cat\/migracions\/dawid-wladyka\/","title":{"rendered":"Dawid Wladyka"},"content":{"rendered":"\n<div class=\"wp-block-columns is-layout-flex wp-container-core-columns-is-layout-9d6595d7 wp-block-columns-is-layout-flex\">\n<div class=\"wp-block-column is-layout-flow wp-block-column-is-layout-flow\">\n<p><strong>Adress<\/strong><\/p>\n\n\n\n<p><strong>E-mail<\/strong><\/p>\n\n\n\n<p><strong>Office<\/strong><\/p>\n\n\n\n<p><strong>Telephone<\/strong><\/p>\n\n\n\n<p><strong>Fax<\/strong><\/p>\n<\/div>\n\n\n\n<div class=\"wp-block-column is-layout-flow wp-block-column-is-layout-flow\"><\/div>\n\n\n\n<div class=\"wp-block-column is-layout-flow wp-block-column-is-layout-flow\">\n<figure class=\"wp-block-image size-full is-resized\"><img loading=\"lazy\" decoding=\"async\" width=\"96\" height=\"127\" src=\"https:\/\/webs.uab.cat\/migracions\/wp-content\/uploads\/sites\/534\/2024\/06\/dawid.jpg\" alt=\"\" class=\"wp-image-1439\" style=\"width:210px;height:auto\" \/><\/figure>\n<\/div>\n<\/div>\n\n\n\n<p><strong>PhD, UAB, 2013<\/strong>. His doctoral thesis in Human Geography studied Polish migration in Catalonia and was supervised by Dr. Ricard Mor\u00e9n-Alegret and Dr. \u00c1ngels Pascual.<\/p>\n\n\n\n<p>Sociologist with some knowledge in areas of social communication, psychology, migrations, politic science and new technologies. He also has experience in the fields of journalism, photography and ICT (especially in web programming and graphics).<\/p>\n\n\n\n<p><strong>Master in Sociology<\/strong>&nbsp;with specialisation in Public Communication (University of Silesia in Katowice, Poland, 2007).&nbsp;<strong>Bachelor<\/strong>&nbsp;in Sociology with specialisation in&nbsp;<strong>Advertising and Public Communication&nbsp;<\/strong>(University of Silesia in Katowice, Poland, 2005).<\/p>\n\n\n\n<p>He was student on the following exchange programmes:&nbsp;<strong>\u201cMOST\u201d<\/strong>&nbsp;at the Jagiellonian University in Cracow, Poland in 2007\/2008 (fields of studies: \u201cEthnical Relations and International Migrations\u201d, \u201cPsychology\u201d and \u201cLatin-American studies\u201d) and&nbsp;<strong>\u201cERASMUS\u201d<\/strong>&nbsp;at the Autonomous University of Barcelona in 2006\/2007 (faculties: Political Sciences and Sociology, Translation and Interpretation). He was awarded a&nbsp;<strong>scholarship \/ prize by Ministry of Higher Education of Poland<\/strong>&nbsp;(2007\/2008).<\/p>\n\n\n\n<p>He is a student of&nbsp;<strong>Interfaculty Studies in the Humanities<\/strong>&nbsp;at University of Silesia in Katowice, Poland (faculties: Psychology, Political Sciences, Sociology, Radio and Television, Romance Studies, English Studies). He is also studying for the&nbsp;<strong>Master in cultural science specializing in \u201cEthnic Relation and International Migration\u201d<\/strong>&nbsp;at Jagiellonian University in Cracow.<\/p>\n\n\n\n<p>He has worked as a&nbsp;<strong>reporter<\/strong>&nbsp;for various polish reviews and newspapers of regional, national and international scope. He is the author of several dozen press articles. He also has an experience in work for radio and TV. He has designed and taught journalism courses for students in the University of Economics in Katowice. He has taken part in the expeditions of a journalistic \u2013 scientific nature, for example in the Ukraine and Spain.<\/p>\n\n\n\n<p>He participated in the&nbsp;<strong><em>VI Conference on Migrations in Spain<\/em><\/strong>, where he presented the article \u201cLos emigrantes polacos en el mercado laboral espa\u00f1ol y catal\u00e1n desde una perspectiva mundial y europea. Estudio estad\u00edstico\u201d. During the spring semester of 2010 he has worked at the position of adjunct professor at the<strong>&nbsp;Behavioral Sciences Department of The University of Texas at Brownsville<\/strong>, teaching undergraduate courses of Introduction to Sociology and Political Sociology.<\/p>\n\n\n\n<p>Working languages: Polish, English and Spanish.<\/p>\n\n\n\n<p><a href=\"https:\/\/webs.uab.cat\/migracions\/ca\/publicacions\/\">Llistat de publicacions<\/a><\/p>\n","protected":false},"excerpt":{"rendered":"<p>Adress E-mail Office Telephone Fax PhD, UAB, 2013. His doctoral thesis in Human Geography studied Polish migration in Catalonia and was supervised by Dr. Ricard Mor\u00e9n-Alegret and Dr. \u00c1ngels Pascual. Sociologist with some knowledge in areas of social communication, psychology, migrations, politic science and new technologies. He also has experience in the fields of journalism, [&hellip;]<\/p>\n","protected":false},"author":2819,"featured_media":0,"parent":0,"menu_order":0,"comment_status":"closed","ping_status":"closed","template":"","meta":{"footnotes":""},"class_list":["post-1438","page","type-page","status-publish","hentry"],"_links":{"self":[{"href":"https:\/\/webs.uab.cat\/migracions\/wp-json\/wp\/v2\/pages\/1438","targetHints":{"allow":["GET"]}}],"collection":[{"href":"https:\/\/webs.uab.cat\/migracions\/wp-json\/wp\/v2\/pages"}],"about":[{"href":"https:\/\/webs.uab.cat\/migracions\/wp-json\/wp\/v2\/types\/page"}],"author":[{"embeddable":true,"href":"https:\/\/webs.uab.cat\/migracions\/wp-json\/wp\/v2\/users\/2819"}],"replies":[{"embeddable":true,"href":"https:\/\/webs.uab.cat\/migracions\/wp-json\/wp\/v2\/comments?post=1438"}],"version-history":[{"count":2,"href":"https:\/\/webs.uab.cat\/migracions\/wp-json\/wp\/v2\/pages\/1438\/revisions"}],"predecessor-version":[{"id":1445,"href":"https:\/\/webs.uab.cat\/migracions\/wp-json\/wp\/v2\/pages\/1438\/revisions\/1445"}],"wp:attachment":[{"href":"https:\/\/webs.uab.cat\/migracions\/wp-json\/wp\/v2\/media?parent=1438"}],"curies":[{"name":"wp","href":"https:\/\/api.w.org\/{rel}","templated":true}]}}