{"id":657,"date":"2024-02-27T17:39:58","date_gmt":"2024-02-27T15:39:58","guid":{"rendered":"https:\/\/webs.uab.cat\/migracions\/?page_id=657"},"modified":"2024-06-14T11:52:13","modified_gmt":"2024-06-14T09:52:13","slug":"previous-news","status":"publish","type":"page","link":"https:\/\/webs.uab.cat\/migracions\/previous-news\/","title":{"rendered":"Previous news"},"content":{"rendered":"\n<p>From 3 February to 2 June 2011 the&nbsp;<strong>IX<\/strong>&nbsp;<strong>Annual Seminars&#8217; Series on Migration<\/strong>&nbsp; organised by GRM took place at UAB. The last seminar was carried out by<strong>Santiago Roquer<\/strong>&nbsp;(Universitat Rovira i Virgili);&nbsp;<strong>\u201cLa migraci\u00f3 de dones estrangeres al medi rural catal\u00e0 en el context de la transformaci\u00f3 econ\u00f2mica i social de les comunitats locals&#8221;<\/strong>.&nbsp;<strong><a href=\"https:\/\/webs.uab.cat\/migracions\/seminars\/\">Please, click here to see the whole programme.<\/a><\/strong><\/p>\n\n\n\n<p><strong>Last May 5th took place the fifth session of the IX<\/strong>&nbsp;<strong>Annual Seminars&#8217; Series on Migration<\/strong>&nbsp;organised by GRM:&nbsp;<strong>Crist\u00f3bal Mendoza&nbsp;<\/strong>(Universidad Aut\u00f3noma Metropolitana, M\u00e9xico DF):&nbsp;<strong>\u201cGeograf\u00eda y migraci\u00f3n internacional entre M\u00e9xico y los Estados Unidos de Am\u00e9rica\u201d<\/strong>.<\/p>\n\n\n\n<p>Last April 7th took place the fourth session of the&nbsp;<strong>IX<\/strong>&nbsp;<strong>Annual Seminars&#8217; Series on Migration<\/strong>&nbsp;organised by GRM:&nbsp;<strong>Miriam Acebillo and Eva \u00d8stergaard&nbsp;<\/strong>(Departament de Ci\u00e8ncia Pol\u00edtica i Dret P\u00fablic, UAB):&nbsp;<strong>\u201cPol\u00edtiques p\u00fabliques locals i incorporaci\u00f3 de migrants: les ciutats de Barcelona, Tarragona, Lleida i Girona.<\/strong><\/p>\n\n\n\n<p>Last March 23rd took place the third session of the&nbsp;<strong>IX<\/strong>&nbsp;<strong>Annual Seminars&#8217; Series on Migration<\/strong>&nbsp;organised by GRM:<strong>&nbsp;Dani\u00e8le Joly<\/strong>&nbsp;(Director of Centre for Research in Ethnic Relations-CRER, University of Warwick)&nbsp;<strong>\u201cDel multiculturalismo al paradigma musulm\u00e1n en el Reino Unido<\/strong>&#8220;.<\/p>\n\n\n\n<p>Last&nbsp;<strong>February the 3rd<\/strong>&nbsp;took place the second session of the&nbsp;<strong>IX<\/strong>&nbsp;<strong>Annual Seminars&#8217; Series on Migration<\/strong>&nbsp;organised by GRM:&nbsp;<strong>Rinus Penninx&nbsp;<\/strong>(IMES, Universitaat van Amsterdam -UvA-, and Director of IMISCOE);&nbsp;<strong>\u201cThe Art of Policy-Making in the field of Integration: EU national and local integration policies and their relation\u201d<\/strong>.<\/p>\n\n\n\n<p>Last&nbsp;<strong>February the 3rd<\/strong>&nbsp;took place the first sesion of the&nbsp;<strong>IX<\/strong>&nbsp;<strong>Annual Seminars&#8217; Series on Migration<\/strong>&nbsp;organised by GRM with the title \u201cLes onades migrat\u00f2ries en el sistema catal\u00e0 de reproducci\u00f3\u201d.&nbsp;<strong>Anna Cabr\u00e9<\/strong>, Director of the Centre d\u2019Estudis Demogr\u00e0fics (CED).<\/p>\n\n\n\n<p>Last&nbsp;<strong>May 27th<\/strong>&nbsp;took place the seventh and last session of the&nbsp;<strong>VIIIth Seminar Series on Migration<\/strong>&nbsp;organized by GRM with the title<strong>&nbsp;\u201cDevelopment of migration policy in Poland\u201d<\/strong>.&nbsp;<strong>Patrycja Matusz (U. Wroclaw, Polska)<\/strong>.&nbsp;<strong><a href=\"https:\/\/webs.uab.cat\/migracions\/seminars\/\">Click&nbsp; here to see the complete program<\/a>.<\/strong><\/p>\n\n\n\n<p>Between 27th September and 2nd October 2009 took place in Marrakech the&nbsp;<a href=\"http:\/\/www.iussp.org\/marrakech2009\/index.php\"><strong>XXVI IUSSP International Population Conference<\/strong><\/a>. The GRM members \u00c0ngels Pascual, Miguel Solana and Ver\u00f3nica de Miguel presented a paper in the congress.<\/p>\n\n\n\n<p>The days 17th, 18th and 19th of September 2009 took place in A Coru\u00f1a the<a href=\"http:\/\/www.vicongresomigraciones.com\/\">&nbsp;<strong>VI Congreso sobre las Migraciones en Espa\u00f1a<\/strong><\/a>&nbsp;organized by ESOMI. Several GRM members presented papers in the mentioned congress: Ricard Mor\u00e9n-Alegret, \u00c0ngels Pascual-de-Sans, Crist\u00f3bal Mendoza, Pap Sow and Albert Mas-Palacios; Dawid Wladyka; and Eva Ostergaaard as invited.<\/p>\n\n\n\n<p>From 9th to 11th of September 2009 took place in Stockholm the<a href=\"http:\/\/www.ceifo.su.se\/pub\/jsp\/polopoly.jsp?d=13023\"><strong>&nbsp;IMISCOE and SUSDIV annual meeting with the title &#8220;Sustainable diversity, migration and social cohesion&#8221;<\/strong><\/a>. Ricard Mor\u00e9n-Alegret is going to present a paper in the congress.<\/p>\n\n\n\n<p>Between February 25th and May 27th 2010 took place&nbsp;<strong><a href=\"https:\/\/webs.uab.cat\/migracions\/seminars\/\">VII Cicle de Seminaris sobre Migracions<\/a><\/strong>&nbsp;organised by GRM.&nbsp;<a href=\"https:\/\/webs.uab.cat\/migracions\/seminars\/\">Click here to see the complete program<\/a>.<\/p>\n\n\n\n<p>Last 22nd of May took place the ninth seminar of the<strong>&nbsp;<a href=\"https:\/\/webs.uab.cat\/migracions\/seminars\/\">VII Seminar Series on Migration<\/a><\/strong>&nbsp;organized by GRM with the title&nbsp;<strong>\u201cMigracions i pol\u00edtiques educatives. Una aproximaci\u00f3\u201d<\/strong>.&nbsp;<strong>Joan Subirats<\/strong>&nbsp;(IGOP, UAB).&nbsp;<a href=\"https:\/\/webs.uab.cat\/migracions\/seminars\/\">Click to see the complete program of the&nbsp;<strong>VII Seminar Series on Migration<\/strong><\/a>.<\/p>\n\n\n\n<p>Last 20th April took place the eighth seminar of the<strong>&nbsp;<a href=\"https:\/\/webs.uab.cat\/migracions\/seminars\/\">VII Seminar Series on Migration<\/a><\/strong>&nbsp;organized by GRM with the title&nbsp;<strong>\u201cOut of Albania: key themes in Albania&#8217;s post-1990 migration experience\u201d<\/strong>.&nbsp;<strong>Russell King&nbsp;<\/strong>(Sussex University).<\/p>\n\n\n\n<p>Friday 17th of April,<strong>&nbsp;\u00c0ngels Pascual<\/strong>&nbsp;carried out a conference within the&nbsp;<strong><a href=\"http:\/\/acs.iec.cat\/congres2009\/\">V Congr\u00e9s Catal\u00e0 de Sociologia<\/a><\/strong>, which it was focused on the issue &#8220;Inmigration and catalan society&#8221;. The title of the conference&nbsp;<strong>&#8220;L\u2019estudi de les migracions a Catalunya; l\u2019estudi de la societat catalana&#8221;<\/strong>.<\/p>\n\n\n\n<p>Last 26th March took place the seventh seminar of the<strong>&nbsp;<a href=\"https:\/\/webs.uab.cat\/migracions\/seminars\/\">VII Seminar Series on Migration<\/a><\/strong>&nbsp;organized by GRM with the title&nbsp;<strong>\u201cNavegant entre fronteres socials i educatives: fills i filles d&#8217;immigrants a Calif\u00f2rnia i Catalunya\u201d<\/strong>. S\u00edlvia Carrasco, Jordi P\u00e0mies and Maribel Ponferrada (EMIGRA, UAB).<\/p>\n\n\n\n<p>It has been put into operation the&nbsp;<a href=\"http:\/\/www.migracat.cat\/\"><strong>Observatori de la Immigraci\u00f3 a Catalunya (migracat.cat)&nbsp;<\/strong><\/a>web page. Migracat it has been promoted by Fundaci\u00f3 Jaume Bofill and some GRM members have collaborated on the elaboration of its contents. Recently it has been published the research&nbsp;<em><a href=\"http:\/\/www.migracat.cat\/document\/9b86f4b54d8121a.pdf\">La recerca en migracions a Catalunya, 2003-2007&nbsp;<\/a><\/em>by Pau Mota.<\/p>\n\n\n\n<p>Last 25 February took place the sixth seminar of the<strong>&nbsp;<a href=\"https:\/\/webs.uab.cat\/migracions\/seminars\/\">VII Seminar Series on Migration<\/a><\/strong>&nbsp;organized by GRM with the title&nbsp;<strong>\u201cEl viatge&#8221;.&nbsp;<\/strong>Francesc Espinet (GRM, UAB).&nbsp;Click to see the text on which it was based the presentation.<\/p>\n\n\n\n<p>Last 28 January took place the fifth seminar of the<strong>&nbsp;<a href=\"https:\/\/webs.uab.cat\/migracions\/seminars\/\">VII Seminar Series on Migration<\/a><\/strong>&nbsp;organized by GRM with the title&nbsp;<strong>\u201cL&#8217;alumnat de nacionalitat estrangera i la continu\u00eftat cap els estudis postobligatoris: dades i reptes\u201d<\/strong>. Josep Miquel Palaud\u00e0rias (Universitat de Girona).<\/p>\n\n\n\n<p>Last 25 February took place the sixth seminar of the<strong>&nbsp;<a href=\"https:\/\/webs.uab.cat\/migracions\/seminars\/\">VII Seminar Series on Migration<\/a><\/strong>&nbsp;organized by GRM with the title&nbsp;<strong>\u201cEl viatge&#8221;.&nbsp;<\/strong>Francesc Espinet (GRM, UAB).&nbsp;Click to see the text on which it was based the presentation.<\/p>\n\n\n\n<p>Last 28 January took place the fifth seminar of the<strong>&nbsp;<a href=\"https:\/\/webs.uab.cat\/migracions\/seminars\/\">VII Seminar Series on Migration<\/a><\/strong>&nbsp;organized by GRM with the title&nbsp;<strong>\u201cL&#8217;alumnat de nacionalitat estrangera i la continu\u00eftat cap els estudis postobligatoris: dades i reptes\u201d<\/strong>. Josep Miquel Palaud\u00e0rias (Universitat de Girona).<\/p>\n\n\n\n<p>Wednesday 23rd of December 2008&nbsp;<strong>Xavier Ferrer<\/strong>&nbsp;has read his doctoral thesis,&nbsp;<strong>&#8220;La reconfiguraci\u00f3 de la frontera entre Espanya i el Marroc: continu\u00eftat i discontinu\u00eftat territorial a l\u00b4escenari fronterer Ceuta-Finideq&#8221;<\/strong>. The thesis has received the appraisal excellent&nbsp;<em>cum laude<\/em>&nbsp;for unanimity.<\/p>\n\n\n\n<p>Last 9 December took the fourth seminar of the<strong>&nbsp;<a href=\"https:\/\/webs.uab.cat\/migracions\/seminars\/\">VII Seminar Series on Migration<\/a><\/strong>&nbsp;organized by GRM with the title<strong>&nbsp;\u201cAdolescentes y j\u00f3venes inmigrantes e hijos de inmigrantes (segundas generaciones)\u201d<\/strong>.&nbsp;<strong>Estrella Gualda<\/strong>&nbsp;(Universidad de Huelva).<\/p>\n\n\n\n<p>Last 24th November took place the third seminar of the<strong>&nbsp;<a href=\"https:\/\/webs.uab.cat\/migracions\/seminars\/\">VII Seminar Series on Migration<\/a><\/strong>&nbsp;organized by GRM with the title&nbsp;<strong>\u201cNew patterns of international labour migration in England: regional and sub- regional perspectives\u201d<\/strong>.&nbsp;<strong>Anne Green &amp; David Owen<\/strong>&nbsp;(University of Warwick).<\/p>\n\n\n\n<p>Last 14th November took place the second seminar of the<strong>&nbsp;<a href=\"https:\/\/webs.uab.cat\/migracions\/seminars\/\">VII Seminar Series on Migration<\/a><\/strong>&nbsp;organized by GRM with the title&nbsp;<strong>\u201cMigracions i desenvolupament al Marroc\u201d<\/strong>.&nbsp;<strong>Joan Lacomba<\/strong>&nbsp;(Universitat de Val\u00e8ncia).<\/p>\n\n\n\n<p>Last 5th November took place the first seminar of the<strong>&nbsp;<a href=\"https:\/\/webs.uab.cat\/migracions\/seminars\/\">VII Seminar Series on Migration<\/a><\/strong>&nbsp;organized by GRM with the title&nbsp;<strong>\u201cInmigraci\u00f3n y acceso a la vivienda en Portugal. Problemas y cambios&#8221;.&nbsp;Jorge Malheiros<\/strong>&nbsp;(Universidade de Lisboa).<\/p>\n\n\n\n<p><strong>Ricard Mor\u00e9n<\/strong>&nbsp;took part in the&nbsp;<strong>congress &#8220;Interacci\u00f3 2008. Pol\u00edtiques per al di\u00e0leg intercultural a escala local\u201d<\/strong>, which took place the&nbsp;<strong>29th of October in the Centre d&#8217;Estudis i Recursos Culturals<\/strong>&nbsp;of Barcelona.&nbsp;<a href=\"http:\/\/www.diba.cat\/cjs\/jornada.asp?id=187\">Click to see the complete program of the congress.<\/a><\/p>\n\n\n\n<p>On October 22\u201323, 2008, the\u00a0<strong>\u2018Managing Immigration and Diversity in Quebec and Canada Forum\u2019<\/strong>\u00a0took place in Barcelona, Spain. This two-day symposium, founded and directed by\u00a0<strong>Dr. Dan Rodriguez-Garcia<\/strong>, a professor in the Department of Social and Cultural Anthropology at the Autonomous University of Barcelona, and a member of the Migration Research Group (GRM), brought together 15 internationally renowned Canadian experts to examine and discuss crucial matterson migration.<a href=\"https:\/\/webs.uab.cat\/migracions\/international-workshop\/\">\u00a0Click here for more information obout the Forum and see the photo gallery of the Forum<\/a>.<\/p>\n\n\n\n<p><strong>\u00c0ngels Pascual<\/strong>&nbsp;took part as invited in a specialized speech in the&nbsp;<strong>21st Col\u00b7loqui Germano-Catal\u00e0&nbsp;<\/strong>organized by<strong>&nbsp;Kiel University (Germany)<\/strong>. The colloquy took place form 9 to 11th of October 2008 and it was centred on the&nbsp;<strong>language and migration<\/strong>&nbsp;issues.<a href=\"http:\/\/www.catalanistica.uni-kiel.de\/index-e.shtml\">&nbsp;Click to see the web page of the colloquy<\/a>.<\/p>\n\n\n\n<p><strong>\u00c0ngels Pascual<\/strong>&nbsp;is going to be part of the&nbsp;<strong>scientist committee of the \u201cVI Congreso sobre la Imigraci\u00f3n en Espa\u00f1a\u201d<\/strong>&nbsp;which is going to take place in La Coru\u00f1a on September 2009.<\/p>\n\n\n\n<p>Last Monday<strong>&nbsp;2nd of June<\/strong>&nbsp;took place the&nbsp;<strong>fourth seminar of the&nbsp;<a href=\"https:\/\/webs.uab.cat\/migracions\/seminars\/\">IV Cicle de Seminaris sobre Migracions<\/a><\/strong>&nbsp;organized by GRM, with the title&nbsp;<strong>\u201cRedes sociales de apoyo: interacciones entre espa\u00f1oles y extranjeros\u201d<\/strong>.&nbsp;<strong>Dra. Ver\u00f3nica de Migue<\/strong>l (Grup de Recerca sobre Migracions).&nbsp;<a href=\"https:\/\/webs.uab.cat\/migracions\/wp-content\/uploads\/sites\/534\/2024\/06\/seminari-VdeMiguel-2-6-08.ppt\">Click to see the presentation of the seminar<\/a>.<\/p>\n\n\n\n<p>Last Monday&nbsp;<strong>5th of May<\/strong>&nbsp;took place the<strong>&nbsp;third seminar of the IV Cicle de Seminaris sobre Migracions<\/strong>&nbsp;organized by GRM, with the title&nbsp;<strong>\u201cCandel: una cr\u00f2nica de la immigraci\u00f3 a Catalunya\u201d<\/strong>.&nbsp;<strong>Carme Parramon<\/strong>&nbsp;(Grup de Recerca sobre Migracions) and&nbsp;<strong>Gen\u00eds Sinca<\/strong>&nbsp;(Journalist and Francesc Candel biographer).<\/p>\n\n\n\n<p>Last Friday 25th of April, \u00c0ngels Pascual carried out the account&nbsp;<em>\u201cLa noci\u00f3n de retorno. Sentido(s) en el contexto migratorio actual\u201d<\/em>&nbsp;with its following debate. This account it was done inside the&nbsp;<strong>XI Congreso de Inmigraci\u00f3n<\/strong>&nbsp;that took place at the&nbsp;<strong>Universidad de Almer\u00eda on 23, 24, 25 and 26 of April&nbsp;<\/strong>2008. The congress it was organized by the Laboratorio de Antropolog\u00eda Social y Cultural (LASC) de la Universidad de Almer\u00eda.&nbsp;<a href=\"http:\/\/www.lasc.es\/XI_CONGRESO\/congreso.htm\">Click to see the complete program of the congess.<\/a><\/p>\n\n\n\n<p>Last Monday&nbsp;<strong>21st of Apri<\/strong>l took place the&nbsp;<strong>second seminar of VI Cicle de Seminaris sobre Migracions<\/strong>&nbsp;organized by GRM with the title&nbsp;<strong>&#8220;The demography of family reunification in Spain: emerging dilemmas for Gambians and other immigrants&#8221;<\/strong>&nbsp;Prof.&nbsp;<strong>Caroline Bledsoe<\/strong>, Northwestern University, EUA.<\/p>\n\n\n\n<p>On March 2008,&nbsp;<strong>Dr. Papa Sow<\/strong>&nbsp;has obtained a&nbsp;<strong>Marie Curie contract<\/strong>&nbsp;to establish for 2 years at the Centre for Research in Ethnic Relations, CRER, of the University of Warwick.<\/p>\n\n\n\n<p>&#8220;<strong>NEW RESEARCH PROJECT:&nbsp;<\/strong>Dr.&nbsp;<strong>Ricard Mor\u00e9n-Alegret<\/strong>&nbsp;has obtained funding from the Spanish Ministry of Science and Education, in a competitive call for proposals of&nbsp;<em><strong>Programa Jos\u00e9 Castillejo<\/strong><\/em>, to carry out a research project in Great Britain during 2008 on&nbsp;<strong>Cultural diversity, symbolic integration and local organisations.<\/strong>&#8220;<\/p>\n\n\n\n<p><strong>Miguel Solana and Clara Parramon<\/strong>&nbsp;has collaborated on the coordination and edition of a&nbsp;<strong>monographic number of the \u201cQuaderns d&#8217;Estudi\u201d review<\/strong>&nbsp;about the foreign immigration in the city of L&#8217;Hospitalet de Llobregat. The title of the number is&nbsp;<strong>&#8220;Aportacions al voltant de la immigraci\u00f3 estrangera a l&#8217;Hospitalet&#8221;<\/strong>, Quaderns d&#8217;Estudi n. 20. Miguel Solana and Clara Parramon are members of the \u201cConsell de Redacci\u00f3 del Centre d&#8217;Estudis de l&#8217;Hospitalet\u201d. On Wednesday 12th of March, took place the act of presentation of this number in the Centre Cultural Metropolit\u00e0 Tecla Sala (L&#8217;Hospitalet).<\/p>\n\n\n\n<p>Last Monday&nbsp;<strong>10th of March<\/strong>&nbsp;took place the&nbsp;<strong>first seminar of VI Cicle de Seminaris sobre Migracions<\/strong>&nbsp;organized by GRM with the title&nbsp;<strong>\u201cLa migraci\u00f3n M\u00e9xico-Estados Unidos a principios del siglo XXI\u201d<\/strong>.&nbsp;<strong>Elaine Levine&nbsp;<\/strong>(Universidad Nacional Aut\u00f3noma de M\u00e9xico).<\/p>\n\n\n\n<p>Last 14th and 15th of February (2008) took place the International Symposium&nbsp;<strong>&#8220;Nuevos retos del transnacionalismo en el estudio de las migraciones&#8221;<\/strong>, organized by GEDIME (Grup d&#8217;Estudis sobre Immigraci\u00f3 i Minories \u00c8tniques), in which participated \u00c0ngels Pacual as a chairperson in the round table discussion \u201cMaternidades transnacionales entre Am\u00e9rica Latina y el Estado espa\u00f1ol: El impacto de las pol\u00edticas migratorias en las estrategias de reagrupaci\u00f3n familiar\u201d.<\/p>\n\n\n\n<p>Some GRM members have collaborated on the set up of the&nbsp;<strong>Fundaci\u00f3 Jaume Bofill\u2019s \u201cObservatori sobre la Immigraci\u00f3\u201d<\/strong>. Along the first month of 2008 \u00c0ngels Pascual has collaborated as a consultant of the Project and other GRM members have done summaries about research projects which are an important part of the web, that in a few time it\u2019s going to start to work.<\/p>\n\n\n\n<p>On Tuesday, November 26 (2007) took place at the&nbsp;<strong>Institut d&#8217;Estudis&nbsp;Catalans the speech reception of \u00c0ngels Pascual de Sans as a membre&nbsp;numeraria<\/strong>&nbsp;of the Philosophy and Social Sciences Section of the IEC.&nbsp;The speech focused on &#8221; La mobilitat espacial i l&#8217;assentament de la&nbsp;poblaci\u00f3. Un exemple d&#8217;interacci\u00f3 entre pressi\u00f3 social i inter\u00e8s&nbsp;cient\u00edfic &#8221; The reply was made by Mr. Salvador Giner.&nbsp;<a href=\"http:\/\/www.iecat.net\/butlleti\/116\/activitats.htm\">Click to enlarge the news and to access to the speech.<\/a><br><br><strong>The Foundation Lluis Carulla has edited his usual Nadala<\/strong>, the year 2007 dedicated to &#8221; Immigraci\u00f3. Les onades immigrat\u00f2ries en la&nbsp;Catalunya contempor\u00e0nia&#8221;. A series of colleagues have made several&nbsp;contributions. Chapter 6 has been drafted by \u00c0ngels Pascual and&nbsp;Jordi Cardel\u00fas, &#8221; L&#8217;expressi\u00f3 liter\u00e0ria de la mobilitat i&nbsp;l&#8217;arrelament &#8220;.&nbsp;<a href=\"http:\/\/www.fundaciolluiscarulla.com\/cat\/publicac_nadala.cfm?id=9\">Click to access to the presentation of the Nadala 2007.<br><\/a><br><br>The Consell de Treball, Econ\u00f2mic i Social de Catalunya&nbsp;<strong>(CTESC)&nbsp;<\/strong>has&nbsp;awarded the second prize in its annual contest&nbsp;<strong>Tesis Doctorals 2007<\/strong>&nbsp;to&nbsp;<strong>Pau Mota Moya<\/strong>&nbsp;for his PhD thesis presented this year in the&nbsp;Departament de Geografia of the UAB &#8221;&nbsp;<em><strong>Migracions i salut:&nbsp;interrelacions en la immigraci\u00f3 estrangera a Catalunya&#8221;.&nbsp;<\/strong><\/em><a href=\"http:\/\/www.uab.es\/servlet\/Satellite?cid=1096481464166&amp;pagename=UABDivulga%2FPage%2FTemplatePageDetallArticleInvestigar&amp;param1=1196343265317\">Click to access to the thesis abstract.<\/a><\/p>\n\n\n\n<p>On Thursday, December 13th 2007 Veronica de Miguel has presented her doctoral thesis,&nbsp;<em><strong>La dimensi\u00f3n familiar de las migraciones interregionales en Espa\u00f1a durante el siglo XX: un an\u00e1lisis territorial<\/strong><\/em><strong>.<\/strong><\/p>\n\n\n\n<p class=\"has-text-align-left\">On Wednesday, December 19th 2007&nbsp;<strong>Montserrat Feixas has presented her doctoral thesis,&nbsp;<em>Migration movement between Pakistan and South Western Europe: Pakistani migratory networks in Catalonia<\/em>.<\/strong><\/p>\n","protected":false},"excerpt":{"rendered":"<p>From 3 February to 2 June 2011 the&nbsp;IX&nbsp;Annual Seminars&#8217; Series on Migration&nbsp; organised by GRM took place at UAB. The last seminar was carried out bySantiago Roquer&nbsp;(Universitat Rovira i Virgili);&nbsp;\u201cLa migraci\u00f3 de dones estrangeres al medi rural catal\u00e0 en el context de la transformaci\u00f3 econ\u00f2mica i social de les comunitats locals&#8221;.&nbsp;Please, click here to see [&hellip;]<\/p>\n","protected":false},"author":2819,"featured_media":0,"parent":0,"menu_order":0,"comment_status":"closed","ping_status":"closed","template":"","meta":{"footnotes":""},"class_list":["post-657","page","type-page","status-publish","hentry"],"_links":{"self":[{"href":"https:\/\/webs.uab.cat\/migracions\/wp-json\/wp\/v2\/pages\/657","targetHints":{"allow":["GET"]}}],"collection":[{"href":"https:\/\/webs.uab.cat\/migracions\/wp-json\/wp\/v2\/pages"}],"about":[{"href":"https:\/\/webs.uab.cat\/migracions\/wp-json\/wp\/v2\/types\/page"}],"author":[{"embeddable":true,"href":"https:\/\/webs.uab.cat\/migracions\/wp-json\/wp\/v2\/users\/2819"}],"replies":[{"embeddable":true,"href":"https:\/\/webs.uab.cat\/migracions\/wp-json\/wp\/v2\/comments?post=657"}],"version-history":[{"count":3,"href":"https:\/\/webs.uab.cat\/migracions\/wp-json\/wp\/v2\/pages\/657\/revisions"}],"predecessor-version":[{"id":1598,"href":"https:\/\/webs.uab.cat\/migracions\/wp-json\/wp\/v2\/pages\/657\/revisions\/1598"}],"wp:attachment":[{"href":"https:\/\/webs.uab.cat\/migracions\/wp-json\/wp\/v2\/media?parent=657"}],"curies":[{"name":"wp","href":"https:\/\/api.w.org\/{rel}","templated":true}]}}