{"id":685,"date":"2024-02-28T14:55:00","date_gmt":"2024-02-28T12:55:00","guid":{"rendered":"https:\/\/webs.uab.cat\/migracions\/?page_id=685"},"modified":"2024-03-15T14:05:49","modified_gmt":"2024-03-15T12:05:49","slug":"main-results-publications","status":"publish","type":"page","link":"https:\/\/webs.uab.cat\/migracions\/main-results-publications\/","title":{"rendered":"Main results: Publications"},"content":{"rendered":"\n<p><strong><em>Among the various publications that have already been published up to March 2014 (or accepted to publication) in relation to this R+D project, the following can be noted:<\/em><\/strong><\/p>\n\n\n\n<div class=\"wp-block-group\"><div class=\"wp-block-group__inner-container is-layout-constrained wp-block-group-is-layout-constrained\">\n<ul class=\"wp-block-list\">\n<li>Bruquetas, M.; Garc\u00e9s, B.;&nbsp;<strong>Mor\u00e9n-Alegret, R.<\/strong>; Penninx, R. &amp; Ruiz, E. (2011) \u201cThe case of Spain\u201d in G. Zincone, M. Borkert &amp; R. Penninx (Eds.),&nbsp;<em><strong>Migration Policymaking in Europe; The dynamics of Actors and Contexts in Past and Present<\/strong><\/em>&nbsp;(pp. 291-326). Amsterdam (Pa\u00edses Bajos): Amsterdam University Press.<\/li>\n\n\n\n<li><strong>Fatori\u0107, S.; Mor\u00e9n-Alegret, R.; Kasimis, C.<\/strong>&nbsp;(2014) &#8220;Exploring climate change effects in Euro-Mediterranean protected coastal wetlands: the cases of Aiguamolls de l\u2019Empord\u00e0, Spain and Kotychi-Strofylia, Greece&#8221;,<em><strong>&nbsp;International Journal of Sustainable Development &amp; World Ecology,<\/strong>&nbsp;<\/em>DOI:10.1080\/13504509.2014.888377 (2012 Impact Factor: 1.213)<\/li>\n\n\n\n<li><strong>Fatori\u0107, S.; Mor\u00e9n-Alegret, R.<\/strong>&nbsp;(2013) \u201cIntegrating local knowledge and perception for assessing vulnerability to climate change in economically dynamic coastal areas: the case of natural protected area Aiguamolls de l&#8217;Empord\u00e0\u201d,&nbsp;<em><strong>Ocean &amp; Coastal Management<\/strong><\/em>, 85 (A), 90-102. (Impact Factor: 1.597. 5-Year Impact Factor: 1.747).<\/li>\n\n\n\n<li><strong>Fatoric, S.<\/strong>; Chelleri, L. (2012) &#8220;Vulnerability to the effects of climate change and adaptation&#8221;,&nbsp;<em><strong>Ocean &amp; Coastal Management<\/strong><\/em>, 60, 1-10. (Impact Factor: 1.524. 5-Year Impact Factor: 1.661).<\/li>\n\n\n\n<li><strong>Fonseca, M. L.<\/strong>&nbsp;; Esteves, A.; Malheiros, J.; McGarrigle, J, (2013) \u201cHabita\u00e7\u00e3o, imigra\u00e7\u00e3o e integra\u00e7\u00e3o s\u00f3cio-territorial: notas e reflex\u00f5es a partir do caso da Regi\u00e3o do Algarve\u201d, in Fonseca, M. L., G\u00f3is, P.; Marques, J. C. e Peixoto, J. (orgs.),&nbsp;<strong><em>Migra\u00e7\u00f5es na Europa e em Portugal. Ensaios de homenagem a Maria Ioannis Baganha<\/em><\/strong>, Coimbra: Almedina, pp. 127-163.<\/li>\n\n\n\n<li><strong>Hugo, G. J.<\/strong>&nbsp;(ed.) (2013)&nbsp;<strong><em>Migration and Climate Change<\/em><\/strong>, Cheltenham, UK \/ Northampton, MA, USA: Edward Elgar Publishing.<\/li>\n\n\n\n<li><strong>Hugo, G.J.<\/strong>&nbsp;(2012) \u201cPopulation flows between South Australia and Asia\u201d, in J. Spoehr and P. Jain (eds.)&nbsp;<strong><em>The Engaging state: South Australia&#8217;s engagement with the Asia-Pacific region<\/em><\/strong>, pp. 20-44.<\/li>\n\n\n\n<li><strong>Joly, D.<\/strong>&nbsp;(2012) \u201c\u2018Race\u2019, ethnicity and religion: emerging policies in Britain\u201d,&nbsp;<strong><em>Patterns of Prejudice<\/em><\/strong><em>,<\/em>&nbsp;46 (5), pp. 467-485.<\/li>\n\n\n\n<li><strong>Kasimis, C.&nbsp;<\/strong>and Papadopoulos, A.G.&nbsp;<em>(2013),\u201cRural Transformations and Family Farming In Contemporary Greece\u201d,<\/em>&nbsp;in Dionisio Ortiz-Miranda, Ana Moragues-Faus, Eladio Arnalte-Alegre (eds.)&nbsp;<strong><em>Agriculture in Mediterranean Europe: Between Old and New Paradigms&nbsp;<\/em><\/strong><em>(Research in Rural Sociology and Development, Volume 19)<\/em><em>,&nbsp;<\/em>Emerald Group Publishing Limited, pp. 263 \u2013 293.<\/li>\n\n\n\n<li><strong>Kasimis, C.&nbsp;<\/strong>&amp; Zografakis, S. (2013), \u201cThe Countryside, Agriculture and the Crisis\u201d<em>,<\/em>&nbsp;<strong><em>International and European Policy,<\/em><\/strong>&nbsp;Vol. 27, pp 17-31, Athens: Papazisis (en griego).<\/li>\n\n\n\n<li><strong>Kasimis, C.<\/strong>&nbsp;&amp; Papadopoulos, A.G. (eds.) (2012),&nbsp;<strong><em>Migrants in Greece: Employment and Integration in Local Societies<\/em><\/strong>, Athens: Alexandria (libro en griego).<\/li>\n\n\n\n<li><strong>Kasimis, C.<\/strong>&nbsp;(2010),&nbsp;<em>Socio-demographic imbalances in rural Europe and international mobility to rural areas: the case of Greece,<\/em><strong>&nbsp;<em>Przeglad Socjologizny,<\/em>&nbsp;<\/strong>Vol. 59, No. 2, pp. 57-77.<\/li>\n\n\n\n<li><strong>Kasimis, C.<\/strong>&nbsp;&amp; Papadopoulos, A.G. (2010),&nbsp;<em>Fluxos migrat\u00f3rios e mercados de trabalho locais em espa\u00e7os insulares: O caso de Zakynthos, nas ilhas J\u00f3nicas (Gr\u00e9cia)<\/em>, in Fonseca L. M. (ed)&nbsp;<strong><em>Aproximando Mundos: Emigra\u00e7<\/em><\/strong><strong><em>\u00e3<\/em><\/strong><strong><em>o, Imigra\u00e7<\/em><\/strong><strong><em>\u00e3<\/em><\/strong><strong><em>o e Desenvolvimento em Espa\u00e7os Insulares,<\/em><\/strong>&nbsp;Lisboa: Funda\u00e7\u00e3o Luso-Americana, pp. 247-277.<\/li>\n\n\n\n<li><strong>Kasimis, C.<\/strong>, Papadopoulos, A.G., Pappas, C. (2010),&nbsp;<em>Gaining from Rural Migrants: Migrant Employment Strategies and Socioeconomic Implications for Rural Labour Markets,&nbsp;<strong>Sociologia Ruralis,&nbsp;<\/strong><\/em>Vol. 50, Number 3, pp. 258-276.<\/li>\n\n\n\n<li>Medda-Windischer, R.; Danson, M.;&nbsp;<strong>Mor\u00e9n-Alegret, R.<\/strong>; Gaye, M. (2012) &#8220;Editorial. Social Mobility and Migration&#8221;,&nbsp;<strong><em>Migration Letters,<\/em><\/strong>&nbsp;9 (3), 193-199.<\/li>\n\n\n\n<li>Mendoza, C.;&nbsp;<strong>Mor\u00e9n-Alegret, R.<\/strong>&nbsp;(2013) \u201cExploring methods and techniques for the analysis of senses of place and migration\u201d,&nbsp;<strong><em>Progress in Human<\/em><\/strong><em><strong>&nbsp;Geography<\/strong><\/em>, 37 (6), 762\u2013785. [Impact factor 4.489, ISI JCR Ranking 2012: 2\/72 (Geography), Thomson Reuters, 2013].<\/li>\n\n\n\n<li><strong>Mor\u00e9n-Alegret, R.<\/strong>\u00a0(2014) &#8220;Perception of individual-level benefits for mobile workers and migrants within the EU: the need for (a) common sense (of place)&#8221;, in Schwarzw\u00e4lder, J. &amp; Thode, E. (coords.)\u00a0<em><strong>Harnessing European Labour Mobility. Scenario analysis and policy recommendations<\/strong><\/em>, G\u00fcersloh (Germany): Bertelsmann Stiftung.<\/li>\n\n\n\n<li><strong>Mor\u00e9n-Alegret, R.<\/strong>&nbsp;(2011) When love comes to town and when it is missing. International migration, marriage, divorce and being single in small towns and rural areas in Spain. In: E.K. Heikkil\u00e4 and B.S.A.Yeoh [eds.]<em>&nbsp;<strong>International Marriages in the Time of Globalization<\/strong><\/em>. New York: Nova Science Publishers Inc, 104-116.<\/li>\n\n\n\n<li><strong>Mor\u00e9n-Alegret, R.&nbsp;<\/strong>(2010) Procesos de integraci\u00f3n de la inmigraci\u00f3n extranjera en peque\u00f1as ciudades de Espa\u00f1a. Presentaci\u00f3n del video documental \u201cIberiana\u201d,&nbsp;<strong><em>Pol\u00edgonos. Revista de Geograf\u00ed<\/em>a<\/strong>, 20, 205-216.<\/li>\n\n\n\n<li>Scheffran, J.; Marmer, E.;&nbsp;<strong>Sow, P.<\/strong>&nbsp;(2011) \u201cMigration as a contribution to resilience and innovation in climate adaptation\u201d,&nbsp;<em><strong>Applied Geography<\/strong><\/em>, 0143-6228: 1-9 (Impact Factor: 3.082)<\/li>\n<\/ul>\n\n\n\n<hr class=\"wp-block-separator has-alpha-channel-opacity is-style-dots\" \/>\n<\/div><\/div>\n\n\n\n<p><strong><em>Among the various contributions to congresses and seminars presented up to March 2014 in relation to this R+D project, the following can be noted:<\/em><\/strong><\/p>\n\n\n\n<div class=\"wp-block-group\"><div class=\"wp-block-group__inner-container is-layout-constrained wp-block-group-is-layout-constrained\">\n<ul class=\"wp-block-list\">\n<li><strong>Fatoric, S.<\/strong>&nbsp;(2014) \u201cClimate change vulnerability in coastal proteceted \u00e1reas of Catalonia (Spain): The cases of Ebro Delta and Aiguamolls de l\u2019Empord\u00e0\u201d<em>,&nbsp;<\/em><strong><em>Conference on European Climate Change Adaptation. Research and Practice<\/em><\/strong><em>,&nbsp;<\/em>Lisboa (Portugal). Coastal areas, marine biodiversity and fisheries. Parallel session A. (ver:&nbsp;<a href=\"http:\/\/www.adaptationfrontiers.eu\/\">http:\/\/www.adaptationfrontiers.eu<\/a>)<\/li>\n\n\n\n<li><strong>Fatoric, S.&nbsp;<\/strong>(&amp;&nbsp;<strong>Mor\u00e9n-Alegret, R.<\/strong>, dir.) (2011) \u201cPreliminary Approach to Climate Change Effects on Human Security and Migration in &#8216;Aiguamolls de l\u2019Empord\u00e0&#8217; area,Spain\u201d,&nbsp;<strong><em>16th International Metropolis conference \u00abMigration Futures&nbsp;: Perspectives on Global Changes\u00bb,&nbsp;<\/em><\/strong>Ponta Delgada (Islas Azores, Portugal), (<a href=\"http:\/\/www.metropolis2011.org\/\">www.metropolis2011.org\/<\/a>)<\/li>\n\n\n\n<li><strong>Fonseca, M.L.<\/strong>; Sampaio, D.; Moreno, L. (2012)<strong>&nbsp;\u201c<\/strong>Trabalhadores imigrantes na agricultura algarvia: um estudo sobre a comunidade marroquina\u201d&nbsp;<strong><em>IX Coloquio Ib\u00e9rico de Estudios Rurales<\/em><\/strong><em>.&nbsp;<\/em>Universidad de Lisboa \u2013 CEG \u2013 IGOT (Portugal). (http:\/\/www.9cier.net)<\/li>\n\n\n\n<li><strong>Hugo, G.<\/strong>&nbsp;(2012) \u201cImmigrant Settlement in Regional South Australia: Patterns, Problems and Policies\u201d&nbsp;<strong><em>American Association of Geographers Congress<\/em><\/strong>, Nueva York (Estados Unidos de Am\u00e9rica). (http:\/\/www.aag.org\/cs\/events\/event_detail?eventId=49).<\/li>\n\n\n\n<li><strong>Kasimis, C.<\/strong>; Papadopoulos, A.G.; Fratsea, L.M. (2012) \u201cReverse mobilities in the years of crisis: the case of rural Greece\u201d&nbsp;<strong><em>XIII World Congress on Rural Sociology, IRSA<\/em><\/strong>, Lisboa (Portugal). (http:\/\/www.irsa-world.org).<\/li>\n\n\n\n<li><strong>Kasimis, C.<\/strong>; Zografakis, S. (2012) \u201c\u2018Return to the land\u2019: rural Greece as refuge to crisis\u201d&nbsp;<strong><em>XIII World Congress on Rural Sociology, IRSA<\/em><\/strong>, Lisboa (Portugal). (http:\/\/www.irsa-world.org).<\/li>\n\n\n\n<li><strong>Kasimis, C.<\/strong>&nbsp;(2011) \u201cImmigrant Integration and Socioeconomic Sustainability in Small Town areas in Greece: The Case of Zakynthos\u201d&nbsp;<strong><em>16th International Metropolis conference \u00abMigration Futures&nbsp;: Perspectives on Global Changes\u00bb,&nbsp;<\/em><\/strong>Ponta Delgada (Islas Azores, Portugal), (<a href=\"http:\/\/www.metropolis2011.org\/\">www.metropolis2011.org\/<\/a>)<\/li>\n\n\n\n<li><strong>Mas Palacios, A. &amp; Mor\u00e9n-Alegret, R.&nbsp;<\/strong>(2012) \u201cInternational immigration around natural protected areas in Spain and Portugal\u201d&nbsp;<strong><em>XIII World Congress on Rural Sociology, IRSA<\/em>,<\/strong>&nbsp;Lisboa (Portugal). (http:\/\/www.irsa-world.org).<\/li>\n\n\n\n<li><strong>Mas Palacios, A. &amp; Mor\u00e9n-Alegret, R.<\/strong>&nbsp;(2012) \u201cInmigraci\u00f3n internacional entorno a \u00e1reas naturales protegidas. Explorando algunas localidades del&nbsp;<em>Alt Empord\u00e0<\/em>&nbsp;(Espa\u00f1a) y el&nbsp;<em>Alentejo Litoral<\/em>&nbsp;(Portugal)\u201d&nbsp;<strong><em>IX Coloquio Ib\u00e9rico de Estudios Rurales<\/em><\/strong><em>.&nbsp;<\/em>Universidad de Lisboa \u2013 CEG \u2013 IGOT (Portugal). . (http:\/\/www.9cier.net).<\/li>\n\n\n\n<li><strong>Mas Palacios, A.<\/strong>&nbsp;(&amp;&nbsp;<strong>Mor\u00e9n-Alegret, R.<\/strong>, dir.<strong>)<\/strong>&nbsp;(2011) \u201cIndicators of Sustainability in Roses (Alt Empord\u00e0, Spain). A Coastal Small Town with Different Types of Immigration\u201d,&nbsp;<strong><em>16th International Metropolis conference \u00abMigration Futures&nbsp;: Perspectives on Global Changes\u00bb,&nbsp;<\/em><\/strong>Ponta Delgada (Islas Azores, Portugal), (<a href=\"http:\/\/www.metropolis2011.org\/\">www.metropolis2011.org\/<\/a>)<\/li>\n\n\n\n<li><strong>Milazzo, J.<\/strong>&nbsp;(2012) &#8220;Inmigraci\u00f3n internacional y desarrollo de territorios (semi) rurales mediterr\u00e1neos. Comparaci\u00f3n de los bolivianos en Catalu\u00f1a (Alt Empord\u00e0) y de los marroqu\u00edes en C\u00f3rcega (Plaine Orientale)\u201d,&nbsp;<strong><em>Coloquio internacional \u2018El valor de lo rural\u2019<\/em><\/strong>&nbsp;, Zamora (M\u00e9xico),<\/li>\n\n\n\n<li><strong>Mor\u00e9n-Alegret, R.<\/strong>&nbsp;(2013) \u201cForeign immigration, intercultural dialogue and sustainability in small towns: The case of Roses, Northeastern Catalonia, Spain\u201d,&nbsp;<strong><em>Media and Intercultural Dialogue Conference<\/em>,&nbsp;<\/strong>Barcelona (Spain), United Nations University Institute for Globalization, Culture and Mobility (UNU-GCM)<\/li>\n\n\n\n<li><strong>Mor\u00e9n-A<\/strong><strong>legret, R.; Wladyka, D.; Mas-Palacios, A.<\/strong>&nbsp;(2012) \u201c<em>Does the locality size matter? Foreign immigrants&#8217; integration in Barcelona, Roses and Castell\u00f3 d&#8217;Emp\u00faries (Catalonia, Spain)\u201d&nbsp;<strong>American Association of Geographers Congress<\/strong><\/em>, Nueva York (Estados Unidos de Am\u00e9rica). (http:\/\/www.aag.org\/cs\/events\/event_detail?eventId=49).<\/li>\n\n\n\n<li><strong>Mor\u00e9n-Alegret, R.<\/strong>&nbsp;(2011) Immigrants integration in small towns and rural \u00e1reas,&nbsp;<strong><em>International Conference on Social Mobility<\/em><\/strong><em>&nbsp;<strong>and<\/strong>&nbsp;<strong>Migration.<\/strong>&nbsp;<strong>Multidisciplinary Perspectives<\/strong><\/em>, Bolzano\/Bozen (Italia).<\/li>\n\n\n\n<li>Sampaio, D. (&amp;&nbsp;<strong>Fonseca, M.L.<\/strong>,dir.) (2011) \u201cInternational Retirement Migration in the Algarve: Exploring the Impacts on Local Labour Market Dynamics in a Context of Rural Revitalization\u201d,&nbsp;<strong><em>16th International Metropolis conference \u00abMigration Futures&nbsp;: Perspectives on Global Changes\u00bb,&nbsp;<\/em><\/strong>Ponta Delgada (Islas Azores, Portugal), (<a href=\"http:\/\/www.metropolis2011.org\/\">www.metropolis2011.org\/<\/a>)<\/li>\n\n\n\n<li>V\u00e9lez de Castro, F. (&amp;&nbsp;<strong>Fonseca, M.L.<\/strong>, dir.<strong>)&nbsp;<\/strong>(2011)\u201cImmigration and Regional Development in Low Density Territories: The Case of Alentejo (Portugal) and Extremadura (Spain)\u201d,&nbsp;<strong><em>16th International Metropolis conference \u00abMigration Futures&nbsp;: Perspectives on Global Changes\u00bb,&nbsp;<\/em><\/strong>Ponta Delgada (Islas Azores, Portugal), (<a href=\"http:\/\/www.metropolis2011.org\/\">www.metropolis2011.org\/<\/a>)<\/li>\n\n\n\n<li><strong>Wladyka, D. &amp; Mor\u00e9n-Alegret, R.<\/strong>&nbsp;(2014) \u201cTowards a Mediterranean \u2018Superdiverse\u2019 Small Town? Immigration and Sustainability in Empuriabrava Neighborhood, Catalonia, Spain\u201d,&nbsp;<strong><em>2014 Urban Affairs Association Congress<\/em><\/strong>, San Antonio (Texas, USA),&nbsp;<em>SA1.01 session.&nbsp;<\/em>Race, Ethnicity, and Urban Development (ver:&nbsp;<a href=\"http:\/\/urbanaffairsassociation.org\/conference\/conference2014\/\">http:\/\/urbanaffairsassociation.org\/conference\/conference2014\/<\/a>)<\/li>\n\n\n\n<li><strong>Wladyka, D. &amp; Mor\u00e9n-Alegret, R.<\/strong>&nbsp;(2012) \u201cPolish immigrants in Catalonia, Spain\u201d&nbsp;<strong><em>American Association of Geographers Congress<\/em><\/strong>, Nueva York (Estados Unidos de Am\u00e9rica). (http:\/\/www.aag.org\/cs\/events\/event_detail?eventId=49).<\/li>\n\n\n\n<li><strong>Wladyka, D.<\/strong>&nbsp;(&amp;&nbsp;<strong>Mor\u00e9n-Alegret, R.<\/strong>, dir.) (2011) \u201cImmigrants\u2019 Integration and Sustainability in an Ethnically Diverse Small Town: Exploring the Case of Castell\u00f3 d\u2019Emp\u00faries, Spain.\u201d&nbsp;<strong><em>16th International Metropolis conference \u00abMigration Futures&nbsp;: Perspectives on Global Changes\u00bb,&nbsp;<\/em><\/strong>Ponta Delgada (Islas Azores, Portugal), (<a href=\"http:\/\/www.metropolis2011.org\/\">www.metropolis2011.org\/<\/a>)<\/li>\n<\/ul>\n<\/div><\/div>\n","protected":false},"excerpt":{"rendered":"<p>Among the various publications that have already been published up to March 2014 (or accepted to publication) in relation to this R+D project, the following can be noted: Among the various contributions to congresses and seminars presented up to March 2014 in relation to this R+D project, the following can be noted:<\/p>\n","protected":false},"author":2819,"featured_media":0,"parent":0,"menu_order":0,"comment_status":"closed","ping_status":"closed","template":"","meta":{"footnotes":""},"class_list":["post-685","page","type-page","status-publish","hentry"],"_links":{"self":[{"href":"https:\/\/webs.uab.cat\/migracions\/wp-json\/wp\/v2\/pages\/685","targetHints":{"allow":["GET"]}}],"collection":[{"href":"https:\/\/webs.uab.cat\/migracions\/wp-json\/wp\/v2\/pages"}],"about":[{"href":"https:\/\/webs.uab.cat\/migracions\/wp-json\/wp\/v2\/types\/page"}],"author":[{"embeddable":true,"href":"https:\/\/webs.uab.cat\/migracions\/wp-json\/wp\/v2\/users\/2819"}],"replies":[{"embeddable":true,"href":"https:\/\/webs.uab.cat\/migracions\/wp-json\/wp\/v2\/comments?post=685"}],"version-history":[{"count":6,"href":"https:\/\/webs.uab.cat\/migracions\/wp-json\/wp\/v2\/pages\/685\/revisions"}],"predecessor-version":[{"id":940,"href":"https:\/\/webs.uab.cat\/migracions\/wp-json\/wp\/v2\/pages\/685\/revisions\/940"}],"wp:attachment":[{"href":"https:\/\/webs.uab.cat\/migracions\/wp-json\/wp\/v2\/media?parent=685"}],"curies":[{"name":"wp","href":"https:\/\/api.w.org\/{rel}","templated":true}]}}