{"id":735,"date":"2024-01-11T11:50:30","date_gmt":"2024-01-11T09:50:30","guid":{"rendered":"https:\/\/webs.uab.cat\/migracions\/?page_id=735"},"modified":"2024-06-14T12:56:21","modified_gmt":"2024-06-14T10:56:21","slug":"news-on-media","status":"publish","type":"page","link":"https:\/\/webs.uab.cat\/migracions\/news-on-media\/","title":{"rendered":"News on media"},"content":{"rendered":"\n<p class=\"has-text-align-center\"><em>This GRM website and the historical content is migrating from one web server to another web server at UAB. In addition, the new GRM website is gradually being updated. Thanks for your patience.<\/em><\/p>\n\n\n\n<hr class=\"wp-block-separator has-alpha-channel-opacity is-style-dots\" \/>\n\n\n\n<p class=\"has-small-font-size\"><strong>SOME MEDIA ATTENTION<\/strong><\/p>\n\n\n\n<p>In&nbsp;<strong>February 2021<\/strong>, within the framework of the radio initiative named &#8220;<strong>Peasant Wave<\/strong>&#8221; (&#8220;<strong>Ona Pagesa<\/strong>&#8220;,&nbsp;<strong>Arrels R\u00e0dio<\/strong>, via Anchor.FM),&nbsp;<strong>Ricard Mor\u00e9n-Alegret<\/strong>&nbsp;participated in a radio programme on &#8220;<strong>Strategies for repopulating small villages<\/strong>&#8220;. He talked about the research project titled &#8220;<strong><em><a href=\"http:\/\/atlantis.uab.cat\/hamlets\/es\/index.html\">HAMLETS. Immigration and Sustainable Development in Small Villages<\/a><\/em><\/strong>&#8220;, funded by the&nbsp;<strong>RECERCAIXA Programme<\/strong>, an iniciative promoted by&nbsp;<strong>&#8216;la Caixa&#8217;<\/strong>&nbsp;Foundation and the&nbsp;<strong>Catalan Association of Public Universities<\/strong>, ACUP (2017-2020). You can read more information and listen the podcast in the following link:&nbsp;<a href=\"https:\/\/arrels.info\/radio\/ona-pagesa\/estrategies-per-repoblar-els-micropobles-de-catalunya\/\">https:\/\/arrels.info\/radio\/ona-pagesa\/estrategies-per-repoblar-els-micropobles-de-catalunya\/<\/a><\/p>\n\n\n\n<hr class=\"wp-block-separator has-alpha-channel-opacity is-style-dots\" \/>\n\n\n\n<p>In&nbsp;<strong>July 2020<\/strong>, within the context of a Pyrenees iniciative,&nbsp;<strong>Ricard Mor\u00e9n-Alegret<\/strong>&nbsp;colaborated with the&nbsp;<strong>Catalan News Agency (ACN)<\/strong>&nbsp;in order to communicate reflections on the&nbsp;<strong>situation in small villages<\/strong>&nbsp;and some results from the&nbsp;<strong>HAMLETS<\/strong>&nbsp;project. This colaboration with ACN was published by several regional and local media, like the following ones:<br><\/p>\n\n\n\n<ul class=\"wp-block-list\">\n<li><strong>LLEIDA.COM<\/strong>:<\/li>\n<\/ul>\n\n\n\n<p><a href=\"https:\/\/www.lleida.com\/noticia_canal\/cosmopolitisme-rural-ipolitiques-\">https:\/\/www.lleida.com\/noticia_canal\/cosmopolitisme-rural-ipolitiques-<br>publiques-com-eines-mantenir-els-micropobles<\/a><br><\/p>\n\n\n\n<ul class=\"wp-block-list\">\n<li><strong>Corporaci\u00f3 Catalana de Mitjans Audiovisuals (CCMA)<\/strong>:&nbsp;<\/li>\n<\/ul>\n\n\n\n<p><a href=\"https:\/\/www.ccma.cat\/324\/limpuls-del-cosmopolitismerural-\">https:\/\/www.ccma.cat\/324\/limpuls-del-cosmopolitismerural-<br>i-de-politiques-publiques-per-a-segons-residents-eines-permantenir-<br>els-micropobles\/noticia\/3030648\/<\/a><br><\/p>\n\n\n\n<ul class=\"wp-block-list\">\n<li><strong>Diari ARA:<\/strong>&nbsp;<\/li>\n<\/ul>\n\n\n\n<p><a href=\"https:\/\/www.ara.cat\/pirineus\/Cosmopolitisme-rurallluitar- contra-despoblament_0_2486151470.html\">https:\/\/www.ara.cat\/pirineus\/Cosmopolitisme-rurallluitar-<br>contra-despoblament_0_2486151470.html<\/a><br><\/p>\n\n\n\n<ul class=\"wp-block-list\">\n<li><strong>REGI\u00d3 7<\/strong>:<\/li>\n<\/ul>\n\n\n\n<p><a href=\"https:\/\/www.regio7.cat\/cerdanya-alturgell\/\">https:\/\/www.regio7.cat\/cerdanya-alturgell\/<br>2020\/07\/13\/cosmopolitisme-rural-eina-mantenirmicropobles\/<br>620641.html<\/a><br>*<\/p>\n\n\n\n<ul class=\"wp-block-list\">\n<li><strong>RADIO SEU:<\/strong><\/li>\n<\/ul>\n\n\n\n<p><a href=\"http:\/\/www.radioseu.cat\/noticies\/un-estudi-de-lauab-\">http:\/\/www.radioseu.cat\/noticies\/un-estudi-de-lauab-<br>planteja-incentivar-que-segons-residents-de-pobles-petits-shiinstal-<br>lin-a-viure<\/a><br><\/p>\n\n\n\n<ul class=\"wp-block-list\">\n<li>&nbsp;<strong>VIURE ALS PIRINEUS:<\/strong><\/li>\n<\/ul>\n\n\n\n<p><a href=\"https:\/\/www.viurealspirineus.cat\/articulo\/societat\/limpulscosmopolitisme-\">https:\/\/www.viurealspirineus.cat\/articulo\/societat\/limpulscosmopolitisme-<br>rural-i-politiques-publiques-per-segons-residentseines-<br>per-mantenir-els-micropobles\/20200708105213020044.html<\/a><br><\/p>\n\n\n\n<hr class=\"wp-block-separator has-alpha-channel-opacity is-style-dots\" \/>\n\n\n\n<p>Instances of the&nbsp;<strong>impact on the mass media<\/strong>&nbsp;during<strong>&nbsp;February 2020<\/strong>&nbsp;of the<strong>&nbsp;Barcelona&nbsp;<\/strong>Macaya Palace<strong>&nbsp;CONFERENCE-FORUM&nbsp;<\/strong>linked to the<strong>&nbsp;HAMLETS research project:<\/strong><\/p>\n\n\n\n<p class=\"has-text-align-center has-normal-font-size\">*<em><strong>CADENA SER (Radio station) &#8211; HORA 14 CATALUNYA (radio program) &#8211; 8 February 2020, 14:14h<\/strong>&nbsp;&#8211;&nbsp;<strong>00:02:09<\/strong>&nbsp;<strong>minutes:<\/strong><\/em><\/p>\n\n\n\n<p class=\"has-text-align-center\"><a href=\"https:\/\/acceso360.acceso.com\/uab\/es-ES\/?mod=TrackingAVPlayer&amp;task=openAV&amp;companyNewsId=600267969&amp;mediaType=1&amp;newsDate=1581167685&amp;sig=3dc5a2d427d1407ddbc6867f00de2dbb0157d29ec972b393ab32b92a0526036e\" target=\"_blank\" rel=\"noreferrer noopener\">#SOCIETY. CATALONIA. THIS WEEK UAB HAS ORGANISED A GATHERING WITH PARTICIPATION OF DIFERENT ORGANISATIONS IN ORDER TO DISCUSS THE CHALENGES OF THE CATALAN VILLAGES WITH FEWER INHABITANTS. DECLARATIONS OF RICARD MOREN, PRINCIPAL INVESTIGAtOR AT UAB, AND MARIO URREA, MAYOR OF TORREBESSES &amp; PRESIDENT OF ASSOCIACIO DE MICROPOBLES DE CATALUNYA.&nbsp;<\/a><em>Audience: 381.000 persons<\/em><\/p>\n\n\n\n<p class=\"has-text-align-center has-normal-font-size\"><strong><em>*LA VANGUARDIA (National newspaper) &#8211; 8 February 2020:<\/em><\/strong><\/p>\n\n\n\n<p class=\"has-text-align-center\"><a href=\"https:\/\/www.lavanguardia.com\/vida\/20200208\/473358597638\/sensacion-abandono-despoblacion-y-viviendas-caras-problemas-de-micropueblos.html\">https:\/\/www.lavanguardia.com\/vida\/20200208\/473358597638\/sensacion-abandono-despoblacion-y-viviendas-caras-problemas-de-micropueblos.html<\/a><\/p>\n\n\n\n<p class=\"has-text-align-center has-normal-font-size\"><strong><em>*ABC<\/em><\/strong>&nbsp;<strong><em>(National Newspaper)<\/em><\/strong>&nbsp;&#8211;&nbsp;<strong><em>8 February 2020<\/em><\/strong><\/p>\n\n\n\n<p class=\"has-text-align-center\"><a href=\"https:\/\/agencias.abc.es\/noticia.asp?noticia=3298350\">https:\/\/agencias.abc.es\/noticia.asp?noticia=3298350<\/a><\/p>\n\n\n\n<p class=\"has-text-align-center has-normal-font-size\"><strong><em>*DIARI DE GIRONA (Regional newspaper) &#8211; 9 February 2020<\/em><\/strong><\/p>\n\n\n\n<p class=\"has-text-align-center\"><a href=\"https:\/\/www.diaridegirona.cat\/comarques\/2020\/02\/09\/despoblacio-principal-problema-dels-micropobles\/1028290.html\">https:\/\/www.diaridegirona.cat\/comarques\/2020\/02\/09\/despoblacio-principal-problema-dels-micropobles\/1028290.html<\/a><\/p>\n\n\n\n<hr class=\"wp-block-separator has-alpha-channel-opacity is-style-dots\" \/>\n\n\n\n<p>Some<strong>&nbsp;news&nbsp;<\/strong>about the<strong>&nbsp;ENTREPRENEURIAL FORUM&nbsp;<\/strong>held in<strong>&nbsp;Tuixent<\/strong>, Alt Urgell,<strong>&nbsp;Lleida Pyrenees in December 2019<\/strong>. This forum was linked to the HAMLETS research project and was organised from the UAB by Ricard Mor\u00e9nAlegret, with participation of Francesc Romagosa:<\/p>\n\n\n\n<p><em><strong>Catalunya Informaci\u00f3 Radio:<\/strong><\/em>  <a href=\"https:\/\/www.ccma.cat\/catradio\/alacarta\/catalunya-al-dia\/els-micropobles-volen-atreure-emprenedors-que-frenin-el-despoblament\/audio\/1057346\/\">https:\/\/www.ccma.cat\/catradio\/alacarta\/catalunya-al-dia\/els-micropobles-volen-atreure-emprenedors-que-frenin-el-despoblament\/audio\/1057346\/<\/a><\/p>\n\n\n\n<p><em><strong><em><strong>Pyrenees Television:<\/strong><\/em><\/strong><\/em>&nbsp;<a href=\"http:\/\/www.pirineustv.cat\/2019\/12\/09\/emprenedoria-per-garantir-el-futur-dels-micropobles\/\">http:\/\/www.pirineustv.cat\/2019\/12\/09\/emprenedoria-per-garantir-el-futur-dels-micropobles\/<\/a><\/p>\n\n\n\n<hr class=\"wp-block-separator has-alpha-channel-opacity is-style-dots\" \/>\n\n\n\n<p>On&nbsp;<strong>the 23rd of May 2019<\/strong>&nbsp;from 7pm to 8pm a monographic&nbsp;<strong>radio programme<\/strong>&nbsp;on human&nbsp;<strong>depopulation and repopulation in European rural areas&nbsp;<\/strong>took place on the public radio station&nbsp;<strong>CATALUNYA INFORMACI\u00d3<\/strong>. This program was conducted by journalist Gloria Mar\u00edn and included the participation of N\u00faria Alb\u00e0, Associaci\u00f3 de Micropobles de Catalunya; Joan Caball, coordinador d&#8217;Uni\u00f3 de Pagesos; and geographer Ricard Mor\u00e9n-Alegret (UAB). The audio file of that program and additional details can be found in the following links: <a href=\"https:\/\/www.ccma.cat\/catradio\/alacarta\/catalunya-al-dia\/associacio-de-micropobles-frenar-el-despoblament-es-una-questio-de-pais\/audio\/1040519\">https:\/\/www.ccma.cat\/catradio\/alacarta\/catalunya-al-dia\/associacio-de-micropobles-frenar-el-despoblament-es-una-questio-de-pais\/audio\/1040519<\/a>\/ &amp;&nbsp;<a href=\"https:\/\/twitter.com\/Catinformacio\/status\/1131802004815339520\">https:\/\/twitter.com\/Catinformacio\/status\/1131802004815339520<\/a><\/p>\n\n\n<div class=\"wp-block-image\">\n<figure class=\"aligncenter size-full\"><img loading=\"lazy\" decoding=\"async\" width=\"251\" height=\"320\" src=\"https:\/\/webs.uab.cat\/migracions\/wp-content\/uploads\/sites\/534\/2024\/02\/image-75.png\" alt=\"\" class=\"wp-image-582\" srcset=\"https:\/\/webs.uab.cat\/migracions\/wp-content\/uploads\/sites\/534\/2024\/02\/image-75.png 251w, https:\/\/webs.uab.cat\/migracions\/wp-content\/uploads\/sites\/534\/2024\/02\/image-75-235x300.png 235w\" sizes=\"auto, (max-width: 251px) 100vw, 251px\" \/><\/figure>\n<\/div>\n\n\n<hr class=\"wp-block-separator has-alpha-channel-opacity is-style-dots\" \/>\n\n\n\n<p>On&nbsp;<strong>15 April 2019&nbsp;<\/strong>the research project titled&nbsp;<em><strong>HAMLETS. Immigration and Sustainable Development in Small Villages&nbsp;<\/strong><\/em>(funded by the RecerCaixa Programme and carried out mainly from UAB) participated in a round table on rural depopulation and repopulation that took place during the first hour of the &#8220;De Boca a Orella&#8221; radio program of&nbsp;<strong>Radio 4,&nbsp;<\/strong>the radio station in Catalonia of the Spanish National Radio corporation, i.e.&nbsp;<strong>Radio Nacional de Espa\u00f1a (RNE)<\/strong>. Various relevant actors of rural Catalonia participated in the debate. If you want to listen to that radio program, you can click the following link: h<a href=\"\/\/www.rtve.es\/alacarta\/audios\/de-boca-a-orella\/boca-orella-dilluns-15-dabril-2019-1a-hora\/5146318\/\">ttp:\/\/www.rtve.es\/alacarta\/audios\/de-boca-a-orella\/boca-orella-dilluns-15-dabril-2019-1a-hora\/5146318\/<\/a><\/p>\n\n\n\n<p>For more information, please pay also attention to Twitter activity about it, for instance:<\/p>\n\n\n\n<p><a href=\"https:\/\/twitter.com\/Micropobles\/status\/1118899278703939584\">https:\/\/twitter.com\/Micropobles\/status\/1118899278703939584<\/a><a href=\"https:\/\/twitter.com\/debocaaorella\/status\/1117796234289471489\">https:\/\/twitter.com\/debocaaorella\/status\/1117796234289471489<\/a>&nbsp;<br><a href=\"https:\/\/twitter.com\/RicardMoren\/status\/1118049397466701824\">https:\/\/twitter.com\/RicardMoren\/status\/1118049397466701824<\/a><\/p>\n\n\n<div class=\"wp-block-image\">\n<figure class=\"aligncenter size-full is-resized\"><img loading=\"lazy\" decoding=\"async\" width=\"400\" height=\"300\" src=\"https:\/\/webs.uab.cat\/migracions\/wp-content\/uploads\/sites\/534\/2024\/02\/image-76.png\" alt=\"\" class=\"wp-image-585\" style=\"width:464px;height:auto\" srcset=\"https:\/\/webs.uab.cat\/migracions\/wp-content\/uploads\/sites\/534\/2024\/02\/image-76.png 400w, https:\/\/webs.uab.cat\/migracions\/wp-content\/uploads\/sites\/534\/2024\/02\/image-76-300x225.png 300w\" sizes=\"auto, (max-width: 400px) 100vw, 400px\" \/><\/figure>\n<\/div>\n\n\n<p class=\"has-text-align-center\">Foto: R\u00e0dio 4<\/p>\n\n\n\n<hr class=\"wp-block-separator has-alpha-channel-opacity is-style-dots\" \/>\n\n\n\n<p>In&nbsp;<strong>November 2017<\/strong>&nbsp;the&nbsp;<strong>research project<\/strong>&nbsp;<em><strong>HAMLETS. Immigration and Sustainable Development in Small Villages<\/strong><\/em>&nbsp;(funded by RecerCaixa:&nbsp;<a href=\"http:\/\/geografia.uab.cat\/migracions\/eng\/www.uab.cat\/hamlets\">www.uab.cat\/hamlets<\/a>) participated in a long-established TV program devoted to economic issues and debates:&nbsp;<strong><em>Valor Afegit<\/em><\/strong>,&nbsp;<strong>TV3<\/strong>&nbsp;(the public TV channel of Catalonia). The TV report was titled&nbsp;<strong>&#8220;Micro-villages, Macro-territories&#8221;.<\/strong><\/p>\n\n\n\n<p>See:<strong>&nbsp;<a href=\"http:\/\/www.ccma.cat\/tv3\/alacarta\/valor-afegit\/valor-afegit-14112017\/video\/5701875\/\">http:\/\/www.ccma.cat\/tv3\/alacarta\/valor-afegit\/valor-afegit-14112017\/video\/5701875\/<\/a><\/strong><\/p>\n\n\n\n<figure class=\"wp-block-image size-full\"><img loading=\"lazy\" decoding=\"async\" width=\"681\" height=\"420\" src=\"https:\/\/webs.uab.cat\/migracions\/wp-content\/uploads\/sites\/534\/2024\/02\/image-77.png\" alt=\"\" class=\"wp-image-588\" srcset=\"https:\/\/webs.uab.cat\/migracions\/wp-content\/uploads\/sites\/534\/2024\/02\/image-77.png 681w, https:\/\/webs.uab.cat\/migracions\/wp-content\/uploads\/sites\/534\/2024\/02\/image-77-300x185.png 300w\" sizes=\"auto, (max-width: 681px) 100vw, 681px\" \/><\/figure>\n\n\n\n<p><strong>PERIOD 2009-2013<\/strong><\/p>\n\n\n\n<p>Last October 2013<strong>&nbsp;Albert Mas<\/strong>&nbsp;was interviewed in<strong>&nbsp;Sants 3 R\u00e0dio<\/strong>&nbsp;to present the&nbsp;<strong>project Concordia Discors&nbsp;<\/strong>(<a href=\"http:\/\/www.concordiadiscors.eu\/\">http:\/\/www.concordiadiscors.eu\/<\/a>). This innovative comparative project funded by the European Commission and coordinated by FIERI (Italy), studied in 2011 and 2012 integration and conflict in two districts of five European cities: London, Budapest, Barcelona, Turin and Nuremberg. The study in Barcelona was coordinated by Ricard Moren-Alegret and counted with the participation of Dawid Wladyka and Albert Mas. The interview is available at:&nbsp;<a href=\"http:\/\/geografia.uab.cat\/migracions\/cas\/audios\/Entrevista-Albert%20Mas_Sants-3-Radio_oct2013.mp3\" target=\"_blank\" rel=\"noreferrer noopener\">Entrevista-Albert Mas_Sants-3-Radio_oct2013<\/a><\/p>\n\n\n\n<p>On 15 May 2013, on the occasion of the International Day of Families,&nbsp;<strong>Dan Rodr\u00edguez<\/strong>&nbsp;was interviewed in&nbsp;<strong><em>Radio Nacional de Espa\u00f1a<\/em><\/strong>&nbsp;(Radio 5) and talked about immigration and mixed couples\/families. The interview is available in the following link:&nbsp;<a href=\"http:\/\/www.rtve.es\/alacarta\/audios\/entrevista-de-actualidad\/entrevista-actualidad-r5-dia-internacional-familia-15-05-13\/1820224\/\">http:\/\/www.rtve.es\/alacarta\/audios\/entrevista-de-actualidad\/entrevista-actualidad-r5-dia-internacional-familia-15-05-13\/1820224\/<\/a>&nbsp;<\/p>\n\n\n\n<p>On the 10th of May 2013 an article titled \u201cNavegaciones&nbsp; e integraciones\u201d and written by&nbsp;<strong>Ricard Mor\u00e9n-Alegret&nbsp;<\/strong>was published in&nbsp;<strong><em>La Vanguardia<\/em><\/strong>&nbsp;daily newspaper. The article is available both in Spanish and Catalan languages (with a note by the author) in the following links:&nbsp;<a href=\"http:\/\/scg.iec.cat\/Scg9\/Scg92\/S90241.htm\">http:\/\/scg.iec.cat\/Scg9\/Scg92\/S90241.htm<\/a>&nbsp;,&nbsp;<a href=\"http:\/\/geografia.uab.es\/web\/images\/mitjans\/lv_rmoren.pdf\">http:\/\/geografia.uab.es\/web\/images\/mitjans\/lv_rmoren.pdf<\/a><\/p>\n\n\n\n<p>New broadcasted by &#8216;L&#8217;Aut\u00f2noma Tv&#8217; about the&nbsp;<strong><em>Preliminary session&nbsp;<\/em>of the 11th GRM Annual Seminar Series on Migration<\/strong>&nbsp;(24 April 2013, Anna Vilaseca and Eduard Trepat, Fundaci\u00f3 del M\u00f3n Rural, FMR,&nbsp;<em>\u201cMobilitat i sostenibilitat en el m\u00f3n rural catal\u00e0. De la transhum\u00e0ncia a les migracions\u201d<\/em>)<\/p>\n\n\n\n<figure class=\"wp-block-video\"><\/figure>\n\n\n\n<p>On Saturday 2 February 2013 an interview with&nbsp;<strong>\u00c0ngels Pascual de Sans<\/strong>&nbsp;was broadcasted on Badalona TV within the framework of the series titled&nbsp;<strong>&#8220;Les dones s\u00e0vies&#8221;<\/strong>&nbsp;(<em>The wise women<\/em>). It is possible to watch that program in the following website address:&nbsp;<a href=\"http:\/\/tvbadalona.xiptv.cat\/les-dones-savies\/capitol\/angels-pascual-de-sans#.UQ1e5mZADOA.gmail\" target=\"_blank\" rel=\"noreferrer noopener\">http:\/\/tvbadalona.xiptv.cat\/les-dones-savies\/capitol\/angels-pascual-de-sans#.UQ1e5mZADOA.gmail<\/a><\/p>\n\n\n\n<p>On October 23 2012,&nbsp;<strong>Dan Rodr\u00edguez-Garc\u00eda<\/strong>&nbsp;participated as an invited expert speaker on intermarriage for the debate programme \u201cIntercultural couples: problems, prejudices and everyday life\u201d,&nbsp;<em>El Mirall<\/em>, broadcast by&nbsp;<em>Catalunya Radio<\/em>&nbsp;(The National Radio of Catalonia). Online access to the program:&nbsp;<a href=\"http:\/\/www.catradio.cat\/audio\/673837\/Parelles-mixtes\">http:\/\/www.catradio.cat\/audio\/673837\/Parelles-mixtes<\/a><\/p>\n\n\n\n<p>On October 15 2012,&nbsp;<strong>Dan Rodr\u00edguez-Garc\u00eda<\/strong>&nbsp;was interviewed as an expert speaker on the topic \u201cThe brain drain as a negative impact of Catalan emigration\u201d for the news programme L\u2019Observatori, broadcast by La Xarxa (Municipal Radios\u2019 Network), Barcelona, October 15. Online access to the program:&nbsp;<a href=\"http:\/\/blocs.xarxaradio.cat\/observatori\/2012\/10\/15\/dan-rodriguez-expert-en-migracions-limpacte-negatiu-de-la-fuga-de-cervells-catalans-es-la-perdua-de-talent\/\">http:\/\/blocs.xarxaradio.cat\/observatori\/2012\/10\/15\/dan-rodriguez-expert-en-migracions-limpacte-negatiu-de-la-fuga-de-cervells-catalans-es-la-perdua-de-talent\/<\/a><\/p>\n\n\n\n<p>Broadcast of the popular science documentary video&nbsp;<strong>\u201cIberiana.&nbsp;<\/strong><strong>Procesos de integraci\u00f3n de inmigrantes en cinco peque\u00f1as ciudades de la Espa\u00f1a peninsular\u201d<\/strong>&nbsp;in the TVE program&nbsp;<strong>\u201cLa aventura del saber\u201d<\/strong>&nbsp;and the channel&nbsp;<strong>\u201cIndagando TV\u201d<\/strong>. Download the news related clicking the following links:&nbsp;<a href=\"http:\/\/geografia.uab.cat\/migracions\/cas\/imatges\/recull%20de%20premsa\/noticies%20iberiana\/INDAGANDO%20TV.pdf\" target=\"_blank\" rel=\"noreferrer noopener\">IndagantdoTv<\/a>&nbsp;;<a href=\"http:\/\/geografia.uab.cat\/migracions\/cas\/imatges\/recull%20de%20premsa\/noticies%20iberiana\/Indaganda_Noticias.pdf\" target=\"_blank\" rel=\"noreferrer noopener\">&nbsp;Indaganda&nbsp;<\/a>;<a href=\"http:\/\/geografia.uab.cat\/migracions\/cas\/imatges\/recull%20de%20premsa\/noticies%20iberiana\/La_avetura_del_saber_RTVE.pdf\" target=\"_blank\" rel=\"noreferrer noopener\">&nbsp;La aventura del saber<\/a>.<\/p>\n\n\n\n<p>Article published into&nbsp;<strong>DiarideGirona.cat<\/strong>&nbsp;(13\/10\/2009) about the project &nbsp;&#8220;<strong>Inmigraci\u00f3n extranjera, sentido de lugar e identidad territorial en cinco peque\u00f1as ciudades de Espa\u00f1a \u2013 Foreign immigration, sense of place and territorial identity in five small towns in Spain<\/strong>&#8221; (2006-2009), funded by the Spanish Ministry of Science and Innovation and which Principal Investigator is Ricard Mor\u00e9n. Read the article in the following link&nbsp;<a href=\"http:\/\/www.diaridegirona.cat\/comarques\/2009\/10\/13\/quietud-del-poble-oportunitats-ciutat\/362956.html\">http:\/\/www.diaridegirona.cat\/comarques\/2009\/10\/13\/quietud-del-poble-oportunitats-ciutat\/362956.html<\/a>&nbsp;or download it in pdf clicking&nbsp;<a href=\"http:\/\/geografia.uab.cat\/migracions\/cas\/imatges\/recull%20de%20premsa\/cinco%20ciudades%20diaridegirona.pdf\">here<\/a>.<\/p>\n\n\n\n<p><strong>Ricard Mor\u00e9n participates in the debate &#8220;El mobbing rural&#8221; of the TV3 program &#8220;Els matins&#8221;<\/strong>&nbsp;(21\/01\/2009 &#8211; 08:00h.-13:15h., program n\u00ba 1006). TOPIC OF THE DAY: &#8220;The rural mobbing &#8221; (Debate with Josep Cun\u00ed): Participants: Pilar RAHOLA, journalist and writer; Rafael VALLBONA, journalist and writer; Ricard HERRERO, President del Consell Comarcal del Baix Empord\u00e0; Roser VERNET, businesswoman of rural tourism; Pere RUBIOLA, agriculture farmer, La Selva, and president of the syndicate JARC; David GINEST\u00c0, president of Associaci\u00f3 de Comerciants de Puigcerd\u00e0; Ricard MOR\u00c9N-ALEGRET, migratory movements expert, GRM, Dept. Geografia, UAB; Gemma C\u00c0NOVES, Geography Professor, UAB.<\/p>\n\n\n\n<p><strong>News related to the&nbsp;<em>\u2018<\/em><\/strong><strong><em>Managing Immigration and Diversity in Quebec and Canada Forum\u2019<\/em><\/strong>&nbsp;<strong>:<\/strong><\/p>\n\n\n\n<p><a href=\"https:\/\/webs.uab.cat\/migracions\/wp-content\/uploads\/sites\/534\/2024\/06\/DOSSIER-PRENSA-FORUM-CANADA.pdf\">Click to see the media news related to the Forum.<\/a><\/p>\n\n\n\n<p><a href=\"https:\/\/webs.uab.cat\/migracions\/wp-content\/uploads\/sites\/534\/2024\/06\/Entrevista-a-Dan-Rodriguez-Radio-CBC-Canada-International-28-11-08.mp3\">Interview to Dan Rodr\u00edguez broadcasted by the radio CBC International from Canada, 28th November 2008.<\/a><br><br><a href=\"https:\/\/webs.uab.cat\/migracions\/wp-content\/uploads\/sites\/534\/2024\/06\/Entrevista-a-Dan-Rodriguez-Revista-Wanafrica-no34-Dec.-08.pdf\">Interview to Dan Rodr\u00edguez published in the magazine &#8216;Wanafrica&#8217; n\u00ba34, December 2008, pages 15-16.<\/a><\/p>\n\n\n\n<p><strong>Interview to Papa Sow published in the newspaper\u00a0<em>La Ma\u00f1ana<\/em>\u00a0de Lleida (9th of june 2008, p. 12)<\/strong>. The Interview was done because of the Primer Congr\u00e9s Internacional de Codesenvolupament that took place in Lleida on April 2008.<a href=\"https:\/\/webs.uab.cat\/migracions\/wp-content\/uploads\/sites\/534\/2024\/06\/entrevista-Pap-CODESARROLLO.jpg\">\u00a0Click here to see the interview.<\/a><\/p>\n\n\n\n<p><strong>Media news related to the publication of the Ricard Moren&#8217;s book &#8220;Bon cop de m\u00e0&#8221;:<\/strong><\/p>\n\n\n\n<p>Article about the book \u201cBon cop de m\u00e0\u201d published on the Xarxa Associativa i de Voluntariat de Catalunya \u201cxarxanet.org\u201d (June 2010).<a href=\"http:\/\/xnt.gec.es\/xarxanet\/capsulesDetall.xarxanet?xnt_locale=ca&amp;xnt_portal=7&amp;cap_capsulaId=19142\">&nbsp;Click to go to the article.<\/a><\/p>\n\n\n\n<p>Article published into Diari Avui (4\/10\/2009) related to Ricard Moren\u2019s research about human towers world and immigration. Read the article clicking the following link\u00a0<a href=\"http:\/\/paper.avui.cat\/article\/societat\/175999\/colles\/castelleres\/promouran\/lentrada\/nous\/immigrants.html\">http:\/\/paper.avui.cat<\/a>\u00a0or download it in pdf clicking\u00a0<a href=\"https:\/\/webs.uab.cat\/migracions\/wp-content\/uploads\/sites\/534\/2024\/06\/Avui-mon-casteller.pdf\">here<\/a>.<\/p>\n\n\n\n<p>Interview to Ricard Mor\u00e9n broadcasted in the tv program &#8220;Quarts de nou&#8221; (program 56, 17\/06\/2007). Click here to see the interview.<\/p>\n\n\n\n<p>Article published into AVUI newspaper, p. 36. Thursday 26th of April 2007.\u00a0<a href=\"https:\/\/webs.uab.cat\/migracions\/wp-content\/uploads\/sites\/534\/2024\/06\/Avui-Paper-Societat.pdf\">Click here to see the interview.<\/a><\/p>\n\n\n\n<p>Interview to Ricard Mor\u00e9n published into Diari de Sabadell on 28th of April 2007.\u00a0<a href=\"https:\/\/webs.uab.cat\/migracions\/wp-content\/uploads\/sites\/534\/2024\/06\/Cara-a-cara.pdf\">Click here to see the interview.<\/a><\/p>\n\n\n\n<p><strong>Interview to \u00c0ngels Pacual published in the magazine Pres\u00e8ncia (form 2nd to 8th of February 2007)<\/strong>.\u00a0<a href=\"https:\/\/webs.uab.cat\/migracions\/wp-content\/uploads\/sites\/534\/2024\/06\/entrevista-a-Presencia-Angels-Pascual.pdf\">Click here to see the interview.<\/a><\/p>\n","protected":false},"excerpt":{"rendered":"<p>This GRM website and the historical content is migrating from one web server to another web server at UAB. In addition, the new GRM website is gradually being updated. Thanks for your patience. SOME MEDIA ATTENTION In&nbsp;February 2021, within the framework of the radio initiative named &#8220;Peasant Wave&#8221; (&#8220;Ona Pagesa&#8220;,&nbsp;Arrels R\u00e0dio, via Anchor.FM),&nbsp;Ricard Mor\u00e9n-Alegret&nbsp;participated in [&hellip;]<\/p>\n","protected":false},"author":2819,"featured_media":0,"parent":0,"menu_order":0,"comment_status":"closed","ping_status":"closed","template":"","meta":{"footnotes":""},"class_list":["post-735","page","type-page","status-publish","hentry"],"_links":{"self":[{"href":"https:\/\/webs.uab.cat\/migracions\/wp-json\/wp\/v2\/pages\/735","targetHints":{"allow":["GET"]}}],"collection":[{"href":"https:\/\/webs.uab.cat\/migracions\/wp-json\/wp\/v2\/pages"}],"about":[{"href":"https:\/\/webs.uab.cat\/migracions\/wp-json\/wp\/v2\/types\/page"}],"author":[{"embeddable":true,"href":"https:\/\/webs.uab.cat\/migracions\/wp-json\/wp\/v2\/users\/2819"}],"replies":[{"embeddable":true,"href":"https:\/\/webs.uab.cat\/migracions\/wp-json\/wp\/v2\/comments?post=735"}],"version-history":[{"count":5,"href":"https:\/\/webs.uab.cat\/migracions\/wp-json\/wp\/v2\/pages\/735\/revisions"}],"predecessor-version":[{"id":2885,"href":"https:\/\/webs.uab.cat\/migracions\/wp-json\/wp\/v2\/pages\/735\/revisions\/2885"}],"wp:attachment":[{"href":"https:\/\/webs.uab.cat\/migracions\/wp-json\/wp\/v2\/media?parent=735"}],"curies":[{"name":"wp","href":"https:\/\/api.w.org\/{rel}","templated":true}]}}