{"id":760,"date":"2024-02-28T17:38:05","date_gmt":"2024-02-28T15:38:05","guid":{"rendered":"https:\/\/webs.uab.cat\/migracions\/?page_id=760"},"modified":"2024-03-01T17:26:55","modified_gmt":"2024-03-01T15:26:55","slug":"some-journals","status":"publish","type":"page","link":"https:\/\/webs.uab.cat\/migracions\/some-journals\/","title":{"rendered":"SOME JOURNALS"},"content":{"rendered":"\n<p>Applied Geography<br>African Geographical Review<br>Annals of the Association of American Geographers<br>Area<br>Asian and Pacific Migration Journal<br>Asian Studies Review<br>Bolet\u00edn de la Asociaci\u00f3n de Ge\u00f3grafos Espa\u00f1oles<br>Crossings<br>Documents d\u2019An\u00e0lisi Geografica \u2013 DAG<br>Environment and Planning A, B, C, D<br>Environment and Urbanization<br>European Journal of Population \/ Revue europ\u00e9enne de D\u00e9mographie<br>European Societies<br>Finisterra. Revista Portuguesa de Geografia<br>Frontera Norte<br>Gender, Place and Culture<br>GENUS \u2013 Journal of Population Sciences<br>Geoforum<br>G\u00e9ographie et Cultures<br>Global Networks<br>Human Geography<br>International Journal of Population Geography<br>International Migration<br>International Migration Review<br>Journal of Ethnic and Migration Studies<br>Journal of Immigrant and Refugee Studies<br>Journal of Intercultural Studies<br>Journal of International Development<br>Journal of International Migration and Integration<br>Journal of Population Research<br>Land Use Policy<br>Migraciones<br>Migraciones Internacionales<br>Migration Letters<br>Migration Policy Practice Journal<br>Migration Profiles<br>Migration Studies<br>Mobilities&nbsp;&nbsp;<br>New Community<br>Nomadic Peoples<br>Ocean &amp; Coastal Management<br>Papers<br>Papers de Demografia<br>Papers of the Regional Science Association<br>Pol\u00edgonos. Revista de Geograf\u00eda<br>Politica y Sociedad<br>Population and Environment<br>Population Studies<br>Population, Space and Place<br>Professional Geographer<br>Progress in Human Geography<br>Revista Brasileira de Estudos de Populacao<br>Revista Catalana de Sociologia<br>Revista CIDOB d\u2019Afers Internacionals<br>Revista de Estudios Sociales<br>Revista de Geografia Norte Grande<br>Revista Internacional de Sociologia<br>Revue Europ\u00e9enne des Migrations Internationales<br>Scottish Geographical Journal<br>Social and Cultural Geography<br>Social Science Research<br>Spatial Economic Analysis<br>Studi Emigrazione<br>Studies In Comparative International Development<br>Transfers<br>The Geographical Journal<br>Treballs de la Societat Catalana de Geografia<br>Urban Geography<\/p>\n","protected":false},"excerpt":{"rendered":"<p>Applied GeographyAfrican Geographical ReviewAnnals of the Association of American GeographersAreaAsian and Pacific Migration JournalAsian Studies ReviewBolet\u00edn de la Asociaci\u00f3n de Ge\u00f3grafos Espa\u00f1olesCrossingsDocuments d\u2019An\u00e0lisi Geografica \u2013 DAGEnvironment and Planning A, B, C, DEnvironment and UrbanizationEuropean Journal of Population \/ Revue europ\u00e9enne de D\u00e9mographieEuropean SocietiesFinisterra. Revista Portuguesa de GeografiaFrontera NorteGender, Place and CultureGENUS \u2013 Journal of Population [&hellip;]<\/p>\n","protected":false},"author":2819,"featured_media":0,"parent":0,"menu_order":0,"comment_status":"closed","ping_status":"closed","template":"","meta":{"footnotes":""},"class_list":["post-760","page","type-page","status-publish","hentry"],"_links":{"self":[{"href":"https:\/\/webs.uab.cat\/migracions\/wp-json\/wp\/v2\/pages\/760","targetHints":{"allow":["GET"]}}],"collection":[{"href":"https:\/\/webs.uab.cat\/migracions\/wp-json\/wp\/v2\/pages"}],"about":[{"href":"https:\/\/webs.uab.cat\/migracions\/wp-json\/wp\/v2\/types\/page"}],"author":[{"embeddable":true,"href":"https:\/\/webs.uab.cat\/migracions\/wp-json\/wp\/v2\/users\/2819"}],"replies":[{"embeddable":true,"href":"https:\/\/webs.uab.cat\/migracions\/wp-json\/wp\/v2\/comments?post=760"}],"version-history":[{"count":1,"href":"https:\/\/webs.uab.cat\/migracions\/wp-json\/wp\/v2\/pages\/760\/revisions"}],"predecessor-version":[{"id":762,"href":"https:\/\/webs.uab.cat\/migracions\/wp-json\/wp\/v2\/pages\/760\/revisions\/762"}],"wp:attachment":[{"href":"https:\/\/webs.uab.cat\/migracions\/wp-json\/wp\/v2\/media?parent=760"}],"curies":[{"name":"wp","href":"https:\/\/api.w.org\/{rel}","templated":true}]}}