{"id":1296,"date":"2023-04-14T08:50:37","date_gmt":"2023-04-14T06:50:37","guid":{"rendered":"https:\/\/webs.uab.cat\/miras\/?page_id=1296"},"modified":"2023-04-14T08:50:37","modified_gmt":"2023-04-14T06:50:37","slug":"dr-albert-branchadell","status":"publish","type":"page","link":"https:\/\/webs.uab.cat\/miras\/ca\/dr-albert-branchadell\/","title":{"rendered":"Dr. Albert Branchadell"},"content":{"rendered":"\n<figure class=\"wp-block-image size-full is-resized\"><img loading=\"lazy\" decoding=\"async\" src=\"https:\/\/webs.uab.cat\/miras\/wp-content\/uploads\/sites\/300\/2023\/04\/0-albert-branchadell-pyc.png\" alt=\"\" class=\"wp-image-1297\" width=\"189\" height=\"226\" srcset=\"https:\/\/webs.uab.cat\/miras\/wp-content\/uploads\/sites\/300\/2023\/04\/0-albert-branchadell-pyc.png 357w, https:\/\/webs.uab.cat\/miras\/wp-content\/uploads\/sites\/300\/2023\/04\/0-albert-branchadell-pyc-251x300.png 251w\" sizes=\"auto, (max-width: 189px) 100vw, 189px\" \/><\/figure>\n\n\n\n<p><strong>Contacte:<em>\u00a0<\/em><\/strong><a href=\"mailto:albert.branchadell@uab.cat\"><em><strong>albert.branchadell@uab.cat<\/strong><\/em><\/a> <\/p>\n\n\n\n<hr class=\"wp-block-separator has-alpha-channel-opacity\" \/>\n\n\n\n<p>\u00c9s doctor en Filologia Catalana per la Universitat Aut\u00f2noma de Barcelona i en Ci\u00e8ncies Pol\u00edtiques per la Universitat Pompeu Fabra, on va cursar el programa de doctorat en Teoria Pol\u00edtica i Social.<\/p>\n\n\n\n<p>Actualment \u00e9s professor agregat del Departament de Filologia Catalana de la UAB i imparteix socioling\u00fc\u00edstica dins el grau de Filologia Catalana: Estudis de Literatura i Ling\u00fc\u00edstica. Tamb\u00e9 col\u00b7labora amb el m\u00e0ster universitari en Interpretaci\u00f3 de Confer\u00e8ncies (MUIC) de la Facultat de Traducci\u00f3 i d&#8217;Interpretaci\u00f3, de la qual va ser deg\u00e0 entre 2016 i 2022, aix\u00ed com amb el programa de doctorat en Traducci\u00f3 i Estudis Interculturals del Departament de Traducci\u00f3 i d&#8217;Interpretaci\u00f3 i d&#8217;Estudis de l&#8217;\u00c0sia Oriental.<\/p>\n\n\n\n<p>Ha fet recerca en ling\u00fc\u00edstica te\u00f2rica, socioling\u00fc\u00edstica, Estudis de traducci\u00f3 i filosofia pol\u00edtica aplicada a la pol\u00edtica ling\u00fc\u00edstica, especialment en relaci\u00f3 amb lleng\u00fces regionals o minorit\u00e0ries. \u00c9s soci de la Societat Catalana de Socioling\u00fc\u00edstica (SOCS), filial de l&#8217;Institut d\u2019Estudis Catalans, i actualment \u00e9s el membre respecte a Espanya del Comit\u00e8 d&#8217;Experts de la Carta Europea de Lleng\u00fces Regionals o Minorit\u00e0ries del Consell d&#8217;Europa.<\/p>\n","protected":false},"excerpt":{"rendered":"<p>Contacte:\u00a0albert.branchadell@uab.cat \u00c9s doctor en Filologia Catalana per la Universitat Aut\u00f2noma de Barcelona i en Ci\u00e8ncies Pol\u00edtiques per la Universitat Pompeu Fabra, on va cursar el programa de doctorat en Teoria Pol\u00edtica i Social. Actualment \u00e9s professor agregat del Departament de Filologia Catalana de la UAB i imparteix socioling\u00fc\u00edstica dins el grau de Filologia Catalana: Estudis [&hellip;]<\/p>\n","protected":false},"author":103,"featured_media":0,"parent":0,"menu_order":0,"comment_status":"closed","ping_status":"closed","template":"","meta":{"footnotes":""},"class_list":["post-1296","page","type-page","status-publish","hentry"],"_links":{"self":[{"href":"https:\/\/webs.uab.cat\/miras\/ca\/wp-json\/wp\/v2\/pages\/1296","targetHints":{"allow":["GET"]}}],"collection":[{"href":"https:\/\/webs.uab.cat\/miras\/ca\/wp-json\/wp\/v2\/pages"}],"about":[{"href":"https:\/\/webs.uab.cat\/miras\/ca\/wp-json\/wp\/v2\/types\/page"}],"author":[{"embeddable":true,"href":"https:\/\/webs.uab.cat\/miras\/ca\/wp-json\/wp\/v2\/users\/103"}],"replies":[{"embeddable":true,"href":"https:\/\/webs.uab.cat\/miras\/ca\/wp-json\/wp\/v2\/comments?post=1296"}],"version-history":[{"count":1,"href":"https:\/\/webs.uab.cat\/miras\/ca\/wp-json\/wp\/v2\/pages\/1296\/revisions"}],"predecessor-version":[{"id":1301,"href":"https:\/\/webs.uab.cat\/miras\/ca\/wp-json\/wp\/v2\/pages\/1296\/revisions\/1301"}],"wp:attachment":[{"href":"https:\/\/webs.uab.cat\/miras\/ca\/wp-json\/wp\/v2\/media?parent=1296"}],"curies":[{"name":"wp","href":"https:\/\/api.w.org\/{rel}","templated":true}]}}