{"id":156,"date":"2009-05-25T13:26:58","date_gmt":"2009-05-25T11:26:58","guid":{"rendered":"https:\/\/webs.uab.cat\/miras\/linies-de-recerca\/"},"modified":"2009-05-25T13:26:58","modified_gmt":"2009-05-25T11:26:58","slug":"linies-de-recerca","status":"publish","type":"page","link":"https:\/\/webs.uab.cat\/miras\/ca\/linies-de-recerca\/","title":{"rendered":"L\u00ednies de recerca"},"content":{"rendered":"<p align=\"justify\">El grup MIRAS duu a terme la seva activitat en les seg\u00fcents l\u00ednies de recerca:<\/p>\n<ol>\n<li>Traducci\u00f3, interpretaci\u00f3 i estudis interculturals<\/li>\n<li>Formaci\u00f3 de traductors i int\u00e8rprets per als serveis p\u00fablics<\/li>\n<li>Elaboraci\u00f3 de guies per als col\u00b7lectius immigrants de Catalunya<\/li>\n<\/ol>\n<p align=\"justify\">&nbsp;<\/p>\n","protected":false},"excerpt":{"rendered":"<p>El grup MIRAS duu a terme la seva activitat en les seg\u00fcents l\u00ednies de recerca: Traducci\u00f3, interpretaci\u00f3 i estudis interculturals Formaci\u00f3 de traductors i int\u00e8rprets per als serveis p\u00fablics Elaboraci\u00f3 de guies per als col\u00b7lectius immigrants de Catalunya &nbsp;<\/p>\n","protected":false},"author":20,"featured_media":0,"parent":0,"menu_order":0,"comment_status":"closed","ping_status":"closed","template":"","meta":{"footnotes":""},"class_list":["post-156","page","type-page","status-publish","hentry"],"_links":{"self":[{"href":"https:\/\/webs.uab.cat\/miras\/ca\/wp-json\/wp\/v2\/pages\/156","targetHints":{"allow":["GET"]}}],"collection":[{"href":"https:\/\/webs.uab.cat\/miras\/ca\/wp-json\/wp\/v2\/pages"}],"about":[{"href":"https:\/\/webs.uab.cat\/miras\/ca\/wp-json\/wp\/v2\/types\/page"}],"author":[{"embeddable":true,"href":"https:\/\/webs.uab.cat\/miras\/ca\/wp-json\/wp\/v2\/users\/20"}],"replies":[{"embeddable":true,"href":"https:\/\/webs.uab.cat\/miras\/ca\/wp-json\/wp\/v2\/comments?post=156"}],"version-history":[{"count":0,"href":"https:\/\/webs.uab.cat\/miras\/ca\/wp-json\/wp\/v2\/pages\/156\/revisions"}],"wp:attachment":[{"href":"https:\/\/webs.uab.cat\/miras\/ca\/wp-json\/wp\/v2\/media?parent=156"}],"curies":[{"name":"wp","href":"https:\/\/api.w.org\/{rel}","templated":true}]}}