{"id":188,"date":"2010-01-20T13:50:17","date_gmt":"2010-01-20T11:50:17","guid":{"rendered":"https:\/\/webs.uab.cat\/miras\/mireia-vargas\/"},"modified":"2023-05-03T14:30:54","modified_gmt":"2023-05-03T12:30:54","slug":"mireia-vargas","status":"publish","type":"page","link":"https:\/\/webs.uab.cat\/miras\/ca\/mireia-vargas\/","title":{"rendered":"Dra. Mireia Vargas Urpi"},"content":{"rendered":"<p class=\"rtejustify\"><img loading=\"lazy\" decoding=\"async\" class=\"alignnone wp-image-1488 size-medium\" src=\"https:\/\/webs.uab.cat\/miras\/wp-content\/uploads\/sites\/300\/2023\/04\/20230407_000434_v2-245x300.jpg\" alt=\"\" width=\"245\" height=\"300\" srcset=\"https:\/\/webs.uab.cat\/miras\/wp-content\/uploads\/sites\/300\/2023\/04\/20230407_000434_v2-245x300.jpg 245w, https:\/\/webs.uab.cat\/miras\/wp-content\/uploads\/sites\/300\/2023\/04\/20230407_000434_v2.jpg 300w\" sizes=\"auto, (max-width: 245px) 100vw, 245px\" \/><\/p>\n<p class=\"rtejustify\"><strong>Contacte:<em>&nbsp;<a href=\"mailto:mireia.vargas@uab.cat\" target=\"_parent\" rel=\"noopener\">mireia.vargas@uab.cat<\/a><\/em><\/strong><\/p>\n\n\n<hr class=\"wp-block-separator has-alpha-channel-opacity\" \/>\n\n\n\n<p>Mireia Vargas Urp\u00ed \u00e9s professora agregada Serra H\u00fanter al Departament de Traducci\u00f3 i d\u2019Interpretaci\u00f3 i d\u2019Estudis de l\u2019\u00c0sia Oriental de la Universitat Aut\u00f2noma de Barcelona. \u00c9s doctora en Traducci\u00f3 i Estudis Interculturals per la mateixa universitat, amb una tesi sobre la interpretaci\u00f3 als serveis p\u00fablics amb el col\u00b7lectiu xin\u00e8s a Catalunya.<\/p>\n\n\n\n<p>\u00c9s professora de xin\u00e8s al Grau de Traducci\u00f3 i d\u2019Interpretaci\u00f3 de la UAB. \u00c9s membre del grup MIRAS des dels seus inicis i t\u00e9 nombroses publicacions en coautoria amb companyes del grup.<\/p>\n\n\n\n<p>Ha estat IP del projecte \u00abJoves int\u00e8rprets naturals: la intermediaci\u00f3 ling\u00fc\u00edstica per part de menors a l&#8217;educaci\u00f3, serveis socials i sanitat\u00bb (RTI2018-098566-A-I00, MCIU\/AEI\/FEDER, UE) i juntament amb Marta Arum\u00ed ha coordinat l\u2019associaci\u00f3 estrat\u00e8gica EYLBID: Empowering Young Language Brokers for Inclusion in Diversity, finan\u00e7ada en el marc dels programa Erasmus Plus (European Commission 2019-1-ES01-KA201-064417). Tamb\u00e9 \u00e9s membre dels grups <a href=\"https:\/\/webs.uab.cat\/txicc\/\" target=\"_blank\" rel=\"noreferrer noopener\">TXICC <\/a>i <a href=\"https:\/\/webs.uab.cat\/gelea2lt\/\" target=\"_blank\" rel=\"noreferrer noopener\">Gelea2LT<\/a>. Pel que fa a les l\u00ednies de recerca, s\u2019interessa per la interpretaci\u00f3 als serveis p\u00fablics amb el col\u00b7lectiu xin\u00e8s, la intermediaci\u00f3 ling\u00fc\u00edstica per part de menors i la did\u00e0ctica de xin\u00e8s amb l\u2019\u00fas d\u2019eines digitals.<\/p>\n","protected":false},"excerpt":{"rendered":"<p>Contacte:&nbsp;mireia.vargas@uab.cat Mireia Vargas Urp\u00ed \u00e9s professora agregada Serra H\u00fanter al Departament de Traducci\u00f3 i d\u2019Interpretaci\u00f3 i d\u2019Estudis de l\u2019\u00c0sia Oriental de la Universitat Aut\u00f2noma de Barcelona. \u00c9s doctora en Traducci\u00f3 i Estudis Interculturals per la mateixa universitat, amb una tesi sobre la interpretaci\u00f3 als serveis p\u00fablics amb el col\u00b7lectiu xin\u00e8s a Catalunya. \u00c9s professora de [&hellip;]<\/p>\n","protected":false},"author":20,"featured_media":0,"parent":0,"menu_order":0,"comment_status":"closed","ping_status":"closed","template":"","meta":{"footnotes":""},"class_list":["post-188","page","type-page","status-publish","hentry"],"_links":{"self":[{"href":"https:\/\/webs.uab.cat\/miras\/ca\/wp-json\/wp\/v2\/pages\/188","targetHints":{"allow":["GET"]}}],"collection":[{"href":"https:\/\/webs.uab.cat\/miras\/ca\/wp-json\/wp\/v2\/pages"}],"about":[{"href":"https:\/\/webs.uab.cat\/miras\/ca\/wp-json\/wp\/v2\/types\/page"}],"author":[{"embeddable":true,"href":"https:\/\/webs.uab.cat\/miras\/ca\/wp-json\/wp\/v2\/users\/20"}],"replies":[{"embeddable":true,"href":"https:\/\/webs.uab.cat\/miras\/ca\/wp-json\/wp\/v2\/comments?post=188"}],"version-history":[{"count":4,"href":"https:\/\/webs.uab.cat\/miras\/ca\/wp-json\/wp\/v2\/pages\/188\/revisions"}],"predecessor-version":[{"id":1571,"href":"https:\/\/webs.uab.cat\/miras\/ca\/wp-json\/wp\/v2\/pages\/188\/revisions\/1571"}],"wp:attachment":[{"href":"https:\/\/webs.uab.cat\/miras\/ca\/wp-json\/wp\/v2\/media?parent=188"}],"curies":[{"name":"wp","href":"https:\/\/api.w.org\/{rel}","templated":true}]}}