{"id":2050,"date":"2024-07-10T12:30:42","date_gmt":"2024-07-10T10:30:42","guid":{"rendered":"https:\/\/webs.uab.cat\/miras\/?page_id=2050"},"modified":"2024-07-10T12:30:43","modified_gmt":"2024-07-10T10:30:43","slug":"el-consell-de-laudiovisual-de-catalunya-concedeix-un-premi-per-a-la-diversitat-en-laudiovisual-a-miras","status":"publish","type":"page","link":"https:\/\/webs.uab.cat\/miras\/ca\/el-consell-de-laudiovisual-de-catalunya-concedeix-un-premi-per-a-la-diversitat-en-laudiovisual-a-miras\/","title":{"rendered":"El Consell de l\u2019Audiovisual de Catalunya concedeix un Premi per a la Diversitat en l\u2019Audiovisual a MIRAS"},"content":{"rendered":"\n<figure class=\"wp-block-image size-large\"><img loading=\"lazy\" decoding=\"async\" width=\"1024\" height=\"617\" src=\"https:\/\/webs.uab.cat\/miras\/wp-content\/uploads\/sites\/300\/2024\/07\/Coral-Medi-1-1024x617.jpg\" alt=\"\" class=\"wp-image-2051\" srcset=\"https:\/\/webs.uab.cat\/miras\/wp-content\/uploads\/sites\/300\/2024\/07\/Coral-Medi-1-1024x617.jpg 1024w, https:\/\/webs.uab.cat\/miras\/wp-content\/uploads\/sites\/300\/2024\/07\/Coral-Medi-1-300x181.jpg 300w, https:\/\/webs.uab.cat\/miras\/wp-content\/uploads\/sites\/300\/2024\/07\/Coral-Medi-1-768x462.jpg 768w, https:\/\/webs.uab.cat\/miras\/wp-content\/uploads\/sites\/300\/2024\/07\/Coral-Medi-1-1536x925.jpg 1536w, https:\/\/webs.uab.cat\/miras\/wp-content\/uploads\/sites\/300\/2024\/07\/Coral-Medi-1-2048x1233.jpg 2048w, https:\/\/webs.uab.cat\/miras\/wp-content\/uploads\/sites\/300\/2024\/07\/Coral-Medi-1-1200x723.jpg 1200w, https:\/\/webs.uab.cat\/miras\/wp-content\/uploads\/sites\/300\/2024\/07\/Coral-Medi-1-1980x1192.jpg 1980w\" sizes=\"auto, (max-width: 1024px) 100vw, 1024px\" \/><\/figure>\n\n\n\n<p>El projecte <a href=\"https:\/\/ddd.uab.cat\/record\/271499\"><em>La intermediaci\u00f3 ling\u00fc\u00edstica per part dels menors a Catalunya<\/em><\/a>, liderat per la investigadora de MIRAS <a href=\"https:\/\/webs.uab.cat\/miras\/ca\/mireia-vargas\/\">Mireia Vargas-Urp\u00ed<\/a>, ha estat guardonat per la Mesa per a la Diversitat en l\u2019Audiovisual (MDA) del CAC amb el <strong>Premi per a la Diversitat en l\u2019Audiovisual<\/strong>. Aquests reconeixements es lliuren a mitjans, entitats i periodistes de tot el pa\u00eds que contribueixin a impulsar la diversitat en l\u2019audiovisual.<\/p>\n\n\n\n<p>Aquesta recerca, se centra en <strong>el paper que els fills de persones migrades exerceixen com a mediadors ling\u00fc\u00edstics<\/strong> entre les seves fam\u00edlies i els serveis p\u00fablics.<\/p>\n\n\n\n<p>En el marc d\u2019aquest projecte s\u2019han elaborat <strong>sis c\u00e0psules audiovisuals<\/strong>, produ\u00efdes per <a href=\"https:\/\/www.google.com\/url?sa=t&amp;source=web&amp;rct=j&amp;opi=89978449&amp;url=https:\/\/es.linkedin.com\/in\/zoe-catsaras&amp;ved=2ahUKEwj7vqTJnJyHAxUxiP0HHXitDZIQFnoECBgQAQ&amp;usg=AOvVaw3orozOkvn8C23yHoyHTs3-\">Zoe Catsaras<\/a> i <a href=\"https:\/\/es.linkedin.com\/in\/bruizdeinfante\">Bego\u00f1a Ruiz de Infante<\/a>, en qu\u00e8 es tracten temes ben diversos sobre aquesta intermediaci\u00f3 ling\u00fc\u00edstica. El jurat n\u2019ha lloat la producci\u00f3 aix\u00ed com la visibilitzaci\u00f3 del paper dels infants en les migracions.<\/p>\n\n\n\n<p>En aquest sentit, la presidenta de la MDA, Laura Pinyol, ha assenyalat que els premis \u201cexemplifiquen com la diversitat ha esdevingut una mirada estructural per contribuir a explicar el m\u00f3n i la realitat en qu\u00e8 vivim\u201d. Entre altres, tamb\u00e9 s\u2019han premiat el programa de divulgaci\u00f3 infantil <em>InfoK<\/em>, de 3Cat, i les associacions Ir\u00eddia i SOS Racisme.<\/p>\n\n\n\n<p>Les sis c\u00e0psules del projecte es poden consultar a YouTube a trav\u00e9s del <a href=\"https:\/\/www.youtube.com\/@mirasaudiovisual3617\">canal de MIRAS<\/a> o b\u00e9 a trav\u00e9s del primer v\u00eddeo adjunt a continuaci\u00f3:<\/p>\n\n\n\n<figure class=\"wp-block-embed is-type-video is-provider-youtube wp-block-embed-youtube wp-embed-aspect-16-9 wp-has-aspect-ratio\"><div class=\"wp-block-embed__wrapper\">\n<iframe loading=\"lazy\" title=\"ILM 1\/6: INTRODUCCI\u00d3\" width=\"580\" height=\"326\" src=\"https:\/\/www.youtube.com\/embed\/Q0vnUBC1mJw?feature=oembed\" frameborder=\"0\" allow=\"accelerometer; autoplay; clipboard-write; encrypted-media; gyroscope; picture-in-picture; web-share\" referrerpolicy=\"strict-origin-when-cross-origin\" allowfullscreen><\/iframe>\n<\/div><\/figure>\n","protected":false},"excerpt":{"rendered":"<p>El projecte La intermediaci\u00f3 ling\u00fc\u00edstica per part dels menors a Catalunya, liderat per la investigadora de MIRAS Mireia Vargas-Urp\u00ed, ha estat guardonat per la Mesa per a la Diversitat en l\u2019Audiovisual (MDA) del CAC amb el Premi per a la Diversitat en l\u2019Audiovisual. Aquests reconeixements es lliuren a mitjans, entitats i periodistes de tot el [&hellip;]<\/p>\n","protected":false},"author":955,"featured_media":0,"parent":0,"menu_order":0,"comment_status":"closed","ping_status":"closed","template":"","meta":{"footnotes":""},"class_list":["post-2050","page","type-page","status-publish","hentry"],"_links":{"self":[{"href":"https:\/\/webs.uab.cat\/miras\/ca\/wp-json\/wp\/v2\/pages\/2050","targetHints":{"allow":["GET"]}}],"collection":[{"href":"https:\/\/webs.uab.cat\/miras\/ca\/wp-json\/wp\/v2\/pages"}],"about":[{"href":"https:\/\/webs.uab.cat\/miras\/ca\/wp-json\/wp\/v2\/types\/page"}],"author":[{"embeddable":true,"href":"https:\/\/webs.uab.cat\/miras\/ca\/wp-json\/wp\/v2\/users\/955"}],"replies":[{"embeddable":true,"href":"https:\/\/webs.uab.cat\/miras\/ca\/wp-json\/wp\/v2\/comments?post=2050"}],"version-history":[{"count":1,"href":"https:\/\/webs.uab.cat\/miras\/ca\/wp-json\/wp\/v2\/pages\/2050\/revisions"}],"predecessor-version":[{"id":2055,"href":"https:\/\/webs.uab.cat\/miras\/ca\/wp-json\/wp\/v2\/pages\/2050\/revisions\/2055"}],"wp:attachment":[{"href":"https:\/\/webs.uab.cat\/miras\/ca\/wp-json\/wp\/v2\/media?parent=2050"}],"curies":[{"name":"wp","href":"https:\/\/api.w.org\/{rel}","templated":true}]}}