{"id":209,"date":"2010-01-26T12:41:05","date_gmt":"2010-01-26T10:41:05","guid":{"rendered":"https:\/\/webs.uab.cat\/miras\/formacio\/"},"modified":"2023-04-14T10:20:20","modified_gmt":"2023-04-14T08:20:20","slug":"formacio","status":"publish","type":"page","link":"https:\/\/webs.uab.cat\/miras\/ca\/formacio\/","title":{"rendered":"FORMACI\u00d3"},"content":{"rendered":"\n<p>Els membres del grup MIRAS es dediquen a activitats diverses, entre les que cal destacar l&#8217;organitzaci\u00f3 de cursos de formaci\u00f3 en traducci\u00f3, interpretaci\u00f3 i mediaci\u00f3 als serveis p\u00fablics:<\/p>\n\n\n\n<p><a href=\"https:\/\/webs.uab.cat\/miras\/ca\/seminari-de-formacio-traductors-i-interprets-als-serveis-publics-0\/\">Anys anteriors<\/a>\u00a0&#8211;\u00a0<a href=\"https:\/\/webs.uab.cat\/miras\/ca\/seminari-de-formacio-traductors-i-interprets-als-serveis-publics-0\/\" data-type=\"page\" data-id=\"359\">2010<\/a> &#8211;\u00a0<a href=\"https:\/\/webs.uab.cat\/miras\/ca\/curs-despecialitzacio-en-interpretacio-als-serveis-publics-de-catalunya\/\" data-type=\"page\" data-id=\"646\">2011<\/a> &#8211;\u00a0<a href=\"https:\/\/webs.uab.cat\/miras\/ca\/postgrau-en-interpretacio-als-serveis-publics\/\" data-type=\"page\" data-id=\"437\">2013<\/a>\u00a0&#8211;\u00a0<a href=\"https:\/\/webs.uab.cat\/miras\/ca\/cursos-de-formacio-en-interpretacio-als-serveis-publics-2014\/\" data-type=\"page\" data-id=\"665\">2014<\/a> &#8211;\u00a0<a href=\"https:\/\/webs.uab.cat\/miras\/ca\/2016-2\/\" data-type=\"page\" data-id=\"696\">2016<\/a> &#8211;\u00a0<a href=\"https:\/\/webs.uab.cat\/miras\/ca\/2017-2\/\" data-type=\"page\" data-id=\"695\">2017<\/a> &#8211;\u00a0<a href=\"https:\/\/webs.uab.cat\/miras\/ca\/2018-2\/\" data-type=\"page\" data-id=\"799\">2018<\/a> &#8211; <a href=\"https:\/\/webs.uab.cat\/miras\/ca\/2019-2\/\" data-type=\"page\" data-id=\"808\">2019<\/a> &#8211; <a href=\"https:\/\/webs.uab.cat\/miras\/ca\/2020-2\/\" data-type=\"page\" data-id=\"828\">2020<\/a> &#8211; <a href=\"https:\/\/webs.uab.cat\/miras\/ca\/2021-2\/\" data-type=\"page\" data-id=\"832\">2021<\/a> &#8211; <a href=\"https:\/\/webs.uab.cat\/miras\/ca\/2022-2\/\">2022<\/a><\/p>\n","protected":false},"excerpt":{"rendered":"<p>Els membres del grup MIRAS es dediquen a activitats diverses, entre les que cal destacar l&#8217;organitzaci\u00f3 de cursos de formaci\u00f3 en traducci\u00f3, interpretaci\u00f3 i mediaci\u00f3 als serveis p\u00fablics: Anys anteriors\u00a0&#8211;\u00a02010 &#8211;\u00a02011 &#8211;\u00a02013\u00a0&#8211;\u00a02014 &#8211;\u00a02016 &#8211;\u00a02017 &#8211;\u00a02018 &#8211; 2019 &#8211; 2020 &#8211; 2021 &#8211; 2022<\/p>\n","protected":false},"author":20,"featured_media":0,"parent":0,"menu_order":0,"comment_status":"closed","ping_status":"closed","template":"","meta":{"footnotes":""},"class_list":["post-209","page","type-page","status-publish","hentry"],"_links":{"self":[{"href":"https:\/\/webs.uab.cat\/miras\/ca\/wp-json\/wp\/v2\/pages\/209","targetHints":{"allow":["GET"]}}],"collection":[{"href":"https:\/\/webs.uab.cat\/miras\/ca\/wp-json\/wp\/v2\/pages"}],"about":[{"href":"https:\/\/webs.uab.cat\/miras\/ca\/wp-json\/wp\/v2\/types\/page"}],"author":[{"embeddable":true,"href":"https:\/\/webs.uab.cat\/miras\/ca\/wp-json\/wp\/v2\/users\/20"}],"replies":[{"embeddable":true,"href":"https:\/\/webs.uab.cat\/miras\/ca\/wp-json\/wp\/v2\/comments?post=209"}],"version-history":[{"count":4,"href":"https:\/\/webs.uab.cat\/miras\/ca\/wp-json\/wp\/v2\/pages\/209\/revisions"}],"predecessor-version":[{"id":1425,"href":"https:\/\/webs.uab.cat\/miras\/ca\/wp-json\/wp\/v2\/pages\/209\/revisions\/1425"}],"wp:attachment":[{"href":"https:\/\/webs.uab.cat\/miras\/ca\/wp-json\/wp\/v2\/media?parent=209"}],"curies":[{"name":"wp","href":"https:\/\/api.w.org\/{rel}","templated":true}]}}