{"id":2148,"date":"2024-10-23T07:15:37","date_gmt":"2024-10-23T05:15:37","guid":{"rendered":"https:\/\/webs.uab.cat\/miras\/?page_id=2148"},"modified":"2024-10-23T07:15:37","modified_gmt":"2024-10-23T05:15:37","slug":"membres-de-cimas-participen-en-dos-congressos-de-llevadores","status":"publish","type":"page","link":"https:\/\/webs.uab.cat\/miras\/ca\/membres-de-cimas-participen-en-dos-congressos-de-llevadores\/","title":{"rendered":"Membres de CIMAS participen en dos congressos de llevadores"},"content":{"rendered":"\n<figure class=\"wp-block-image size-large\"><img loading=\"lazy\" decoding=\"async\" width=\"1432\" height=\"1073\" src=\"https:\/\/webs.uab.cat\/miras\/wp-content\/uploads\/sites\/300\/2024\/10\/PHOTO-2024-10-19-04-18-30-edited.jpg\" alt=\"\" class=\"wp-image-2153\" srcset=\"https:\/\/webs.uab.cat\/miras\/wp-content\/uploads\/sites\/300\/2024\/10\/PHOTO-2024-10-19-04-18-30-edited.jpg 1432w, https:\/\/webs.uab.cat\/miras\/wp-content\/uploads\/sites\/300\/2024\/10\/PHOTO-2024-10-19-04-18-30-edited-300x225.jpg 300w, https:\/\/webs.uab.cat\/miras\/wp-content\/uploads\/sites\/300\/2024\/10\/PHOTO-2024-10-19-04-18-30-edited-1024x767.jpg 1024w, https:\/\/webs.uab.cat\/miras\/wp-content\/uploads\/sites\/300\/2024\/10\/PHOTO-2024-10-19-04-18-30-edited-768x575.jpg 768w, https:\/\/webs.uab.cat\/miras\/wp-content\/uploads\/sites\/300\/2024\/10\/PHOTO-2024-10-19-04-18-30-edited-1200x899.jpg 1200w\" sizes=\"auto, (max-width: 1432px) 100vw, 1432px\" \/><\/figure>\n\n\n\n<p>Marta Jim\u00e9nez i Yolanda Mesalles, llevadores i membres del projecte d\u2019investigaci\u00f3 CIMAS, han participat en <strong>dos congressos de llevadores que han tingut lloc a la ciutat de Lleida<\/strong> els dies 17, 18 i 19 d\u2019octubre. Es tracta, respectivament, del V Congr\u00e9s de l\u2019Associaci\u00f3 Catalana de Llevadores i del XXII Congr\u00e9s de la Federaci\u00f3 d\u2019Associacions de Llevadores a Espanya.<\/p>\n\n\n\n<p>Hi han participat amb el p\u00f2ster <em>La maternidad con voz propia: la comunicaci\u00f3n con usuarias extranjeras en la atenci\u00f3n a la salud sexual y reproductiva<\/em>. Amb la seva presentaci\u00f3, han presentat <strong>la recerca que fan des de l\u2019Hospital Universitari M\u00fatua de Terrassa<\/strong> en col\u00b7laboraci\u00f3 amb el projecte CIMAS, amb especial inc\u00eds en la metodologia emprada.<\/p>\n\n\n\n<p>Els dos esdeveniments han reunit m\u00e9s de 1.100 assistents, que han tingut l\u2019oportunitat de reflexionar sobre el futur de la professi\u00f3 i conversar sobre recerca en salut sexual i reproductiva. <\/p>\n\n\n\n<p><\/p>\n\n\n\n<p>Fonts: <a href=\"https:\/\/www.lleida.com\/noticia_canal\/mes-de-1100-participants-en-el-congres-de-llevadores-que-acull-lleida-fins-dissabte\">https:\/\/www.lleida.com\/noticia_canal\/mes-de-1100-participants-en-el-congres-de-llevadores-que-acull-lleida-fins-dissabte<\/a><\/p>\n","protected":false},"excerpt":{"rendered":"<p>Marta Jim\u00e9nez i Yolanda Mesalles, llevadores i membres del projecte d\u2019investigaci\u00f3 CIMAS, han participat en dos congressos de llevadores que han tingut lloc a la ciutat de Lleida els dies 17, 18 i 19 d\u2019octubre. Es tracta, respectivament, del V Congr\u00e9s de l\u2019Associaci\u00f3 Catalana de Llevadores i del XXII Congr\u00e9s de la Federaci\u00f3 d\u2019Associacions de [&hellip;]<\/p>\n","protected":false},"author":955,"featured_media":0,"parent":0,"menu_order":0,"comment_status":"closed","ping_status":"closed","template":"","meta":{"footnotes":""},"class_list":["post-2148","page","type-page","status-publish","hentry"],"_links":{"self":[{"href":"https:\/\/webs.uab.cat\/miras\/ca\/wp-json\/wp\/v2\/pages\/2148","targetHints":{"allow":["GET"]}}],"collection":[{"href":"https:\/\/webs.uab.cat\/miras\/ca\/wp-json\/wp\/v2\/pages"}],"about":[{"href":"https:\/\/webs.uab.cat\/miras\/ca\/wp-json\/wp\/v2\/types\/page"}],"author":[{"embeddable":true,"href":"https:\/\/webs.uab.cat\/miras\/ca\/wp-json\/wp\/v2\/users\/955"}],"replies":[{"embeddable":true,"href":"https:\/\/webs.uab.cat\/miras\/ca\/wp-json\/wp\/v2\/comments?post=2148"}],"version-history":[{"count":1,"href":"https:\/\/webs.uab.cat\/miras\/ca\/wp-json\/wp\/v2\/pages\/2148\/revisions"}],"predecessor-version":[{"id":2157,"href":"https:\/\/webs.uab.cat\/miras\/ca\/wp-json\/wp\/v2\/pages\/2148\/revisions\/2157"}],"wp:attachment":[{"href":"https:\/\/webs.uab.cat\/miras\/ca\/wp-json\/wp\/v2\/media?parent=2148"}],"curies":[{"name":"wp","href":"https:\/\/api.w.org\/{rel}","templated":true}]}}