{"id":2464,"date":"2025-02-13T16:18:10","date_gmt":"2025-02-13T15:18:10","guid":{"rendered":"https:\/\/webs.uab.cat\/miras\/?page_id=2464"},"modified":"2025-02-13T16:18:11","modified_gmt":"2025-02-13T15:18:11","slug":"el-grup-miras-i-lapu-impulsen-la-seva-collaboracio-en-el-marc-dun-projecte-sobre-interpretacio-als-serveis-publics-i-ambits-comunitaris","status":"publish","type":"page","link":"https:\/\/webs.uab.cat\/miras\/ca\/el-grup-miras-i-lapu-impulsen-la-seva-collaboracio-en-el-marc-dun-projecte-sobre-interpretacio-als-serveis-publics-i-ambits-comunitaris\/","title":{"rendered":"El grup MIRAS i l&#8217;APU impulsen la seva col\u00b7laboraci\u00f3 en el marc d&#8217;un projecte sobre interpretaci\u00f3 als serveis p\u00fablics i \u00e0mbits comunitaris"},"content":{"rendered":"<div class=\"wp-block-image\">\n<figure class=\"aligncenter size-full\"><img loading=\"lazy\" decoding=\"async\" width=\"640\" height=\"360\" src=\"https:\/\/webs.uab.cat\/miras\/wp-content\/uploads\/sites\/300\/2025\/02\/Sense-titol.png\" alt=\"\" class=\"wp-image-2465\" srcset=\"https:\/\/webs.uab.cat\/miras\/wp-content\/uploads\/sites\/300\/2025\/02\/Sense-titol.png 640w, https:\/\/webs.uab.cat\/miras\/wp-content\/uploads\/sites\/300\/2025\/02\/Sense-titol-300x169.png 300w\" sizes=\"auto, (max-width: 640px) 100vw, 640px\" \/><\/figure>\n<\/div>\n\n\n<p class=\"has-text-align-left\"><br>Els dies 11 i 12 de febrer, la vicerectora de l&#8217;<a href=\"https:\/\/www.aichi-pu.ac.jp\/eng\/\" data-type=\"link\" data-id=\"https:\/\/www.aichi-pu.ac.jp\/eng\/\">Aichi Prefectural University<\/a> (APU), Miki Itoigawa, i la Dra. Rika Yoshida van visitar la UAB per a avan\u00e7ar en la col\u00b7laboraci\u00f3 amb el grup de recerca MIRAS, en el marc del <strong>Master\u2019s Course in Community Interpreting Studies<\/strong>, impartit a la APU. <\/p>\n\n\n\n<p class=\"has-text-align-left\">Aquesta col\u00b7laboraci\u00f3 permetr\u00e0 desenvolupar <strong>formacions conjuntes de curta durada sobre interpretaci\u00f3 als serveis p\u00fablics i \u00e0mbits comunitaris<\/strong>, aix\u00ed com espais d&#8217;aprenentatge basat en projectes, classes virtuals impartides per professorat de la UAB i estades curtes per a estudiants de totes dues universitats. <\/p>\n\n\n\n<p class=\"has-text-align-left\">A m\u00e9s, despr\u00e9s d&#8217;una trobada fruct\u00edfera amb la degana de la Facultat de Traducci\u00f3 i Interpretaci\u00f3, la Dra. Olga Torres , i la coordinadora d&#8217;intercanvis amb el Jap\u00f3, la Dra. Makiko Fukuda, s&#8217;ha iniciat el proc\u00e9s per a <strong>la signatura d&#8217;un conveni de col\u00b7laboraci\u00f3 entre totes dues institucions<\/strong>, la qual cosa consolidar\u00e0 els seus lla\u00e7os acad\u00e8mics i fomentar\u00e0 l&#8217;intercanvi de coneixement i bones pr\u00e0ctiques.<\/p>\n","protected":false},"excerpt":{"rendered":"<p>Els dies 11 i 12 de febrer, la vicerectora de l&#8217;Aichi Prefectural University (APU), Miki Itoigawa, i la Dra. Rika Yoshida van visitar la UAB per a avan\u00e7ar en la col\u00b7laboraci\u00f3 amb el grup de recerca MIRAS, en el marc del Master\u2019s Course in Community Interpreting Studies, impartit a la APU. Aquesta col\u00b7laboraci\u00f3 permetr\u00e0 desenvolupar [&hellip;]<\/p>\n","protected":false},"author":955,"featured_media":0,"parent":0,"menu_order":0,"comment_status":"closed","ping_status":"closed","template":"","meta":{"footnotes":""},"class_list":["post-2464","page","type-page","status-publish","hentry"],"_links":{"self":[{"href":"https:\/\/webs.uab.cat\/miras\/ca\/wp-json\/wp\/v2\/pages\/2464","targetHints":{"allow":["GET"]}}],"collection":[{"href":"https:\/\/webs.uab.cat\/miras\/ca\/wp-json\/wp\/v2\/pages"}],"about":[{"href":"https:\/\/webs.uab.cat\/miras\/ca\/wp-json\/wp\/v2\/types\/page"}],"author":[{"embeddable":true,"href":"https:\/\/webs.uab.cat\/miras\/ca\/wp-json\/wp\/v2\/users\/955"}],"replies":[{"embeddable":true,"href":"https:\/\/webs.uab.cat\/miras\/ca\/wp-json\/wp\/v2\/comments?post=2464"}],"version-history":[{"count":1,"href":"https:\/\/webs.uab.cat\/miras\/ca\/wp-json\/wp\/v2\/pages\/2464\/revisions"}],"predecessor-version":[{"id":2469,"href":"https:\/\/webs.uab.cat\/miras\/ca\/wp-json\/wp\/v2\/pages\/2464\/revisions\/2469"}],"wp:attachment":[{"href":"https:\/\/webs.uab.cat\/miras\/ca\/wp-json\/wp\/v2\/media?parent=2464"}],"curies":[{"name":"wp","href":"https:\/\/api.w.org\/{rel}","templated":true}]}}