{"id":2699,"date":"2025-09-26T09:09:27","date_gmt":"2025-09-26T07:09:27","guid":{"rendered":"https:\/\/webs.uab.cat\/miras\/?page_id=2699"},"modified":"2025-09-26T09:09:27","modified_gmt":"2025-09-26T07:09:27","slug":"el-projecte-cimas-celebra-la-seva-sisena-reunio-general-per-planificar-lanalisi-i-la-disseminacio-de-resultats","status":"publish","type":"page","link":"https:\/\/webs.uab.cat\/miras\/ca\/el-projecte-cimas-celebra-la-seva-sisena-reunio-general-per-planificar-lanalisi-i-la-disseminacio-de-resultats\/","title":{"rendered":"El projecte CIMAS celebra la seva sisena reuni\u00f3 general per planificar l\u2019an\u00e0lisi i la disseminaci\u00f3 de resultats"},"content":{"rendered":"\n<figure class=\"wp-block-image size-large\"><img loading=\"lazy\" decoding=\"async\" width=\"1024\" height=\"534\" src=\"https:\/\/webs.uab.cat\/miras\/wp-content\/uploads\/sites\/300\/2025\/09\/WhatsApp-Image-2025-09-26-at-09.07.39-1024x534.jpeg\" alt=\"\" class=\"wp-image-2700\" srcset=\"https:\/\/webs.uab.cat\/miras\/wp-content\/uploads\/sites\/300\/2025\/09\/WhatsApp-Image-2025-09-26-at-09.07.39-1024x534.jpeg 1024w, https:\/\/webs.uab.cat\/miras\/wp-content\/uploads\/sites\/300\/2025\/09\/WhatsApp-Image-2025-09-26-at-09.07.39-300x156.jpeg 300w, https:\/\/webs.uab.cat\/miras\/wp-content\/uploads\/sites\/300\/2025\/09\/WhatsApp-Image-2025-09-26-at-09.07.39-768x400.jpeg 768w, https:\/\/webs.uab.cat\/miras\/wp-content\/uploads\/sites\/300\/2025\/09\/WhatsApp-Image-2025-09-26-at-09.07.39-1536x801.jpeg 1536w, https:\/\/webs.uab.cat\/miras\/wp-content\/uploads\/sites\/300\/2025\/09\/WhatsApp-Image-2025-09-26-at-09.07.39-1200x625.jpeg 1200w, https:\/\/webs.uab.cat\/miras\/wp-content\/uploads\/sites\/300\/2025\/09\/WhatsApp-Image-2025-09-26-at-09.07.39.jpeg 1838w\" sizes=\"auto, (max-width: 1024px) 100vw, 1024px\" \/><\/figure>\n\n\n\n<p>L\u2019equip investigador del <a href=\"https:\/\/webs.uab.cat\/cimas\/\">projecte CIMAS<\/a>, de comunicaci\u00f3 intercultural mediada a l\u2019\u00e0mbit sanitari, s\u2019ha reunit a principis del curs 2025-26 per fer un balan\u00e7 tant de tot el que ja s\u2019ha assolit com de les perspectives de futur.<\/p>\n\n\n\n<p>En primer lloc, les investigadores principals del projecte, <a href=\"https:\/\/portalrecerca.uab.cat\/ca\/persons\/anna-gil-bardaji-3\">Anna Gil-Bardaj\u00ed<\/a> i <a href=\"https:\/\/webs.uab.cat\/miras\/ca\/dra-gema-rubio\/\">Gema Rubio Carbonero<\/a>, han informat sobre l\u2019estat del tractament de les dades del projecte. La recollida va finalitzar a finals del curs passat amb la celebraci\u00f3 dels grups de discussi\u00f3, en qu\u00e8 van participar diversos perfils involucrats en la intermediaci\u00f3 cultural mediada a la sanitat. \u00a0<\/p>\n\n\n\n<p>Tot seguit, les investigadores han convidat l\u2019equip a consensuar i coordinar-se per a diverses accions de disseminaci\u00f3 del projecte. Al llarg de la trobada, s\u2019ha exposat la riquesa de les dades de CIMAS i s\u2019han buscat encaixos amb els interessos de les 18 investigadores que hi participen.<\/p>\n\n\n\n<p>La trobada ha resultat en una planificaci\u00f3 cronol\u00f2gica amb m\u00e9s d\u2019una desena d\u2019accions de disseminaci\u00f3 a l\u2019horitz\u00f3 perqu\u00e8 s\u2019executin entre aquest curs i el primer quadrimestre del curs 2026-27. Tota publicaci\u00f3 que es derivi de CIMAS es compartir\u00e0 a trav\u00e9s dels canals del projecte i del <a href=\"https:\/\/webs.uab.cat\/miras\/ca\/\">grup de recerca MIRAS<\/a>.<\/p>\n","protected":false},"excerpt":{"rendered":"<p>L\u2019equip investigador del projecte CIMAS, de comunicaci\u00f3 intercultural mediada a l\u2019\u00e0mbit sanitari, s\u2019ha reunit a principis del curs 2025-26 per fer un balan\u00e7 tant de tot el que ja s\u2019ha assolit com de les perspectives de futur. En primer lloc, les investigadores principals del projecte, Anna Gil-Bardaj\u00ed i Gema Rubio Carbonero, han informat sobre l\u2019estat [&hellip;]<\/p>\n","protected":false},"author":955,"featured_media":0,"parent":0,"menu_order":0,"comment_status":"closed","ping_status":"closed","template":"","meta":{"footnotes":""},"class_list":["post-2699","page","type-page","status-publish","hentry"],"_links":{"self":[{"href":"https:\/\/webs.uab.cat\/miras\/ca\/wp-json\/wp\/v2\/pages\/2699","targetHints":{"allow":["GET"]}}],"collection":[{"href":"https:\/\/webs.uab.cat\/miras\/ca\/wp-json\/wp\/v2\/pages"}],"about":[{"href":"https:\/\/webs.uab.cat\/miras\/ca\/wp-json\/wp\/v2\/types\/page"}],"author":[{"embeddable":true,"href":"https:\/\/webs.uab.cat\/miras\/ca\/wp-json\/wp\/v2\/users\/955"}],"replies":[{"embeddable":true,"href":"https:\/\/webs.uab.cat\/miras\/ca\/wp-json\/wp\/v2\/comments?post=2699"}],"version-history":[{"count":1,"href":"https:\/\/webs.uab.cat\/miras\/ca\/wp-json\/wp\/v2\/pages\/2699\/revisions"}],"predecessor-version":[{"id":2704,"href":"https:\/\/webs.uab.cat\/miras\/ca\/wp-json\/wp\/v2\/pages\/2699\/revisions\/2704"}],"wp:attachment":[{"href":"https:\/\/webs.uab.cat\/miras\/ca\/wp-json\/wp\/v2\/media?parent=2699"}],"curies":[{"name":"wp","href":"https:\/\/api.w.org\/{rel}","templated":true}]}}