{"id":665,"date":"2014-01-10T10:10:21","date_gmt":"2014-01-10T08:10:21","guid":{"rendered":"https:\/\/webs.uab.cat\/miras\/cursos-de-formacio-en-interpretacio-als-serveis-publics-2014\/"},"modified":"2014-01-10T10:10:21","modified_gmt":"2014-01-10T08:10:21","slug":"cursos-de-formacio-en-interpretacio-als-serveis-publics-2014","status":"publish","type":"page","link":"https:\/\/webs.uab.cat\/miras\/ca\/cursos-de-formacio-en-interpretacio-als-serveis-publics-2014\/","title":{"rendered":"2014"},"content":{"rendered":"<p>El grup MIRAS organitza <em><strong>Cursos de Formaci\u00f3 en Interpretaci\u00f3 als Serveis P\u00fablics<\/strong><\/em>&nbsp;<\/p>\n<p>\u200b<strong>Dirigit a<\/strong>: estudiants de traducci\u00f3 i d&#8217;interpretaci\u00f3, estudiants de filologia, professionals que treballen en l&#8217;\u00e0mbit de la interpretaci\u00f3 als serveis p\u00fablics, mediadors interculturals, professionals de l&#8217;\u00e0mbit sanitari o judicial, etc.<\/p>\n<p><strong>Lloc:<\/strong><\/p>\n<p>Els cursos s&#8217;impartiran a l&#8217;Escola de Pol\u00edtiques Socials i Urbanes (IGOP), Passatge d&#8217;Urrutia, n\u00fam. 17 de Barcelona<\/p>\n<p>La V jornada tindr\u00e0 lloc a la Facultat de Traducci\u00f3 i d&#8217;Interpretaci\u00f3, al campus de la UAB a Bellaterra<\/p>\n<p>Per a m\u00e9s informaci\u00f3 sobre matr\u00edcula, inscripci\u00f3 i altres aspectes, podeu consultar el <strong><a href=\"http:\/\/grupsderecerca.uab.cat\/miras\/sites\/grupsderecerca.uab.cat.miras\/files\/formacioispmiras2014_0.jpg\">p<\/a><a href=\"http:\/\/grupsderecerca.uab.cat\/miras\/sites\/grupsderecerca.uab.cat.miras\/files\/formacioispmiras2014_0.jpg\">rograma<\/a> <\/strong>o escriure&#8217;ns a <a href=\"mailto:formacio.isp.catalunya@uab.cat\">formacio.isp.catalunya@uab.cat<\/a><\/p>\n","protected":false},"excerpt":{"rendered":"<p>El grup MIRAS organitza Cursos de Formaci\u00f3 en Interpretaci\u00f3 als Serveis P\u00fablics&nbsp; \u200bDirigit a: estudiants de traducci\u00f3 i d&#8217;interpretaci\u00f3, estudiants de filologia, professionals que treballen en l&#8217;\u00e0mbit de la interpretaci\u00f3 als serveis p\u00fablics, mediadors interculturals, professionals de l&#8217;\u00e0mbit sanitari o judicial, etc. Lloc: Els cursos s&#8217;impartiran a l&#8217;Escola de Pol\u00edtiques Socials i Urbanes (IGOP), Passatge [&hellip;]<\/p>\n","protected":false},"author":20,"featured_media":0,"parent":0,"menu_order":0,"comment_status":"closed","ping_status":"closed","template":"","meta":{"footnotes":""},"class_list":["post-665","page","type-page","status-publish","hentry"],"_links":{"self":[{"href":"https:\/\/webs.uab.cat\/miras\/ca\/wp-json\/wp\/v2\/pages\/665","targetHints":{"allow":["GET"]}}],"collection":[{"href":"https:\/\/webs.uab.cat\/miras\/ca\/wp-json\/wp\/v2\/pages"}],"about":[{"href":"https:\/\/webs.uab.cat\/miras\/ca\/wp-json\/wp\/v2\/types\/page"}],"author":[{"embeddable":true,"href":"https:\/\/webs.uab.cat\/miras\/ca\/wp-json\/wp\/v2\/users\/20"}],"replies":[{"embeddable":true,"href":"https:\/\/webs.uab.cat\/miras\/ca\/wp-json\/wp\/v2\/comments?post=665"}],"version-history":[{"count":0,"href":"https:\/\/webs.uab.cat\/miras\/ca\/wp-json\/wp\/v2\/pages\/665\/revisions"}],"wp:attachment":[{"href":"https:\/\/webs.uab.cat\/miras\/ca\/wp-json\/wp\/v2\/media?parent=665"}],"curies":[{"name":"wp","href":"https:\/\/api.w.org\/{rel}","templated":true}]}}