{"id":673,"date":"2015-04-24T12:45:56","date_gmt":"2015-04-24T10:45:56","guid":{"rendered":"https:\/\/webs.uab.cat\/miras\/vi-jornada-de-traduccio-i-interpretacio-als-serveis-publics-realitats-menys-visibles-de-la\/"},"modified":"2022-12-01T12:53:21","modified_gmt":"2022-12-01T10:53:21","slug":"vi-jornada-de-traduccio-i-interpretacio-als-serveis-publics-realitats-menys-visibles-de-la","status":"publish","type":"page","link":"https:\/\/webs.uab.cat\/miras\/ca\/vi-jornada-de-traduccio-i-interpretacio-als-serveis-publics-realitats-menys-visibles-de-la\/","title":{"rendered":"VI Jornada de Traducci\u00f3 i Interpretaci\u00f3 als Serveis P\u00fablics. Realitats menys visibles de la ISP: Viol\u00e8ncia de g\u00e8nere, escoltes telef\u00f2niques, asil i refugi"},"content":{"rendered":"\n<p>PROGRAMA EN PDF<\/p>\n\n\n\n<p>Data: 29 de maig de 2015<\/p>\n\n\n\n<p>Lloc: Facultat de Traducci\u00f3 i Interpretaci\u00f3 de la Universitat Aut\u00f2noma de Barcelona<br>&nbsp; &nbsp; &nbsp; &nbsp; Aula 004 (Carles Riba), edifici K, campus de Bellaterra (Cerdanyola del Vall\u00e8s)<\/p>\n\n\n\n<p><strong>V\u00eddeos de la VI Jornada:<\/strong><\/p>\n\n\n\n<p><strong>Confer\u00e8ncia plen\u00e0ria:<\/strong>&nbsp;&#8220;La interpretaci\u00f3n en contextos de viol\u00e9ncia de g\u00e9nero. Razones para la especializaci\u00f3n&#8221;, a c\u00e0rrec de la Dra. Carmen Toledano, de la Universidad de La Laguna.<\/p>\n\n\n\n<p><iframe loading=\"lazy\" src=\"https:\/\/www.youtube.com\/embed\/0iGcapvHbZo\" width=\"420\" height=\"315\" frameborder=\"0\"><\/iframe><\/p>\n\n\n\n<p>Presentaci\u00f3 de materials del projecte SOS-VICS, Speak Out for Support, a c\u00e0rrec de la Dra. Marta Arum\u00ed (UAB), de la Dra. Xus Ugarte (UVic) i de la Dra. Mireia Vargas-Urpi (UPF).&nbsp;<\/p>\n\n\n\n<p><iframe loading=\"lazy\" src=\"https:\/\/www.youtube.com\/embed\/nyxYBB3-shM\" width=\"420\" height=\"315\" frameborder=\"0\"><\/iframe><\/p>\n\n\n\n<p><strong>Pon\u00e8ncia:<\/strong> &#8220;<span id=\"eow-title\" class=\"watch-title \" dir=\"ltr\" style=\"line-height: 20.7999992370605px;\" title=\"La labor de jueces y magistrados en los Juzgados de Violencia sobre la Mujer\">La labor de jueces y magistrados en los Juzgados de Violencia sobre la Mujer&#8221;, a c\u00e0rrec de&nbsp;la Sra. Maria Ant\u00f2nia Coscollola Feixa, magistrada del Jutjat de viol\u00e8ncia sobre la dona n\u00fam. 4 de Barcelona.<\/span><\/p>\n\n\n\n<p><iframe loading=\"lazy\" src=\"https:\/\/www.youtube.com\/embed\/NadOlEb2haw\" width=\"420\" height=\"315\" frameborder=\"0\"><\/iframe><\/p>\n\n\n\n<p><span style=\"line-height: 20.7999992370605px;\"><strong>Pon\u00e8ncia:<\/strong> &#8220;Las barreras de comunicaci\u00f3n en la salud en Barcelona y Montreal&#8221;, a c\u00e0rrec de la Sra. Noelia Burdeus (UAB).&nbsp;<\/span><\/p>\n\n\n\n<p><iframe loading=\"lazy\" src=\"https:\/\/www.youtube.com\/embed\/gk7IYWXSgdQ\" width=\"420\" height=\"315\" frameborder=\"0\"><\/iframe><\/p>\n\n\n\n<p><span class=\"watch-title \" dir=\"ltr\" title=\"La labor de jueces y magistrados en los Juzgados de Violencia sobre la Mujer\"><span class=\"watch-title \" dir=\"ltr\" style=\"line-height: 20.7999992370605px;\" title=\"La labor de jueces y magistrados en los Juzgados de Violencia sobre la Mujer\"><strong>Pon\u00e8ncia:<\/strong> &#8220;<\/span><span id=\"eow-title\" class=\"watch-title \" dir=\"ltr\" style=\"line-height: 20.7999992370605px;\" title=\"El int\u00e9rprete de escuchas telef\u00f3nicas, a cargo de la Sra. Rosa Maria Coll\">El int\u00e9rprete de escuchas telef\u00f3nicas&#8221;, a c\u00e0rrec de la Sra. Rosa Maria Coll, col\u00b7laboradora del M\u00e0ster en Traducci\u00f3 jur\u00eddica i Interpretaci\u00f3 judicial de la UAB.<\/span><\/span><\/p>\n\n\n\n<p><iframe loading=\"lazy\" src=\"https:\/\/www.youtube.com\/embed\/ylu2qQxNBuM\" width=\"420\" height=\"315\" frameborder=\"0\"><\/iframe><\/p>\n\n\n\n<p><span class=\"watch-title \" dir=\"ltr\" title=\"El int\u00e9rprete de escuchas telef\u00f3nicas, a cargo de la Sra. Rosa Maria Coll\"><span style=\"line-height: 20.7999992370605px;\"><strong>Taula rodona:<\/strong>&nbsp;&#8220;La interpretaci\u00f3 als serveis p\u00fablics en casos d&#8217;asil i refugi&#8221;, moderada per la Dra. Mariana Orozco (UAB). Hi participen: Sr. Pedro Mar\u00edn, director del Centre d&#8217;Internament d&#8217;Estrangers de Barcelona (Zona Franca); Sr. Enrique Barbero, subdirector d&#8217;Accem; Sra. Anna Figueras Saladi\u00e9, lletrada del servei d&#8217;orientaci\u00f3 jur\u00eddica del CIE de Barcelona; Sr. Ivan Arias, int\u00e8rpret col\u00b7laborador d&#8217;Accem.<\/span><\/span><\/p>\n\n\n\n<p><iframe loading=\"lazy\" src=\"https:\/\/www.youtube.com\/embed\/axkr0Sc0Wlw\" width=\"420\" height=\"315\" frameborder=\"0\"><\/iframe><\/p>\n\n\n","protected":false},"excerpt":{"rendered":"<p>PROGRAMA EN PDF Data: 29 de maig de 2015 Lloc: Facultat de Traducci\u00f3 i Interpretaci\u00f3 de la Universitat Aut\u00f2noma de Barcelona&nbsp; &nbsp; &nbsp; &nbsp; Aula 004 (Carles Riba), edifici K, campus de Bellaterra (Cerdanyola del Vall\u00e8s) V\u00eddeos de la VI Jornada: Confer\u00e8ncia plen\u00e0ria:&nbsp;&#8220;La interpretaci\u00f3n en contextos de viol\u00e9ncia de g\u00e9nero. Razones para la especializaci\u00f3n&#8221;, a [&hellip;]<\/p>\n","protected":false},"author":20,"featured_media":0,"parent":0,"menu_order":0,"comment_status":"closed","ping_status":"closed","template":"","meta":{"footnotes":""},"class_list":["post-673","page","type-page","status-publish","hentry"],"_links":{"self":[{"href":"https:\/\/webs.uab.cat\/miras\/ca\/wp-json\/wp\/v2\/pages\/673","targetHints":{"allow":["GET"]}}],"collection":[{"href":"https:\/\/webs.uab.cat\/miras\/ca\/wp-json\/wp\/v2\/pages"}],"about":[{"href":"https:\/\/webs.uab.cat\/miras\/ca\/wp-json\/wp\/v2\/types\/page"}],"author":[{"embeddable":true,"href":"https:\/\/webs.uab.cat\/miras\/ca\/wp-json\/wp\/v2\/users\/20"}],"replies":[{"embeddable":true,"href":"https:\/\/webs.uab.cat\/miras\/ca\/wp-json\/wp\/v2\/comments?post=673"}],"version-history":[{"count":1,"href":"https:\/\/webs.uab.cat\/miras\/ca\/wp-json\/wp\/v2\/pages\/673\/revisions"}],"predecessor-version":[{"id":1260,"href":"https:\/\/webs.uab.cat\/miras\/ca\/wp-json\/wp\/v2\/pages\/673\/revisions\/1260"}],"wp:attachment":[{"href":"https:\/\/webs.uab.cat\/miras\/ca\/wp-json\/wp\/v2\/media?parent=673"}],"curies":[{"name":"wp","href":"https:\/\/api.w.org\/{rel}","templated":true}]}}