{"id":696,"date":"2017-06-26T17:33:20","date_gmt":"2017-06-26T15:33:20","guid":{"rendered":"https:\/\/webs.uab.cat\/miras\/2016-2\/"},"modified":"2017-06-26T17:33:20","modified_gmt":"2017-06-26T15:33:20","slug":"2016-2","status":"publish","type":"page","link":"https:\/\/webs.uab.cat\/miras\/ca\/2016-2\/","title":{"rendered":"2016"},"content":{"rendered":"<p><strong>\u7ffb\u8bd1<\/strong> <strong>(<em>fanyi<\/em>) tamb\u00e9 \u00e9s interpretar. Taller d&#8217;interpretaci\u00f3 d&#8217;enlla\u00e7 xin\u00e8s-castell\u00e0<\/strong><\/p>\n<p><strong>Professorat: <\/strong>Mireia Vargas-Urpi, membre del grup MIRAS i professora visitant a la Universitat Pompeu Fabra; Bego\u00f1a Ruiz de Infante, mediadora intercultural amb la comunitat xinesa a Barcelona; Xianghong Qu Lu, professora de xin\u00e8s de la Facultat de Traducci\u00f3 i Interpretaci\u00f3 de la Universitat Aut\u00f2noma de Barcelona; N\u00faria Barber\u00e0, traductora i int\u00e8rpret del xin\u00e8s i cofundadora de la consultoria Baidewei.<\/p>\n<p class=\"rtejustify\"><strong>Dates i durada: <\/strong>4-7 de juliol de 2016, de 10.00 a 14.00 (20 hores).<\/p>\n<p class=\"rtejustify\"><strong>Data l\u00edmit d\u2019inscripci\u00f3: <\/strong>19 de juny de 2016<\/p>\n<p class=\"rtejustify\"><strong>Lloc<\/strong>: Facultat de Traducci\u00f3 i d\u2019Interpretaci\u00f3 de la UAB<\/p>\n<p class=\"rtejustify\"><strong>Inscripci\u00f3<\/strong>: la inscripci\u00f3 \u00e9s gratu\u00efta, per\u00f2 les places s\u00f3n limitades, nom\u00e9s cal inscriure\u2019s en aquest formulari: <a href=\"http:\/\/goo.gl\/forms\/DVOY39Kh3E\">http:\/\/goo.gl\/forms\/DVOY39Kh3E<\/a><\/p>\n","protected":false},"excerpt":{"rendered":"<p>\u7ffb\u8bd1 (fanyi) tamb\u00e9 \u00e9s interpretar. Taller d&#8217;interpretaci\u00f3 d&#8217;enlla\u00e7 xin\u00e8s-castell\u00e0 Professorat: Mireia Vargas-Urpi, membre del grup MIRAS i professora visitant a la Universitat Pompeu Fabra; Bego\u00f1a Ruiz de Infante, mediadora intercultural amb la comunitat xinesa a Barcelona; Xianghong Qu Lu, professora de xin\u00e8s de la Facultat de Traducci\u00f3 i Interpretaci\u00f3 de la Universitat Aut\u00f2noma de Barcelona; [&hellip;]<\/p>\n","protected":false},"author":20,"featured_media":0,"parent":0,"menu_order":0,"comment_status":"closed","ping_status":"closed","template":"","meta":{"footnotes":""},"class_list":["post-696","page","type-page","status-publish","hentry"],"_links":{"self":[{"href":"https:\/\/webs.uab.cat\/miras\/ca\/wp-json\/wp\/v2\/pages\/696","targetHints":{"allow":["GET"]}}],"collection":[{"href":"https:\/\/webs.uab.cat\/miras\/ca\/wp-json\/wp\/v2\/pages"}],"about":[{"href":"https:\/\/webs.uab.cat\/miras\/ca\/wp-json\/wp\/v2\/types\/page"}],"author":[{"embeddable":true,"href":"https:\/\/webs.uab.cat\/miras\/ca\/wp-json\/wp\/v2\/users\/20"}],"replies":[{"embeddable":true,"href":"https:\/\/webs.uab.cat\/miras\/ca\/wp-json\/wp\/v2\/comments?post=696"}],"version-history":[{"count":0,"href":"https:\/\/webs.uab.cat\/miras\/ca\/wp-json\/wp\/v2\/pages\/696\/revisions"}],"wp:attachment":[{"href":"https:\/\/webs.uab.cat\/miras\/ca\/wp-json\/wp\/v2\/media?parent=696"}],"curies":[{"name":"wp","href":"https:\/\/api.w.org\/{rel}","templated":true}]}}