{"id":707,"date":"2018-01-19T10:51:27","date_gmt":"2018-01-19T08:51:27","guid":{"rendered":"https:\/\/webs.uab.cat\/miras\/membres-del-grup-de-recerca\/"},"modified":"2025-10-22T08:47:34","modified_gmt":"2025-10-22T06:47:34","slug":"membres-del-grup-de-recerca","status":"publish","type":"page","link":"https:\/\/webs.uab.cat\/miras\/ca\/membres-del-grup-de-recerca\/","title":{"rendered":"MEMBRES DEL GRUP DE RECERCA"},"content":{"rendered":"\n<p><a href=\"https:\/\/webs.uab.cat\/miras\/dra-marta-arum\u00ed\">Marta Arum\u00ed<\/a><\/p>\n\n\n\n<p><a href=\"https:\/\/webs.uab.cat\/miras\/ca\/dra-carmen-bestue\/\" data-type=\"page\" data-id=\"505\">Carmen Bestu\u00e9<\/a><\/p>\n\n\n\n<p><a href=\"https:\/\/webs.uab.cat\/miras\/ca\/dr-albert-branchadell\/\">Albert Branchadell&nbsp;<\/a><\/p>\n\n\n\n<p><a href=\"https:\/\/webs.uab.cat\/miras\/ca\/sofia-garcia-beyaert\/\" data-type=\"page\" data-id=\"452\">Sof\u00eda Garc\u00eda-Beyaert<\/a><\/p>\n\n\n\n<p><a href=\"https:\/\/webs.uab.cat\/miras\/ca\/dra-anna-gil-bardaji\/\" data-type=\"page\" data-id=\"177\">Anna Gil-Bardaj\u00ed<\/a><\/p>\n\n\n\n<p><a href=\"https:\/\/webs.uab.cat\/miras\/ca\/ruth-leon-pinilla\/\">Ruth Le\u00f3n Pinilla<\/a><\/p>\n\n\n\n<p><a href=\"https:\/\/webs.uab.cat\/miras\/ca\/liudmila-navtanovich\/\" data-type=\"page\" data-id=\"896\">Liudmila Navtanovich<\/a><\/p>\n\n\n\n<p><a href=\"https:\/\/webs.uab.cat\/miras\/ca\/almudena-nevado-llopis\/\">Almudena Nevado Llopis<\/a><\/p>\n\n\n\n<p><a href=\"https:\/\/webs.uab.cat\/miras\/ca\/dra-mariana-orozco-2\/\" data-type=\"page\" data-id=\"726\">Mariana Orozco<\/a><\/p>\n\n\n\n<p><a href=\"https:\/\/webs.uab.cat\/miras\/ca\/dra-gema-rubio\/\" data-type=\"page\" data-id=\"806\">Gema Rubio<\/a><\/p>\n\n\n\n<p><a href=\"https:\/\/webs.uab.cat\/miras\/ca\/abdallah-tagourramt-el-kbaich\/\" data-type=\"page\" data-id=\"891\">Abdallah Tagourramt El Kbaich<\/a><\/p>\n\n\n\n<p><a href=\"https:\/\/webs.uab.cat\/miras\/ca\/mireia-vargas\/\">Mireia Vargas-Urp\u00ed<\/a><\/p>\n\n\n\n<p><\/p>\n","protected":false},"excerpt":{"rendered":"<p>Marta Arum\u00ed Carmen Bestu\u00e9 Albert Branchadell&nbsp; Sof\u00eda Garc\u00eda-Beyaert Anna Gil-Bardaj\u00ed Ruth Le\u00f3n Pinilla Liudmila Navtanovich Almudena Nevado Llopis Mariana Orozco Gema Rubio Abdallah Tagourramt El Kbaich Mireia Vargas-Urp\u00ed<\/p>\n","protected":false},"author":20,"featured_media":0,"parent":0,"menu_order":0,"comment_status":"closed","ping_status":"closed","template":"","meta":{"footnotes":""},"class_list":["post-707","page","type-page","status-publish","hentry"],"_links":{"self":[{"href":"https:\/\/webs.uab.cat\/miras\/ca\/wp-json\/wp\/v2\/pages\/707","targetHints":{"allow":["GET"]}}],"collection":[{"href":"https:\/\/webs.uab.cat\/miras\/ca\/wp-json\/wp\/v2\/pages"}],"about":[{"href":"https:\/\/webs.uab.cat\/miras\/ca\/wp-json\/wp\/v2\/types\/page"}],"author":[{"embeddable":true,"href":"https:\/\/webs.uab.cat\/miras\/ca\/wp-json\/wp\/v2\/users\/20"}],"replies":[{"embeddable":true,"href":"https:\/\/webs.uab.cat\/miras\/ca\/wp-json\/wp\/v2\/comments?post=707"}],"version-history":[{"count":9,"href":"https:\/\/webs.uab.cat\/miras\/ca\/wp-json\/wp\/v2\/pages\/707\/revisions"}],"predecessor-version":[{"id":2824,"href":"https:\/\/webs.uab.cat\/miras\/ca\/wp-json\/wp\/v2\/pages\/707\/revisions\/2824"}],"wp:attachment":[{"href":"https:\/\/webs.uab.cat\/miras\/ca\/wp-json\/wp\/v2\/media?parent=707"}],"curies":[{"name":"wp","href":"https:\/\/api.w.org\/{rel}","templated":true}]}}